{"id":1357,"date":"2024-06-17T17:27:33","date_gmt":"2024-06-17T15:27:33","guid":{"rendered":"https:\/\/blogsaverroes.juntadeandalucia.es\/ceperamericaysecciones\/?page_id=1357"},"modified":"2025-01-29T12:22:50","modified_gmt":"2025-01-29T11:22:50","slug":"tic","status":"publish","type":"page","link":"https:\/\/blogsaverroes.juntadeandalucia.es\/ceperamericaysecciones\/oferta-educativa\/tic\/","title":{"rendered":"TIC"},"content":{"rendered":"<p>Es imparable, en la sociedad actual, el uso de las nuevas Tecnolog\u00edas de la Informaci\u00f3n y Comunicaci\u00f3n. Las personas que se mantengan al margen de ellas estar\u00e1n en desventaja frente a las que s\u00ed las utilizan.&nbsp;Para incorporar en nuestra vida estas tecnolog\u00edas hay que realizar un proceso de aprendizaje de las mismas.<\/p>\n<p>El objetivo de este plan es facilitar, a quienes est\u00e9n interesados\/as, en el manejo de las herramientas b\u00e1sicas que permitan, a cualquier persona, usar un ordenador para participar activamente de esta forma de conocimiento y comunicaci\u00f3n.<\/p>\n","protected":false},"excerpt":{"rendered":"<p>Es imparable, en la sociedad actual, el uso de las nuevas Tecnolog\u00edas de la Informaci\u00f3n y Comunicaci\u00f3n. Las personas que se mantengan al margen de ellas estar\u00e1n en desventaja frente a las que s\u00ed las utilizan.&nbsp;Para incorporar en nuestra vida estas tecnolog\u00edas hay que realizar un proceso de aprendizaje de las mismas. El objetivo de [&hellip;]<\/p>\n","protected":false},"author":16847,"featured_media":0,"parent":582,"menu_order":0,"comment_status":"closed","ping_status":"closed","template":"","meta":{"_et_pb_use_builder":"","_et_pb_old_content":"","_et_gb_content_width":"","ngg_post_thumbnail":0,"footnotes":""},"aioseo_notices":[],"_links":{"self":[{"href":"https:\/\/blogsaverroes.juntadeandalucia.es\/ceperamericaysecciones\/wp-json\/wp\/v2\/pages\/1357"}],"collection":[{"href":"https:\/\/blogsaverroes.juntadeandalucia.es\/ceperamericaysecciones\/wp-json\/wp\/v2\/pages"}],"about":[{"href":"https:\/\/blogsaverroes.juntadeandalucia.es\/ceperamericaysecciones\/wp-json\/wp\/v2\/types\/page"}],"author":[{"embeddable":true,"href":"https:\/\/blogsaverroes.juntadeandalucia.es\/ceperamericaysecciones\/wp-json\/wp\/v2\/users\/16847"}],"replies":[{"embeddable":true,"href":"https:\/\/blogsaverroes.juntadeandalucia.es\/ceperamericaysecciones\/wp-json\/wp\/v2\/comments?post=1357"}],"version-history":[{"count":3,"href":"https:\/\/blogsaverroes.juntadeandalucia.es\/ceperamericaysecciones\/wp-json\/wp\/v2\/pages\/1357\/revisions"}],"predecessor-version":[{"id":1556,"href":"https:\/\/blogsaverroes.juntadeandalucia.es\/ceperamericaysecciones\/wp-json\/wp\/v2\/pages\/1357\/revisions\/1556"}],"up":[{"embeddable":true,"href":"https:\/\/blogsaverroes.juntadeandalucia.es\/ceperamericaysecciones\/wp-json\/wp\/v2\/pages\/582"}],"wp:attachment":[{"href":"https:\/\/blogsaverroes.juntadeandalucia.es\/ceperamericaysecciones\/wp-json\/wp\/v2\/media?parent=1357"}],"curies":[{"name":"wp","href":"https:\/\/api.w.org\/{rel}","templated":true}]}}