{"id":584,"date":"2023-09-05T19:43:09","date_gmt":"2023-09-05T17:43:09","guid":{"rendered":"https:\/\/blogsaverroes.juntadeandalucia.es\/ceperamericaysecciones\/?page_id=584"},"modified":"2025-01-29T12:21:43","modified_gmt":"2025-01-29T11:21:43","slug":"esa","status":"publish","type":"page","link":"https:\/\/blogsaverroes.juntadeandalucia.es\/ceperamericaysecciones\/oferta-educativa\/esa\/","title":{"rendered":"ESA"},"content":{"rendered":"<p>En Educaci\u00f3n Permanente se oferta la<strong>&nbsp;Educaci\u00f3n Secundaria Obligatoria para personas adultas<\/strong>. Estas ense\u00f1anzas se rigen por criterios de flexibilidad para facilitar tu incorporaci\u00f3n al sistema educativo. Las principales diferencias respecto a la Educaci\u00f3n Secundaria Obligatoria en r\u00e9gimen ordinario son:<\/p>\n<ul>\n<li>Posibilidad de realizar esta etapa en la <strong>modalidad presencial.<\/strong><\/li>\n<li>Est\u00e1 organizada en&nbsp;<strong>dos niveles<\/strong>: Nivel I (1\u00ba y 2\u00ba de la ESO en r\u00e9gimen ordinario) y Nivel II (3\u00ba y 4\u00ba de la ESO en r\u00e9gimen ordinario).<\/li>\n<li>Los contenidos se agrupan por&nbsp;<strong>\u00e1mbitos,&nbsp;<\/strong>no por materias: \u00c1mbito de comunicaci\u00f3n, \u00c1mbito cient\u00edfico-tecnol\u00f3gico y \u00c1mbito social.<\/li>\n<li>Posibilidad de&nbsp;<strong>matr\u00edcula parcial<\/strong>&nbsp;por \u00e1mbitos en todas las modalidades.<\/li>\n<li>Reconocimiento y equivalencia de aprendizajes adquiridos, tanto si accedes a la ESO para personas adultas por primera vez como si provienes del r\u00e9gimen ordinario de estas ense\u00f1anzas. Adem\u00e1s se reconocer\u00e1n aquellos \u00e1mbitos superados en las&nbsp; pruebas para la obtenci\u00f3n del t\u00edtulo de Graduado en Educaci\u00f3n Secundaria Obligatoria para personas mayores de 18 a\u00f1os. Estos \u00e1mbitos, una vez superados, no deben ser cursados de nuevo.<\/li>\n<li>Esta modalidad de ense\u00f1anza se basa en la&nbsp;<strong>asistencia regular y la atenci\u00f3n personalizada<\/strong> por parte del profesorado en cada uno de los \u00e1mbitos en los que te matricules. La asistencia al centro es de &lt;15 <strong>&nbsp;horas semanales<\/strong>&nbsp;tanto en el Nivel I como en el Nivel II. En estas horas trabajar\u00e1s los diferentes contenidos organizados por \u00e1mbitos y con la siguiente distribuci\u00f3n:\n<ul>\n<li>\u00c1mbito cient\u00edfico-tecnol\u00f3gico<\/li>\n<li>\u00c1mbito de comunicaci\u00f3n<\/li>\n<li>\u00c1mbito social<\/li>\n<\/ul>\n<\/li>\n<\/ul>\n","protected":false},"excerpt":{"rendered":"<p>En Educaci\u00f3n Permanente se oferta la&nbsp;Educaci\u00f3n Secundaria Obligatoria para personas adultas. Estas ense\u00f1anzas se rigen por criterios de flexibilidad para facilitar tu incorporaci\u00f3n al sistema educativo. Las principales diferencias respecto a la Educaci\u00f3n Secundaria Obligatoria en r\u00e9gimen ordinario son: Posibilidad de realizar esta etapa en la modalidad presencial. Est\u00e1 organizada en&nbsp;dos niveles: Nivel I (1\u00ba [&hellip;]<\/p>\n","protected":false},"author":16847,"featured_media":0,"parent":582,"menu_order":0,"comment_status":"closed","ping_status":"closed","template":"","meta":{"_et_pb_use_builder":"","_et_pb_old_content":"","_et_gb_content_width":"","ngg_post_thumbnail":0,"footnotes":""},"aioseo_notices":[],"_links":{"self":[{"href":"https:\/\/blogsaverroes.juntadeandalucia.es\/ceperamericaysecciones\/wp-json\/wp\/v2\/pages\/584"}],"collection":[{"href":"https:\/\/blogsaverroes.juntadeandalucia.es\/ceperamericaysecciones\/wp-json\/wp\/v2\/pages"}],"about":[{"href":"https:\/\/blogsaverroes.juntadeandalucia.es\/ceperamericaysecciones\/wp-json\/wp\/v2\/types\/page"}],"author":[{"embeddable":true,"href":"https:\/\/blogsaverroes.juntadeandalucia.es\/ceperamericaysecciones\/wp-json\/wp\/v2\/users\/16847"}],"replies":[{"embeddable":true,"href":"https:\/\/blogsaverroes.juntadeandalucia.es\/ceperamericaysecciones\/wp-json\/wp\/v2\/comments?post=584"}],"version-history":[{"count":7,"href":"https:\/\/blogsaverroes.juntadeandalucia.es\/ceperamericaysecciones\/wp-json\/wp\/v2\/pages\/584\/revisions"}],"predecessor-version":[{"id":1554,"href":"https:\/\/blogsaverroes.juntadeandalucia.es\/ceperamericaysecciones\/wp-json\/wp\/v2\/pages\/584\/revisions\/1554"}],"up":[{"embeddable":true,"href":"https:\/\/blogsaverroes.juntadeandalucia.es\/ceperamericaysecciones\/wp-json\/wp\/v2\/pages\/582"}],"wp:attachment":[{"href":"https:\/\/blogsaverroes.juntadeandalucia.es\/ceperamericaysecciones\/wp-json\/wp\/v2\/media?parent=584"}],"curies":[{"name":"wp","href":"https:\/\/api.w.org\/{rel}","templated":true}]}}