{"id":35,"date":"2015-03-13T08:21:43","date_gmt":"2015-03-13T08:21:43","guid":{"rendered":"http:\/\/blogsaverroes.juntadeandalucia.es\/pre\/ceip\/?page_id=35"},"modified":"2020-06-03T17:21:54","modified_gmt":"2020-06-03T17:21:54","slug":"el-centro-2","status":"publish","type":"page","link":"https:\/\/blogsaverroes.juntadeandalucia.es\/ceperantequera\/el-centro-2\/","title":{"rendered":"Datos del centro"},"content":{"rendered":"<p>[googlemaps https:\/\/www.google.com\/maps\/embed?pb=!1m18!1m12!1m3!1d3185.514885447761!2d-4.563020885462366!3d37.02136797990361!2m3!1f0!2f0!3f0!3m2!1i1024!2i768!4f13.1!3m3!1m2!1s0xd728fe1940023c5%3A0x8149bda557a1208e!2sCEPER%20Ignacio%20de%20Toledo!5e0!3m2!1ses!2ses!4v1591204813951!5m2!1ses!2ses&amp;w=600&amp;h=450]<\/p>\n<p>&nbsp;<\/p>\n<h4>Datos de contacto<\/h4>\n<p>Centro de Educaci\u00f3n Permanente Ignacio de Toledo.<\/p>\n<p><strong>Direcci\u00f3n:<\/strong>&nbsp; Calle del Plato, 7. 29200 Antequera (M\u00e1laga)<\/p>\n<p><strong>Tel\u00e9fono \/ FAX:<\/strong><br \/>\n<strong>Email:<\/strong> ceperantequera@gmail.com<\/p>\n<h4><strong>Horarios<\/strong><\/h4>\n<p>&nbsp;<\/p>\n<h4><strong>Oferta educativa<\/strong><\/h4>\n<p>Una breve descripci\u00f3n de las ense\u00f1anzas ofrecidas en el centro, con posibilidad de <a title=\"Educaci\u00f3n infantil\" href=\"http:\/\/blogsaverroes.juntadeandalucia.es\/temahueman\/educacion-infantil\/\">enlazar <\/a>a otras secciones informativas de la web.<\/p>\n<h4>Instalaciones<\/h4>\nngg_shortcode_0_placeholder\n","protected":false},"excerpt":{"rendered":"<p>[googlemaps https:\/\/www.google.com\/maps\/embed?pb=!1m18!1m12!1m3!1d3185.514885447761!2d-4.563020885462366!3d37.02136797990361!2m3!1f0!2f0!3f0!3m2!1i1024!2i768!4f13.1!3m3!1m2!1s0xd728fe1940023c5%3A0x8149bda557a1208e!2sCEPER%20Ignacio%20de%20Toledo!5e0!3m2!1ses!2ses!4v1591204813951!5m2!1ses!2ses&amp;w=600&amp;h=450] &nbsp; Datos de contacto Centro de Educaci\u00f3n Permanente Ignacio de Toledo. Direcci\u00f3n:&nbsp; Calle del Plato, 7. 29200 Antequera (M\u00e1laga) Tel\u00e9fono \/ FAX: Email: ceperantequera@gmail.com Horarios &nbsp; Oferta educativa Una breve descripci\u00f3n de&#46;&#46;&#46;<\/p>\n","protected":false},"author":1,"featured_media":0,"parent":0,"menu_order":0,"comment_status":"open","ping_status":"open","template":"","meta":{"ngg_post_thumbnail":0,"footnotes":"","_mc_calendar":[]},"aioseo_notices":[],"_links":{"self":[{"href":"https:\/\/blogsaverroes.juntadeandalucia.es\/ceperantequera\/wp-json\/wp\/v2\/pages\/35"}],"collection":[{"href":"https:\/\/blogsaverroes.juntadeandalucia.es\/ceperantequera\/wp-json\/wp\/v2\/pages"}],"about":[{"href":"https:\/\/blogsaverroes.juntadeandalucia.es\/ceperantequera\/wp-json\/wp\/v2\/types\/page"}],"author":[{"embeddable":true,"href":"https:\/\/blogsaverroes.juntadeandalucia.es\/ceperantequera\/wp-json\/wp\/v2\/users\/1"}],"replies":[{"embeddable":true,"href":"https:\/\/blogsaverroes.juntadeandalucia.es\/ceperantequera\/wp-json\/wp\/v2\/comments?post=35"}],"version-history":[{"count":24,"href":"https:\/\/blogsaverroes.juntadeandalucia.es\/ceperantequera\/wp-json\/wp\/v2\/pages\/35\/revisions"}],"predecessor-version":[{"id":2379,"href":"https:\/\/blogsaverroes.juntadeandalucia.es\/ceperantequera\/wp-json\/wp\/v2\/pages\/35\/revisions\/2379"}],"wp:attachment":[{"href":"https:\/\/blogsaverroes.juntadeandalucia.es\/ceperantequera\/wp-json\/wp\/v2\/media?parent=35"}],"curies":[{"name":"wp","href":"https:\/\/api.w.org\/{rel}","templated":true}]}}