{"id":2400,"date":"2020-05-21T10:07:39","date_gmt":"2020-05-21T10:07:39","guid":{"rendered":"https:\/\/blogsaverroes.juntadeandalucia.es\/ceperazahar\/?page_id=2400"},"modified":"2022-05-31T10:34:03","modified_gmt":"2022-05-31T08:34:03","slug":"matricula","status":"publish","type":"page","link":"https:\/\/blogsaverroes.juntadeandalucia.es\/ceperazahar\/matricula\/","title":{"rendered":"Admisi\u00f3n y matr\u00edcula"},"content":{"rendered":"<p>CLASES PRESENCIALES EN. &nbsp; &nbsp;&nbsp;<span style=\"color: #993300\"><strong>LORA DEL R\u00cdO &#8211;&nbsp;<\/strong><\/span><span style=\"color: #993300\"><strong>EL PRIORATO &#8211;&nbsp;<\/strong><\/span><span style=\"color: #993300\"><strong>SETEFILLA.<\/strong><\/span><\/p>\n<h1 style=\"text-align: left\"><a href=\"https:\/\/blogsaverroes.juntadeandalucia.es\/ceperazahar\/files\/2022\/05\/Captura-de-Pantalla-2022-05-31-a-las-10.19.52.png\"><img loading=\"lazy\" decoding=\"async\" class=\"alignnone wp-image-2662\" src=\"https:\/\/blogsaverroes.juntadeandalucia.es\/ceperazahar\/files\/2022\/05\/Captura-de-Pantalla-2022-05-31-a-las-10.19.52-300x202.png\" alt=\"\" width=\"482\" height=\"325\" srcset=\"https:\/\/blogsaverroes.juntadeandalucia.es\/ceperazahar\/files\/2022\/05\/Captura-de-Pantalla-2022-05-31-a-las-10.19.52-300x202.png 300w, https:\/\/blogsaverroes.juntadeandalucia.es\/ceperazahar\/files\/2022\/05\/Captura-de-Pantalla-2022-05-31-a-las-10.19.52-1024x688.png 1024w, https:\/\/blogsaverroes.juntadeandalucia.es\/ceperazahar\/files\/2022\/05\/Captura-de-Pantalla-2022-05-31-a-las-10.19.52-768x516.png 768w, https:\/\/blogsaverroes.juntadeandalucia.es\/ceperazahar\/files\/2022\/05\/Captura-de-Pantalla-2022-05-31-a-las-10.19.52-1536x1032.png 1536w, https:\/\/blogsaverroes.juntadeandalucia.es\/ceperazahar\/files\/2022\/05\/Captura-de-Pantalla-2022-05-31-a-las-10.19.52-2048x1376.png 2048w, https:\/\/blogsaverroes.juntadeandalucia.es\/ceperazahar\/files\/2022\/05\/Captura-de-Pantalla-2022-05-31-a-las-10.19.52.png 1600w\" sizes=\"(max-width: 482px) 100vw, 482px\" \/><\/a><a href=\"https:\/\/blogsaverroes.juntadeandalucia.es\/ceperazahar\/files\/2022\/05\/Captura-de-Pantalla-2022-05-31-a-las-10.20.41.png\"><img loading=\"lazy\" decoding=\"async\" class=\"alignnone wp-image-2660\" src=\"https:\/\/blogsaverroes.juntadeandalucia.es\/ceperazahar\/files\/2022\/05\/Captura-de-Pantalla-2022-05-31-a-las-10.20.41-300x206.png\" alt=\"\" width=\"466\" height=\"320\" srcset=\"https:\/\/blogsaverroes.juntadeandalucia.es\/ceperazahar\/files\/2022\/05\/Captura-de-Pantalla-2022-05-31-a-las-10.20.41-300x206.png 300w, https:\/\/blogsaverroes.juntadeandalucia.es\/ceperazahar\/files\/2022\/05\/Captura-de-Pantalla-2022-05-31-a-las-10.20.41-1024x702.png 1024w, https:\/\/blogsaverroes.juntadeandalucia.es\/ceperazahar\/files\/2022\/05\/Captura-de-Pantalla-2022-05-31-a-las-10.20.41-768x527.png 768w, https:\/\/blogsaverroes.juntadeandalucia.es\/ceperazahar\/files\/2022\/05\/Captura-de-Pantalla-2022-05-31-a-las-10.20.41-1536x1053.png 1536w, https:\/\/blogsaverroes.juntadeandalucia.es\/ceperazahar\/files\/2022\/05\/Captura-de-Pantalla-2022-05-31-a-las-10.20.41-2048x1404.png 2048w, https:\/\/blogsaverroes.juntadeandalucia.es\/ceperazahar\/files\/2022\/05\/Captura-de-Pantalla-2022-05-31-a-las-10.20.41.png 1600w\" sizes=\"(max-width: 466px) 100vw, 466px\" \/><\/a> <a href=\"https:\/\/blogsaverroes.juntadeandalucia.es\/ceperazahar\/files\/2022\/05\/Captura-de-Pantalla-2022-05-31-a-las-10.20.18.png\"><img loading=\"lazy\" decoding=\"async\" class=\"alignnone wp-image-2661\" src=\"https:\/\/blogsaverroes.juntadeandalucia.es\/ceperazahar\/files\/2022\/05\/Captura-de-Pantalla-2022-05-31-a-las-10.20.18-300x205.png\" alt=\"\" width=\"463\" height=\"316\" srcset=\"https:\/\/blogsaverroes.juntadeandalucia.es\/ceperazahar\/files\/2022\/05\/Captura-de-Pantalla-2022-05-31-a-las-10.20.18-300x205.png 300w, https:\/\/blogsaverroes.juntadeandalucia.es\/ceperazahar\/files\/2022\/05\/Captura-de-Pantalla-2022-05-31-a-las-10.20.18-1024x699.png 1024w, https:\/\/blogsaverroes.juntadeandalucia.es\/ceperazahar\/files\/2022\/05\/Captura-de-Pantalla-2022-05-31-a-las-10.20.18-768x524.png 768w, https:\/\/blogsaverroes.juntadeandalucia.es\/ceperazahar\/files\/2022\/05\/Captura-de-Pantalla-2022-05-31-a-las-10.20.18-1536x1049.png 1536w, https:\/\/blogsaverroes.juntadeandalucia.es\/ceperazahar\/files\/2022\/05\/Captura-de-Pantalla-2022-05-31-a-las-10.20.18-2048x1398.png 2048w, https:\/\/blogsaverroes.juntadeandalucia.es\/ceperazahar\/files\/2022\/05\/Captura-de-Pantalla-2022-05-31-a-las-10.20.18.png 1600w\" sizes=\"(max-width: 463px) 100vw, 463px\" \/><\/a><\/h1>\n<p style=\"text-align: center\"><a href=\"https:\/\/www.juntadeandalucia.es\/educacion\/portals\/delegate\/content\/e626ae1b-364a-45d8-a436-b48cfd50ab18\"><img loading=\"lazy\" decoding=\"async\" class=\"alignnone wp-image-2627 size-medium\" src=\"https:\/\/blogsaverroes.juntadeandalucia.es\/ceperazahar\/files\/2021\/06\/ANEXO-V-300x212.png\" alt=\"ANEXO V SOLICITUD DE MATR\u00cdCULA EN CENTROS DE EDUCACI\u00d3N PERMANENTE\" width=\"300\" height=\"212\" srcset=\"https:\/\/blogsaverroes.juntadeandalucia.es\/ceperazahar\/files\/2021\/06\/ANEXO-V-300x212.png 300w, https:\/\/blogsaverroes.juntadeandalucia.es\/ceperazahar\/files\/2021\/06\/ANEXO-V-1024x722.png 1024w, https:\/\/blogsaverroes.juntadeandalucia.es\/ceperazahar\/files\/2021\/06\/ANEXO-V-768x542.png 768w, https:\/\/blogsaverroes.juntadeandalucia.es\/ceperazahar\/files\/2021\/06\/ANEXO-V-1536x1083.png 1536w, https:\/\/blogsaverroes.juntadeandalucia.es\/ceperazahar\/files\/2021\/06\/ANEXO-V.png 1600w\" sizes=\"(max-width: 300px) 100vw, 300px\" \/><\/a><\/p>\n<p>&nbsp;<\/p>\n<h3>ESO Y CERTIFICADO DE COMPETENCIAS CLAVE. Te ayudamos a obtener cualquiera de estos t\u00edtulos que necesites para obtener el certificado de profesionalidad.&nbsp;<\/h3>\n<h3>&nbsp;<\/h3>\n<h3 style=\"text-align: center\">41500840.edu@juntadeandalucia.es<\/h3>\n<h3 style=\"text-align: center\"><a href=\"https:\/\/www.juntadeandalucia.es\/educacion\/secretariavirtual\/accesoTramite\/266\/\">SECRETAR\u00cdA VIRTUAL JUNTA DE ANDALUC\u00cdA<\/a><\/h3>\n<p>Somos el centro p\u00fablico de Educaci\u00f3n Permanente de Lora del R\u00edo (Sevilla). Llevamos m\u00e1s de 10 a\u00f1os trabajando en la educaci\u00f3n y formaci\u00f3n de personas adultas. Conscientes del auge de las nuevas tecnolog\u00edas, creamos esta p\u00e1gina web para estar en contacto con nuestro alumnado.<\/p>\n<p>Nuestra oferta formativa es muy amplia y gratuita <span style=\"color: #0000ff\">ahora tambi\u00e9n en horario de ma\u00f1ana.<\/span><\/p>\n<p>\u25cf Preparamos para la obtenci\u00f3n del T\u00edtulo de Graduado en ESO, de forma semipresencial a trav\u00e9s de las Tutor\u00edas de Apoyo al Estudio (TAE) en colaboraci\u00f3n con el IES Guadalquivir, con excelentes resultados<\/p>\n<p>\u25cf Trabajamos con los grupos de Formaci\u00f3n B\u00e1sica para aquellas personas que lo demandan<\/p>\n<p>\u25cf Tenemos cursos de inform\u00e1tica e ingl\u00e9s b\u00e1sico (A1 y A2)<\/p>\n<ul style=\"list-style-type: disc\">\n<li>Comenzamos este curso con la preparaci\u00f3n prueba libre al t\u00edtulo de Formaci\u00f3n Profesional de Grado Medio de Atenci\u00f3n a Personas en Situaci\u00f3n de Dependencia.<\/li>\n<li><strong>NUEVO PLAN<\/strong> Preparaci\u00f3n de Prueba de Evaluaci\u00f3n de Competencias Clave Nivel II. Imprescindible para el certificado de profesionalidad.<\/li>\n<li><strong>Nuevas ayudas:<\/strong> Preparaci\u00f3n para Pruebas Libres de M\u00f3dulos de: T\u00e9cnico de Grado Superior de Educaci\u00f3n Infantil, de Animaci\u00f3n Sociocultural, de Promoci\u00f3n de Igualdad de G\u00e9nero, de Integraci\u00f3n Social.<\/li>\n<\/ul>\n<p>&nbsp;<\/p>\n<p>&nbsp;<\/p>\n<p>&nbsp;<\/p>\n","protected":false},"excerpt":{"rendered":"<p>CLASES PRESENCIALES EN. &nbsp; &nbsp;&nbsp;LORA DEL R\u00cdO &#8211;&nbsp;EL PRIORATO &#8211;&nbsp;SETEFILLA. &nbsp; ESO Y CERTIFICADO DE COMPETENCIAS CLAVE. Te ayudamos a obtener cualquiera de estos t\u00edtulos que necesites para obtener el certificado de profesionalidad.&nbsp; &nbsp;&#46;&#46;&#46;<\/p>\n","protected":false},"author":8169,"featured_media":0,"parent":0,"menu_order":0,"comment_status":"closed","ping_status":"closed","template":"","meta":{"ngg_post_thumbnail":0,"footnotes":"","_mc_calendar":[]},"aioseo_notices":[],"_links":{"self":[{"href":"https:\/\/blogsaverroes.juntadeandalucia.es\/ceperazahar\/wp-json\/wp\/v2\/pages\/2400"}],"collection":[{"href":"https:\/\/blogsaverroes.juntadeandalucia.es\/ceperazahar\/wp-json\/wp\/v2\/pages"}],"about":[{"href":"https:\/\/blogsaverroes.juntadeandalucia.es\/ceperazahar\/wp-json\/wp\/v2\/types\/page"}],"author":[{"embeddable":true,"href":"https:\/\/blogsaverroes.juntadeandalucia.es\/ceperazahar\/wp-json\/wp\/v2\/users\/8169"}],"replies":[{"embeddable":true,"href":"https:\/\/blogsaverroes.juntadeandalucia.es\/ceperazahar\/wp-json\/wp\/v2\/comments?post=2400"}],"version-history":[{"count":15,"href":"https:\/\/blogsaverroes.juntadeandalucia.es\/ceperazahar\/wp-json\/wp\/v2\/pages\/2400\/revisions"}],"predecessor-version":[{"id":2665,"href":"https:\/\/blogsaverroes.juntadeandalucia.es\/ceperazahar\/wp-json\/wp\/v2\/pages\/2400\/revisions\/2665"}],"wp:attachment":[{"href":"https:\/\/blogsaverroes.juntadeandalucia.es\/ceperazahar\/wp-json\/wp\/v2\/media?parent=2400"}],"curies":[{"name":"wp","href":"https:\/\/api.w.org\/{rel}","templated":true}]}}