{"id":2458,"date":"2020-05-21T23:16:00","date_gmt":"2020-05-21T22:16:00","guid":{"rendered":"https:\/\/blogsaverroes.juntadeandalucia.es\/ceperazahar\/?page_id=2458"},"modified":"2020-09-01T16:19:32","modified_gmt":"2020-09-01T14:19:32","slug":"profesorado","status":"publish","type":"page","link":"https:\/\/blogsaverroes.juntadeandalucia.es\/ceperazahar\/profesorado\/","title":{"rendered":"Profesorado"},"content":{"rendered":"<ul>\n<li><strong>Maestro 1:<\/strong> Lengua, Geograf\u00eda, Historia, Cultura general<\/li>\n<li><strong>Maestro 2:<\/strong> Matem\u00e1ticas, Ciencias Naturales, Econom\u00eda, Inform\u00e1tica<\/li>\n<li><strong>Maestro 3:<\/strong> Ingl\u00e9s<\/li>\n<\/ul>\n<p>&nbsp;<\/p>\n<p><a href=\"https:\/\/drive.google.com\/file\/d\/1ITTzy2i31bJEZRwVB3EvKWhtBCiWKdLw\/view?usp=sharing\">PLANIFICACI\u00d3N CURSO 2020<\/a><\/p>\n<p><a href=\"https:\/\/forms.gle\/dhmei75jGs7Mr9Dd6\">INICIO DE LA JORNADA ESCOLAR<\/a><\/p>\n<p><a href=\"https:\/\/forms.gle\/Wxq3SE8aJx8xMHCS8\">FIN DE LA JORNADA ESCOLAR<\/a><\/p>\n","protected":false},"excerpt":{"rendered":"<p>Maestro 1: Lengua, Geograf\u00eda, Historia, Cultura general Maestro 2: Matem\u00e1ticas, Ciencias Naturales, Econom\u00eda, Inform\u00e1tica Maestro 3: Ingl\u00e9s &nbsp; PLANIFICACI\u00d3N CURSO 2020 INICIO DE LA JORNADA ESCOLAR FIN DE LA JORNADA ESCOLAR<\/p>\n","protected":false},"author":8169,"featured_media":0,"parent":0,"menu_order":0,"comment_status":"closed","ping_status":"closed","template":"","meta":{"ngg_post_thumbnail":0,"footnotes":"","_mc_calendar":[]},"aioseo_notices":[],"_links":{"self":[{"href":"https:\/\/blogsaverroes.juntadeandalucia.es\/ceperazahar\/wp-json\/wp\/v2\/pages\/2458"}],"collection":[{"href":"https:\/\/blogsaverroes.juntadeandalucia.es\/ceperazahar\/wp-json\/wp\/v2\/pages"}],"about":[{"href":"https:\/\/blogsaverroes.juntadeandalucia.es\/ceperazahar\/wp-json\/wp\/v2\/types\/page"}],"author":[{"embeddable":true,"href":"https:\/\/blogsaverroes.juntadeandalucia.es\/ceperazahar\/wp-json\/wp\/v2\/users\/8169"}],"replies":[{"embeddable":true,"href":"https:\/\/blogsaverroes.juntadeandalucia.es\/ceperazahar\/wp-json\/wp\/v2\/comments?post=2458"}],"version-history":[{"count":5,"href":"https:\/\/blogsaverroes.juntadeandalucia.es\/ceperazahar\/wp-json\/wp\/v2\/pages\/2458\/revisions"}],"predecessor-version":[{"id":2539,"href":"https:\/\/blogsaverroes.juntadeandalucia.es\/ceperazahar\/wp-json\/wp\/v2\/pages\/2458\/revisions\/2539"}],"wp:attachment":[{"href":"https:\/\/blogsaverroes.juntadeandalucia.es\/ceperazahar\/wp-json\/wp\/v2\/media?parent=2458"}],"curies":[{"name":"wp","href":"https:\/\/api.w.org\/{rel}","templated":true}]}}