{"id":2552,"date":"2020-09-16T19:51:21","date_gmt":"2020-09-16T17:51:21","guid":{"rendered":"https:\/\/blogsaverroes.juntadeandalucia.es\/ceperazahar\/?page_id=2552"},"modified":"2021-02-26T13:29:22","modified_gmt":"2021-02-26T12:29:22","slug":"apsd","status":"publish","type":"page","link":"https:\/\/blogsaverroes.juntadeandalucia.es\/ceperazahar\/apsd\/","title":{"rendered":"APSD"},"content":{"rendered":"<p>Soporte de ayuda a la comunidad educativa para mejorar la visibilizaci\u00f3n de TAE para el acceso libre a la obtenci\u00f3n del TGM de Atenci\u00f3n a Personas en Situaci\u00f3n de Dependencia (APSD).<\/p>\n<p><a href=\"https:\/\/drive.google.com\/drive\/folders\/1UF9f_-kx4WMaOfnvVlFBu2_oyqAU9-rP?usp=sharing\">TEMARIO DE TGM APSD<\/a><\/p>\n<p><a href=\"https:\/\/classroom.google.com\/u\/0\/c\/MTY3NDcxNDQ5NTY2\">ACCESO A CLASSROOM&nbsp;<\/a><\/p>\n<p><a href=\"https:\/\/blogsaverroes.juntadeandalucia.es\/ceperazahar\/files\/2020\/09\/Captura-de-pantalla-2020-09-20-a-las-21.17.41.png\"><img loading=\"lazy\" decoding=\"async\" class=\"wp-image-2560 aligncenter\" src=\"https:\/\/blogsaverroes.juntadeandalucia.es\/ceperazahar\/files\/2020\/09\/Captura-de-pantalla-2020-09-20-a-las-21.17.41-300x161.png\" alt=\"\" width=\"479\" height=\"257\" srcset=\"https:\/\/blogsaverroes.juntadeandalucia.es\/ceperazahar\/files\/2020\/09\/Captura-de-pantalla-2020-09-20-a-las-21.17.41-300x161.png 300w, https:\/\/blogsaverroes.juntadeandalucia.es\/ceperazahar\/files\/2020\/09\/Captura-de-pantalla-2020-09-20-a-las-21.17.41-1024x550.png 1024w, https:\/\/blogsaverroes.juntadeandalucia.es\/ceperazahar\/files\/2020\/09\/Captura-de-pantalla-2020-09-20-a-las-21.17.41-768x412.png 768w, https:\/\/blogsaverroes.juntadeandalucia.es\/ceperazahar\/files\/2020\/09\/Captura-de-pantalla-2020-09-20-a-las-21.17.41-24x13.png 24w, https:\/\/blogsaverroes.juntadeandalucia.es\/ceperazahar\/files\/2020\/09\/Captura-de-pantalla-2020-09-20-a-las-21.17.41-36x19.png 36w, https:\/\/blogsaverroes.juntadeandalucia.es\/ceperazahar\/files\/2020\/09\/Captura-de-pantalla-2020-09-20-a-las-21.17.41-48x26.png 48w, https:\/\/blogsaverroes.juntadeandalucia.es\/ceperazahar\/files\/2020\/09\/Captura-de-pantalla-2020-09-20-a-las-21.17.41.png 1118w\" sizes=\"(max-width: 479px) 100vw, 479px\" \/><\/a><\/p>\n<p>&nbsp;<\/p>\n","protected":false},"excerpt":{"rendered":"<p>Soporte de ayuda a la comunidad educativa para mejorar la visibilizaci\u00f3n de TAE para el acceso libre a la obtenci\u00f3n del TGM de Atenci\u00f3n a Personas en Situaci\u00f3n de Dependencia (APSD). TEMARIO DE TGM&#46;&#46;&#46;<\/p>\n","protected":false},"author":8169,"featured_media":0,"parent":0,"menu_order":0,"comment_status":"closed","ping_status":"closed","template":"","meta":{"ngg_post_thumbnail":0,"footnotes":"","_mc_calendar":[]},"aioseo_notices":[],"_links":{"self":[{"href":"https:\/\/blogsaverroes.juntadeandalucia.es\/ceperazahar\/wp-json\/wp\/v2\/pages\/2552"}],"collection":[{"href":"https:\/\/blogsaverroes.juntadeandalucia.es\/ceperazahar\/wp-json\/wp\/v2\/pages"}],"about":[{"href":"https:\/\/blogsaverroes.juntadeandalucia.es\/ceperazahar\/wp-json\/wp\/v2\/types\/page"}],"author":[{"embeddable":true,"href":"https:\/\/blogsaverroes.juntadeandalucia.es\/ceperazahar\/wp-json\/wp\/v2\/users\/8169"}],"replies":[{"embeddable":true,"href":"https:\/\/blogsaverroes.juntadeandalucia.es\/ceperazahar\/wp-json\/wp\/v2\/comments?post=2552"}],"version-history":[{"count":5,"href":"https:\/\/blogsaverroes.juntadeandalucia.es\/ceperazahar\/wp-json\/wp\/v2\/pages\/2552\/revisions"}],"predecessor-version":[{"id":2561,"href":"https:\/\/blogsaverroes.juntadeandalucia.es\/ceperazahar\/wp-json\/wp\/v2\/pages\/2552\/revisions\/2561"}],"wp:attachment":[{"href":"https:\/\/blogsaverroes.juntadeandalucia.es\/ceperazahar\/wp-json\/wp\/v2\/media?parent=2552"}],"curies":[{"name":"wp","href":"https:\/\/api.w.org\/{rel}","templated":true}]}}