{"id":35,"date":"2015-03-13T08:21:43","date_gmt":"2015-03-13T08:21:43","guid":{"rendered":"http:\/\/blogsaverroes.juntadeandalucia.es\/pre\/ceip\/?page_id=35"},"modified":"2024-07-02T23:09:19","modified_gmt":"2024-07-02T21:09:19","slug":"direccion","status":"publish","type":"page","link":"https:\/\/blogsaverroes.juntadeandalucia.es\/ceperazahar\/direccion\/","title":{"rendered":"Datos del centro"},"content":{"rendered":"<div style=\"width: 100%;text-align: center\"><iframe loading=\"lazy\" src=\"https:\/\/maps.google.com\/maps?width=600&amp;height=600&amp;hl=es&amp;q=Centro%20del%20Profesorado%20de%20Lora%20del%20R%C3%ADo,%20C.%20Blas%20Infante,%2014,%2041440%20Lora%20del%20R%C3%ADo,%20Sevilla+(CEPER%20Azahar%20(Lora%20del%20R%C3%ADo))&amp;t=&amp;z=17&amp;ie=UTF8&amp;iwloc=B&amp;output=embed\" width=\"600\" height=\"600\" frameborder=\"0\" marginwidth=\"0\" marginheight=\"0\" scrolling=\"no\"><a href=\"https:\/\/www.gps.ie\/car-satnav-gps\/\">GPS devices<\/a><\/iframe><\/div>\n<h4 style=\"text-align: center;font-family: Arial\">Datos de contacto &#8211; CEPER AZAHAR<strong>&nbsp;<\/strong><\/h4>\n<p style=\"text-align: center;font-family: Arial\"><strong>Direcci\u00f3n:<\/strong> Calle Blas Infante 14, 41440 Lora del R\u00edo (Sevilla)&nbsp;<br \/>\n<strong>Tel\u00e9fono: <\/strong> 600 158 193&nbsp;<br \/>\n<strong>Email:<\/strong> 41500840.edu@juntadeandalucia.es<\/p>\n<p>&nbsp;<\/p>\n<h4 style=\"text-align: center;font-family: Arial\">Instalaciones<\/h4>\n<p style=\"text-align: center;font-family: Arial\">AULAS en CEPI \u00abREYES DE ESPA\u00d1A\u00bb de lunes a viernes de 16 a 21 horas.<\/p>\n<p style=\"text-align: center;font-family: Arial\">AULA en CASA DE LA CULTURA martes, mi\u00e9rcoles y viernes de 9 a 14 horas.<\/p>\n<p style=\"text-align: center;font-family: Arial\">AULA en EL PRIORATO martes, mi\u00e9rcoles y viernes de 9 a 14 horas.<\/p>\n<p style=\"text-align: center;font-family: Arial\">AULA en SETEFILLA pr\u00f3xima apertura a partir del 14 de diciembre.<\/p>\n<p style=\"text-align: center;font-family: Arial\">Estamos gestionando para la apertura de otras aulas en el municipio con la intenci\u00f3n de ofrecer m\u00e1s servicios.<\/p>\n","protected":false},"excerpt":{"rendered":"<p>GPS devices Datos de contacto &#8211; CEPER AZAHAR&nbsp; Direcci\u00f3n: Calle Blas Infante 14, 41440 Lora del R\u00edo (Sevilla)&nbsp; Tel\u00e9fono: 600 158 193&nbsp; Email: 41500840.edu@juntadeandalucia.es &nbsp; Instalaciones AULAS en CEPI \u00abREYES DE ESPA\u00d1A\u00bb de lunes&#46;&#46;&#46;<\/p>\n","protected":false},"author":1,"featured_media":0,"parent":0,"menu_order":0,"comment_status":"open","ping_status":"open","template":"","meta":{"ngg_post_thumbnail":0,"footnotes":"","_mc_calendar":[]},"aioseo_notices":[],"_links":{"self":[{"href":"https:\/\/blogsaverroes.juntadeandalucia.es\/ceperazahar\/wp-json\/wp\/v2\/pages\/35"}],"collection":[{"href":"https:\/\/blogsaverroes.juntadeandalucia.es\/ceperazahar\/wp-json\/wp\/v2\/pages"}],"about":[{"href":"https:\/\/blogsaverroes.juntadeandalucia.es\/ceperazahar\/wp-json\/wp\/v2\/types\/page"}],"author":[{"embeddable":true,"href":"https:\/\/blogsaverroes.juntadeandalucia.es\/ceperazahar\/wp-json\/wp\/v2\/users\/1"}],"replies":[{"embeddable":true,"href":"https:\/\/blogsaverroes.juntadeandalucia.es\/ceperazahar\/wp-json\/wp\/v2\/comments?post=35"}],"version-history":[{"count":29,"href":"https:\/\/blogsaverroes.juntadeandalucia.es\/ceperazahar\/wp-json\/wp\/v2\/pages\/35\/revisions"}],"predecessor-version":[{"id":2673,"href":"https:\/\/blogsaverroes.juntadeandalucia.es\/ceperazahar\/wp-json\/wp\/v2\/pages\/35\/revisions\/2673"}],"wp:attachment":[{"href":"https:\/\/blogsaverroes.juntadeandalucia.es\/ceperazahar\/wp-json\/wp\/v2\/media?parent=35"}],"curies":[{"name":"wp","href":"https:\/\/api.w.org\/{rel}","templated":true}]}}