{"id":2638,"date":"2020-11-26T10:49:57","date_gmt":"2020-11-26T10:49:57","guid":{"rendered":"https:\/\/blogsaverroes.juntadeandalucia.es\/ceperbeturia\/?page_id=2638"},"modified":"2020-11-26T10:49:57","modified_gmt":"2020-11-26T10:49:57","slug":"ambito-cientifico-tecnologico","status":"publish","type":"page","link":"https:\/\/blogsaverroes.juntadeandalucia.es\/ceperbeturia\/ambito-cientifico-tecnologico\/","title":{"rendered":"\u00c1mbit\u00f3 cient\u00edfico tecnol\u00f3gico"},"content":{"rendered":"","protected":false},"excerpt":{"rendered":"","protected":false},"author":10554,"featured_media":0,"parent":0,"menu_order":0,"comment_status":"closed","ping_status":"closed","template":"","meta":{"ngg_post_thumbnail":0,"footnotes":"","_mc_calendar":[]},"aioseo_notices":[],"_links":{"self":[{"href":"https:\/\/blogsaverroes.juntadeandalucia.es\/ceperbeturia\/wp-json\/wp\/v2\/pages\/2638"}],"collection":[{"href":"https:\/\/blogsaverroes.juntadeandalucia.es\/ceperbeturia\/wp-json\/wp\/v2\/pages"}],"about":[{"href":"https:\/\/blogsaverroes.juntadeandalucia.es\/ceperbeturia\/wp-json\/wp\/v2\/types\/page"}],"author":[{"embeddable":true,"href":"https:\/\/blogsaverroes.juntadeandalucia.es\/ceperbeturia\/wp-json\/wp\/v2\/users\/10554"}],"replies":[{"embeddable":true,"href":"https:\/\/blogsaverroes.juntadeandalucia.es\/ceperbeturia\/wp-json\/wp\/v2\/comments?post=2638"}],"version-history":[{"count":2,"href":"https:\/\/blogsaverroes.juntadeandalucia.es\/ceperbeturia\/wp-json\/wp\/v2\/pages\/2638\/revisions"}],"predecessor-version":[{"id":2736,"href":"https:\/\/blogsaverroes.juntadeandalucia.es\/ceperbeturia\/wp-json\/wp\/v2\/pages\/2638\/revisions\/2736"}],"wp:attachment":[{"href":"https:\/\/blogsaverroes.juntadeandalucia.es\/ceperbeturia\/wp-json\/wp\/v2\/media?parent=2638"}],"curies":[{"name":"wp","href":"https:\/\/api.w.org\/{rel}","templated":true}]}}