{"id":141,"date":"2015-03-17T07:13:24","date_gmt":"2015-03-17T07:13:24","guid":{"rendered":"http:\/\/blogsaverroes.juntadeandalucia.es\/pre\/ceip\/?page_id=141"},"modified":"2021-03-18T11:16:37","modified_gmt":"2021-03-18T11:16:37","slug":"matriculacion","status":"publish","type":"page","link":"https:\/\/blogsaverroes.juntadeandalucia.es\/cepercehel\/matriculacion\/","title":{"rendered":"MATRICULACI\u00d3N"},"content":{"rendered":"<p><img fetchpriority=\"high\" decoding=\"async\" class=\"size-full wp-image-2607 aligncenter\" src=\"https:\/\/blogsaverroes.juntadeandalucia.es\/cepercehel\/files\/2021\/03\/Periodo-de-matriculas.png\" alt=\"\" width=\"450\" height=\"299\" srcset=\"https:\/\/blogsaverroes.juntadeandalucia.es\/cepercehel\/files\/2021\/03\/Periodo-de-matriculas.png 450w, https:\/\/blogsaverroes.juntadeandalucia.es\/cepercehel\/files\/2021\/03\/Periodo-de-matriculas-300x199.png 300w\" sizes=\"(max-width: 450px) 100vw, 450px\" \/><\/p>\n<p>La educaci\u00f3n permanente de personas adultas corresponden a las siguientes ense\u00f1anzas:<\/p>\n<p><em><strong>a) Los siguientes planes educativos: <\/strong><\/em><\/p>\n<ol>\n<li>Plan educativo de formaci\u00f3n b\u00e1sica.<\/li>\n<li>Planes educativos de preparaci\u00f3n para la obtenci\u00f3n de titulaciones del sistema educativo.<\/li>\n<li>Planes educativos para el acceso a otros niveles del sistema educativo.<\/li>\n<li>Planes educativos para el fomento de la ciudadan\u00eda activa.<\/li>\n<li>Otros planes educativos, en su caso, autorizados por la Direcci\u00f3n General competente en materia de educaci\u00f3n permanente.<\/li>\n<\/ol>\n<p><em><strong>b) La educaci\u00f3n secundaria obligatoria para personas adultas. <\/strong><\/em><\/p>\n<p><em><strong>c) El bachillerato para personas adultas. <\/strong><\/em><\/p>\n<p>En aquellos centros donde hubiera plazas escolares suficientes ser\u00e1n admitidas todas las solicitudes presentadas que re\u00fanan los requisitos de acceso a la ense\u00f1anza que corresponda. En ning\u00fan caso habr\u00e1 discriminaci\u00f3n en la admisi\u00f3n del alumnado por raz\u00f3n de nacimiento, raza, sexo, religi\u00f3n u opini\u00f3n. Asimismo, no podr\u00e1 exigirse la formulaci\u00f3n de declaraciones que puedan afectar a la intimidad, creencias o convicciones de las personas solicitantes. En todos los planes educativos s\u00f3lo se realizar\u00e1 un proceso de matriculaci\u00f3n y se tramitar\u00e1 en un solo centro. La matriculaci\u00f3n en cada plan educativo solicitado estar\u00e1 supeditada a la disponibilidad de las plazas escolares en el mismo. En las ense\u00f1anzas de educaci\u00f3n secundaria obligatoria y bachillerato para personas adultas los procesos de admisi\u00f3n y matriculaci\u00f3n se realizar\u00e1n por \u00e1mbitos de conocimientos o materias en un solo centro para las modalidades objeto de la presente Orden, autorizadas al mismo. S\u00f3lo se podr\u00e1 solicitar la admisi\u00f3n para un mismo \u00e1mbito o materia en una modalidad de ense\u00f1anza: presencial, semipresencial o a distancia. Se podr\u00e1n solicitar diferentes \u00e1mbitos o materias en las modalidades presencial o semipresencial siempre que ambas modalidades est\u00e9n autorizadas y se impartan en un mismo centro.<\/p>\n<p><strong>PLAZOS DE SOLICITUD<\/strong><\/p>\n<ul>\n<li>01\/06- 15\/06 de cada a\u00f1o: plazo de <strong>matriculaci\u00f3n<\/strong> en <strong>PLANES EDUCATIVOS<\/strong>.<\/li>\n<li>01\/06- 15\/06 de cada a\u00f1o: plazo de <strong>presentaci\u00f3n de solicitudes de admisi\u00f3n<\/strong> en los centros docentes, para <strong>EDUCACI\u00d3N SECUNDARIA OBLIGATORIA Y BACHILLERATO<\/strong> para personas adultas.<\/li>\n<li>01\/07- 10\/07 de cada a\u00f1o: plazo de <strong>matriculaci\u00f3n<\/strong> de <strong>EDUCACI\u00d3N SECUNDARIA OBLIGATORIA Y BACHILLERATO<\/strong> para personas adultas.&nbsp;<\/li>\n<li>01\/09- 15\/10 de cada a\u00f1o: en el supuesto de que existieran plazas escolares vacantes se habilitar\u00e1 <strong>procedimiento extraordinario de matriculaci\u00f3n.<\/strong><\/li>\n<\/ul>\n<p><strong>C\u00d3MO MATRICULARSE<\/strong><\/p>\n<table style=\"border-collapse: collapse;width: 77.5071%;height: 95px\">\n<tbody>\n<tr>\n<td style=\"width: 48.0574%\">\n<p style=\"text-align: center\"><strong>EN EL CENTRO<\/strong><\/p>\n<p>&nbsp;<\/p>\n<p>&nbsp;<\/p>\n<p style=\"text-align: center\">&nbsp;<\/p>\n<\/td>\n<td style=\"width: 39.6933%\">\n<p style=\"text-align: center\"><strong>SECRETAR\u00cdA VIRTUAL DE LA JUNTA DE ANDALUC\u00cdA<\/strong><\/p>\n<p><img decoding=\"async\" class=\"alignleft size-full wp-image-2609\" src=\"https:\/\/blogsaverroes.juntadeandalucia.es\/cepercehel\/files\/2021\/03\/logo_secretaria_virtual.svg\" alt=\"\"><\/td>\n<\/tr>\n<\/tbody>\n<\/table>\n","protected":false},"excerpt":{"rendered":"<p>La educaci\u00f3n permanente de personas adultas corresponden a las siguientes ense\u00f1anzas: a) Los siguientes planes educativos: Plan educativo de formaci\u00f3n b\u00e1sica. Planes educativos de preparaci\u00f3n para la obtenci\u00f3n de titulaciones del sistema educativo. Planes&#46;&#46;&#46;<\/p>\n","protected":false},"author":1,"featured_media":0,"parent":0,"menu_order":0,"comment_status":"open","ping_status":"open","template":"page-templates\/child-menu.php","meta":{"ngg_post_thumbnail":0,"footnotes":"","_mc_calendar":[]},"aioseo_notices":[],"_links":{"self":[{"href":"https:\/\/blogsaverroes.juntadeandalucia.es\/cepercehel\/wp-json\/wp\/v2\/pages\/141"}],"collection":[{"href":"https:\/\/blogsaverroes.juntadeandalucia.es\/cepercehel\/wp-json\/wp\/v2\/pages"}],"about":[{"href":"https:\/\/blogsaverroes.juntadeandalucia.es\/cepercehel\/wp-json\/wp\/v2\/types\/page"}],"author":[{"embeddable":true,"href":"https:\/\/blogsaverroes.juntadeandalucia.es\/cepercehel\/wp-json\/wp\/v2\/users\/1"}],"replies":[{"embeddable":true,"href":"https:\/\/blogsaverroes.juntadeandalucia.es\/cepercehel\/wp-json\/wp\/v2\/comments?post=141"}],"version-history":[{"count":6,"href":"https:\/\/blogsaverroes.juntadeandalucia.es\/cepercehel\/wp-json\/wp\/v2\/pages\/141\/revisions"}],"predecessor-version":[{"id":2606,"href":"https:\/\/blogsaverroes.juntadeandalucia.es\/cepercehel\/wp-json\/wp\/v2\/pages\/141\/revisions\/2606"}],"wp:attachment":[{"href":"https:\/\/blogsaverroes.juntadeandalucia.es\/cepercehel\/wp-json\/wp\/v2\/media?parent=141"}],"curies":[{"name":"wp","href":"https:\/\/api.w.org\/{rel}","templated":true}]}}