{"id":147,"date":"2015-03-17T07:46:52","date_gmt":"2015-03-17T07:46:52","guid":{"rendered":"http:\/\/blogsaverroes.juntadeandalucia.es\/pre\/ceip\/?page_id=147"},"modified":"2021-03-17T18:28:34","modified_gmt":"2021-03-17T18:28:34","slug":"interculturalidad","status":"publish","type":"page","link":"https:\/\/blogsaverroes.juntadeandalucia.es\/cepercehel\/interculturalidad\/","title":{"rendered":"INTERCULTURALIDAD Y LENG. ESPA\u00d1OLA"},"content":{"rendered":"<h2 id=\"consejeria\" class=\"TituloPlegable seccionDesplegada\">Interculturalidad, cultura y lengua espa\u00f1ola para personas procedentes de otros pa\u00edses<\/h2>\n<p>Ense\u00f1ar nuestra lengua materna parece f\u00e1cil hasta que te enfrentas con un grupo de personas con las que no te puedes comunicar m\u00e1s que por se\u00f1as y dibujos y experimentas lo limitados que son estos medios. Personas adultas que necesitan el idioma, les urge, para poder integrarse en nuestra sociedad, pero a la vez son incapaces de producir los sonidos de nuestra lengua.<\/p>\n<p><span id=\"u72171-5\">La pregunta es<\/span><span id=\"u72171-6\">:<\/span>&nbsp;\u201c\u00bfPor d\u00f3nde empiezo?\u201d \u00bfC\u00f3mo se lo explico?\u201d<\/p>\n<p>Por ello vamos a presentar materiales relacionados con la ense\u00f1anza de espa\u00f1ol a extranjeros que venimos utilizando en nuestras clases presentados en diferentes categor\u00edas:<\/p>\n","protected":false},"excerpt":{"rendered":"<p>Interculturalidad, cultura y lengua espa\u00f1ola para personas procedentes de otros pa\u00edses Ense\u00f1ar nuestra lengua materna parece f\u00e1cil hasta que te enfrentas con un grupo de personas con las que no te puedes comunicar m\u00e1s&#46;&#46;&#46;<\/p>\n","protected":false},"author":1,"featured_media":0,"parent":0,"menu_order":0,"comment_status":"open","ping_status":"open","template":"page-templates\/child-menu.php","meta":{"ngg_post_thumbnail":0,"footnotes":"","_mc_calendar":[]},"aioseo_notices":[],"_links":{"self":[{"href":"https:\/\/blogsaverroes.juntadeandalucia.es\/cepercehel\/wp-json\/wp\/v2\/pages\/147"}],"collection":[{"href":"https:\/\/blogsaverroes.juntadeandalucia.es\/cepercehel\/wp-json\/wp\/v2\/pages"}],"about":[{"href":"https:\/\/blogsaverroes.juntadeandalucia.es\/cepercehel\/wp-json\/wp\/v2\/types\/page"}],"author":[{"embeddable":true,"href":"https:\/\/blogsaverroes.juntadeandalucia.es\/cepercehel\/wp-json\/wp\/v2\/users\/1"}],"replies":[{"embeddable":true,"href":"https:\/\/blogsaverroes.juntadeandalucia.es\/cepercehel\/wp-json\/wp\/v2\/comments?post=147"}],"version-history":[{"count":15,"href":"https:\/\/blogsaverroes.juntadeandalucia.es\/cepercehel\/wp-json\/wp\/v2\/pages\/147\/revisions"}],"predecessor-version":[{"id":2541,"href":"https:\/\/blogsaverroes.juntadeandalucia.es\/cepercehel\/wp-json\/wp\/v2\/pages\/147\/revisions\/2541"}],"wp:attachment":[{"href":"https:\/\/blogsaverroes.juntadeandalucia.es\/cepercehel\/wp-json\/wp\/v2\/media?parent=147"}],"curies":[{"name":"wp","href":"https:\/\/api.w.org\/{rel}","templated":true}]}}