{"id":172,"date":"2015-03-17T07:55:49","date_gmt":"2015-03-17T07:55:49","guid":{"rendered":"http:\/\/blogsaverroes.juntadeandalucia.es\/pre\/ceip\/?page_id=172"},"modified":"2021-03-17T18:53:13","modified_gmt":"2021-03-17T18:53:13","slug":"tae","status":"publish","type":"page","link":"https:\/\/blogsaverroes.juntadeandalucia.es\/cepercehel\/tae\/","title":{"rendered":"EDUCACI\u00d3N SECUNDARIA ADULTOS (ESA)"},"content":{"rendered":"<p id=\"u119043-5\">Dirigido a aquellas personas que deseen prepararse para realizar la prueba para la obtenci\u00f3n del&nbsp;<span id=\"u119043-2\">t<\/span><span id=\"u119043-3\">\u00edtulo de Graduado en Educaci\u00f3n&nbsp; Secundaria&nbsp; Obligatoria<\/span>&nbsp;para mayores de 18 a\u00f1os o los cumplan en el a\u00f1o de la matriculaci\u00f3n en el CEPER.<\/p>\n<p id=\"u119043-9\">Dicho curr\u00edculo est\u00e1 organizado en&nbsp;<span id=\"u119043-8\">tres \u00e1mbitos:<\/span><\/p>\n","protected":false},"excerpt":{"rendered":"<p>Dirigido a aquellas personas que deseen prepararse para realizar la prueba para la obtenci\u00f3n del&nbsp;t\u00edtulo de Graduado en Educaci\u00f3n&nbsp; Secundaria&nbsp; Obligatoria&nbsp;para mayores de 18 a\u00f1os o los cumplan en el a\u00f1o de la matriculaci\u00f3n&#46;&#46;&#46;<\/p>\n","protected":false},"author":1,"featured_media":0,"parent":0,"menu_order":0,"comment_status":"open","ping_status":"open","template":"page-templates\/child-menu.php","meta":{"ngg_post_thumbnail":0,"footnotes":"","_mc_calendar":[]},"aioseo_notices":[],"_links":{"self":[{"href":"https:\/\/blogsaverroes.juntadeandalucia.es\/cepercehel\/wp-json\/wp\/v2\/pages\/172"}],"collection":[{"href":"https:\/\/blogsaverroes.juntadeandalucia.es\/cepercehel\/wp-json\/wp\/v2\/pages"}],"about":[{"href":"https:\/\/blogsaverroes.juntadeandalucia.es\/cepercehel\/wp-json\/wp\/v2\/types\/page"}],"author":[{"embeddable":true,"href":"https:\/\/blogsaverroes.juntadeandalucia.es\/cepercehel\/wp-json\/wp\/v2\/users\/1"}],"replies":[{"embeddable":true,"href":"https:\/\/blogsaverroes.juntadeandalucia.es\/cepercehel\/wp-json\/wp\/v2\/comments?post=172"}],"version-history":[{"count":6,"href":"https:\/\/blogsaverroes.juntadeandalucia.es\/cepercehel\/wp-json\/wp\/v2\/pages\/172\/revisions"}],"predecessor-version":[{"id":2551,"href":"https:\/\/blogsaverroes.juntadeandalucia.es\/cepercehel\/wp-json\/wp\/v2\/pages\/172\/revisions\/2551"}],"wp:attachment":[{"href":"https:\/\/blogsaverroes.juntadeandalucia.es\/cepercehel\/wp-json\/wp\/v2\/media?parent=172"}],"curies":[{"name":"wp","href":"https:\/\/api.w.org\/{rel}","templated":true}]}}