{"id":174,"date":"2015-03-17T07:56:14","date_gmt":"2015-03-17T07:56:14","guid":{"rendered":"http:\/\/blogsaverroes.juntadeandalucia.es\/pre\/ceip\/?page_id=174"},"modified":"2021-03-17T18:17:46","modified_gmt":"2021-03-17T18:17:46","slug":"tic","status":"publish","type":"page","link":"https:\/\/blogsaverroes.juntadeandalucia.es\/cepercehel\/tic\/","title":{"rendered":"TIC"},"content":{"rendered":"<h2 id=\"consejeria\" class=\"TituloPlegable seccionDesplegada\">Uso b\u00e1sico de las Tecnolog\u00edas de Informaci\u00f3n y Comunicaci\u00f3n<\/h2>\n<p id=\"u82152-5\">Hay que poner las TIC al servicio de todos los ciudadanos y ciudadanas andaluzas para lograr una mayor calidad de vida y equilibrio social y territorial, contribuyendo a eliminar la brecha digital y alfabetizar a la poblaci\u00f3n adulta.<\/p>\n<p id=\"u82152-8\">Los contenidos son: Alfabetizaci\u00f3n digital, desarrollo profesional y personal, b\u00fasqueda de empleo, formaci\u00f3n o autoempleo; es decir, tratamiento de textos, hojas de c\u00e1lculo, presentaciones digitales, Internet y correo electr\u00f3nico, uso de aulas virtuales de formaci\u00f3n, etc.<\/p>\n<p id=\"u82152-11\">Siempre se debe partir de supuestos eminentemente pr\u00e1cticos, de forma interactiva y fomentando la autonom\u00eda y el esp\u00edritu cr\u00edtico.<\/p>\n<p><span id=\"u155744\">Durante el&nbsp;<\/span>mes de <strong>septiembre<\/strong><span id=\"u155744-3\">&nbsp;haremos una<\/span>&nbsp;ficha de sondeo inform\u00e1tico&nbsp;<span id=\"u155744-5\">para comprobar el nivel inicial de nuestro alumnado. A modo de ejemplo vamos a reflejar la siguiente.<\/span><\/p>\n<p>&nbsp;<\/p>\n","protected":false},"excerpt":{"rendered":"<p>Uso b\u00e1sico de las Tecnolog\u00edas de Informaci\u00f3n y Comunicaci\u00f3n Hay que poner las TIC al servicio de todos los ciudadanos y ciudadanas andaluzas para lograr una mayor calidad de vida y equilibrio social y&#46;&#46;&#46;<\/p>\n","protected":false},"author":1,"featured_media":0,"parent":0,"menu_order":0,"comment_status":"open","ping_status":"open","template":"page-templates\/child-menu.php","meta":{"ngg_post_thumbnail":0,"footnotes":"","_mc_calendar":[]},"aioseo_notices":[],"_links":{"self":[{"href":"https:\/\/blogsaverroes.juntadeandalucia.es\/cepercehel\/wp-json\/wp\/v2\/pages\/174"}],"collection":[{"href":"https:\/\/blogsaverroes.juntadeandalucia.es\/cepercehel\/wp-json\/wp\/v2\/pages"}],"about":[{"href":"https:\/\/blogsaverroes.juntadeandalucia.es\/cepercehel\/wp-json\/wp\/v2\/types\/page"}],"author":[{"embeddable":true,"href":"https:\/\/blogsaverroes.juntadeandalucia.es\/cepercehel\/wp-json\/wp\/v2\/users\/1"}],"replies":[{"embeddable":true,"href":"https:\/\/blogsaverroes.juntadeandalucia.es\/cepercehel\/wp-json\/wp\/v2\/comments?post=174"}],"version-history":[{"count":5,"href":"https:\/\/blogsaverroes.juntadeandalucia.es\/cepercehel\/wp-json\/wp\/v2\/pages\/174\/revisions"}],"predecessor-version":[{"id":2539,"href":"https:\/\/blogsaverroes.juntadeandalucia.es\/cepercehel\/wp-json\/wp\/v2\/pages\/174\/revisions\/2539"}],"wp:attachment":[{"href":"https:\/\/blogsaverroes.juntadeandalucia.es\/cepercehel\/wp-json\/wp\/v2\/media?parent=174"}],"curies":[{"name":"wp","href":"https:\/\/api.w.org\/{rel}","templated":true}]}}