{"id":330,"date":"2015-03-18T07:11:43","date_gmt":"2015-03-18T07:11:43","guid":{"rendered":"http:\/\/blogsaverroes.juntadeandalucia.es\/pre\/ceip\/?page_id=330"},"modified":"2021-03-22T20:03:30","modified_gmt":"2021-03-22T20:03:30","slug":"bibliop","status":"publish","type":"page","link":"https:\/\/blogsaverroes.juntadeandalucia.es\/cepercehel\/biblioteca\/bibliop\/","title":{"rendered":"TDE"},"content":{"rendered":"\t\t<div data-elementor-type=\"wp-page\" data-elementor-id=\"330\" class=\"elementor elementor-330\">\n\t\t\t\t\t\t<section class=\"elementor-section elementor-top-section elementor-element elementor-element-33405ec2 elementor-section-boxed elementor-section-height-default elementor-section-height-default\" data-id=\"33405ec2\" data-element_type=\"section\">\n\t\t\t\t\t\t<div class=\"elementor-container elementor-column-gap-default\">\n\t\t\t\t\t<div class=\"elementor-column elementor-col-100 elementor-top-column elementor-element elementor-element-461044ec\" data-id=\"461044ec\" data-element_type=\"column\">\n\t\t\t<div class=\"elementor-widget-wrap elementor-element-populated\">\n\t\t\t\t\t\t<div class=\"elementor-element elementor-element-2731de7d elementor-widget elementor-widget-text-editor\" data-id=\"2731de7d\" data-element_type=\"widget\" data-widget_type=\"text-editor.default\">\n\t\t\t\t<div class=\"elementor-widget-container\">\n\t\t\t\t\t\t\t\t\t&nbsp;\n\n&nbsp;\t\t\t\t\t\t\t\t<\/div>\n\t\t\t\t<\/div>\n\t\t\t\t\t<\/div>\n\t\t<\/div>\n\t\t\t\t\t<\/div>\n\t\t<\/section>\n\t\t\t\t<section class=\"elementor-section elementor-top-section elementor-element elementor-element-2674f72 elementor-section-boxed elementor-section-height-default elementor-section-height-default\" data-id=\"2674f72\" data-element_type=\"section\">\n\t\t\t\t\t\t<div class=\"elementor-container elementor-column-gap-default\">\n\t\t\t\t\t<div class=\"elementor-column elementor-col-33 elementor-top-column elementor-element elementor-element-da8cc3e\" data-id=\"da8cc3e\" data-element_type=\"column\">\n\t\t\t<div class=\"elementor-widget-wrap elementor-element-populated\">\n\t\t\t\t\t\t<div class=\"elementor-element elementor-element-42846de elementor-absolute elementor-widget elementor-widget-image\" data-id=\"42846de\" data-element_type=\"widget\" data-settings=\"{&quot;_position&quot;:&quot;absolute&quot;}\" data-widget_type=\"image.default\">\n\t\t\t\t<div class=\"elementor-widget-container\">\n\t\t\t\t\t\t\t\t\t\t\t\t\t\t\t<img decoding=\"async\" width=\"100\" height=\"100\" src=\"https:\/\/blogsaverroes.juntadeandalucia.es\/cepercehel\/files\/2020\/09\/LOGO_TDE.png\" class=\"attachment-full size-full wp-image-2441\" alt=\"\" srcset=\"https:\/\/blogsaverroes.juntadeandalucia.es\/cepercehel\/files\/2020\/09\/LOGO_TDE.png 100w, https:\/\/blogsaverroes.juntadeandalucia.es\/cepercehel\/files\/2020\/09\/LOGO_TDE-80x80.png 80w, https:\/\/blogsaverroes.juntadeandalucia.es\/cepercehel\/files\/2020\/09\/LOGO_TDE-24x24.png 24w, https:\/\/blogsaverroes.juntadeandalucia.es\/cepercehel\/files\/2020\/09\/LOGO_TDE-36x36.png 36w, https:\/\/blogsaverroes.juntadeandalucia.es\/cepercehel\/files\/2020\/09\/LOGO_TDE-48x48.png 48w\" sizes=\"(max-width: 100px) 100vw, 100px\" \/>\t\t\t\t\t\t\t\t\t\t\t\t\t\t\t<\/div>\n\t\t\t\t<\/div>\n\t\t\t\t\t<\/div>\n\t\t<\/div>\n\t\t\t\t<div class=\"elementor-column elementor-col-66 elementor-top-column elementor-element elementor-element-6b545d2\" data-id=\"6b545d2\" data-element_type=\"column\">\n\t\t\t<div class=\"elementor-widget-wrap elementor-element-populated\">\n\t\t\t\t\t\t<div class=\"elementor-element elementor-element-8adadc3 elementor-widget elementor-widget-image\" data-id=\"8adadc3\" data-element_type=\"widget\" data-widget_type=\"image.default\">\n\t\t\t\t<div class=\"elementor-widget-container\">\n\t\t\t\t\t\t\t\t\t\t\t\t\t\t\t<img fetchpriority=\"high\" decoding=\"async\" width=\"720\" height=\"340\" src=\"https:\/\/blogsaverroes.juntadeandalucia.es\/cepercehel\/files\/2021\/03\/tde-2-720x340.jpeg\" class=\"attachment-thumb-large size-thumb-large wp-image-2726\" alt=\"\" srcset=\"https:\/\/blogsaverroes.juntadeandalucia.es\/cepercehel\/files\/2021\/03\/tde-2-720x340.jpeg 720w, https:\/\/blogsaverroes.juntadeandalucia.es\/cepercehel\/files\/2021\/03\/tde-2-520x245.jpeg 520w\" sizes=\"(max-width: 720px) 100vw, 720px\" \/>\t\t\t\t\t\t\t\t\t\t\t\t\t\t\t<\/div>\n\t\t\t\t<\/div>\n\t\t\t\t\t<\/div>\n\t\t<\/div>\n\t\t\t\t\t<\/div>\n\t\t<\/section>\n\t\t\t\t<section class=\"elementor-section elementor-top-section elementor-element elementor-element-ab7095d elementor-section-boxed elementor-section-height-default elementor-section-height-default\" data-id=\"ab7095d\" data-element_type=\"section\">\n\t\t\t\t\t\t<div class=\"elementor-container elementor-column-gap-default\">\n\t\t\t\t\t<div class=\"elementor-column elementor-col-50 elementor-top-column elementor-element elementor-element-648ba11\" data-id=\"648ba11\" data-element_type=\"column\">\n\t\t\t<div class=\"elementor-widget-wrap elementor-element-populated\">\n\t\t\t\t\t\t<div class=\"elementor-element elementor-element-af60cbe elementor-widget elementor-widget-text-editor\" data-id=\"af60cbe\" data-element_type=\"widget\" data-widget_type=\"text-editor.default\">\n\t\t\t\t<div class=\"elementor-widget-container\">\n\t\t\t\t\t\t\t\t\t<p style=\"text-align: justify\">\u201cLa innovaci\u00f3n en educaci\u00f3n es un proceso\u00a0<em><strong>permanente, original e intencional<\/strong><\/em>\u00a0de b\u00fasqueda de mejora de la calidad educativa y de los aprendizajes del alumnado; su relaci\u00f3n con el uso de las tecnolog\u00eda est\u00e1 supeditada a esa mejora e incluye aspectos estructurales que incumben a la\u00a0<strong>organizaci\u00f3n<\/strong>\u00a0de los centros, la din\u00e1mica de\u00a0<strong>informaci\u00f3n y comunicaci\u00f3n<\/strong>\u00a0y, sobre todo, los procesos de\u00a0<strong>ense\u00f1anza-aprendizaje<\/strong>.<\/p><p style=\"text-align: justify\">En cualquiera de estos tres \u00e1mbitos, las iniciativas de innovaci\u00f3n pedag\u00f3gica y de investigaci\u00f3n que desarrolla el profesorado en los centros docentes son fundamentales, as\u00ed como la formaci\u00f3n.<\/p><p style=\"text-align: justify\">Por ello, la Consejer\u00eda de Educaci\u00f3n y Deporte pone a disposici\u00f3n de los centros educativos una serie de recursos destinados a apoyar la labor del profesorado, de forma que las ideas innovadoras y las actuaciones creativas en cualquiera de estos tres \u00e1mbitos contribuyan a afrontar los retos derivados de los cambios que nuestra sociedad requiere.<\/p>\t\t\t\t\t\t\t\t<\/div>\n\t\t\t\t<\/div>\n\t\t\t\t\t<\/div>\n\t\t<\/div>\n\t\t\t\t<div class=\"elementor-column elementor-col-50 elementor-top-column elementor-element elementor-element-3affbbe\" data-id=\"3affbbe\" data-element_type=\"column\">\n\t\t\t<div class=\"elementor-widget-wrap elementor-element-populated\">\n\t\t\t\t\t\t<div class=\"elementor-element elementor-element-a7680e6 elementor-widget elementor-widget-text-editor\" data-id=\"a7680e6\" data-element_type=\"widget\" data-widget_type=\"text-editor.default\">\n\t\t\t\t<div class=\"elementor-widget-container\">\n\t\t\t\t\t\t\t\t\t<p><img decoding=\"async\" class=\"alignleft size-full wp-image-2728\" src=\"https:\/\/blogsaverroes.juntadeandalucia.es\/cepercehel\/files\/2021\/03\/OFFICE-365-info.png\" alt=\"\" width=\"380\" height=\"1600\" srcset=\"https:\/\/blogsaverroes.juntadeandalucia.es\/cepercehel\/files\/2021\/03\/OFFICE-365-info.png 380w, https:\/\/blogsaverroes.juntadeandalucia.es\/cepercehel\/files\/2021\/03\/OFFICE-365-info-71x300.png 71w, https:\/\/blogsaverroes.juntadeandalucia.es\/cepercehel\/files\/2021\/03\/OFFICE-365-info-243x1024.png 243w, https:\/\/blogsaverroes.juntadeandalucia.es\/cepercehel\/files\/2021\/03\/OFFICE-365-info-486x2048.png 486w\" sizes=\"(max-width: 380px) 100vw, 380px\" \/><\/p>\t\t\t\t\t\t\t\t<\/div>\n\t\t\t\t<\/div>\n\t\t\t\t\t<\/div>\n\t\t<\/div>\n\t\t\t\t\t<\/div>\n\t\t<\/section>\n\t\t\t\t<section class=\"elementor-section elementor-top-section elementor-element elementor-element-d8f3875 elementor-section-boxed elementor-section-height-default elementor-section-height-default\" data-id=\"d8f3875\" data-element_type=\"section\">\n\t\t\t\t\t\t<div class=\"elementor-container elementor-column-gap-default\">\n\t\t\t\t\t<div class=\"elementor-column elementor-col-50 elementor-top-column elementor-element elementor-element-9fd736c\" data-id=\"9fd736c\" data-element_type=\"column\">\n\t\t\t<div class=\"elementor-widget-wrap elementor-element-populated\">\n\t\t\t\t\t\t<div class=\"elementor-element elementor-element-8a548d3 elementor-widget elementor-widget-video\" data-id=\"8a548d3\" data-element_type=\"widget\" data-settings=\"{&quot;youtube_url&quot;:&quot;https:\\\/\\\/youtu.be\\\/ij2RFtZeTUs&quot;,&quot;video_type&quot;:&quot;youtube&quot;,&quot;controls&quot;:&quot;yes&quot;}\" data-widget_type=\"video.default\">\n\t\t\t\t<div class=\"elementor-widget-container\">\n\t\t\t\t\t\t\t<div class=\"elementor-wrapper elementor-open-inline\">\n\t\t\t<div class=\"elementor-video\"><\/div>\t\t<\/div>\n\t\t\t\t\t\t<\/div>\n\t\t\t\t<\/div>\n\t\t\t\t\t<\/div>\n\t\t<\/div>\n\t\t\t\t<div class=\"elementor-column elementor-col-50 elementor-top-column elementor-element elementor-element-88ab4f9\" data-id=\"88ab4f9\" data-element_type=\"column\">\n\t\t\t<div class=\"elementor-widget-wrap elementor-element-populated\">\n\t\t\t\t\t\t<div class=\"elementor-element elementor-element-5b1c46a elementor-widget elementor-widget-video\" data-id=\"5b1c46a\" data-element_type=\"widget\" data-settings=\"{&quot;youtube_url&quot;:&quot;https:\\\/\\\/youtu.be\\\/IsOtsNoObAk&quot;,&quot;video_type&quot;:&quot;youtube&quot;,&quot;controls&quot;:&quot;yes&quot;}\" data-widget_type=\"video.default\">\n\t\t\t\t<div class=\"elementor-widget-container\">\n\t\t\t\t\t\t\t<div class=\"elementor-wrapper elementor-open-inline\">\n\t\t\t<div class=\"elementor-video\"><\/div>\t\t<\/div>\n\t\t\t\t\t\t<\/div>\n\t\t\t\t<\/div>\n\t\t\t\t\t<\/div>\n\t\t<\/div>\n\t\t\t\t\t<\/div>\n\t\t<\/section>\n\t\t\t\t<section class=\"elementor-section elementor-top-section elementor-element elementor-element-8bdd95d elementor-section-boxed elementor-section-height-default elementor-section-height-default\" data-id=\"8bdd95d\" data-element_type=\"section\">\n\t\t\t\t\t\t<div class=\"elementor-container elementor-column-gap-default\">\n\t\t\t\t\t<div class=\"elementor-column elementor-col-100 elementor-top-column elementor-element elementor-element-251ada3\" data-id=\"251ada3\" data-element_type=\"column\">\n\t\t\t<div class=\"elementor-widget-wrap elementor-element-populated\">\n\t\t\t\t\t\t<div class=\"elementor-element elementor-element-8844464 elementor-widget elementor-widget-text-editor\" data-id=\"8844464\" data-element_type=\"widget\" data-widget_type=\"text-editor.default\">\n\t\t\t\t<div class=\"elementor-widget-container\">\n\t\t\t\t\t\t\t\t\t<div style=\"width: 100%\"><div style=\"padding-bottom: 56.25%;padding-top: 0;height: 0\"><iframe src=\"https:\/\/view.genial.ly\/5f4ccf7ee8b4e60d6ab324b8\" width=\"1200px\" height=\"675px\" frameborder=\"0\" scrolling=\"yes\"><\/iframe><\/div><\/div>\t\t\t\t\t\t\t\t<\/div>\n\t\t\t\t<\/div>\n\t\t\t\t\t<\/div>\n\t\t<\/div>\n\t\t\t\t\t<\/div>\n\t\t<\/section>\n\t\t\t\t<\/div>\n\t\t","protected":false},"excerpt":{"rendered":"<p>&nbsp; &nbsp; \u201cLa innovaci\u00f3n en educaci\u00f3n es un proceso&nbsp;permanente, original e intencional&nbsp;de b\u00fasqueda de mejora de la calidad educativa y de los aprendizajes del alumnado; su relaci\u00f3n con el uso de las tecnolog\u00eda est\u00e1&#46;&#46;&#46;<\/p>\n","protected":false},"author":1,"featured_media":0,"parent":113,"menu_order":0,"comment_status":"open","ping_status":"open","template":"","meta":{"ngg_post_thumbnail":0,"footnotes":"","_mc_calendar":[]},"aioseo_notices":[],"_links":{"self":[{"href":"https:\/\/blogsaverroes.juntadeandalucia.es\/cepercehel\/wp-json\/wp\/v2\/pages\/330"}],"collection":[{"href":"https:\/\/blogsaverroes.juntadeandalucia.es\/cepercehel\/wp-json\/wp\/v2\/pages"}],"about":[{"href":"https:\/\/blogsaverroes.juntadeandalucia.es\/cepercehel\/wp-json\/wp\/v2\/types\/page"}],"author":[{"embeddable":true,"href":"https:\/\/blogsaverroes.juntadeandalucia.es\/cepercehel\/wp-json\/wp\/v2\/users\/1"}],"replies":[{"embeddable":true,"href":"https:\/\/blogsaverroes.juntadeandalucia.es\/cepercehel\/wp-json\/wp\/v2\/comments?post=330"}],"version-history":[{"count":7,"href":"https:\/\/blogsaverroes.juntadeandalucia.es\/cepercehel\/wp-json\/wp\/v2\/pages\/330\/revisions"}],"predecessor-version":[{"id":2730,"href":"https:\/\/blogsaverroes.juntadeandalucia.es\/cepercehel\/wp-json\/wp\/v2\/pages\/330\/revisions\/2730"}],"up":[{"embeddable":true,"href":"https:\/\/blogsaverroes.juntadeandalucia.es\/cepercehel\/wp-json\/wp\/v2\/pages\/113"}],"wp:attachment":[{"href":"https:\/\/blogsaverroes.juntadeandalucia.es\/cepercehel\/wp-json\/wp\/v2\/media?parent=330"}],"curies":[{"name":"wp","href":"https:\/\/api.w.org\/{rel}","templated":true}]}}