{"id":35,"date":"2015-03-13T08:21:43","date_gmt":"2015-03-13T08:21:43","guid":{"rendered":"http:\/\/blogsaverroes.juntadeandalucia.es\/pre\/ceip\/?page_id=35"},"modified":"2021-03-27T06:09:12","modified_gmt":"2021-03-27T06:09:12","slug":"el-centro-2","status":"publish","type":"page","link":"https:\/\/blogsaverroes.juntadeandalucia.es\/cepercehel\/el-centro-2\/","title":{"rendered":"Datos del centro"},"content":{"rendered":"\t\t<div data-elementor-type=\"wp-page\" data-elementor-id=\"35\" class=\"elementor elementor-35\">\n\t\t\t\t\t\t<section class=\"elementor-section elementor-top-section elementor-element elementor-element-3b131118 elementor-section-boxed elementor-section-height-default elementor-section-height-default\" data-id=\"3b131118\" data-element_type=\"section\">\n\t\t\t\t\t\t<div class=\"elementor-container elementor-column-gap-default\">\n\t\t\t\t\t<div class=\"elementor-column elementor-col-100 elementor-top-column elementor-element elementor-element-3f4f04f9\" data-id=\"3f4f04f9\" data-element_type=\"column\">\n\t\t\t<div class=\"elementor-widget-wrap\">\n\t\t\t\t\t\t\t<\/div>\n\t\t<\/div>\n\t\t\t\t\t<\/div>\n\t\t<\/section>\n\t\t\t\t<section class=\"elementor-section elementor-top-section elementor-element elementor-element-b57d9bb elementor-section-boxed elementor-section-height-default elementor-section-height-default\" data-id=\"b57d9bb\" data-element_type=\"section\">\n\t\t\t\t\t\t<div class=\"elementor-container elementor-column-gap-default\">\n\t\t\t\t\t<div class=\"elementor-column elementor-col-33 elementor-top-column elementor-element elementor-element-5adf5a0\" data-id=\"5adf5a0\" data-element_type=\"column\">\n\t\t\t<div class=\"elementor-widget-wrap elementor-element-populated\">\n\t\t\t\t\t\t<div class=\"elementor-element elementor-element-2a8d806 elementor-widget elementor-widget-image\" data-id=\"2a8d806\" data-element_type=\"widget\" data-widget_type=\"image.default\">\n\t\t\t\t<div class=\"elementor-widget-container\">\n\t\t\t\t\t\t\t\t\t\t\t\t\t\t\t\t<a href=\"https:\/\/www.dropbox.com\/s\/kkmpjrx6xid7fpv\/Estructura%20organizativa.pdf?dl=0\">\n\t\t\t\t\t\t\t<img fetchpriority=\"high\" decoding=\"async\" width=\"261\" height=\"369\" src=\"https:\/\/blogsaverroes.juntadeandalucia.es\/cepercehel\/files\/2021\/03\/quienees-somos.jpg\" class=\"attachment-medium_large size-medium_large wp-image-2652\" alt=\"\" srcset=\"https:\/\/blogsaverroes.juntadeandalucia.es\/cepercehel\/files\/2021\/03\/quienees-somos.jpg 261w, https:\/\/blogsaverroes.juntadeandalucia.es\/cepercehel\/files\/2021\/03\/quienees-somos-212x300.jpg 212w\" sizes=\"(max-width: 261px) 100vw, 261px\" \/>\t\t\t\t\t\t\t\t<\/a>\n\t\t\t\t\t\t\t\t\t\t\t\t\t\t\t<\/div>\n\t\t\t\t<\/div>\n\t\t\t\t\t<\/div>\n\t\t<\/div>\n\t\t\t\t<div class=\"elementor-column elementor-col-66 elementor-top-column elementor-element elementor-element-448b8b5\" data-id=\"448b8b5\" data-element_type=\"column\">\n\t\t\t<div class=\"elementor-widget-wrap elementor-element-populated\">\n\t\t\t\t\t\t<div class=\"elementor-element elementor-element-d21d659 elementor-widget elementor-widget-text-editor\" data-id=\"d21d659\" data-element_type=\"widget\" data-widget_type=\"text-editor.default\">\n\t\t\t\t<div class=\"elementor-widget-container\">\n\t\t\t\t\t\t\t\t\t<p id=\"u10991-8\" style=\"text-align: justify\">Somos un Centro P\u00fablico de Educaci\u00f3n Permanente dependiente de la Consejer\u00eda de Educaci\u00f3n de la Junta de Andaluc\u00eda. Que inici\u00f3 su andadura en el a\u00f1o 1986 con la denominaci\u00f3n de Centro Educaci\u00f3n de Adultos de Albu\u00f1ol pasando posteriormente a denominarse Centro de Educaci\u00f3n Permanente Cehel formado por la agrupaci\u00f3n de cuatro antiguos centros de Educaci\u00f3n de Adultos:<\/p>\t\t\t\t\t\t\t\t<\/div>\n\t\t\t\t<\/div>\n\t\t\t\t\t<\/div>\n\t\t<\/div>\n\t\t\t\t\t<\/div>\n\t\t<\/section>\n\t\t\t\t<section class=\"elementor-section elementor-top-section elementor-element elementor-element-1207ed5 elementor-section-boxed elementor-section-height-default elementor-section-height-default\" data-id=\"1207ed5\" data-element_type=\"section\">\n\t\t\t\t\t\t<div class=\"elementor-container elementor-column-gap-default\">\n\t\t\t\t\t<div class=\"elementor-column elementor-col-100 elementor-top-column elementor-element elementor-element-4968875\" data-id=\"4968875\" data-element_type=\"column\">\n\t\t\t<div class=\"elementor-widget-wrap elementor-element-populated\">\n\t\t\t\t\t\t<div class=\"elementor-element elementor-element-aef8b9e elementor-widget elementor-widget-text-editor\" data-id=\"aef8b9e\" data-element_type=\"widget\" data-widget_type=\"text-editor.default\">\n\t\t\t\t<div class=\"elementor-widget-container\">\n\t\t\t\t\t\t\t\t\t<ul id=\"u10991-22\" class=\"list0 nls-None\"><li id=\"u10991-12\"><span id=\"u10991-10\">Albu\u00f1ol &#8211; Albond\u00f3n.<\/span>&#8211; C\u00f3digo 18500292<\/li><li id=\"u10991-15\"><span id=\"u10991-13\">Gualchos &#8211; Castell de Ferro.-<\/span>\u00a0 C\u00f3digo 18500305<\/li><li id=\"u10991-18\"><span id=\"u10991-16\">Sorvil\u00e1n \u2013 Polopos.-<\/span>\u00a0C\u00f3digo 18500966<\/li><li id=\"u10991-21\"><span id=\"u10991-19\">Murtas \u2013 Tur\u00f3n.-\u00a0<\/span>C\u00f3digo 18500176<\/li><\/ul>\t\t\t\t\t\t\t\t<\/div>\n\t\t\t\t<\/div>\n\t\t\t\t\t<\/div>\n\t\t<\/div>\n\t\t\t\t\t<\/div>\n\t\t<\/section>\n\t\t\t\t<section class=\"elementor-section elementor-top-section elementor-element elementor-element-c81302b elementor-section-boxed elementor-section-height-default elementor-section-height-default\" data-id=\"c81302b\" data-element_type=\"section\">\n\t\t\t\t\t\t<div class=\"elementor-container elementor-column-gap-default\">\n\t\t\t\t\t<div class=\"elementor-column elementor-col-100 elementor-top-column elementor-element elementor-element-24d0010\" data-id=\"24d0010\" data-element_type=\"column\">\n\t\t\t<div class=\"elementor-widget-wrap elementor-element-populated\">\n\t\t\t\t\t\t<div class=\"elementor-element elementor-element-71f5999 elementor-widget elementor-widget-text-editor\" data-id=\"71f5999\" data-element_type=\"widget\" data-widget_type=\"text-editor.default\">\n\t\t\t\t<div class=\"elementor-widget-container\">\n\t\t\t\t\t\t\t\t\t<p>Actualmente contamos con la participaci\u00f3n de 10 profesores\/as y la inestimable colaboraci\u00f3n de un mediador intercultural y los Centros Guadalinfo de la zona.<\/p>\t\t\t\t\t\t\t\t<\/div>\n\t\t\t\t<\/div>\n\t\t\t\t\t<\/div>\n\t\t<\/div>\n\t\t\t\t\t<\/div>\n\t\t<\/section>\n\t\t\t\t<section class=\"elementor-section elementor-top-section elementor-element elementor-element-605b258 elementor-section-boxed elementor-section-height-default elementor-section-height-default\" data-id=\"605b258\" data-element_type=\"section\">\n\t\t\t\t\t\t<div class=\"elementor-container elementor-column-gap-default\">\n\t\t\t\t\t<div class=\"elementor-column elementor-col-50 elementor-top-column elementor-element elementor-element-f864951\" data-id=\"f864951\" data-element_type=\"column\">\n\t\t\t<div class=\"elementor-widget-wrap elementor-element-populated\">\n\t\t\t\t\t\t<div class=\"elementor-element elementor-element-aa4fd20 elementor-widget elementor-widget-text-editor\" data-id=\"aa4fd20\" data-element_type=\"widget\" data-widget_type=\"text-editor.default\">\n\t\t\t\t<div class=\"elementor-widget-container\">\n\t\t\t\t\t\t\t\t\t<p style=\"text-align: justify\">\u00a0<\/p><p style=\"text-align: justify\">\u00a0<\/p><p style=\"text-align: justify\">\u00a0<\/p><p style=\"text-align: justify\">Los\u00a0<span id=\"u10991-42\">objetivos\u00a0<\/span>para el curso\u00a0<span id=\"u10991-44\">presente curso<\/span>\u00a0son los reflejados en el siguiente documento.\u00a0<\/p>\t\t\t\t\t\t\t\t<\/div>\n\t\t\t\t<\/div>\n\t\t\t\t\t<\/div>\n\t\t<\/div>\n\t\t\t\t<div class=\"elementor-column elementor-col-50 elementor-top-column elementor-element elementor-element-eb10dee\" data-id=\"eb10dee\" data-element_type=\"column\">\n\t\t\t<div class=\"elementor-widget-wrap elementor-element-populated\">\n\t\t\t\t\t\t<div class=\"elementor-element elementor-element-42d4aea elementor-widget elementor-widget-image\" data-id=\"42d4aea\" data-element_type=\"widget\" data-widget_type=\"image.default\">\n\t\t\t\t<div class=\"elementor-widget-container\">\n\t\t\t\t\t\t\t\t\t\t\t\t\t\t\t<img decoding=\"async\" width=\"261\" height=\"369\" src=\"https:\/\/blogsaverroes.juntadeandalucia.es\/cepercehel\/files\/2021\/03\/objetivos-generales-centro.jpg\" class=\"attachment-medium_large size-medium_large wp-image-2653\" alt=\"\" srcset=\"https:\/\/blogsaverroes.juntadeandalucia.es\/cepercehel\/files\/2021\/03\/objetivos-generales-centro.jpg 261w, https:\/\/blogsaverroes.juntadeandalucia.es\/cepercehel\/files\/2021\/03\/objetivos-generales-centro-212x300.jpg 212w\" sizes=\"(max-width: 261px) 100vw, 261px\" \/>\t\t\t\t\t\t\t\t\t\t\t\t\t\t\t<\/div>\n\t\t\t\t<\/div>\n\t\t\t\t\t<\/div>\n\t\t<\/div>\n\t\t\t\t\t<\/div>\n\t\t<\/section>\n\t\t\t\t<section class=\"elementor-section elementor-top-section elementor-element elementor-element-0f1836c elementor-section-boxed elementor-section-height-default elementor-section-height-default\" data-id=\"0f1836c\" data-element_type=\"section\">\n\t\t\t\t\t\t<div class=\"elementor-container elementor-column-gap-default\">\n\t\t\t\t\t<div class=\"elementor-column elementor-col-100 elementor-top-column elementor-element elementor-element-d342e94\" data-id=\"d342e94\" data-element_type=\"column\">\n\t\t\t<div class=\"elementor-widget-wrap elementor-element-populated\">\n\t\t\t\t\t\t<div class=\"elementor-element elementor-element-857b72b elementor-widget elementor-widget-text-editor\" data-id=\"857b72b\" data-element_type=\"widget\" data-widget_type=\"text-editor.default\">\n\t\t\t\t<div class=\"elementor-widget-container\">\n\t\t\t\t\t\t\t\t\t<p style=\"text-align: justify\">\u00a0En este primer apartado vamos a presentar dos documentos:\u00a0<span id=\"u149307-6\">Entorno del centro<\/span><span id=\"u149307-7\">.\u00a0<\/span>&#8211; Una observaci\u00f3n del entorno del centro, la zona y la poblaci\u00f3n donde est\u00e1 situado y c\u00f3mo el centro se ve implicado en ese entorno y nuestra\u00a0<span id=\"u149307-9\">situaci\u00f3n de partida<\/span>\u00a0para el\u00a0<span id=\"u149307-11\">presente curso.<\/span><\/p>\t\t\t\t\t\t\t\t<\/div>\n\t\t\t\t<\/div>\n\t\t\t\t\t<\/div>\n\t\t<\/div>\n\t\t\t\t\t<\/div>\n\t\t<\/section>\n\t\t\t\t<section class=\"elementor-section elementor-top-section elementor-element elementor-element-ba8119d elementor-section-boxed elementor-section-height-default elementor-section-height-default\" data-id=\"ba8119d\" data-element_type=\"section\">\n\t\t\t\t\t\t<div class=\"elementor-container elementor-column-gap-default\">\n\t\t\t\t\t<div class=\"elementor-column elementor-col-50 elementor-top-column elementor-element elementor-element-f6d2139\" data-id=\"f6d2139\" data-element_type=\"column\">\n\t\t\t<div class=\"elementor-widget-wrap elementor-element-populated\">\n\t\t\t\t\t\t<div class=\"elementor-element elementor-element-02ec26a elementor-widget elementor-widget-image\" data-id=\"02ec26a\" data-element_type=\"widget\" data-widget_type=\"image.default\">\n\t\t\t\t<div class=\"elementor-widget-container\">\n\t\t\t\t\t\t\t\t\t\t\t\t\t\t\t<img decoding=\"async\" width=\"261\" height=\"369\" src=\"https:\/\/blogsaverroes.juntadeandalucia.es\/cepercehel\/files\/2021\/03\/entorno-del-centro-1.jpg\" class=\"attachment-medium_large size-medium_large wp-image-2654\" alt=\"\" srcset=\"https:\/\/blogsaverroes.juntadeandalucia.es\/cepercehel\/files\/2021\/03\/entorno-del-centro-1.jpg 261w, https:\/\/blogsaverroes.juntadeandalucia.es\/cepercehel\/files\/2021\/03\/entorno-del-centro-1-212x300.jpg 212w\" sizes=\"(max-width: 261px) 100vw, 261px\" \/>\t\t\t\t\t\t\t\t\t\t\t\t\t\t\t<\/div>\n\t\t\t\t<\/div>\n\t\t\t\t\t<\/div>\n\t\t<\/div>\n\t\t\t\t<div class=\"elementor-column elementor-col-50 elementor-top-column elementor-element elementor-element-a08837d\" data-id=\"a08837d\" data-element_type=\"column\">\n\t\t\t<div class=\"elementor-widget-wrap elementor-element-populated\">\n\t\t\t\t\t\t<div class=\"elementor-element elementor-element-9176a66 elementor-widget elementor-widget-image\" data-id=\"9176a66\" data-element_type=\"widget\" data-widget_type=\"image.default\">\n\t\t\t\t<div class=\"elementor-widget-container\">\n\t\t\t\t\t\t\t\t\t\t\t\t\t\t\t<img loading=\"lazy\" decoding=\"async\" width=\"261\" height=\"369\" src=\"https:\/\/blogsaverroes.juntadeandalucia.es\/cepercehel\/files\/2021\/03\/diagnostico-situaci\u00f3n-partida.jpg\" class=\"attachment-medium_large size-medium_large wp-image-2655\" alt=\"\" srcset=\"https:\/\/blogsaverroes.juntadeandalucia.es\/cepercehel\/files\/2021\/03\/diagnostico-situaci\u00f3n-partida.jpg 261w, https:\/\/blogsaverroes.juntadeandalucia.es\/cepercehel\/files\/2021\/03\/diagnostico-situaci\u00f3n-partida-212x300.jpg 212w\" sizes=\"(max-width: 261px) 100vw, 261px\" \/>\t\t\t\t\t\t\t\t\t\t\t\t\t\t\t<\/div>\n\t\t\t\t<\/div>\n\t\t\t\t\t<\/div>\n\t\t<\/div>\n\t\t\t\t\t<\/div>\n\t\t<\/section>\n\t\t\t\t<section class=\"elementor-section elementor-top-section elementor-element elementor-element-3a98139 elementor-section-boxed elementor-section-height-default elementor-section-height-default\" data-id=\"3a98139\" data-element_type=\"section\">\n\t\t\t\t\t\t<div class=\"elementor-container elementor-column-gap-default\">\n\t\t\t\t\t<div class=\"elementor-column elementor-col-100 elementor-top-column elementor-element elementor-element-426d8e8\" data-id=\"426d8e8\" data-element_type=\"column\">\n\t\t\t<div class=\"elementor-widget-wrap elementor-element-populated\">\n\t\t\t\t\t\t<div class=\"elementor-element elementor-element-96a3b5d elementor-widget elementor-widget-text-editor\" data-id=\"96a3b5d\" data-element_type=\"widget\" data-widget_type=\"text-editor.default\">\n\t\t\t\t<div class=\"elementor-widget-container\">\n\t\t\t\t\t\t\t\t\t<p>.<\/p>\t\t\t\t\t\t\t\t<\/div>\n\t\t\t\t<\/div>\n\t\t\t\t\t<\/div>\n\t\t<\/div>\n\t\t\t\t\t<\/div>\n\t\t<\/section>\n\t\t\t\t<section class=\"elementor-section elementor-top-section elementor-element elementor-element-a70f02e elementor-section-boxed elementor-section-height-default elementor-section-height-default\" data-id=\"a70f02e\" data-element_type=\"section\">\n\t\t\t\t\t\t<div class=\"elementor-container elementor-column-gap-default\">\n\t\t\t\t\t<div class=\"elementor-column elementor-col-50 elementor-top-column elementor-element elementor-element-c455f9e\" data-id=\"c455f9e\" data-element_type=\"column\">\n\t\t\t<div class=\"elementor-widget-wrap elementor-element-populated\">\n\t\t\t\t\t\t<div class=\"elementor-element elementor-element-a7ffc47 elementor-widget elementor-widget-text-editor\" data-id=\"a7ffc47\" data-element_type=\"widget\" data-widget_type=\"text-editor.default\">\n\t\t\t\t<div class=\"elementor-widget-container\">\n\t\t\t\t\t\t\t\t\t<p id=\"u149307-30\" style=\"text-align: justify\">\u00a0<\/p><p id=\"u149307-30\" style=\"text-align: justify\">\u00a0<\/p><p id=\"u149307-30\" style=\"text-align: justify\"><span id=\"u149307-27\">Nuestro\u00a0<\/span><span id=\"u149307-28\">\u00e1mbito de actuaci\u00f3n<\/span><span id=\"u149307-29\">\u00a0es el siguiente:<\/span><\/p><p id=\"u149307-31\">\u00a0<\/p>\t\t\t\t\t\t\t\t<\/div>\n\t\t\t\t<\/div>\n\t\t\t\t\t<\/div>\n\t\t<\/div>\n\t\t\t\t<div class=\"elementor-column elementor-col-50 elementor-top-column elementor-element elementor-element-5d6d547\" data-id=\"5d6d547\" data-element_type=\"column\">\n\t\t\t<div class=\"elementor-widget-wrap elementor-element-populated\">\n\t\t\t\t\t\t<div class=\"elementor-element elementor-element-e653763 elementor-widget elementor-widget-image\" data-id=\"e653763\" data-element_type=\"widget\" data-widget_type=\"image.default\">\n\t\t\t\t<div class=\"elementor-widget-container\">\n\t\t\t\t\t\t\t\t\t\t\t\t\t\t\t<img loading=\"lazy\" decoding=\"async\" width=\"300\" height=\"265\" src=\"https:\/\/blogsaverroes.juntadeandalucia.es\/cepercehel\/files\/2021\/03\/ambito-de-actuacion-300x265.gif\" class=\"attachment-medium size-medium wp-image-2656\" alt=\"\" \/>\t\t\t\t\t\t\t\t\t\t\t\t\t\t\t<\/div>\n\t\t\t\t<\/div>\n\t\t\t\t\t<\/div>\n\t\t<\/div>\n\t\t\t\t\t<\/div>\n\t\t<\/section>\n\t\t\t\t<section class=\"elementor-section elementor-top-section elementor-element elementor-element-3f4e314 elementor-section-boxed elementor-section-height-default elementor-section-height-default\" data-id=\"3f4e314\" data-element_type=\"section\">\n\t\t\t\t\t\t<div class=\"elementor-container elementor-column-gap-default\">\n\t\t\t\t\t<div class=\"elementor-column elementor-col-100 elementor-top-column elementor-element elementor-element-686404d\" data-id=\"686404d\" data-element_type=\"column\">\n\t\t\t<div class=\"elementor-widget-wrap elementor-element-populated\">\n\t\t\t\t\t\t<div class=\"elementor-element elementor-element-38e48a2 elementor-widget elementor-widget-text-editor\" data-id=\"38e48a2\" data-element_type=\"widget\" data-widget_type=\"text-editor.default\">\n\t\t\t\t<div class=\"elementor-widget-container\">\n\t\t\t\t\t\t\t\t\t<p>A continuaci\u00f3n os vamos a dar a conocer nuestra estructura organizativa del centro y la oferta formativa para el presente curso es la siguiente:<\/p>\t\t\t\t\t\t\t\t<\/div>\n\t\t\t\t<\/div>\n\t\t\t\t\t<\/div>\n\t\t<\/div>\n\t\t\t\t\t<\/div>\n\t\t<\/section>\n\t\t\t\t<section class=\"elementor-section elementor-top-section elementor-element elementor-element-73ea6cc elementor-section-boxed elementor-section-height-default elementor-section-height-default\" data-id=\"73ea6cc\" data-element_type=\"section\">\n\t\t\t\t\t\t<div class=\"elementor-container elementor-column-gap-default\">\n\t\t\t\t\t<div class=\"elementor-column elementor-col-50 elementor-top-column elementor-element elementor-element-4b4a13b\" data-id=\"4b4a13b\" data-element_type=\"column\">\n\t\t\t<div class=\"elementor-widget-wrap elementor-element-populated\">\n\t\t\t\t\t\t<div class=\"elementor-element elementor-element-dbc1d30 elementor-widget elementor-widget-image\" data-id=\"dbc1d30\" data-element_type=\"widget\" data-widget_type=\"image.default\">\n\t\t\t\t<div class=\"elementor-widget-container\">\n\t\t\t\t\t\t\t\t\t\t\t\t\t\t\t\t<a href=\"https:\/\/www.dropbox.com\/s\/kkmpjrx6xid7fpv\/Estructura%20organizativa.pdf?dl=0\" rel=\"nofollow\">\n\t\t\t\t\t\t\t<img loading=\"lazy\" decoding=\"async\" width=\"278\" height=\"360\" src=\"https:\/\/blogsaverroes.juntadeandalucia.es\/cepercehel\/files\/2021\/03\/Estructura-organizativa-jpg.jpg\" class=\"attachment-medium_large size-medium_large wp-image-2739\" alt=\"\" srcset=\"https:\/\/blogsaverroes.juntadeandalucia.es\/cepercehel\/files\/2021\/03\/Estructura-organizativa-jpg.jpg 278w, https:\/\/blogsaverroes.juntadeandalucia.es\/cepercehel\/files\/2021\/03\/Estructura-organizativa-jpg-232x300.jpg 232w\" sizes=\"(max-width: 278px) 100vw, 278px\" \/>\t\t\t\t\t\t\t\t<\/a>\n\t\t\t\t\t\t\t\t\t\t\t\t\t\t\t<\/div>\n\t\t\t\t<\/div>\n\t\t\t\t\t<\/div>\n\t\t<\/div>\n\t\t\t\t<div class=\"elementor-column elementor-col-50 elementor-top-column elementor-element elementor-element-1493fe5\" data-id=\"1493fe5\" data-element_type=\"column\">\n\t\t\t<div class=\"elementor-widget-wrap elementor-element-populated\">\n\t\t\t\t\t\t<div class=\"elementor-element elementor-element-58f74f2 elementor-widget elementor-widget-image\" data-id=\"58f74f2\" data-element_type=\"widget\" data-widget_type=\"image.default\">\n\t\t\t\t<div class=\"elementor-widget-container\">\n\t\t\t\t\t\t\t\t\t\t\t\t\t\t\t<img loading=\"lazy\" decoding=\"async\" width=\"280\" height=\"369\" src=\"https:\/\/blogsaverroes.juntadeandalucia.es\/cepercehel\/files\/2021\/03\/Ceper-Cehel.-Oferta-educativa-4-e1616220568554.jpg\" class=\"attachment-medium_large size-medium_large wp-image-2662\" alt=\"\" \/>\t\t\t\t\t\t\t\t\t\t\t\t\t\t\t<\/div>\n\t\t\t\t<\/div>\n\t\t\t\t\t<\/div>\n\t\t<\/div>\n\t\t\t\t\t<\/div>\n\t\t<\/section>\n\t\t\t\t<\/div>\n\t\t","protected":false},"excerpt":{"rendered":"<p>Somos un Centro P\u00fablico de Educaci\u00f3n Permanente dependiente de la Consejer\u00eda de Educaci\u00f3n de la Junta de Andaluc\u00eda. Que inici\u00f3 su andadura en el a\u00f1o 1986 con la denominaci\u00f3n de Centro Educaci\u00f3n de Adultos&#46;&#46;&#46;<\/p>\n","protected":false},"author":1,"featured_media":0,"parent":0,"menu_order":0,"comment_status":"open","ping_status":"open","template":"","meta":{"ngg_post_thumbnail":0,"footnotes":"","_mc_calendar":[]},"aioseo_notices":[],"_links":{"self":[{"href":"https:\/\/blogsaverroes.juntadeandalucia.es\/cepercehel\/wp-json\/wp\/v2\/pages\/35"}],"collection":[{"href":"https:\/\/blogsaverroes.juntadeandalucia.es\/cepercehel\/wp-json\/wp\/v2\/pages"}],"about":[{"href":"https:\/\/blogsaverroes.juntadeandalucia.es\/cepercehel\/wp-json\/wp\/v2\/types\/page"}],"author":[{"embeddable":true,"href":"https:\/\/blogsaverroes.juntadeandalucia.es\/cepercehel\/wp-json\/wp\/v2\/users\/1"}],"replies":[{"embeddable":true,"href":"https:\/\/blogsaverroes.juntadeandalucia.es\/cepercehel\/wp-json\/wp\/v2\/comments?post=35"}],"version-history":[{"count":49,"href":"https:\/\/blogsaverroes.juntadeandalucia.es\/cepercehel\/wp-json\/wp\/v2\/pages\/35\/revisions"}],"predecessor-version":[{"id":2748,"href":"https:\/\/blogsaverroes.juntadeandalucia.es\/cepercehel\/wp-json\/wp\/v2\/pages\/35\/revisions\/2748"}],"wp:attachment":[{"href":"https:\/\/blogsaverroes.juntadeandalucia.es\/cepercehel\/wp-json\/wp\/v2\/media?parent=35"}],"curies":[{"name":"wp","href":"https:\/\/api.w.org\/{rel}","templated":true}]}}