{"id":1113,"date":"2015-03-12T11:00:55","date_gmt":"2015-03-12T11:00:55","guid":{"rendered":"http:\/\/blogsaverroes.juntadeandalucia.es\/pre\/ceip\/?page_id=2"},"modified":"2022-11-19T22:06:24","modified_gmt":"2022-11-19T22:06:24","slug":"pagina-ejemplo-2-2","status":"publish","type":"page","link":"https:\/\/blogsaverroes.juntadeandalucia.es\/cepercehel2\/pagina-ejemplo-2-2\/","title":{"rendered":"Nuestro centro.-"},"content":{"rendered":"\t\t<div data-elementor-type=\"wp-page\" data-elementor-id=\"1113\" class=\"elementor elementor-1113\">\n\t\t\t\t\t\t<section class=\"elementor-section elementor-top-section elementor-element elementor-element-8dfac99 elementor-section-boxed elementor-section-height-default elementor-section-height-default\" data-id=\"8dfac99\" data-element_type=\"section\">\n\t\t\t\t\t\t<div class=\"elementor-container elementor-column-gap-default\">\n\t\t\t\t\t<div class=\"elementor-column elementor-col-100 elementor-top-column elementor-element elementor-element-f0243e7\" data-id=\"f0243e7\" data-element_type=\"column\">\n\t\t\t<div class=\"elementor-widget-wrap elementor-element-populated\">\n\t\t\t\t\t\t<div class=\"elementor-element elementor-element-07c438f elementor-widget elementor-widget-heading\" data-id=\"07c438f\" data-element_type=\"widget\" data-widget_type=\"heading.default\">\n\t\t\t\t<div class=\"elementor-widget-container\">\n\t\t\t\t\t<h2 class=\"elementor-heading-title elementor-size-xxl\">C.E.PER Cehel, un lugar de encuentro<\/h2>\t\t\t\t<\/div>\n\t\t\t\t<\/div>\n\t\t\t\t\t<\/div>\n\t\t<\/div>\n\t\t\t\t\t<\/div>\n\t\t<\/section>\n\t\t\t\t<section class=\"elementor-section elementor-top-section elementor-element elementor-element-adf64be elementor-section-boxed elementor-section-height-default elementor-section-height-default\" data-id=\"adf64be\" data-element_type=\"section\">\n\t\t\t\t\t\t<div class=\"elementor-container elementor-column-gap-default\">\n\t\t\t\t\t<div class=\"elementor-column elementor-col-33 elementor-top-column elementor-element elementor-element-662b754\" data-id=\"662b754\" data-element_type=\"column\">\n\t\t\t<div class=\"elementor-widget-wrap elementor-element-populated\">\n\t\t\t\t\t\t<div class=\"elementor-element elementor-element-86428e0 elementor-widget elementor-widget-text-editor\" data-id=\"86428e0\" data-element_type=\"widget\" data-widget_type=\"text-editor.default\">\n\t\t\t\t<div class=\"elementor-widget-container\">\n\t\t\t\t\t\t\t\t\t<p>Se trata de un Centro P\u00fablico de Educaci\u00f3n Permanente dependiente de la Consejer\u00eda de Educaci\u00f3n de la Junta de Andaluc\u00eda. Que inici\u00f3 su andadura en el a\u00f1o 1986 con la denominaci\u00f3n deCentro Educaci\u00f3n de Adultos de Albu\u00f1ol pasando posteriormente a denominarse Centro de Educaci\u00f3n Permanente Cehel formado por la agrupaci\u00f3n de cuatro antiguos centros de Educaci\u00f3n de Adultos: Albu\u00f1ol, Castellde Ferro, Sorvil\u00e1n \u2013 Mamola y Murtas \u2013 Tur\u00f3n y cuenta con la participaci\u00f3n de 10 profesores\/as y la inestimable colaboraci\u00f3n de un mediador intercultural.\u00a0<\/p><p><img fetchpriority=\"high\" decoding=\"async\" class=\"size-full wp-image-2618 alignnone\" src=\"https:\/\/blogsaverroes.juntadeandalucia.es\/cepercehel\/files\/2021\/03\/albu.jpeg\" alt=\"\" width=\"275\" height=\"183\" \/>Geogr\u00e1ficamente hablando se encuentra situado en el sudeste de la Provincia de Granada lim\u00edtrofe con Almer\u00eda.<\/p>\t\t\t\t\t\t\t\t<\/div>\n\t\t\t\t<\/div>\n\t\t\t\t\t<\/div>\n\t\t<\/div>\n\t\t\t\t<div class=\"elementor-column elementor-col-33 elementor-top-column elementor-element elementor-element-caa4ac0\" data-id=\"caa4ac0\" data-element_type=\"column\">\n\t\t\t<div class=\"elementor-widget-wrap elementor-element-populated\">\n\t\t\t\t\t\t<div class=\"elementor-element elementor-element-f244af7 elementor-widget elementor-widget-text-editor\" data-id=\"f244af7\" data-element_type=\"widget\" data-widget_type=\"text-editor.default\">\n\t\t\t\t<div class=\"elementor-widget-container\">\n\t\t\t\t\t\t\t\t\t<p><img decoding=\"async\" class=\"alignleft size-full wp-image-2615\" src=\"https:\/\/blogsaverroes.juntadeandalucia.es\/cepercehel\/files\/2021\/03\/rabi.jpeg\" alt=\"\" width=\"454\" height=\"297\" \/>Es precisamente su clima y las playas los que van a condicionar nuestra econom\u00eda por los tipos de cultivos que tradicionalmente se han dado.: En la actualidad la econom\u00eda de esta comarca, sin abandonar del todo sus cultivos tradicionales, pivota alrededor de los invernaderos y del turismo de playa, con un incipiente turismo rural. De un territorio hist\u00f3ricamente paup\u00e9rrimo y desfavorecido se ha pasado a las m\u00e1s altas rentas per c\u00e1pita de la naci\u00f3n en cuesti\u00f3n de 20 a\u00f1os en algunos de nuestros municipios principalmente costeros. El turismo se ha convertido en otra importante fuente de riqueza, creando nuevas posibilidades, aunque limitadas por la orograf\u00eda.<\/p>\t\t\t\t\t\t\t\t<\/div>\n\t\t\t\t<\/div>\n\t\t\t\t\t<\/div>\n\t\t<\/div>\n\t\t\t\t<div class=\"elementor-column elementor-col-33 elementor-top-column elementor-element elementor-element-f276d0b\" data-id=\"f276d0b\" data-element_type=\"column\">\n\t\t\t<div class=\"elementor-widget-wrap elementor-element-populated\">\n\t\t\t\t\t\t<div class=\"elementor-element elementor-element-6893ba1 elementor-widget elementor-widget-text-editor\" data-id=\"6893ba1\" data-element_type=\"widget\" data-widget_type=\"text-editor.default\">\n\t\t\t\t<div class=\"elementor-widget-container\">\n\t\t\t\t\t\t\t\t\t<p>En nuestro \u00e1mbito de actuaci\u00f3n podemos distinguir dos zonas claramente diferenciadas: La monta\u00f1a, y la costa que nos van a condicionar el perfil de nuestro alumnado.<\/p><p>La zona de monta\u00f1a: Sorvil\u00e1n, Murtas, Tur\u00f3n, Polopos y Albond\u00f3n con una reciente despoblaci\u00f3n producto de una masiva emigraci\u00f3n.<\/p><p><img decoding=\"async\" class=\"size-full wp-image-2616 alignnone\" src=\"https:\/\/blogsaverroes.juntadeandalucia.es\/cepercehel\/files\/2021\/03\/contraviesa-2.jpeg\" alt=\"\" width=\"900\" height=\"600\" \/><\/p><p>\u00a0Una consecuencia l\u00f3gica de todo ello es el envejecimiento de su poblaci\u00f3n, con altos porcentajes de personas mayores de 65 a\u00f1os. La costa: Albu\u00f1ol, Mamola, Castell de Ferro han experimentado una importante transformaci\u00f3n (invernaderos y turismo) por tanto con un perfil muy diferente en cuanto a su alumnado.<\/p>\t\t\t\t\t\t\t\t<\/div>\n\t\t\t\t<\/div>\n\t\t\t\t\t<\/div>\n\t\t<\/div>\n\t\t\t\t\t<\/div>\n\t\t<\/section>\n\t\t\t\t<section class=\"elementor-section elementor-top-section elementor-element elementor-element-cbc56cc elementor-section-boxed elementor-section-height-default elementor-section-height-default\" data-id=\"cbc56cc\" data-element_type=\"section\">\n\t\t\t\t\t\t<div class=\"elementor-container elementor-column-gap-default\">\n\t\t\t\t\t<div class=\"elementor-column elementor-col-100 elementor-top-column elementor-element elementor-element-b5c3426\" data-id=\"b5c3426\" data-element_type=\"column\">\n\t\t\t<div class=\"elementor-widget-wrap elementor-element-populated\">\n\t\t\t\t\t\t<div class=\"elementor-element elementor-element-a27e541 elementor-widget elementor-widget-text-editor\" data-id=\"a27e541\" data-element_type=\"widget\" data-widget_type=\"text-editor.default\">\n\t\t\t\t<div class=\"elementor-widget-container\">\n\t\t\t\t\t\t\t\t\t<p><img loading=\"lazy\" decoding=\"async\" class=\"alignleft wp-image-2620\" src=\"https:\/\/blogsaverroes.juntadeandalucia.es\/cepercehel\/files\/2021\/03\/Captura-de-pantalla-2021-03-18-a-las-13.21.15.png\" alt=\"\" width=\"500\" height=\"249\" \/>El soporte fundamental de la econom\u00eda es el sector agrario en el que destaca principalmente como se ha mencionado el trabajo en invernadero, sector que necesita una gran mano de obra. De ah\u00ed el punto de partida nuestra comarca con un gran n\u00famero de inmigrantes que vienen a ella en busca de trabajo. De esta forma en nuestros municipios hemos asistido a una creciente pluralidad sociocultural, hemos pasado de ser una sociedad culturalmente homog\u00e9nea a ser una sociedad culturalmente heterog\u00e9nea debido al origen y procedencia de las personas que ahora residen en ellos. Por ello esta comarca que tradicionalmente ha sido el punto de partida de emigraci\u00f3n hacia otros lugares, se ha convertido en el destino de ciudadanos extranjeros que llegan buscando un puesto de trabajo y unas condiciones de vida mejores (mayores posibilidades de gozar de mejores servicios) y en otros casos sol y playa.<\/p><p>En cuanto al crecimiento de la poblaci\u00f3n debemos tener presente a los 3.570 extranjeros censados oficialmente, de los que unos 1.445 residen principalmente \u2013 de mayor a menor n\u00famero en Albu\u00f1ol, Gualchos con 1167 y La Mamola com 717 es decir, la zona costera con mayor desarrollo econ\u00f3mico. En su mayor\u00eda son inmigrantes procedentes de \u00c1frica, de Europa del Este o de Iberoam\u00e9rica.<\/p>\t\t\t\t\t\t\t\t<\/div>\n\t\t\t\t<\/div>\n\t\t\t\t\t<\/div>\n\t\t<\/div>\n\t\t\t\t\t<\/div>\n\t\t<\/section>\n\t\t\t\t<\/div>\n\t\t","protected":false},"excerpt":{"rendered":"<p>C.E.PER Cehel, un lugar de encuentro Se trata de un Centro P\u00fablico de Educaci\u00f3n Permanente dependiente de la Consejer\u00eda de Educaci\u00f3n de la Junta de Andaluc\u00eda. Que inici\u00f3 su andadura en el a\u00f1o 1986&#46;&#46;&#46;<\/p>\n","protected":false},"author":12204,"featured_media":0,"parent":0,"menu_order":0,"comment_status":"open","ping_status":"closed","template":"","meta":{"ngg_post_thumbnail":0,"footnotes":""},"aioseo_notices":[],"_links":{"self":[{"href":"https:\/\/blogsaverroes.juntadeandalucia.es\/cepercehel2\/wp-json\/wp\/v2\/pages\/1113"}],"collection":[{"href":"https:\/\/blogsaverroes.juntadeandalucia.es\/cepercehel2\/wp-json\/wp\/v2\/pages"}],"about":[{"href":"https:\/\/blogsaverroes.juntadeandalucia.es\/cepercehel2\/wp-json\/wp\/v2\/types\/page"}],"author":[{"embeddable":true,"href":"https:\/\/blogsaverroes.juntadeandalucia.es\/cepercehel2\/wp-json\/wp\/v2\/users\/12204"}],"replies":[{"embeddable":true,"href":"https:\/\/blogsaverroes.juntadeandalucia.es\/cepercehel2\/wp-json\/wp\/v2\/comments?post=1113"}],"version-history":[{"count":5,"href":"https:\/\/blogsaverroes.juntadeandalucia.es\/cepercehel2\/wp-json\/wp\/v2\/pages\/1113\/revisions"}],"predecessor-version":[{"id":3191,"href":"https:\/\/blogsaverroes.juntadeandalucia.es\/cepercehel2\/wp-json\/wp\/v2\/pages\/1113\/revisions\/3191"}],"wp:attachment":[{"href":"https:\/\/blogsaverroes.juntadeandalucia.es\/cepercehel2\/wp-json\/wp\/v2\/media?parent=1113"}],"curies":[{"name":"wp","href":"https:\/\/api.w.org\/{rel}","templated":true}]}}