{"id":150,"date":"2015-03-17T07:48:04","date_gmt":"2015-03-17T07:48:04","guid":{"rendered":"http:\/\/blogsaverroes.juntadeandalucia.es\/pre\/ceip\/?page_id=150"},"modified":"2022-12-09T22:31:37","modified_gmt":"2022-12-09T22:31:37","slug":"culturaemprendedora","status":"publish","type":"page","link":"https:\/\/blogsaverroes.juntadeandalucia.es\/cepercehel2\/culturaemprendedora\/","title":{"rendered":"Cultura emprendedora"},"content":{"rendered":"\t\t<div data-elementor-type=\"wp-page\" data-elementor-id=\"150\" class=\"elementor elementor-150\">\n\t\t\t\t\t\t<section class=\"elementor-section elementor-top-section elementor-element elementor-element-9c58694 elementor-section-boxed elementor-section-height-default elementor-section-height-default\" data-id=\"9c58694\" data-element_type=\"section\">\n\t\t\t\t\t\t<div class=\"elementor-container elementor-column-gap-default\">\n\t\t\t\t\t<div class=\"elementor-column elementor-col-100 elementor-top-column elementor-element elementor-element-7b17006\" data-id=\"7b17006\" data-element_type=\"column\">\n\t\t\t<div class=\"elementor-widget-wrap elementor-element-populated\">\n\t\t\t\t\t\t<div class=\"elementor-element elementor-element-01817bc elementor-widget elementor-widget-heading\" data-id=\"01817bc\" data-element_type=\"widget\" data-widget_type=\"heading.default\">\n\t\t\t\t<div class=\"elementor-widget-container\">\n\t\t\t\t\t<h2 class=\"elementor-heading-title elementor-size-default\">Cultura emprendedora.-<\/h2>\t\t\t\t<\/div>\n\t\t\t\t<\/div>\n\t\t\t\t\t<\/div>\n\t\t<\/div>\n\t\t\t\t\t<\/div>\n\t\t<\/section>\n\t\t\t\t<section class=\"elementor-section elementor-top-section elementor-element elementor-element-721f8b0 elementor-section-boxed elementor-section-height-default elementor-section-height-default\" data-id=\"721f8b0\" data-element_type=\"section\">\n\t\t\t\t\t\t<div class=\"elementor-container elementor-column-gap-default\">\n\t\t\t\t\t<div class=\"elementor-column elementor-col-100 elementor-top-column elementor-element elementor-element-ec83dcd\" data-id=\"ec83dcd\" data-element_type=\"column\">\n\t\t\t<div class=\"elementor-widget-wrap elementor-element-populated\">\n\t\t\t\t\t\t<div class=\"elementor-element elementor-element-d011c69 elementor-widget elementor-widget-text-editor\" data-id=\"d011c69\" data-element_type=\"widget\" data-widget_type=\"text-editor.default\">\n\t\t\t\t<div class=\"elementor-widget-container\">\n\t\t\t\t\t\t\t\t\t<p>La Consejer\u00eda de Educaci\u00f3n de la Junta de Andaluc\u00eda a trav\u00e9s de la Direcci\u00f3n General de Formaci\u00f3n Profesional y Educaci\u00f3n Permanente dentro de la filosof\u00eda del aprendizaje a lo largo de la vida ha dise\u00f1ado un plan titulado Educando para emprender, que a su vez cuenta con varios programas o acciones dirigidos a los diferentes niveles educativos, uno de ellos es:<\/p>\t\t\t\t\t\t\t\t<\/div>\n\t\t\t\t<\/div>\n\t\t\t\t\t<\/div>\n\t\t<\/div>\n\t\t\t\t\t<\/div>\n\t\t<\/section>\n\t\t\t\t<section class=\"elementor-section elementor-top-section elementor-element elementor-element-42d0a9a elementor-section-boxed elementor-section-height-default elementor-section-height-default\" data-id=\"42d0a9a\" data-element_type=\"section\">\n\t\t\t\t\t\t<div class=\"elementor-container elementor-column-gap-default\">\n\t\t\t\t\t<div class=\"elementor-column elementor-col-100 elementor-top-column elementor-element elementor-element-51277fd\" data-id=\"51277fd\" data-element_type=\"column\">\n\t\t\t<div class=\"elementor-widget-wrap elementor-element-populated\">\n\t\t\t\t\t\t<div class=\"elementor-element elementor-element-6836baf elementor-widget elementor-widget-heading\" data-id=\"6836baf\" data-element_type=\"widget\" data-widget_type=\"heading.default\">\n\t\t\t\t<div class=\"elementor-widget-container\">\n\t\t\t\t\t<h2 class=\"elementor-heading-title elementor-size-default\">Creando empresa.-<\/h2>\t\t\t\t<\/div>\n\t\t\t\t<\/div>\n\t\t\t\t\t<\/div>\n\t\t<\/div>\n\t\t\t\t\t<\/div>\n\t\t<\/section>\n\t\t\t\t<section class=\"elementor-section elementor-top-section elementor-element elementor-element-aeb5905 elementor-section-boxed elementor-section-height-default elementor-section-height-default\" data-id=\"aeb5905\" data-element_type=\"section\">\n\t\t\t\t\t\t<div class=\"elementor-container elementor-column-gap-default\">\n\t\t\t\t\t<div class=\"elementor-column elementor-col-100 elementor-top-column elementor-element elementor-element-2df2b8c\" data-id=\"2df2b8c\" data-element_type=\"column\">\n\t\t\t<div class=\"elementor-widget-wrap elementor-element-populated\">\n\t\t\t\t\t\t<div class=\"elementor-element elementor-element-592927b elementor-widget elementor-widget-text-editor\" data-id=\"592927b\" data-element_type=\"widget\" data-widget_type=\"text-editor.default\">\n\t\t\t\t<div class=\"elementor-widget-container\">\n\t\t\t\t\t\t\t\t\t<p>Enfocado para aprender todo lo necesario para desarrollar un proyecto que te permita crear tu propia empresa y tambi\u00e9n, no menos importante, se desarrollar\u00e1n las habilidades y competencias profesionales necesarias para entrar en el mundo empresarial con \u00e9xito.<\/p>\n<p>A modo orientativo vamos a presentar varios documentos: 1.- M\u00f3dulo del proyecto emprendedor 2.- Programaci\u00f3n fomento de la cultura emprendedora.&nbsp;<\/p>\t\t\t\t\t\t\t\t<\/div>\n\t\t\t\t<\/div>\n\t\t\t\t\t<\/div>\n\t\t<\/div>\n\t\t\t\t\t<\/div>\n\t\t<\/section>\n\t\t\t\t<section class=\"elementor-section elementor-top-section elementor-element elementor-element-f419666 elementor-section-boxed elementor-section-height-default elementor-section-height-default\" data-id=\"f419666\" data-element_type=\"section\">\n\t\t\t\t\t\t<div class=\"elementor-container elementor-column-gap-default\">\n\t\t\t\t\t<div class=\"elementor-column elementor-col-50 elementor-top-column elementor-element elementor-element-c0854df\" data-id=\"c0854df\" data-element_type=\"column\">\n\t\t\t<div class=\"elementor-widget-wrap elementor-element-populated\">\n\t\t\t\t\t\t<div class=\"elementor-element elementor-element-d151cfe elementor-widget elementor-widget-html\" data-id=\"d151cfe\" data-element_type=\"widget\" data-widget_type=\"html.default\">\n\t\t\t\t<div class=\"elementor-widget-container\">\n\t\t\t\t\t<iframe src=\"https:\/\/drive.google.com\/file\/d\/1tW66WOs8qO4jmuhi2KtFM2XrAhT6iC_d\/preview\" width=\"640\" height=\"480\"><\/iframe>\t\t\t\t<\/div>\n\t\t\t\t<\/div>\n\t\t\t\t\t<\/div>\n\t\t<\/div>\n\t\t\t\t<div class=\"elementor-column elementor-col-50 elementor-top-column elementor-element elementor-element-e16619a\" data-id=\"e16619a\" data-element_type=\"column\">\n\t\t\t<div class=\"elementor-widget-wrap elementor-element-populated\">\n\t\t\t\t\t\t<div class=\"elementor-element elementor-element-c3ef4de elementor-widget elementor-widget-html\" data-id=\"c3ef4de\" data-element_type=\"widget\" data-widget_type=\"html.default\">\n\t\t\t\t<div class=\"elementor-widget-container\">\n\t\t\t\t\t<iframe src=\"https:\/\/drive.google.com\/file\/d\/1zPhzZpRARkOPndjJuDMG2xST_yE9SOw2\/preview\" width=\"640\" height=\"480\"><\/iframe>\t\t\t\t<\/div>\n\t\t\t\t<\/div>\n\t\t\t\t\t<\/div>\n\t\t<\/div>\n\t\t\t\t\t<\/div>\n\t\t<\/section>\n\t\t\t\t<section class=\"elementor-section elementor-top-section elementor-element elementor-element-8abdf07 elementor-section-boxed elementor-section-height-default elementor-section-height-default\" data-id=\"8abdf07\" data-element_type=\"section\">\n\t\t\t\t\t\t<div class=\"elementor-container elementor-column-gap-default\">\n\t\t\t\t\t<div class=\"elementor-column elementor-col-100 elementor-top-column elementor-element elementor-element-d85e64f\" data-id=\"d85e64f\" data-element_type=\"column\">\n\t\t\t<div class=\"elementor-widget-wrap elementor-element-populated\">\n\t\t\t\t\t\t<div class=\"elementor-element elementor-element-174d988 elementor-widget elementor-widget-html\" data-id=\"174d988\" data-element_type=\"widget\" data-widget_type=\"html.default\">\n\t\t\t\t<div class=\"elementor-widget-container\">\n\t\t\t\t\t<iframe src=\"https:\/\/drive.google.com\/file\/d\/1y8fHAa2khkk1Wjdytwexe-mrpNT79F_s\/preview\" width=\"640\" height=\"480\"><\/iframe>\t\t\t\t<\/div>\n\t\t\t\t<\/div>\n\t\t\t\t\t<\/div>\n\t\t<\/div>\n\t\t\t\t\t<\/div>\n\t\t<\/section>\n\t\t\t\t<section class=\"elementor-section elementor-top-section elementor-element elementor-element-5b528ac elementor-section-boxed elementor-section-height-default elementor-section-height-default\" data-id=\"5b528ac\" data-element_type=\"section\">\n\t\t\t\t\t\t<div class=\"elementor-container elementor-column-gap-default\">\n\t\t\t\t\t<div class=\"elementor-column elementor-col-100 elementor-top-column elementor-element elementor-element-a518ab2\" data-id=\"a518ab2\" data-element_type=\"column\">\n\t\t\t<div class=\"elementor-widget-wrap elementor-element-populated\">\n\t\t\t\t\t\t<div class=\"elementor-element elementor-element-5d84634 elementor-widget elementor-widget-heading\" data-id=\"5d84634\" data-element_type=\"widget\" data-widget_type=\"heading.default\">\n\t\t\t\t<div class=\"elementor-widget-container\">\n\t\t\t\t\t<h2 class=\"elementor-heading-title elementor-size-default\">Gente emprendedora y solidaria.- <\/h2>\t\t\t\t<\/div>\n\t\t\t\t<\/div>\n\t\t\t\t\t<\/div>\n\t\t<\/div>\n\t\t\t\t\t<\/div>\n\t\t<\/section>\n\t\t\t\t<section class=\"elementor-section elementor-top-section elementor-element elementor-element-12741d5 elementor-section-boxed elementor-section-height-default elementor-section-height-default\" data-id=\"12741d5\" data-element_type=\"section\">\n\t\t\t\t\t\t<div class=\"elementor-container elementor-column-gap-default\">\n\t\t\t\t\t<div class=\"elementor-column elementor-col-100 elementor-top-column elementor-element elementor-element-7d7237a\" data-id=\"7d7237a\" data-element_type=\"column\">\n\t\t\t<div class=\"elementor-widget-wrap elementor-element-populated\">\n\t\t\t\t\t\t<div class=\"elementor-element elementor-element-c551f15 elementor-widget elementor-widget-text-editor\" data-id=\"c551f15\" data-element_type=\"widget\" data-widget_type=\"text-editor.default\">\n\t\t\t\t<div class=\"elementor-widget-container\">\n\t\t\t\t\t\t\t\t\t<p>Este plan educativo tiene como objetivo fomentar la conciencia solidaria, responsable y comprometida con los problemas del mundo y tambi\u00e9n conocer como funcionan las ONG para finalmente colaborar con una de ellas y ayudar a que consigan sus objetivos.<\/p>\t\t\t\t\t\t\t\t<\/div>\n\t\t\t\t<\/div>\n\t\t\t\t\t<\/div>\n\t\t<\/div>\n\t\t\t\t\t<\/div>\n\t\t<\/section>\n\t\t\t\t<section class=\"elementor-section elementor-top-section elementor-element elementor-element-f36efa9 elementor-section-boxed elementor-section-height-default elementor-section-height-default\" data-id=\"f36efa9\" data-element_type=\"section\">\n\t\t\t\t\t\t<div class=\"elementor-container elementor-column-gap-default\">\n\t\t\t\t\t<div class=\"elementor-column elementor-col-50 elementor-top-column elementor-element elementor-element-0065cf8\" data-id=\"0065cf8\" data-element_type=\"column\">\n\t\t\t<div class=\"elementor-widget-wrap elementor-element-populated\">\n\t\t\t\t\t\t<div class=\"elementor-element elementor-element-b405904 elementor-widget elementor-widget-html\" data-id=\"b405904\" data-element_type=\"widget\" data-widget_type=\"html.default\">\n\t\t\t\t<div class=\"elementor-widget-container\">\n\t\t\t\t\t<iframe src=\"https:\/\/drive.google.com\/file\/d\/17imD0nXpoLCzczxvq3YzqSByE2Hd0chE\/preview\" width=\"640\" height=\"380\"><\/iframe>\t\t\t\t<\/div>\n\t\t\t\t<\/div>\n\t\t\t\t\t<\/div>\n\t\t<\/div>\n\t\t\t\t<div class=\"elementor-column elementor-col-50 elementor-top-column elementor-element elementor-element-966e7ec\" data-id=\"966e7ec\" data-element_type=\"column\">\n\t\t\t<div class=\"elementor-widget-wrap elementor-element-populated\">\n\t\t\t\t\t\t<div class=\"elementor-element elementor-element-12d4b06 elementor-widget elementor-widget-image\" data-id=\"12d4b06\" data-element_type=\"widget\" data-widget_type=\"image.default\">\n\t\t\t\t<div class=\"elementor-widget-container\">\n\t\t\t\t\t\t\t\t\t\t\t\t\t\t\t\t<a href=\"https:\/\/www.dropbox.com\/s\/1zphiczxcqsdesq\/02.-%20Manual.%20Libro_ges.pdf?dl=0\">\n\t\t\t\t\t\t\t<img fetchpriority=\"high\" decoding=\"async\" width=\"267\" height=\"188\" src=\"https:\/\/blogsaverroes.juntadeandalucia.es\/cepercehel2\/files\/2022\/12\/gente-emprendedora-y-solidaria.jpg\" class=\"attachment-large size-large wp-image-4339\" alt=\"\" srcset=\"https:\/\/blogsaverroes.juntadeandalucia.es\/cepercehel2\/files\/2022\/12\/gente-emprendedora-y-solidaria.jpg 267w, https:\/\/blogsaverroes.juntadeandalucia.es\/cepercehel2\/files\/2022\/12\/gente-emprendedora-y-solidaria-24x17.jpg 24w, https:\/\/blogsaverroes.juntadeandalucia.es\/cepercehel2\/files\/2022\/12\/gente-emprendedora-y-solidaria-36x25.jpg 36w, https:\/\/blogsaverroes.juntadeandalucia.es\/cepercehel2\/files\/2022\/12\/gente-emprendedora-y-solidaria-48x34.jpg 48w\" sizes=\"(max-width: 267px) 100vw, 267px\" \/>\t\t\t\t\t\t\t\t<\/a>\n\t\t\t\t\t\t\t\t\t\t\t\t\t\t\t<\/div>\n\t\t\t\t<\/div>\n\t\t\t\t\t<\/div>\n\t\t<\/div>\n\t\t\t\t\t<\/div>\n\t\t<\/section>\n\t\t\t\t<section class=\"elementor-section elementor-top-section elementor-element elementor-element-9f3ef6e elementor-section-boxed elementor-section-height-default elementor-section-height-default\" data-id=\"9f3ef6e\" data-element_type=\"section\">\n\t\t\t\t\t\t<div class=\"elementor-container elementor-column-gap-default\">\n\t\t\t\t\t<div class=\"elementor-column elementor-col-100 elementor-top-column elementor-element elementor-element-2b5112d\" data-id=\"2b5112d\" data-element_type=\"column\">\n\t\t\t<div class=\"elementor-widget-wrap elementor-element-populated\">\n\t\t\t\t\t\t<div class=\"elementor-element elementor-element-94ab1e4 elementor-widget elementor-widget-heading\" data-id=\"94ab1e4\" data-element_type=\"widget\" data-widget_type=\"heading.default\">\n\t\t\t\t<div class=\"elementor-widget-container\">\n\t\t\t\t\t<h2 class=\"elementor-heading-title elementor-size-default\">Para m\u00e1s informaci\u00f3n.- <\/h2>\t\t\t\t<\/div>\n\t\t\t\t<\/div>\n\t\t\t\t\t<\/div>\n\t\t<\/div>\n\t\t\t\t\t<\/div>\n\t\t<\/section>\n\t\t\t\t<section class=\"elementor-section elementor-top-section elementor-element elementor-element-5a48bf0 elementor-section-boxed elementor-section-height-default elementor-section-height-default\" data-id=\"5a48bf0\" data-element_type=\"section\">\n\t\t\t\t\t\t<div class=\"elementor-container elementor-column-gap-default\">\n\t\t\t\t\t<div class=\"elementor-column elementor-col-100 elementor-top-column elementor-element elementor-element-08c74c2\" data-id=\"08c74c2\" data-element_type=\"column\">\n\t\t\t<div class=\"elementor-widget-wrap elementor-element-populated\">\n\t\t\t\t\t\t<div class=\"elementor-element elementor-element-6d21c87 elementor-widget elementor-widget-text-editor\" data-id=\"6d21c87\" data-element_type=\"widget\" data-widget_type=\"text-editor.default\">\n\t\t\t\t<div class=\"elementor-widget-container\">\n\t\t\t\t\t\t\t\t\t<p>Puedes acceder a nuestra intranet. En ella podr\u00e1s acceder a las diferentes unidades desarrolladas y al material complementario realizado.&nbsp;<\/p>\t\t\t\t\t\t\t\t<\/div>\n\t\t\t\t<\/div>\n\t\t\t\t\t<\/div>\n\t\t<\/div>\n\t\t\t\t\t<\/div>\n\t\t<\/section>\n\t\t\t\t<section class=\"elementor-section elementor-top-section elementor-element elementor-element-d0465ed elementor-section-boxed elementor-section-height-default elementor-section-height-default\" data-id=\"d0465ed\" data-element_type=\"section\">\n\t\t\t\t\t\t<div class=\"elementor-container elementor-column-gap-default\">\n\t\t\t\t\t<div class=\"elementor-column elementor-col-100 elementor-top-column elementor-element elementor-element-a551f3c\" data-id=\"a551f3c\" data-element_type=\"column\">\n\t\t\t<div class=\"elementor-widget-wrap elementor-element-populated\">\n\t\t\t\t\t\t<div class=\"elementor-element elementor-element-00579ae elementor-widget elementor-widget-image\" data-id=\"00579ae\" data-element_type=\"widget\" data-widget_type=\"image.default\">\n\t\t\t\t<div class=\"elementor-widget-container\">\n\t\t\t\t\t\t\t\t\t\t\t\t\t\t\t\t<a href=\"https:\/\/sites.google.com\/site\/centroeducacionpermanentecehel\/cultura-emprendedora-ii\">\n\t\t\t\t\t\t\t<img decoding=\"async\" width=\"220\" height=\"165\" src=\"https:\/\/blogsaverroes.juntadeandalucia.es\/cepercehel2\/files\/2022\/12\/logo-Cultura-Emprendedora1.jpg\" class=\"attachment-large size-large wp-image-4370\" alt=\"\" srcset=\"https:\/\/blogsaverroes.juntadeandalucia.es\/cepercehel2\/files\/2022\/12\/logo-Cultura-Emprendedora1.jpg 220w, https:\/\/blogsaverroes.juntadeandalucia.es\/cepercehel2\/files\/2022\/12\/logo-Cultura-Emprendedora1-24x18.jpg 24w, https:\/\/blogsaverroes.juntadeandalucia.es\/cepercehel2\/files\/2022\/12\/logo-Cultura-Emprendedora1-36x27.jpg 36w, https:\/\/blogsaverroes.juntadeandalucia.es\/cepercehel2\/files\/2022\/12\/logo-Cultura-Emprendedora1-48x36.jpg 48w\" sizes=\"(max-width: 220px) 100vw, 220px\" \/>\t\t\t\t\t\t\t\t<\/a>\n\t\t\t\t\t\t\t\t\t\t\t\t\t\t\t<\/div>\n\t\t\t\t<\/div>\n\t\t\t\t\t<\/div>\n\t\t<\/div>\n\t\t\t\t\t<\/div>\n\t\t<\/section>\n\t\t\t\t<\/div>\n\t\t","protected":false},"excerpt":{"rendered":"<p>Cultura emprendedora.- La Consejer\u00eda de Educaci\u00f3n de la Junta de Andaluc\u00eda a trav\u00e9s de la Direcci\u00f3n General de Formaci\u00f3n Profesional y Educaci\u00f3n Permanente dentro de la filosof\u00eda del aprendizaje a lo largo de la&#46;&#46;&#46;<\/p>\n","protected":false},"author":12204,"featured_media":0,"parent":0,"menu_order":0,"comment_status":"open","ping_status":"open","template":"page-templates\/child-menu.php","meta":{"ngg_post_thumbnail":0,"footnotes":""},"aioseo_notices":[],"_links":{"self":[{"href":"https:\/\/blogsaverroes.juntadeandalucia.es\/cepercehel2\/wp-json\/wp\/v2\/pages\/150"}],"collection":[{"href":"https:\/\/blogsaverroes.juntadeandalucia.es\/cepercehel2\/wp-json\/wp\/v2\/pages"}],"about":[{"href":"https:\/\/blogsaverroes.juntadeandalucia.es\/cepercehel2\/wp-json\/wp\/v2\/types\/page"}],"author":[{"embeddable":true,"href":"https:\/\/blogsaverroes.juntadeandalucia.es\/cepercehel2\/wp-json\/wp\/v2\/users\/12204"}],"replies":[{"embeddable":true,"href":"https:\/\/blogsaverroes.juntadeandalucia.es\/cepercehel2\/wp-json\/wp\/v2\/comments?post=150"}],"version-history":[{"count":37,"href":"https:\/\/blogsaverroes.juntadeandalucia.es\/cepercehel2\/wp-json\/wp\/v2\/pages\/150\/revisions"}],"predecessor-version":[{"id":4395,"href":"https:\/\/blogsaverroes.juntadeandalucia.es\/cepercehel2\/wp-json\/wp\/v2\/pages\/150\/revisions\/4395"}],"wp:attachment":[{"href":"https:\/\/blogsaverroes.juntadeandalucia.es\/cepercehel2\/wp-json\/wp\/v2\/media?parent=150"}],"curies":[{"name":"wp","href":"https:\/\/api.w.org\/{rel}","templated":true}]}}