{"id":1807,"date":"2015-03-18T07:11:43","date_gmt":"2015-03-18T07:11:43","guid":{"rendered":"http:\/\/blogsaverroes.juntadeandalucia.es\/pre\/ceip\/?page_id=330"},"modified":"2015-03-18T07:11:43","modified_gmt":"2015-03-18T07:11:43","slug":"bibliop-2","status":"publish","type":"page","link":"https:\/\/blogsaverroes.juntadeandalucia.es\/cepercehel2\/biblioteca\/bibliop-2\/","title":{"rendered":"Plan de Igualdad"},"content":{"rendered":"\t\t<div data-elementor-type=\"wp-page\" data-elementor-id=\"1807\" class=\"elementor elementor-1807\">\n\t\t\t\t\t\t<section class=\"elementor-section elementor-top-section elementor-element elementor-element-4b17d47 elementor-section-boxed elementor-section-height-default elementor-section-height-default\" data-id=\"4b17d47\" data-element_type=\"section\">\n\t\t\t\t\t\t<div class=\"elementor-container elementor-column-gap-default\">\n\t\t\t\t\t<div class=\"elementor-column elementor-col-100 elementor-top-column elementor-element elementor-element-777dbce\" data-id=\"777dbce\" data-element_type=\"column\">\n\t\t\t<div class=\"elementor-widget-wrap elementor-element-populated\">\n\t\t\t\t\t\t<div class=\"elementor-element elementor-element-997cecc elementor-widget elementor-widget-image\" data-id=\"997cecc\" data-element_type=\"widget\" data-widget_type=\"image.default\">\n\t\t\t\t<div class=\"elementor-widget-container\">\n\t\t\t\t\t\t\t\t\t\t\t\t\t\t\t<img decoding=\"async\" src=\"https:\/\/blogsaverroes.juntadeandalucia.es\/cepercehel\/files\/2021\/03\/IGUALDAD.jpeg\" title=\"\" alt=\"\" loading=\"lazy\" \/>\t\t\t\t\t\t\t\t\t\t\t\t\t\t\t<\/div>\n\t\t\t\t<\/div>\n\t\t\t\t\t<\/div>\n\t\t<\/div>\n\t\t\t\t\t<\/div>\n\t\t<\/section>\n\t\t\t\t<section class=\"elementor-section elementor-top-section elementor-element elementor-element-8df3c17 elementor-section-boxed elementor-section-height-default elementor-section-height-default\" data-id=\"8df3c17\" data-element_type=\"section\">\n\t\t\t\t\t\t<div class=\"elementor-container elementor-column-gap-default\">\n\t\t\t\t\t<div class=\"elementor-column elementor-col-100 elementor-top-column elementor-element elementor-element-22162ef\" data-id=\"22162ef\" data-element_type=\"column\">\n\t\t\t<div class=\"elementor-widget-wrap elementor-element-populated\">\n\t\t\t\t\t\t<div class=\"elementor-element elementor-element-84f79e5 elementor-widget elementor-widget-text-editor\" data-id=\"84f79e5\" data-element_type=\"widget\" data-widget_type=\"text-editor.default\">\n\t\t\t\t<div class=\"elementor-widget-container\">\n\t\t\t\t\t\t\t\t\t<p style=\"text-align: justify\">La igualdad es un derecho b\u00e1sico que rige el <strong>funcionamiento<\/strong> de las sociedades democr\u00e1ticas. En nuestro pa\u00eds, la Constituci\u00f3n Espa\u00f1ola recoge como derecho de los espa\u00f1oles y las espa\u00f1olas la igualdad efectiva, reconociendo que todos y todas somos iguales ante la ley, sin que pueda prevalecer discriminaci\u00f3n alguna por raz\u00f3n de nacimiento, raza, sexo, religi\u00f3n o circunstancias personales o sociales.<\/p><p style=\"text-align: justify\">En el mismo sentido, la Comunidad Europea identifica la igualdad entre hombres y mujeres como uno de los principios fundamentales de la Uni\u00f3n Europea, y en consecuencia se dictan diversas directrices instando a los Gobiernos a implementar pol\u00edticas tendentes al desarrollo de una igualdad real entre hombres y mujeres.<\/p><p style=\"text-align: justify\">Por su parte, en nuestra Comunidad Aut\u00f3noma y como consecuencia del desarrollo de este principio constitucional y europeo, el Estatuto de Autonom\u00eda para Andaluc\u00eda establece que promover\u00e1 las condiciones para que la libertad y la igualdad sean reales y, particularmente, siendo consciente de las diferencias culturales que producen desigualdades por raz\u00f3n de sexo, regula como principio relevante la igualdad efectiva del hombre y la mujer, promoviendo la plena incorporaci\u00f3n de las mujeres a la vida social superando cualquier discriminaci\u00f3n laboral, cultural, econ\u00f3mica o pol\u00edtica. En consecuencia, desde la d\u00e9cada de los 80 la Comunidad Aut\u00f3noma de Andaluc\u00eda identifica la igualdad entre hombres y mujeres como una prioridad en sus planteamientos pol\u00edticos, realizando sucesivas actuaciones para favorecer el desarrollo de valores a favor de la igualdad de g\u00e9nero. Estas actuaciones se han vertebrado a trav\u00e9s de los diferentes Planes para la Igualdad que el Gobierno andaluz ha puesto en marcha durante este tiempo.<\/p><p style=\"text-align: justify\">Los esfuerzos realizados han dado lugar a notables avances en el seno de nuestra sociedad, pero a\u00fan se siguen manifestando hechos y comportamientos que evidencian desigualdades personales, sociales y profesionales entre hombres y mujeres. Por ello, es necesario continuar avanzando para impulsar y consolidar valores favorables a una relaci\u00f3n igualitaria entre los g\u00e9neros.<\/p><p>Por este motivo desde el centro CEPER Cehel y secciones consideramos tan importante la labor que llevamos a cabo en relaci\u00f3n a la defensa y consolidaci\u00f3n de los valores que promulgan la igualdad de g\u00e9nero y la lucha contra la violencia de g\u00e9nero.<\/p><p style=\"text-align: justify\">Nuestro compromiso queda patente en el PLAN DE IGUALDAD que el centro revisa y actualiza todos los a\u00f1os con el fin de proponer actividades que enarbolezcan nuestra misi\u00f3n en este sentido.\u00a0<\/p>\t\t\t\t\t\t\t\t<\/div>\n\t\t\t\t<\/div>\n\t\t\t\t\t<\/div>\n\t\t<\/div>\n\t\t\t\t\t<\/div>\n\t\t<\/section>\n\t\t\t\t<section class=\"elementor-section elementor-top-section elementor-element elementor-element-9d85324 elementor-section-boxed elementor-section-height-default elementor-section-height-default\" data-id=\"9d85324\" data-element_type=\"section\">\n\t\t\t\t\t\t<div class=\"elementor-container elementor-column-gap-default\">\n\t\t\t\t\t<div class=\"elementor-column elementor-col-33 elementor-top-column elementor-element elementor-element-b65b06a\" data-id=\"b65b06a\" data-element_type=\"column\">\n\t\t\t<div class=\"elementor-widget-wrap elementor-element-populated\">\n\t\t\t\t\t\t<div class=\"elementor-element elementor-element-dcbb5c6 elementor-widget elementor-widget-image\" data-id=\"dcbb5c6\" data-element_type=\"widget\" data-widget_type=\"image.default\">\n\t\t\t\t<div class=\"elementor-widget-container\">\n\t\t\t\t\t\t\t\t\t\t\t\t\t\t\t<img decoding=\"async\" src=\"https:\/\/blogsaverroes.juntadeandalucia.es\/cepercehel\/files\/2021\/03\/IGUALDAD-DE-GE\u0301NERO.jpeg\" title=\"\" alt=\"\" loading=\"lazy\" \/>\t\t\t\t\t\t\t\t\t\t\t\t\t\t\t<\/div>\n\t\t\t\t<\/div>\n\t\t\t\t\t<\/div>\n\t\t<\/div>\n\t\t\t\t<div class=\"elementor-column elementor-col-66 elementor-top-column elementor-element elementor-element-212ea81\" data-id=\"212ea81\" data-element_type=\"column\">\n\t\t\t<div class=\"elementor-widget-wrap elementor-element-populated\">\n\t\t\t\t\t\t<div class=\"elementor-element elementor-element-d48bee7 elementor-widget__width-auto elementor-absolute elementor-widget elementor-widget-heading\" data-id=\"d48bee7\" data-element_type=\"widget\" data-settings=\"{&quot;_animation&quot;:&quot;none&quot;,&quot;_position&quot;:&quot;absolute&quot;}\" data-widget_type=\"heading.default\">\n\t\t\t\t<div class=\"elementor-widget-container\">\n\t\t\t\t\t<h5 class=\"elementor-heading-title elementor-size-medium\">PLAN DE IGUALDAD<\/h5>\t\t\t\t<\/div>\n\t\t\t\t<\/div>\n\t\t\t\t\t<\/div>\n\t\t<\/div>\n\t\t\t\t\t<\/div>\n\t\t<\/section>\n\t\t\t\t<\/div>\n\t\t","protected":false},"excerpt":{"rendered":"<p>La igualdad es un derecho b\u00e1sico que rige el funcionamiento de las sociedades democr\u00e1ticas. En nuestro pa\u00eds, la Constituci\u00f3n Espa\u00f1ola recoge como derecho de los espa\u00f1oles y las espa\u00f1olas la igualdad efectiva, reconociendo que&#46;&#46;&#46;<\/p>\n","protected":false},"author":12204,"featured_media":0,"parent":113,"menu_order":0,"comment_status":"open","ping_status":"open","template":"","meta":{"ngg_post_thumbnail":0,"footnotes":""},"aioseo_notices":[],"_links":{"self":[{"href":"https:\/\/blogsaverroes.juntadeandalucia.es\/cepercehel2\/wp-json\/wp\/v2\/pages\/1807"}],"collection":[{"href":"https:\/\/blogsaverroes.juntadeandalucia.es\/cepercehel2\/wp-json\/wp\/v2\/pages"}],"about":[{"href":"https:\/\/blogsaverroes.juntadeandalucia.es\/cepercehel2\/wp-json\/wp\/v2\/types\/page"}],"author":[{"embeddable":true,"href":"https:\/\/blogsaverroes.juntadeandalucia.es\/cepercehel2\/wp-json\/wp\/v2\/users\/12204"}],"replies":[{"embeddable":true,"href":"https:\/\/blogsaverroes.juntadeandalucia.es\/cepercehel2\/wp-json\/wp\/v2\/comments?post=1807"}],"version-history":[{"count":0,"href":"https:\/\/blogsaverroes.juntadeandalucia.es\/cepercehel2\/wp-json\/wp\/v2\/pages\/1807\/revisions"}],"up":[{"embeddable":true,"href":"https:\/\/blogsaverroes.juntadeandalucia.es\/cepercehel2\/wp-json\/wp\/v2\/pages\/113"}],"wp:attachment":[{"href":"https:\/\/blogsaverroes.juntadeandalucia.es\/cepercehel2\/wp-json\/wp\/v2\/media?parent=1807"}],"curies":[{"name":"wp","href":"https:\/\/api.w.org\/{rel}","templated":true}]}}