{"id":2975,"date":"2022-11-19T08:51:08","date_gmt":"2022-11-19T08:51:08","guid":{"rendered":"https:\/\/blogsaverroes.juntadeandalucia.es\/cepercehel2\/?page_id=2975"},"modified":"2022-12-17T11:53:55","modified_gmt":"2022-12-17T11:53:55","slug":"portada","status":"publish","type":"page","link":"https:\/\/blogsaverroes.juntadeandalucia.es\/cepercehel2\/","title":{"rendered":"Portada"},"content":{"rendered":"\t\t<div data-elementor-type=\"wp-page\" data-elementor-id=\"2975\" class=\"elementor elementor-2975\">\n\t\t\t\t\t\t<section class=\"elementor-section elementor-top-section elementor-element elementor-element-f199bb9 elementor-section-boxed elementor-section-height-default elementor-section-height-default\" data-id=\"f199bb9\" data-element_type=\"section\">\n\t\t\t\t\t\t<div class=\"elementor-container elementor-column-gap-default\">\n\t\t\t\t\t<div class=\"elementor-column elementor-col-100 elementor-top-column elementor-element elementor-element-1f6ed69\" data-id=\"1f6ed69\" data-element_type=\"column\">\n\t\t\t<div class=\"elementor-widget-wrap elementor-element-populated\">\n\t\t\t\t\t\t<div class=\"elementor-element elementor-element-431d335 elementor-widget elementor-widget-text-editor\" data-id=\"431d335\" data-element_type=\"widget\" data-widget_type=\"text-editor.default\">\n\t\t\t\t<div class=\"elementor-widget-container\">\n\t\t\t\t\t\t\t\t\t<p>Bienvenido\/a al <span style=\"color: #0000ff\"><strong>Blog del Centro de Educaci\u00f3n Permenente CEHEL.<\/strong><\/span><\/p><p>El presente Blog <strong>comienza su andadura<\/strong> con el objetivo de ser un espacio para el di\u00e1logo, la opini\u00f3n y el intercambio de ideas, materiales y experiencias en nuestro centro.<br \/><br \/><strong>Dirigido especialmente a<\/strong> profesores y alumnos\/as de educaci\u00f3n permanente, pretende poner en valor el proceso de ense\u00f1anza-aprendizaje a trav\u00e9s de la: reflexi\u00f3n, participaci\u00f3n, investigaci\u00f3n, colaboraci\u00f3n y creatividad.<br \/><br \/>Por ello <strong>esperamos<\/strong> contar con vuestra colaboraci\u00f3n.<\/p>\t\t\t\t\t\t\t\t<\/div>\n\t\t\t\t<\/div>\n\t\t\t\t\t<\/div>\n\t\t<\/div>\n\t\t\t\t\t<\/div>\n\t\t<\/section>\n\t\t\t\t<section class=\"elementor-section elementor-top-section elementor-element elementor-element-803afa5 elementor-section-boxed elementor-section-height-default elementor-section-height-default\" data-id=\"803afa5\" data-element_type=\"section\">\n\t\t\t\t\t\t<div class=\"elementor-container elementor-column-gap-default\">\n\t\t\t\t\t<div class=\"elementor-column elementor-col-100 elementor-top-column elementor-element elementor-element-663bbbc\" data-id=\"663bbbc\" data-element_type=\"column\">\n\t\t\t<div class=\"elementor-widget-wrap elementor-element-populated\">\n\t\t\t\t\t\t<div class=\"elementor-element elementor-element-4130294 elementor-widget elementor-widget-heading\" data-id=\"4130294\" data-element_type=\"widget\" data-widget_type=\"heading.default\">\n\t\t\t\t<div class=\"elementor-widget-container\">\n\t\t\t\t\t<h2 class=\"elementor-heading-title elementor-size-default\">Oferta educativa centro.- V\u00eddeo<\/h2>\t\t\t\t<\/div>\n\t\t\t\t<\/div>\n\t\t\t\t\t<\/div>\n\t\t<\/div>\n\t\t\t\t\t<\/div>\n\t\t<\/section>\n\t\t\t\t<section class=\"elementor-section elementor-top-section elementor-element elementor-element-aaa705b elementor-section-boxed elementor-section-height-default elementor-section-height-default\" data-id=\"aaa705b\" data-element_type=\"section\">\n\t\t\t\t\t\t<div class=\"elementor-container elementor-column-gap-default\">\n\t\t\t\t\t<div class=\"elementor-column elementor-col-100 elementor-top-column elementor-element elementor-element-ec0f77d\" data-id=\"ec0f77d\" data-element_type=\"column\">\n\t\t\t<div class=\"elementor-widget-wrap elementor-element-populated\">\n\t\t\t\t\t\t<div class=\"elementor-element elementor-element-6dd4825 elementor-widget elementor-widget-video\" data-id=\"6dd4825\" data-element_type=\"widget\" data-settings=\"{&quot;youtube_url&quot;:&quot;https:\\\/\\\/youtu.be\\\/j7V5xOTPEqg&quot;,&quot;video_type&quot;:&quot;youtube&quot;,&quot;controls&quot;:&quot;yes&quot;}\" data-widget_type=\"video.default\">\n\t\t\t\t<div class=\"elementor-widget-container\">\n\t\t\t\t\t\t\t<div class=\"elementor-wrapper elementor-open-inline\">\n\t\t\t<div class=\"elementor-video\"><\/div>\t\t<\/div>\n\t\t\t\t\t\t<\/div>\n\t\t\t\t<\/div>\n\t\t\t\t\t<\/div>\n\t\t<\/div>\n\t\t\t\t\t<\/div>\n\t\t<\/section>\n\t\t\t\t<section class=\"elementor-section elementor-top-section elementor-element elementor-element-fc70fb5 elementor-section-boxed elementor-section-height-default elementor-section-height-default\" data-id=\"fc70fb5\" data-element_type=\"section\">\n\t\t\t\t\t\t<div class=\"elementor-container elementor-column-gap-default\">\n\t\t\t\t\t<div class=\"elementor-column elementor-col-100 elementor-top-column elementor-element elementor-element-862a67a\" data-id=\"862a67a\" data-element_type=\"column\">\n\t\t\t<div class=\"elementor-widget-wrap elementor-element-populated\">\n\t\t\t\t\t\t<div class=\"elementor-element elementor-element-51d9bd6 elementor-widget elementor-widget-heading\" data-id=\"51d9bd6\" data-element_type=\"widget\" data-widget_type=\"heading.default\">\n\t\t\t\t<div class=\"elementor-widget-container\">\n\t\t\t\t\t<h2 class=\"elementor-heading-title elementor-size-default\">Proyecto direcci\u00f3n de centro<\/h2>\t\t\t\t<\/div>\n\t\t\t\t<\/div>\n\t\t\t\t\t<\/div>\n\t\t<\/div>\n\t\t\t\t\t<\/div>\n\t\t<\/section>\n\t\t\t\t<section class=\"elementor-section elementor-top-section elementor-element elementor-element-3012fa9 elementor-section-boxed elementor-section-height-default elementor-section-height-default\" data-id=\"3012fa9\" data-element_type=\"section\">\n\t\t\t\t\t\t<div class=\"elementor-container elementor-column-gap-default\">\n\t\t\t\t\t<div class=\"elementor-column elementor-col-100 elementor-top-column elementor-element elementor-element-d7801cc\" data-id=\"d7801cc\" data-element_type=\"column\">\n\t\t\t<div class=\"elementor-widget-wrap elementor-element-populated\">\n\t\t\t\t\t\t<div class=\"elementor-element elementor-element-e0a3c2c elementor-widget elementor-widget-image\" data-id=\"e0a3c2c\" data-element_type=\"widget\" data-widget_type=\"image.default\">\n\t\t\t\t<div class=\"elementor-widget-container\">\n\t\t\t\t\t\t\t\t\t\t\t\t\t\t\t\t<a href=\"https:\/\/view.genial.ly\/624f5674678b540013b17618\">\n\t\t\t\t\t\t\t<img fetchpriority=\"high\" decoding=\"async\" width=\"1024\" height=\"576\" src=\"https:\/\/blogsaverroes.juntadeandalucia.es\/cepercehel2\/files\/2022\/12\/001_Portada-1-1024x576.jpg\" class=\"attachment-large size-large wp-image-4292\" alt=\"\" srcset=\"https:\/\/blogsaverroes.juntadeandalucia.es\/cepercehel2\/files\/2022\/12\/001_Portada-1-1024x576.jpg 1024w, https:\/\/blogsaverroes.juntadeandalucia.es\/cepercehel2\/files\/2022\/12\/001_Portada-1-300x169.jpg 300w, https:\/\/blogsaverroes.juntadeandalucia.es\/cepercehel2\/files\/2022\/12\/001_Portada-1-768x432.jpg 768w, https:\/\/blogsaverroes.juntadeandalucia.es\/cepercehel2\/files\/2022\/12\/001_Portada-1-1536x864.jpg 1536w, https:\/\/blogsaverroes.juntadeandalucia.es\/cepercehel2\/files\/2022\/12\/001_Portada-1-2048x1152.jpg 2048w, https:\/\/blogsaverroes.juntadeandalucia.es\/cepercehel2\/files\/2022\/12\/001_Portada-1-24x14.jpg 24w, https:\/\/blogsaverroes.juntadeandalucia.es\/cepercehel2\/files\/2022\/12\/001_Portada-1-36x20.jpg 36w, https:\/\/blogsaverroes.juntadeandalucia.es\/cepercehel2\/files\/2022\/12\/001_Portada-1-48x27.jpg 48w\" sizes=\"(max-width: 1024px) 100vw, 1024px\" \/>\t\t\t\t\t\t\t\t<\/a>\n\t\t\t\t\t\t\t\t\t\t\t\t\t\t\t<\/div>\n\t\t\t\t<\/div>\n\t\t\t\t\t<\/div>\n\t\t<\/div>\n\t\t\t\t\t<\/div>\n\t\t<\/section>\n\t\t\t\t<section class=\"elementor-section elementor-top-section elementor-element elementor-element-96d76be elementor-section-boxed elementor-section-height-default elementor-section-height-default\" data-id=\"96d76be\" data-element_type=\"section\">\n\t\t\t\t\t\t<div class=\"elementor-container elementor-column-gap-default\">\n\t\t\t\t\t<div class=\"elementor-column elementor-col-100 elementor-top-column elementor-element elementor-element-04dd6f4\" data-id=\"04dd6f4\" data-element_type=\"column\">\n\t\t\t<div class=\"elementor-widget-wrap elementor-element-populated\">\n\t\t\t\t\t\t<div class=\"elementor-element elementor-element-d3f9848 elementor-widget elementor-widget-heading\" data-id=\"d3f9848\" data-element_type=\"widget\" data-widget_type=\"heading.default\">\n\t\t\t\t<div class=\"elementor-widget-container\">\n\t\t\t\t\t<h2 class=\"elementor-heading-title elementor-size-default\">Digitalizaci\u00f3n centro.- <\/h2>\t\t\t\t<\/div>\n\t\t\t\t<\/div>\n\t\t\t\t\t<\/div>\n\t\t<\/div>\n\t\t\t\t\t<\/div>\n\t\t<\/section>\n\t\t\t\t<section class=\"elementor-section elementor-top-section elementor-element elementor-element-a42b1ee elementor-section-boxed elementor-section-height-default elementor-section-height-default\" data-id=\"a42b1ee\" data-element_type=\"section\">\n\t\t\t\t\t\t<div class=\"elementor-container elementor-column-gap-default\">\n\t\t\t\t\t<div class=\"elementor-column elementor-col-100 elementor-top-column elementor-element elementor-element-2cf37cb\" data-id=\"2cf37cb\" data-element_type=\"column\">\n\t\t\t<div class=\"elementor-widget-wrap elementor-element-populated\">\n\t\t\t\t\t\t<div class=\"elementor-element elementor-element-7c2807e elementor-widget elementor-widget-image\" data-id=\"7c2807e\" data-element_type=\"widget\" data-widget_type=\"image.default\">\n\t\t\t\t<div class=\"elementor-widget-container\">\n\t\t\t\t\t\t\t\t\t\t\t\t\t\t\t\t<a href=\"https:\/\/view.genial.ly\/63851b455b4c3c0018360cd7\/interactive-content-digitalizacion-ceper-cehel-iii\">\n\t\t\t\t\t\t\t<img decoding=\"async\" width=\"1024\" height=\"512\" src=\"https:\/\/blogsaverroes.juntadeandalucia.es\/cepercehel2\/files\/2022\/12\/001_Portada-2-1024x512.jpg\" class=\"attachment-large size-large wp-image-4799\" alt=\"\" srcset=\"https:\/\/blogsaverroes.juntadeandalucia.es\/cepercehel2\/files\/2022\/12\/001_Portada-2-1024x512.jpg 1024w, https:\/\/blogsaverroes.juntadeandalucia.es\/cepercehel2\/files\/2022\/12\/001_Portada-2-300x150.jpg 300w, https:\/\/blogsaverroes.juntadeandalucia.es\/cepercehel2\/files\/2022\/12\/001_Portada-2-768x384.jpg 768w, https:\/\/blogsaverroes.juntadeandalucia.es\/cepercehel2\/files\/2022\/12\/001_Portada-2-1536x768.jpg 1536w, https:\/\/blogsaverroes.juntadeandalucia.es\/cepercehel2\/files\/2022\/12\/001_Portada-2-2048x1024.jpg 2048w, https:\/\/blogsaverroes.juntadeandalucia.es\/cepercehel2\/files\/2022\/12\/001_Portada-2-24x12.jpg 24w, https:\/\/blogsaverroes.juntadeandalucia.es\/cepercehel2\/files\/2022\/12\/001_Portada-2-36x18.jpg 36w, https:\/\/blogsaverroes.juntadeandalucia.es\/cepercehel2\/files\/2022\/12\/001_Portada-2-48x24.jpg 48w\" sizes=\"(max-width: 1024px) 100vw, 1024px\" \/>\t\t\t\t\t\t\t\t<\/a>\n\t\t\t\t\t\t\t\t\t\t\t\t\t\t\t<\/div>\n\t\t\t\t<\/div>\n\t\t\t\t\t<\/div>\n\t\t<\/div>\n\t\t\t\t\t<\/div>\n\t\t<\/section>\n\t\t\t\t<\/div>\n\t\t","protected":false},"excerpt":{"rendered":"<p>Bienvenido\/a al Blog del Centro de Educaci\u00f3n Permenente CEHEL. El presente Blog comienza su andadura con el objetivo de ser un espacio para el di\u00e1logo, la opini\u00f3n y el intercambio de ideas, materiales y&#46;&#46;&#46;<\/p>\n","protected":false},"author":12204,"featured_media":0,"parent":0,"menu_order":0,"comment_status":"closed","ping_status":"closed","template":"","meta":{"ngg_post_thumbnail":0,"footnotes":""},"aioseo_notices":[],"_links":{"self":[{"href":"https:\/\/blogsaverroes.juntadeandalucia.es\/cepercehel2\/wp-json\/wp\/v2\/pages\/2975"}],"collection":[{"href":"https:\/\/blogsaverroes.juntadeandalucia.es\/cepercehel2\/wp-json\/wp\/v2\/pages"}],"about":[{"href":"https:\/\/blogsaverroes.juntadeandalucia.es\/cepercehel2\/wp-json\/wp\/v2\/types\/page"}],"author":[{"embeddable":true,"href":"https:\/\/blogsaverroes.juntadeandalucia.es\/cepercehel2\/wp-json\/wp\/v2\/users\/12204"}],"replies":[{"embeddable":true,"href":"https:\/\/blogsaverroes.juntadeandalucia.es\/cepercehel2\/wp-json\/wp\/v2\/comments?post=2975"}],"version-history":[{"count":67,"href":"https:\/\/blogsaverroes.juntadeandalucia.es\/cepercehel2\/wp-json\/wp\/v2\/pages\/2975\/revisions"}],"predecessor-version":[{"id":4808,"href":"https:\/\/blogsaverroes.juntadeandalucia.es\/cepercehel2\/wp-json\/wp\/v2\/pages\/2975\/revisions\/4808"}],"wp:attachment":[{"href":"https:\/\/blogsaverroes.juntadeandalucia.es\/cepercehel2\/wp-json\/wp\/v2\/media?parent=2975"}],"curies":[{"name":"wp","href":"https:\/\/api.w.org\/{rel}","templated":true}]}}