{"id":3173,"date":"2015-03-17T10:04:24","date_gmt":"2015-03-17T10:04:24","guid":{"rendered":"http:\/\/blogsaverroes.juntadeandalucia.es\/pre\/ceip\/?page_id=200"},"modified":"2022-11-27T21:07:43","modified_gmt":"2022-11-27T21:07:43","slug":"ambito-comunicacion-ingles","status":"publish","type":"page","link":"https:\/\/blogsaverroes.juntadeandalucia.es\/cepercehel2\/tae\/ambito-comunicacion-ingles\/","title":{"rendered":"\u00c1mbito comunicaci\u00f3n.- Ingl\u00e9s"},"content":{"rendered":"<p>La Asociaci\u00f3n de Madres y Padres <em>BlogsAverroes<\/em>, est\u00e1 constituida por ___________familias, y gestionada por una &nbsp;<strong>Junta Directiva<\/strong>.<\/p>\n<p>Puedes ponerte en contacto con nosotros\/as en el email:&nbsp;________________________<\/p>\n<p>Relaci\u00f3n de las personas que forman parte de la Junta Directiva:<\/p>\n","protected":false},"excerpt":{"rendered":"<p>La Asociaci\u00f3n de Madres y Padres BlogsAverroes, est\u00e1 constituida por ___________familias, y gestionada por una &nbsp;Junta Directiva. Puedes ponerte en contacto con nosotros\/as en el email:&nbsp;________________________ Relaci\u00f3n de las personas que forman parte de&#46;&#46;&#46;<\/p>\n","protected":false},"author":12204,"featured_media":0,"parent":172,"menu_order":2,"comment_status":"open","ping_status":"closed","template":"page-templates\/child-menu.php","meta":{"ngg_post_thumbnail":0,"footnotes":""},"aioseo_notices":[],"_links":{"self":[{"href":"https:\/\/blogsaverroes.juntadeandalucia.es\/cepercehel2\/wp-json\/wp\/v2\/pages\/3173"}],"collection":[{"href":"https:\/\/blogsaverroes.juntadeandalucia.es\/cepercehel2\/wp-json\/wp\/v2\/pages"}],"about":[{"href":"https:\/\/blogsaverroes.juntadeandalucia.es\/cepercehel2\/wp-json\/wp\/v2\/types\/page"}],"author":[{"embeddable":true,"href":"https:\/\/blogsaverroes.juntadeandalucia.es\/cepercehel2\/wp-json\/wp\/v2\/users\/12204"}],"replies":[{"embeddable":true,"href":"https:\/\/blogsaverroes.juntadeandalucia.es\/cepercehel2\/wp-json\/wp\/v2\/comments?post=3173"}],"version-history":[{"count":3,"href":"https:\/\/blogsaverroes.juntadeandalucia.es\/cepercehel2\/wp-json\/wp\/v2\/pages\/3173\/revisions"}],"predecessor-version":[{"id":3498,"href":"https:\/\/blogsaverroes.juntadeandalucia.es\/cepercehel2\/wp-json\/wp\/v2\/pages\/3173\/revisions\/3498"}],"up":[{"embeddable":true,"href":"https:\/\/blogsaverroes.juntadeandalucia.es\/cepercehel2\/wp-json\/wp\/v2\/pages\/172"}],"wp:attachment":[{"href":"https:\/\/blogsaverroes.juntadeandalucia.es\/cepercehel2\/wp-json\/wp\/v2\/media?parent=3173"}],"curies":[{"name":"wp","href":"https:\/\/api.w.org\/{rel}","templated":true}]}}