{"id":359,"date":"2015-03-18T10:23:16","date_gmt":"2015-03-18T10:23:16","guid":{"rendered":"http:\/\/blogsaverroes.juntadeandalucia.es\/pre\/ceip\/?page_id=359"},"modified":"2022-12-17T21:47:05","modified_gmt":"2022-12-17T21:47:05","slug":"materiales-recursos","status":"publish","type":"page","link":"https:\/\/blogsaverroes.juntadeandalucia.es\/cepercehel2\/planes-y-proyectos\/materiales-recursos\/","title":{"rendered":"Transformaci\u00f3n digital docente 02"},"content":{"rendered":"\t\t<div data-elementor-type=\"wp-page\" data-elementor-id=\"359\" class=\"elementor elementor-359\">\n\t\t\t\t\t\t<section class=\"elementor-section elementor-top-section elementor-element elementor-element-4d9c13b elementor-section-boxed elementor-section-height-default elementor-section-height-default\" data-id=\"4d9c13b\" data-element_type=\"section\">\n\t\t\t\t\t\t<div class=\"elementor-container elementor-column-gap-default\">\n\t\t\t\t\t<div class=\"elementor-column elementor-col-100 elementor-top-column elementor-element elementor-element-844280a\" data-id=\"844280a\" data-element_type=\"column\">\n\t\t\t<div class=\"elementor-widget-wrap elementor-element-populated\">\n\t\t\t\t\t\t<div class=\"elementor-element elementor-element-fbf3b26 elementor-widget elementor-widget-text-editor\" data-id=\"fbf3b26\" data-element_type=\"widget\" data-widget_type=\"text-editor.default\">\n\t\t\t\t<div class=\"elementor-widget-container\">\n\t\t\t\t\t\t\t\t\t<p>Lorem fistrum por la gloria de mi madre esse jarl aliqua llevame al sircoo. De la pradera ullamco qu\u00e9 dise usteer est\u00e1 la cosa muy malar.<\/p>\t\t\t\t\t\t\t\t<\/div>\n\t\t\t\t<\/div>\n\t\t\t\t\t<\/div>\n\t\t<\/div>\n\t\t\t\t\t<\/div>\n\t\t<\/section>\n\t\t\t\t<section class=\"elementor-section elementor-top-section elementor-element elementor-element-15a18f8 elementor-section-boxed elementor-section-height-default elementor-section-height-default\" data-id=\"15a18f8\" data-element_type=\"section\">\n\t\t\t\t\t\t<div class=\"elementor-container elementor-column-gap-default\">\n\t\t\t\t\t<div class=\"elementor-column elementor-col-100 elementor-top-column elementor-element elementor-element-44745c6\" data-id=\"44745c6\" data-element_type=\"column\">\n\t\t\t<div class=\"elementor-widget-wrap elementor-element-populated\">\n\t\t\t\t\t\t<div class=\"elementor-element elementor-element-e957d77 elementor-widget elementor-widget-heading\" data-id=\"e957d77\" data-element_type=\"widget\" data-widget_type=\"heading.default\">\n\t\t\t\t<div class=\"elementor-widget-container\">\n\t\t\t\t\t<h2 class=\"elementor-heading-title elementor-size-default\">Qu\u00e9 es TDE \" Transformaci\u00f3n digital docente\" V\u00eddeo<\/h2>\t\t\t\t<\/div>\n\t\t\t\t<\/div>\n\t\t\t\t\t<\/div>\n\t\t<\/div>\n\t\t\t\t\t<\/div>\n\t\t<\/section>\n\t\t\t\t<section class=\"elementor-section elementor-top-section elementor-element elementor-element-247428e elementor-section-boxed elementor-section-height-default elementor-section-height-default\" data-id=\"247428e\" data-element_type=\"section\">\n\t\t\t\t\t\t<div class=\"elementor-container elementor-column-gap-default\">\n\t\t\t\t\t<div class=\"elementor-column elementor-col-100 elementor-top-column elementor-element elementor-element-d936346\" data-id=\"d936346\" data-element_type=\"column\">\n\t\t\t<div class=\"elementor-widget-wrap elementor-element-populated\">\n\t\t\t\t\t\t<div class=\"elementor-element elementor-element-7dc28f0 elementor-widget elementor-widget-text-editor\" data-id=\"7dc28f0\" data-element_type=\"widget\" data-widget_type=\"text-editor.default\">\n\t\t\t\t<div class=\"elementor-widget-container\">\n\t\t\t\t\t\t\t\t\t<p>La transformaci\u00f3n digital educativa es una de las principales respuestas a los retos planteados actualmente, con repercusiones inmediatas en el \u00e1mbito escolar pero que lo trasciende, para facilitar la adquisici\u00f3n y desarrollo de competencias y habilidades a quienes formar\u00e1n la ciudadan\u00eda en un futuro inmediato.<\/p><p>Este punto de partida implica adoptar nuevos planteamientos que mejoren los logros alcanzados con el Plan Escuela TIC 2.0 o el Programa para la digitalizaci\u00f3n de centros, #PRODIG,\u00a0 para avanzar hacia modelos m\u00e1s hol\u00edsticos y pr\u00f3ximos al entorno comunitario, tomando como referentes los Marcos Europeos para la Competencia Digital de centros educativos (DigCompOrg), del profesorado (DigCompEdu) y del alumnado y resto de sectores de la comunidad educativa (DigComp).<\/p><p>Para ello se han puesto en marcha medidas que afectan a todos los centros que imparten ense\u00f1anzas no universitarias y de car\u00e1cter obligatorio, tales como el desarrollo de herramientas en S\u00e9neca para la autoevaluaci\u00f3n de los centros como organizaciones digitalmente competentes mediante la<strong>\u00a0R\u00fabrica TDE<\/strong>\u00a0(basada en el Marco DigCompOrg) y el formulario para obtener el\u00a0<strong>Plan de Actuaci\u00f3n Digital (PAD)<\/strong>, del que a su vez se derivan el Plan de Formaci\u00f3n del Profesorado y el Plan de Contingencia. Asimismo est\u00e1 disponible el\u00a0<strong>Test de Competencia Digital Docente<\/strong>, basado en el Marco DigCompEdu, que proporciona un Informe Individual y un Informe de Centro.<\/p><p>A estas herramientas se suman actuaciones ya puestas en marcha de gran impacto, como el despliegue de la plataforma de Aula Virtual\u00a0<strong>Moodle Centros<\/strong>\u00a0con car\u00e1cter universal, el espacio web\u00a0<strong>eAprendizaje<\/strong>, el servicio\u00a0<strong>BlogsAverroes<\/strong>, que permite la creaci\u00f3n de blogs docentes y espacios de centros y la Plataforma MoocEdu que ofrece recursos para el desarrollo de la CD.<\/p><p>La\u00a0<strong>formaci\u00f3n del profesorado<\/strong>\u00a0es un aspecto primordial en el proceso de transformaci\u00f3n digital educativa, que incluir\u00e1 a partir del\u00a0\u00a0 curso 2020\/21 itinerarios formativos seg\u00fan el Marco DigCompEdu, haciendo hincapi\u00e9 en la modalidad de Formaci\u00f3n en Centro con caracter\u00edsticas h\u00edbridas (presencial y online) para facilitar su trasposici\u00f3n a este tipo de docencia, cada vez m\u00e1s importante, a la par que se incide en la importancia del Dise\u00f1o Universal para el Aprendizaje (DUA) y en el conocimiento y difusi\u00f3n de los Objetivos de Desarrollo Sostenible (ODS) desde una perspectiva de trabajo cooperativo en el que adquiera especial relevancia la competencia de\u00a0<em>Aprender a aprender<\/em>.<\/p><p>As\u00ed pues, mediante la\u00a0 #TDE se ponen las bases para el paso a una educaci\u00f3n m\u00e1s inclusiva y digital, acorde con las necesidades actuales y futuras, en la que son imprescindibles las voces de todas las personas que forman parte de la comunidad educativa y, de forma se\u00f1alada la del alumnado, protagonista de su propio aprendizaje<\/p>\t\t\t\t\t\t\t\t<\/div>\n\t\t\t\t<\/div>\n\t\t\t\t\t<\/div>\n\t\t<\/div>\n\t\t\t\t\t<\/div>\n\t\t<\/section>\n\t\t\t\t<section class=\"elementor-section elementor-top-section elementor-element elementor-element-172e057 elementor-section-boxed elementor-section-height-default elementor-section-height-default\" data-id=\"172e057\" data-element_type=\"section\">\n\t\t\t\t\t\t<div class=\"elementor-container elementor-column-gap-default\">\n\t\t\t\t\t<div class=\"elementor-column elementor-col-100 elementor-top-column elementor-element elementor-element-e71f163\" data-id=\"e71f163\" data-element_type=\"column\">\n\t\t\t<div class=\"elementor-widget-wrap elementor-element-populated\">\n\t\t\t\t\t\t<div class=\"elementor-element elementor-element-3633f38 elementor-widget elementor-widget-video\" data-id=\"3633f38\" data-element_type=\"widget\" data-settings=\"{&quot;youtube_url&quot;:&quot;https:\\\/\\\/youtu.be\\\/ij2RFtZeTUs&quot;,&quot;video_type&quot;:&quot;youtube&quot;,&quot;controls&quot;:&quot;yes&quot;}\" data-widget_type=\"video.default\">\n\t\t\t\t<div class=\"elementor-widget-container\">\n\t\t\t\t\t\t\t<div class=\"elementor-wrapper elementor-open-inline\">\n\t\t\t<div class=\"elementor-video\"><\/div>\t\t<\/div>\n\t\t\t\t\t\t<\/div>\n\t\t\t\t<\/div>\n\t\t\t\t\t<\/div>\n\t\t<\/div>\n\t\t\t\t\t<\/div>\n\t\t<\/section>\n\t\t\t\t<section class=\"elementor-section elementor-top-section elementor-element elementor-element-6118082 elementor-section-boxed elementor-section-height-default elementor-section-height-default\" data-id=\"6118082\" data-element_type=\"section\">\n\t\t\t\t\t\t<div class=\"elementor-container elementor-column-gap-default\">\n\t\t\t\t\t<div class=\"elementor-column elementor-col-100 elementor-top-column elementor-element elementor-element-032e113\" data-id=\"032e113\" data-element_type=\"column\">\n\t\t\t<div class=\"elementor-widget-wrap elementor-element-populated\">\n\t\t\t\t\t\t<div class=\"elementor-element elementor-element-c0b03d4 elementor-widget elementor-widget-heading\" data-id=\"c0b03d4\" data-element_type=\"widget\" data-widget_type=\"heading.default\">\n\t\t\t\t<div class=\"elementor-widget-container\">\n\t\t\t\t\t<h2 class=\"elementor-heading-title elementor-size-default\">Instrucciones TDE 2021<\/h2>\t\t\t\t<\/div>\n\t\t\t\t<\/div>\n\t\t\t\t\t<\/div>\n\t\t<\/div>\n\t\t\t\t\t<\/div>\n\t\t<\/section>\n\t\t\t\t<section class=\"elementor-section elementor-top-section elementor-element elementor-element-d918b3e elementor-section-boxed elementor-section-height-default elementor-section-height-default\" data-id=\"d918b3e\" data-element_type=\"section\">\n\t\t\t\t\t\t<div class=\"elementor-container elementor-column-gap-default\">\n\t\t\t\t\t<div class=\"elementor-column elementor-col-100 elementor-top-column elementor-element elementor-element-0d911bc\" data-id=\"0d911bc\" data-element_type=\"column\">\n\t\t\t<div class=\"elementor-widget-wrap elementor-element-populated\">\n\t\t\t\t\t\t<div class=\"elementor-element elementor-element-797c6d6 elementor-widget elementor-widget-text-editor\" data-id=\"797c6d6\" data-element_type=\"widget\" data-widget_type=\"text-editor.default\">\n\t\t\t\t<div class=\"elementor-widget-container\">\n\t\t\t\t\t\t\t\t\t<p><span style=\"color: #0000ff\"><strong>INSTRUCCI\u00d3N DE 31 DE JULIO, DE LA DIRECCI\u00d3N GENERAL DE FORMACI\u00d3N DEL PROFESORADO E INNOVACI\u00d3N EDUCATIVA, SOBRE MEDIDAS DE TRANSFORMACI\u00d3N DIGITAL EDUCATIVA EN LOS CENTROS DOCENTES P\u00daBLICOS PARA EL CURSO 2020\/21.<\/strong><\/span><\/p><p>Esta Instrucci\u00f3n tiene por objeto establecer pautas de actuaci\u00f3n relativas a los procesos de transformaci\u00f3n digital educativa, para su aplicaci\u00f3n durante el curso 2020\/21 en los centros docentes de Andaluc\u00eda que<\/p>\t\t\t\t\t\t\t\t<\/div>\n\t\t\t\t<\/div>\n\t\t\t\t\t<\/div>\n\t\t<\/div>\n\t\t\t\t\t<\/div>\n\t\t<\/section>\n\t\t\t\t<section class=\"elementor-section elementor-top-section elementor-element elementor-element-57c7928 elementor-section-boxed elementor-section-height-default elementor-section-height-default\" data-id=\"57c7928\" data-element_type=\"section\">\n\t\t\t\t\t\t<div class=\"elementor-container elementor-column-gap-default\">\n\t\t\t\t\t<div class=\"elementor-column elementor-col-100 elementor-top-column elementor-element elementor-element-290308c\" data-id=\"290308c\" data-element_type=\"column\">\n\t\t\t<div class=\"elementor-widget-wrap elementor-element-populated\">\n\t\t\t\t\t\t<div class=\"elementor-element elementor-element-59a9724 elementor-widget elementor-widget-html\" data-id=\"59a9724\" data-element_type=\"widget\" data-widget_type=\"html.default\">\n\t\t\t\t<div class=\"elementor-widget-container\">\n\t\t\t\t\t<iframe src=\"https:\/\/drive.google.com\/file\/d\/1MBTjMwczkEHaO5rElJ6PpRiTFj4Dr_vz\/preview\" width=\"640\" height=\"380\"><\/iframe>\t\t\t\t<\/div>\n\t\t\t\t<\/div>\n\t\t\t\t\t<\/div>\n\t\t<\/div>\n\t\t\t\t\t<\/div>\n\t\t<\/section>\n\t\t\t\t<section class=\"elementor-section elementor-top-section elementor-element elementor-element-d9b204f elementor-section-boxed elementor-section-height-default elementor-section-height-default\" data-id=\"d9b204f\" data-element_type=\"section\">\n\t\t\t\t\t\t<div class=\"elementor-container elementor-column-gap-default\">\n\t\t\t\t\t<div class=\"elementor-column elementor-col-100 elementor-top-column elementor-element elementor-element-b052be9\" data-id=\"b052be9\" data-element_type=\"column\">\n\t\t\t<div class=\"elementor-widget-wrap elementor-element-populated\">\n\t\t\t\t\t\t<div class=\"elementor-element elementor-element-e1f05d1 elementor-widget elementor-widget-heading\" data-id=\"e1f05d1\" data-element_type=\"widget\" data-widget_type=\"heading.default\">\n\t\t\t\t<div class=\"elementor-widget-container\">\n\t\t\t\t\t<h2 class=\"elementor-heading-title elementor-size-default\">Test de competencia digital docente. CDD<\/h2>\t\t\t\t<\/div>\n\t\t\t\t<\/div>\n\t\t\t\t\t<\/div>\n\t\t<\/div>\n\t\t\t\t\t<\/div>\n\t\t<\/section>\n\t\t\t\t<section class=\"elementor-section elementor-top-section elementor-element elementor-element-c7389d2 elementor-section-boxed elementor-section-height-default elementor-section-height-default\" data-id=\"c7389d2\" data-element_type=\"section\">\n\t\t\t\t\t\t<div class=\"elementor-container elementor-column-gap-default\">\n\t\t\t\t\t<div class=\"elementor-column elementor-col-100 elementor-top-column elementor-element elementor-element-a66d9f0\" data-id=\"a66d9f0\" data-element_type=\"column\">\n\t\t\t<div class=\"elementor-widget-wrap elementor-element-populated\">\n\t\t\t\t\t\t<div class=\"elementor-element elementor-element-3b28f0b elementor-widget elementor-widget-text-editor\" data-id=\"3b28f0b\" data-element_type=\"widget\" data-widget_type=\"text-editor.default\">\n\t\t\t\t<div class=\"elementor-widget-container\">\n\t\t\t\t\t\t\t\t\t<p class=\"p1\"><span class=\"s1\">Implementado en el sistema de informaci\u00f3n S\u00e9neca, permite al profesorado realizar este test basado en el Marco DigCompEdu desde su perfil personal, y obtener un Informe Individual con la valoraci\u00f3n global de su nivel competencial (A1-C2), por las \u00e1reas de este Marco y con relaci\u00f3n al resto de componentes del claustro, y devuelve un detallado feedback.<\/span><\/p><p class=\"p1\"><span class=\"s1\">Asimismo se genera el Informe de Centro, siempre que m\u00e1s del 20% del profesorado del centro lo haya completado, a fin de mostrar resultados que sean representativos. Este Informe de Centro ofrece el nivel competencial del claustro tanto globalmente como por \u00e1reas y puede ser solicitado por cualquier miembro del mismo. En caso de que se solicite con perfil direcci\u00f3n o coordinaci\u00f3n incluir\u00e1, adem\u00e1s, relaciones nominales del profesorado que no ha accedido al test, del que lo ha iniciado y del que lo ha concluido.<\/span><\/p><p class=\"p1\"><span class=\"s1\">El Informe Individual ser\u00e1 de utilidad para avanzar en la competencias profesionales docentes relacionadas con el \u00e1mbito digital, permitiendo planificar una formaci\u00f3n personal que atienda al nivel de partida de cada docente. El Informe de Centro complementa a la R\u00fabrica para establecer de manera realista el Plan de Actuaci\u00f3n Digital, del cual emanar\u00e1 el Plan de Formaci\u00f3n que responda a las necesidades de cada centro. Durante el curso, el test puede cumplimentarse en dos ocasiones, siendo recomendable hacerlo al principio y al final de cada curso escolar (del 1 de septiembre al 30 de septiembre, y del 1 de mayo hasta el 30 de junio).<\/span><\/p>\t\t\t\t\t\t\t\t<\/div>\n\t\t\t\t<\/div>\n\t\t\t\t\t<\/div>\n\t\t<\/div>\n\t\t\t\t\t<\/div>\n\t\t<\/section>\n\t\t\t\t<section class=\"elementor-section elementor-top-section elementor-element elementor-element-f78f4be elementor-section-boxed elementor-section-height-default elementor-section-height-default\" data-id=\"f78f4be\" data-element_type=\"section\">\n\t\t\t\t\t\t<div class=\"elementor-container elementor-column-gap-default\">\n\t\t\t\t\t<div class=\"elementor-column elementor-col-100 elementor-top-column elementor-element elementor-element-f943977\" data-id=\"f943977\" data-element_type=\"column\">\n\t\t\t<div class=\"elementor-widget-wrap elementor-element-populated\">\n\t\t\t\t\t\t<div class=\"elementor-element elementor-element-b1c77e5 elementor-widget elementor-widget-text-editor\" data-id=\"b1c77e5\" data-element_type=\"widget\" data-widget_type=\"text-editor.default\">\n\t\t\t\t<div class=\"elementor-widget-container\">\n\t\t\t\t\t\t\t\t\t<p>Para conseguir la transformaci\u00f3n de NUESTRO CENTRO\u00a0nos planteamos<br \/>adaptarnos al 1.- III Plan Andaluz de Formaci\u00f3n Permanente del Profesorado 2.- Debemos de\u00a0actuar en tres \u00e1mbitos b\u00e1sicos\u00a0que nos marca proceso digitalizaci\u00f3n.\u00a0<\/p><p><strong>A continuaci\u00f3n os presentamos dos documentos elaborados en nuestro centro relacionados con:\u00a0<\/strong><\/p><p><strong><span style=\"color: #0000ff\">&#8211; Plan digitalizaci\u00f3n de nuestro centro.<\/span><\/strong><\/p><p><strong><span style=\"color: #0000ff\">&#8211; Protocolo de seguimiento docencia online.<\/span><\/strong><\/p>\t\t\t\t\t\t\t\t<\/div>\n\t\t\t\t<\/div>\n\t\t\t\t\t<\/div>\n\t\t<\/div>\n\t\t\t\t\t<\/div>\n\t\t<\/section>\n\t\t\t\t<section class=\"elementor-section elementor-top-section elementor-element elementor-element-4fb8847 elementor-section-boxed elementor-section-height-default elementor-section-height-default\" data-id=\"4fb8847\" data-element_type=\"section\">\n\t\t\t\t\t\t<div class=\"elementor-container elementor-column-gap-default\">\n\t\t\t\t\t<div class=\"elementor-column elementor-col-50 elementor-top-column elementor-element elementor-element-a8fb30e\" data-id=\"a8fb30e\" data-element_type=\"column\">\n\t\t\t<div class=\"elementor-widget-wrap elementor-element-populated\">\n\t\t\t\t\t\t<div class=\"elementor-element elementor-element-68f5648 elementor-widget elementor-widget-html\" data-id=\"68f5648\" data-element_type=\"widget\" data-widget_type=\"html.default\">\n\t\t\t\t<div class=\"elementor-widget-container\">\n\t\t\t\t\t<iframe src=\"https:\/\/drive.google.com\/file\/d\/1RhlplC-caEmwpi6LuxOyPMdclmHZyfAY\/preview\" width=\"640\" height=\"400\"><\/iframe>\t\t\t\t<\/div>\n\t\t\t\t<\/div>\n\t\t\t\t\t<\/div>\n\t\t<\/div>\n\t\t\t\t<div class=\"elementor-column elementor-col-50 elementor-top-column elementor-element elementor-element-0f5be9d\" data-id=\"0f5be9d\" data-element_type=\"column\">\n\t\t\t<div class=\"elementor-widget-wrap elementor-element-populated\">\n\t\t\t\t\t\t<div class=\"elementor-element elementor-element-55d21a6 elementor-widget elementor-widget-html\" data-id=\"55d21a6\" data-element_type=\"widget\" data-widget_type=\"html.default\">\n\t\t\t\t<div class=\"elementor-widget-container\">\n\t\t\t\t\t<iframe src=\"https:\/\/drive.google.com\/file\/d\/1P2w_6DT6IrLpeo1noulBfCvoVK1jt1EV\/preview\" width=\"640\" height=\"400\"><\/iframe>\t\t\t\t<\/div>\n\t\t\t\t<\/div>\n\t\t\t\t\t<\/div>\n\t\t<\/div>\n\t\t\t\t\t<\/div>\n\t\t<\/section>\n\t\t\t\t<section class=\"elementor-section elementor-top-section elementor-element elementor-element-b333a83 elementor-section-boxed elementor-section-height-default elementor-section-height-default\" data-id=\"b333a83\" data-element_type=\"section\">\n\t\t\t\t\t\t<div class=\"elementor-container elementor-column-gap-default\">\n\t\t\t\t\t<div class=\"elementor-column elementor-col-100 elementor-top-column elementor-element elementor-element-b0cb627\" data-id=\"b0cb627\" data-element_type=\"column\">\n\t\t\t<div class=\"elementor-widget-wrap elementor-element-populated\">\n\t\t\t\t\t\t<div class=\"elementor-element elementor-element-46f6ec8 elementor-widget-divider--view-line elementor-widget elementor-widget-divider\" data-id=\"46f6ec8\" data-element_type=\"widget\" data-widget_type=\"divider.default\">\n\t\t\t\t<div class=\"elementor-widget-container\">\n\t\t\t\t\t\t\t<div class=\"elementor-divider\">\n\t\t\t<span class=\"elementor-divider-separator\">\n\t\t\t\t\t\t<\/span>\n\t\t<\/div>\n\t\t\t\t\t\t<\/div>\n\t\t\t\t<\/div>\n\t\t\t\t\t<\/div>\n\t\t<\/div>\n\t\t\t\t\t<\/div>\n\t\t<\/section>\n\t\t\t\t<section class=\"elementor-section elementor-top-section elementor-element elementor-element-793ea91 elementor-section-boxed elementor-section-height-default elementor-section-height-default\" data-id=\"793ea91\" data-element_type=\"section\">\n\t\t\t\t\t\t<div class=\"elementor-container elementor-column-gap-default\">\n\t\t\t\t\t<div class=\"elementor-column elementor-col-100 elementor-top-column elementor-element elementor-element-ab6def2\" data-id=\"ab6def2\" data-element_type=\"column\">\n\t\t\t<div class=\"elementor-widget-wrap elementor-element-populated\">\n\t\t\t\t\t\t<div class=\"elementor-element elementor-element-eccdf67 elementor-widget elementor-widget-html\" data-id=\"eccdf67\" data-element_type=\"widget\" data-widget_type=\"html.default\">\n\t\t\t\t<div class=\"elementor-widget-container\">\n\t\t\t\t\t<div style=\"width: 100%\"><div style=\"padding-bottom: 50.00%;padding-top: 0;height: 0\"><iframe frameborder=\"0\" width=\"1600\" height=\"500\" src=\"https:\/\/view.genial.ly\/63851b455b4c3c0018360cd7\" scrolling=\"yes\"><\/iframe> <\/div> <\/div>\t\t\t\t<\/div>\n\t\t\t\t<\/div>\n\t\t\t\t\t<\/div>\n\t\t<\/div>\n\t\t\t\t\t<\/div>\n\t\t<\/section>\n\t\t\t\t<\/div>\n\t\t","protected":false},"excerpt":{"rendered":"<p>Lorem fistrum por la gloria de mi madre esse jarl aliqua llevame al sircoo. De la pradera ullamco qu\u00e9 dise usteer est\u00e1 la cosa muy malar. Qu\u00e9 es TDE \u00bb Transformaci\u00f3n digital docente\u00bb V\u00eddeo&#46;&#46;&#46;<\/p>\n","protected":false},"author":12204,"featured_media":0,"parent":44,"menu_order":0,"comment_status":"open","ping_status":"closed","template":"","meta":{"ngg_post_thumbnail":0,"footnotes":""},"aioseo_notices":[],"_links":{"self":[{"href":"https:\/\/blogsaverroes.juntadeandalucia.es\/cepercehel2\/wp-json\/wp\/v2\/pages\/359"}],"collection":[{"href":"https:\/\/blogsaverroes.juntadeandalucia.es\/cepercehel2\/wp-json\/wp\/v2\/pages"}],"about":[{"href":"https:\/\/blogsaverroes.juntadeandalucia.es\/cepercehel2\/wp-json\/wp\/v2\/types\/page"}],"author":[{"embeddable":true,"href":"https:\/\/blogsaverroes.juntadeandalucia.es\/cepercehel2\/wp-json\/wp\/v2\/users\/12204"}],"replies":[{"embeddable":true,"href":"https:\/\/blogsaverroes.juntadeandalucia.es\/cepercehel2\/wp-json\/wp\/v2\/comments?post=359"}],"version-history":[{"count":61,"href":"https:\/\/blogsaverroes.juntadeandalucia.es\/cepercehel2\/wp-json\/wp\/v2\/pages\/359\/revisions"}],"predecessor-version":[{"id":4813,"href":"https:\/\/blogsaverroes.juntadeandalucia.es\/cepercehel2\/wp-json\/wp\/v2\/pages\/359\/revisions\/4813"}],"up":[{"embeddable":true,"href":"https:\/\/blogsaverroes.juntadeandalucia.es\/cepercehel2\/wp-json\/wp\/v2\/pages\/44"}],"wp:attachment":[{"href":"https:\/\/blogsaverroes.juntadeandalucia.es\/cepercehel2\/wp-json\/wp\/v2\/media?parent=359"}],"curies":[{"name":"wp","href":"https:\/\/api.w.org\/{rel}","templated":true}]}}