{"id":369,"date":"2015-03-18T10:25:18","date_gmt":"2015-03-18T10:25:18","guid":{"rendered":"http:\/\/blogsaverroes.juntadeandalucia.es\/pre\/ceip\/?page_id=369"},"modified":"2022-12-15T05:50:09","modified_gmt":"2022-12-15T05:50:09","slug":"materiales-recursos-2","status":"publish","type":"page","link":"https:\/\/blogsaverroes.juntadeandalucia.es\/cepercehel2\/planes-y-proyectos\/materiales-recursos-2\/","title":{"rendered":"Plan igualdad I"},"content":{"rendered":"<h4><a href=\"http:\/\/agrega.juntadeandalucia.es\/visualizar\/es\/es-an_2010110313_9101154\/true\" target=\"_blank\" rel=\"noopener noreferrer\">Sociedad y medio ambiente. Un espacio compartido: Estudio estad\u00edstico<\/a><\/h4>\n<p><a href=\"http:\/\/agrega.juntadeandalucia.es\/visualizar\/es\/es-an_2010110313_9101154\/true\" target=\"_blank\" rel=\"noopener noreferrer\"><img fetchpriority=\"high\" decoding=\"async\" class=\" size-medium wp-image-2137 alignleft\" src=\"http:\/\/blogsaverroes.juntadeandalucia.es\/temahuemanies\/files\/2015\/03\/matematicas01-300x211.png\" alt=\"matematicas01\" width=\"300\" height=\"211\"><\/a><\/p>\n<p>Cuando vemos en televisi\u00f3n <b>noticias relacionadas con el medio ambiente<\/b>, o cuando las leemos en los peri\u00f3dicos o en las revistas, casi siempre vienen acompa\u00f1adas de <b>gr\u00e1ficos <\/b>extra\u00f1os&#8230;<strong> De cifras<\/strong><\/p>\n<p>&nbsp;<\/p>\n<p>&nbsp;<\/p>\n<p>&nbsp;<\/p>\n<h4><a href=\"http:\/\/agrega.juntadeandalucia.es\/visualizar\/es\/es-an_2010070613_9112123\/true\" target=\"_blank\" rel=\"noopener noreferrer\">Cifras y letras: H\u00e1gase el n\u00famero<\/a><\/h4>\n<p><a href=\"http:\/\/agrega.juntadeandalucia.es\/visualizar\/es\/es-an_2010070613_9112123\/true\" target=\"_blank\" rel=\"noopener noreferrer\"><img decoding=\"async\" class=\" size-medium wp-image-2140 alignleft\" src=\"http:\/\/blogsaverroes.juntadeandalucia.es\/temahuemanies\/files\/2015\/03\/matematicas02-241x300.jpg\" alt=\"matematicas02\" width=\"241\" height=\"300\"><\/a><\/p>\n<p>La realidad en la que vivimos est\u00e1 regida por n\u00fameros: nos despiertan, nos marcan l\u00edmites, nos indican d\u00f3nde ir, cu\u00e1ndo marcharnos, c\u00f3mo cocinar, nos comparan y valoran,&#8230;<\/p>\n<p>Aunque hoy en d\u00eda esta afirmaci\u00f3n la asumamos sin problemas, la situaci\u00f3n era muy diferente en el mundo antiguo. La noci\u00f3n de n\u00famero nace como una idea casi metaf\u00edsica, y a medida que el hombre va evolucionando los n\u00fameros se van desarrollando para ayudar a responder a los retos de cada momento.<\/p>\n<p>Pit\u00e1goras fue el primer matem\u00e1tico en explorar el mundo de los n\u00fameros. Para \u00e9l, <em>\u00abtodo es n\u00famero\u00bb<\/em>, ya que consideraba que filosof\u00eda, naturaleza y matem\u00e1ticas estaban muy entrelazadas.<\/p>\n<p>Con el transcurso del tiempo, los n\u00fameros naturales se ampliaron con los negativos, con el cero, con los n\u00fameros racionales, los irracionales&#8230; hasta constituir una estructura b\u00e1sica s\u00f3lida en la que se basa la matem\u00e1tica actual.<\/p>\n","protected":false},"excerpt":{"rendered":"<p>Sociedad y medio ambiente. Un espacio compartido: Estudio estad\u00edstico Cuando vemos en televisi\u00f3n noticias relacionadas con el medio ambiente, o cuando las leemos en los peri\u00f3dicos o en las revistas, casi siempre vienen acompa\u00f1adas&#46;&#46;&#46;<\/p>\n","protected":false},"author":12204,"featured_media":0,"parent":44,"menu_order":0,"comment_status":"open","ping_status":"open","template":"","meta":{"ngg_post_thumbnail":0,"footnotes":""},"aioseo_notices":[],"_links":{"self":[{"href":"https:\/\/blogsaverroes.juntadeandalucia.es\/cepercehel2\/wp-json\/wp\/v2\/pages\/369"}],"collection":[{"href":"https:\/\/blogsaverroes.juntadeandalucia.es\/cepercehel2\/wp-json\/wp\/v2\/pages"}],"about":[{"href":"https:\/\/blogsaverroes.juntadeandalucia.es\/cepercehel2\/wp-json\/wp\/v2\/types\/page"}],"author":[{"embeddable":true,"href":"https:\/\/blogsaverroes.juntadeandalucia.es\/cepercehel2\/wp-json\/wp\/v2\/users\/12204"}],"replies":[{"embeddable":true,"href":"https:\/\/blogsaverroes.juntadeandalucia.es\/cepercehel2\/wp-json\/wp\/v2\/comments?post=369"}],"version-history":[{"count":2,"href":"https:\/\/blogsaverroes.juntadeandalucia.es\/cepercehel2\/wp-json\/wp\/v2\/pages\/369\/revisions"}],"predecessor-version":[{"id":4764,"href":"https:\/\/blogsaverroes.juntadeandalucia.es\/cepercehel2\/wp-json\/wp\/v2\/pages\/369\/revisions\/4764"}],"up":[{"embeddable":true,"href":"https:\/\/blogsaverroes.juntadeandalucia.es\/cepercehel2\/wp-json\/wp\/v2\/pages\/44"}],"wp:attachment":[{"href":"https:\/\/blogsaverroes.juntadeandalucia.es\/cepercehel2\/wp-json\/wp\/v2\/media?parent=369"}],"curies":[{"name":"wp","href":"https:\/\/api.w.org\/{rel}","templated":true}]}}