{"id":375,"date":"2015-03-18T10:26:09","date_gmt":"2015-03-18T10:26:09","guid":{"rendered":"http:\/\/blogsaverroes.juntadeandalucia.es\/pre\/ceip\/?page_id=375"},"modified":"2015-03-18T10:26:09","modified_gmt":"2015-03-18T10:26:09","slug":"materiales-recursos","status":"publish","type":"page","link":"https:\/\/blogsaverroes.juntadeandalucia.es\/cepercehelerasmus\/materiales-recursos\/","title":{"rendered":"Proyectos Grundtvig"},"content":{"rendered":"\t\t<div data-elementor-type=\"wp-page\" data-elementor-id=\"375\" class=\"elementor elementor-375\">\n\t\t\t\t\t\t<section class=\"elementor-section elementor-top-section elementor-element elementor-element-43c392c elementor-section-boxed elementor-section-height-default elementor-section-height-default\" data-id=\"43c392c\" data-element_type=\"section\">\n\t\t\t\t\t\t<div class=\"elementor-container elementor-column-gap-default\">\n\t\t\t\t\t<div class=\"elementor-column elementor-col-100 elementor-top-column elementor-element elementor-element-87895d9\" data-id=\"87895d9\" data-element_type=\"column\">\n\t\t\t<div class=\"elementor-widget-wrap elementor-element-populated\">\n\t\t\t\t\t\t<div class=\"elementor-element elementor-element-ceacf01 elementor-widget elementor-widget-heading\" data-id=\"ceacf01\" data-element_type=\"widget\" data-widget_type=\"heading.default\">\n\t\t\t\t<div class=\"elementor-widget-container\">\n\t\t\t\t\t<h2 class=\"elementor-heading-title elementor-size-default\">Proyectos Grundtvig.- <\/h2>\t\t\t\t<\/div>\n\t\t\t\t<\/div>\n\t\t\t\t\t<\/div>\n\t\t<\/div>\n\t\t\t\t\t<\/div>\n\t\t<\/section>\n\t\t\t\t<section class=\"elementor-section elementor-top-section elementor-element elementor-element-ddc59f5 elementor-section-boxed elementor-section-height-default elementor-section-height-default\" data-id=\"ddc59f5\" data-element_type=\"section\">\n\t\t\t\t\t\t<div class=\"elementor-container elementor-column-gap-default\">\n\t\t\t\t\t<div class=\"elementor-column elementor-col-100 elementor-top-column elementor-element elementor-element-5c93b35\" data-id=\"5c93b35\" data-element_type=\"column\">\n\t\t\t<div class=\"elementor-widget-wrap elementor-element-populated\">\n\t\t\t\t\t\t<div class=\"elementor-element elementor-element-66cb6bc elementor-widget elementor-widget-text-editor\" data-id=\"66cb6bc\" data-element_type=\"widget\" data-widget_type=\"text-editor.default\">\n\t\t\t\t<div class=\"elementor-widget-container\">\n\t\t\t\t\t\t\t\t\t<p>En esta p\u00e1gina os vamos a presentar los proyectos Grundtvig que han realizado en nuestro centro durante los cursos 2003 &#8211; 2015<\/p>\t\t\t\t\t\t\t\t<\/div>\n\t\t\t\t<\/div>\n\t\t\t\t\t<\/div>\n\t\t<\/div>\n\t\t\t\t\t<\/div>\n\t\t<\/section>\n\t\t\t\t<section class=\"elementor-section elementor-top-section elementor-element elementor-element-1bf200a elementor-section-boxed elementor-section-height-default elementor-section-height-default\" data-id=\"1bf200a\" data-element_type=\"section\">\n\t\t\t\t\t\t<div class=\"elementor-container elementor-column-gap-default\">\n\t\t\t\t\t<div class=\"elementor-column elementor-col-100 elementor-top-column elementor-element elementor-element-8a2688b\" data-id=\"8a2688b\" data-element_type=\"column\">\n\t\t\t<div class=\"elementor-widget-wrap elementor-element-populated\">\n\t\t\t\t\t\t<div class=\"elementor-element elementor-element-9692be0 elementor-widget elementor-widget-heading\" data-id=\"9692be0\" data-element_type=\"widget\" data-widget_type=\"heading.default\">\n\t\t\t\t<div class=\"elementor-widget-container\">\n\t\t\t\t\t<h2 class=\"elementor-heading-title elementor-size-default\">Abriendo puertas.- <\/h2>\t\t\t\t<\/div>\n\t\t\t\t<\/div>\n\t\t\t\t\t<\/div>\n\t\t<\/div>\n\t\t\t\t\t<\/div>\n\t\t<\/section>\n\t\t\t\t<section class=\"elementor-section elementor-top-section elementor-element elementor-element-7dbe1eb elementor-section-boxed elementor-section-height-default elementor-section-height-default\" data-id=\"7dbe1eb\" data-element_type=\"section\">\n\t\t\t\t\t\t<div class=\"elementor-container elementor-column-gap-default\">\n\t\t\t\t\t<div class=\"elementor-column elementor-col-33 elementor-top-column elementor-element elementor-element-01f7769\" data-id=\"01f7769\" data-element_type=\"column\">\n\t\t\t<div class=\"elementor-widget-wrap elementor-element-populated\">\n\t\t\t\t\t\t<div class=\"elementor-element elementor-element-79aad66 elementor-widget elementor-widget-image\" data-id=\"79aad66\" data-element_type=\"widget\" data-widget_type=\"image.default\">\n\t\t\t\t<div class=\"elementor-widget-container\">\n\t\t\t\t\t\t\t\t\t\t\t\t\t\t\t<img decoding=\"async\" width=\"135\" height=\"175\" src=\"https:\/\/blogsaverroes.juntadeandalucia.es\/cepercehelerasmus\/files\/2022\/11\/abriendo-puertas-logo-final-241113-copy.gif\" class=\"attachment-large size-large wp-image-3004\" alt=\"\" \/>\t\t\t\t\t\t\t\t\t\t\t\t\t\t\t<\/div>\n\t\t\t\t<\/div>\n\t\t\t\t\t<\/div>\n\t\t<\/div>\n\t\t\t\t<div class=\"elementor-column elementor-col-66 elementor-top-column elementor-element elementor-element-4eb97a6\" data-id=\"4eb97a6\" data-element_type=\"column\">\n\t\t\t<div class=\"elementor-widget-wrap elementor-element-populated\">\n\t\t\t\t\t\t<div class=\"elementor-element elementor-element-ce1c1bf elementor-widget elementor-widget-text-editor\" data-id=\"ce1c1bf\" data-element_type=\"widget\" data-widget_type=\"text-editor.default\">\n\t\t\t\t<div class=\"elementor-widget-container\">\n\t\t\t\t\t\t\t\t\t<p>Nuestro proyecto significa trabajar en colaboraci\u00f3n en la realizaci\u00f3n de activid. y productos con el fin de desarrollar diferentes competencias en el alumnado: ling\u00fc\u00edstica, digital, interacci\u00f3n con el medio y ciudadana, la cultural. Al mismo tiempo pretendemos reforzar las estrategias de aprendizaje que configura la competencia de aprender a aprender que debe de acompa\u00f1arnos durante toda nuestra vida. Veremos en qu\u00e9 medida las TICs favorecen el desarrollo de la autonom\u00eda del alumnado en el aprendizaje de una L1, L2 y LS.<\/p>\t\t\t\t\t\t\t\t<\/div>\n\t\t\t\t<\/div>\n\t\t\t\t\t<\/div>\n\t\t<\/div>\n\t\t\t\t\t<\/div>\n\t\t<\/section>\n\t\t\t\t<section class=\"elementor-section elementor-top-section elementor-element elementor-element-7710198 elementor-section-boxed elementor-section-height-default elementor-section-height-default\" data-id=\"7710198\" data-element_type=\"section\">\n\t\t\t\t\t\t<div class=\"elementor-container elementor-column-gap-default\">\n\t\t\t\t\t<div class=\"elementor-column elementor-col-100 elementor-top-column elementor-element elementor-element-8f8a846\" data-id=\"8f8a846\" data-element_type=\"column\">\n\t\t\t<div class=\"elementor-widget-wrap elementor-element-populated\">\n\t\t\t\t\t\t<div class=\"elementor-element elementor-element-9c8b84c elementor-widget elementor-widget-heading\" data-id=\"9c8b84c\" data-element_type=\"widget\" data-widget_type=\"heading.default\">\n\t\t\t\t<div class=\"elementor-widget-container\">\n\t\t\t\t\t<h2 class=\"elementor-heading-title elementor-size-default\">Babeltic.- Segundas lenguas y nuevas tecnolog\u00edas.<\/h2>\t\t\t\t<\/div>\n\t\t\t\t<\/div>\n\t\t\t\t\t<\/div>\n\t\t<\/div>\n\t\t\t\t\t<\/div>\n\t\t<\/section>\n\t\t\t\t<section class=\"elementor-section elementor-top-section elementor-element elementor-element-684606f elementor-section-boxed elementor-section-height-default elementor-section-height-default\" data-id=\"684606f\" data-element_type=\"section\">\n\t\t\t\t\t\t<div class=\"elementor-container elementor-column-gap-default\">\n\t\t\t\t\t<div class=\"elementor-column elementor-col-66 elementor-top-column elementor-element elementor-element-add082b\" data-id=\"add082b\" data-element_type=\"column\">\n\t\t\t<div class=\"elementor-widget-wrap elementor-element-populated\">\n\t\t\t\t\t\t<div class=\"elementor-element elementor-element-cbdd1f9 elementor-widget elementor-widget-text-editor\" data-id=\"cbdd1f9\" data-element_type=\"widget\" data-widget_type=\"text-editor.default\">\n\t\t\t\t<div class=\"elementor-widget-container\">\n\t\t\t\t\t\t\t\t\t<p>Nuestro proyecto pretende integrar tres conceptos important\u00edsimos en la sociedad y educaci\u00f3n actual: Nuevas tecnolog\u00edas (Tics), Ense\u00f1anza de segundas lenguas y cultura. La ense\u00f1anza de segundas lenguas ha visto como en los \u00faltimos a\u00f1os las Tics han contribuido a desarrollar una nueva metodolog\u00eda comunicativa. Nuestra intenci\u00f3n es utilizar, aprender y aprovechar las ventajas de estas modernas herramientas inform\u00e1ticas para el proceso de ense\u00f1anza-aprendizaje de las lenguas, y elaborar nuevo material.<\/p>\t\t\t\t\t\t\t\t<\/div>\n\t\t\t\t<\/div>\n\t\t\t\t\t<\/div>\n\t\t<\/div>\n\t\t\t\t<div class=\"elementor-column elementor-col-33 elementor-top-column elementor-element elementor-element-a8a1ead\" data-id=\"a8a1ead\" data-element_type=\"column\">\n\t\t\t<div class=\"elementor-widget-wrap elementor-element-populated\">\n\t\t\t\t\t\t<div class=\"elementor-element elementor-element-07a4ecc elementor-widget elementor-widget-image\" data-id=\"07a4ecc\" data-element_type=\"widget\" data-widget_type=\"image.default\">\n\t\t\t\t<div class=\"elementor-widget-container\">\n\t\t\t\t\t\t\t\t\t\t\t\t\t\t\t<img decoding=\"async\" width=\"174\" height=\"153\" src=\"https:\/\/blogsaverroes.juntadeandalucia.es\/cepercehelerasmus\/files\/2022\/11\/babeltic.jpg\" class=\"attachment-large size-large wp-image-3011\" alt=\"\" \/>\t\t\t\t\t\t\t\t\t\t\t\t\t\t\t<\/div>\n\t\t\t\t<\/div>\n\t\t\t\t\t<\/div>\n\t\t<\/div>\n\t\t\t\t\t<\/div>\n\t\t<\/section>\n\t\t\t\t<section class=\"elementor-section elementor-top-section elementor-element elementor-element-3fa0cfe elementor-section-boxed elementor-section-height-default elementor-section-height-default\" data-id=\"3fa0cfe\" data-element_type=\"section\">\n\t\t\t\t\t\t<div class=\"elementor-container elementor-column-gap-default\">\n\t\t\t\t\t<div class=\"elementor-column elementor-col-100 elementor-top-column elementor-element elementor-element-6f185ca\" data-id=\"6f185ca\" data-element_type=\"column\">\n\t\t\t<div class=\"elementor-widget-wrap elementor-element-populated\">\n\t\t\t\t\t\t<div class=\"elementor-element elementor-element-5eb58a1 elementor-widget elementor-widget-heading\" data-id=\"5eb58a1\" data-element_type=\"widget\" data-widget_type=\"heading.default\">\n\t\t\t\t<div class=\"elementor-widget-container\">\n\t\t\t\t\t<h2 class=\"elementor-heading-title elementor-size-default\">Un puente entre mayores.- <\/h2>\t\t\t\t<\/div>\n\t\t\t\t<\/div>\n\t\t\t\t\t<\/div>\n\t\t<\/div>\n\t\t\t\t\t<\/div>\n\t\t<\/section>\n\t\t\t\t<section class=\"elementor-section elementor-top-section elementor-element elementor-element-8b24f17 elementor-section-boxed elementor-section-height-default elementor-section-height-default\" data-id=\"8b24f17\" data-element_type=\"section\">\n\t\t\t\t\t\t<div class=\"elementor-container elementor-column-gap-default\">\n\t\t\t\t\t<div class=\"elementor-column elementor-col-33 elementor-top-column elementor-element elementor-element-6060616\" data-id=\"6060616\" data-element_type=\"column\">\n\t\t\t<div class=\"elementor-widget-wrap elementor-element-populated\">\n\t\t\t\t\t\t<div class=\"elementor-element elementor-element-731ca0b elementor-widget elementor-widget-image\" data-id=\"731ca0b\" data-element_type=\"widget\" data-widget_type=\"image.default\">\n\t\t\t\t<div class=\"elementor-widget-container\">\n\t\t\t\t\t\t\t\t\t\t\t\t\t\t\t<img fetchpriority=\"high\" decoding=\"async\" width=\"248\" height=\"203\" src=\"https:\/\/blogsaverroes.juntadeandalucia.es\/cepercehelerasmus\/files\/2022\/11\/Un-puente-entre-mayores.jpg\" class=\"attachment-large size-large wp-image-3245\" alt=\"\" \/>\t\t\t\t\t\t\t\t\t\t\t\t\t\t\t<\/div>\n\t\t\t\t<\/div>\n\t\t\t\t\t<\/div>\n\t\t<\/div>\n\t\t\t\t<div class=\"elementor-column elementor-col-66 elementor-top-column elementor-element elementor-element-4b958f4\" data-id=\"4b958f4\" data-element_type=\"column\">\n\t\t\t<div class=\"elementor-widget-wrap elementor-element-populated\">\n\t\t\t\t\t\t<div class=\"elementor-element elementor-element-2909fc2 elementor-widget elementor-widget-text-editor\" data-id=\"2909fc2\" data-element_type=\"widget\" data-widget_type=\"text-editor.default\">\n\t\t\t\t<div class=\"elementor-widget-container\">\n\t\t\t\t\t\t\t\t\t<p>Nuestro proyecto es una apuesta firme y decidida por la integraci\u00f3n de las personas inmigrantes que eligen nuestra tierra para vivir y trabajar. Por ello debemos planificar y programar una serie de actuaciones precisas y concretas en los diferentes \u00e1mbitos de intervenci\u00f3n de nuestro marco competencial, en concordancia con las Pol\u00edticas Nacionales y de la Uni\u00f3n Europea en materia de integraci\u00f3n social de inmigrantes.<\/p>\t\t\t\t\t\t\t\t<\/div>\n\t\t\t\t<\/div>\n\t\t\t\t\t<\/div>\n\t\t<\/div>\n\t\t\t\t\t<\/div>\n\t\t<\/section>\n\t\t\t\t<section class=\"elementor-section elementor-top-section elementor-element elementor-element-c7aaae9 elementor-section-boxed elementor-section-height-default elementor-section-height-default\" data-id=\"c7aaae9\" data-element_type=\"section\">\n\t\t\t\t\t\t<div class=\"elementor-container elementor-column-gap-default\">\n\t\t\t\t\t<div class=\"elementor-column elementor-col-100 elementor-top-column elementor-element elementor-element-9d747e4\" data-id=\"9d747e4\" data-element_type=\"column\">\n\t\t\t<div class=\"elementor-widget-wrap elementor-element-populated\">\n\t\t\t\t\t\t<div class=\"elementor-element elementor-element-a3742df elementor-widget elementor-widget-heading\" data-id=\"a3742df\" data-element_type=\"widget\" data-widget_type=\"heading.default\">\n\t\t\t\t<div class=\"elementor-widget-container\">\n\t\t\t\t\t<h2 class=\"elementor-heading-title elementor-size-default\">Enfoque multiling\u00fce y cultural en la ense\u00f1anza de lengua<\/h2>\t\t\t\t<\/div>\n\t\t\t\t<\/div>\n\t\t\t\t\t<\/div>\n\t\t<\/div>\n\t\t\t\t\t<\/div>\n\t\t<\/section>\n\t\t\t\t<section class=\"elementor-section elementor-top-section elementor-element elementor-element-9d70611 elementor-section-boxed elementor-section-height-default elementor-section-height-default\" data-id=\"9d70611\" data-element_type=\"section\">\n\t\t\t\t\t\t<div class=\"elementor-container elementor-column-gap-default\">\n\t\t\t\t\t<div class=\"elementor-column elementor-col-66 elementor-top-column elementor-element elementor-element-79264af\" data-id=\"79264af\" data-element_type=\"column\">\n\t\t\t<div class=\"elementor-widget-wrap elementor-element-populated\">\n\t\t\t\t\t\t<div class=\"elementor-element elementor-element-9c0ce36 elementor-widget elementor-widget-text-editor\" data-id=\"9c0ce36\" data-element_type=\"widget\" data-widget_type=\"text-editor.default\">\n\t\t\t\t<div class=\"elementor-widget-container\">\n\t\t\t\t\t\t\t\t\t<p id=\"u13116-2\"><span style=\"color: #0000ff\"><strong><span id=\"u13116\">Objetivos.-<\/span><\/strong><\/span><\/p><p id=\"u13116-5\">&#8211; Aumentar la tolerancia, el respeto y la comprensi\u00f3n entre los pa\u00edses europeos y hacia las minor\u00edas y los inmigrantes teniendo en cuenta el pluralismo cultural.<\/p><p id=\"u13116-8\">&#8211; Se\u00f1alar que la mejora de los conocimientos culturales y el aprendizaje de las lenguas son dos de las tareas m\u00e1s importantes para garantizar una mejor comprensi\u00f3n, paz y libertad en Europa<\/p><p id=\"u13116-11\">&#8211; Considerar problemas especiales en la ense\u00f1anza de idiomas a inmigrantes de diferentes or\u00edgenes culturales.<\/p><p id=\"u13116-14\">&#8211; Ofrecer a los profesores de idiomas informaci\u00f3n y material para la ense\u00f1anza a los ciudadanos de la UE, a los inmigrantes ya las minor\u00edas<\/p><p id=\"u13116-17\">&#8211; Enfatizar el papel de las escuelas en todos los niveles para aumentar el entendimiento entre diferentes culturas<\/p><p id=\"u13116-20\">&#8211; Luchar contra la xenofobia y aumentar el respeto por los diferentes pueblos y culturas.<\/p>\t\t\t\t\t\t\t\t<\/div>\n\t\t\t\t<\/div>\n\t\t\t\t\t<\/div>\n\t\t<\/div>\n\t\t\t\t<div class=\"elementor-column elementor-col-33 elementor-top-column elementor-element elementor-element-55eaeb6\" data-id=\"55eaeb6\" data-element_type=\"column\">\n\t\t\t<div class=\"elementor-widget-wrap elementor-element-populated\">\n\t\t\t\t\t\t<div class=\"elementor-element elementor-element-5028e33 elementor-widget elementor-widget-image\" data-id=\"5028e33\" data-element_type=\"widget\" data-widget_type=\"image.default\">\n\t\t\t\t<div class=\"elementor-widget-container\">\n\t\t\t\t\t\t\t\t\t\t\t\t\t\t\t<img loading=\"lazy\" decoding=\"async\" width=\"360\" height=\"202\" src=\"https:\/\/blogsaverroes.juntadeandalucia.es\/cepercehelerasmus\/files\/2022\/11\/ilup.jpg\" class=\"attachment-large size-large wp-image-3015\" alt=\"\" srcset=\"https:\/\/blogsaverroes.juntadeandalucia.es\/cepercehelerasmus\/files\/2022\/11\/ilup.jpg 360w, https:\/\/blogsaverroes.juntadeandalucia.es\/cepercehelerasmus\/files\/2022\/11\/ilup-300x168.jpg 300w\" sizes=\"(max-width: 360px) 100vw, 360px\" \/>\t\t\t\t\t\t\t\t\t\t\t\t\t\t\t<\/div>\n\t\t\t\t<\/div>\n\t\t\t\t\t<\/div>\n\t\t<\/div>\n\t\t\t\t\t<\/div>\n\t\t<\/section>\n\t\t\t\t<\/div>\n\t\t","protected":false},"excerpt":{"rendered":"<p>Proyectos Grundtvig.- En esta p\u00e1gina os vamos a presentar los proyectos Grundtvig que han realizado en nuestro centro durante los cursos 2003 &#8211; 2015 Abriendo puertas.- Nuestro proyecto significa trabajar en colaboraci\u00f3n en la&#46;&#46;&#46;<\/p>\n","protected":false},"author":12204,"featured_media":0,"parent":0,"menu_order":0,"comment_status":"open","ping_status":"open","template":"page-templates\/child-menu.php","meta":{"ngg_post_thumbnail":0,"footnotes":""},"aioseo_notices":[],"_links":{"self":[{"href":"https:\/\/blogsaverroes.juntadeandalucia.es\/cepercehelerasmus\/wp-json\/wp\/v2\/pages\/375"}],"collection":[{"href":"https:\/\/blogsaverroes.juntadeandalucia.es\/cepercehelerasmus\/wp-json\/wp\/v2\/pages"}],"about":[{"href":"https:\/\/blogsaverroes.juntadeandalucia.es\/cepercehelerasmus\/wp-json\/wp\/v2\/types\/page"}],"author":[{"embeddable":true,"href":"https:\/\/blogsaverroes.juntadeandalucia.es\/cepercehelerasmus\/wp-json\/wp\/v2\/users\/12204"}],"replies":[{"embeddable":true,"href":"https:\/\/blogsaverroes.juntadeandalucia.es\/cepercehelerasmus\/wp-json\/wp\/v2\/comments?post=375"}],"version-history":[{"count":0,"href":"https:\/\/blogsaverroes.juntadeandalucia.es\/cepercehelerasmus\/wp-json\/wp\/v2\/pages\/375\/revisions"}],"wp:attachment":[{"href":"https:\/\/blogsaverroes.juntadeandalucia.es\/cepercehelerasmus\/wp-json\/wp\/v2\/media?parent=375"}],"curies":[{"name":"wp","href":"https:\/\/api.w.org\/{rel}","templated":true}]}}