{"id":562,"date":"2021-12-25T21:11:32","date_gmt":"2021-12-25T20:11:32","guid":{"rendered":"https:\/\/blogsaverroes.juntadeandalucia.es\/cepercerromacareno\/?page_id=562"},"modified":"2022-04-15T11:42:18","modified_gmt":"2022-04-15T10:42:18","slug":"ensenanzas","status":"publish","type":"page","link":"https:\/\/blogsaverroes.juntadeandalucia.es\/cepercerromacareno\/ensenanzas\/","title":{"rendered":"Ense\u00f1anzas"},"content":{"rendered":"<p><iframe loading=\"lazy\" title=\"\u00bfEs m\u00e1s dif\u00edcil aprender de adultos? Mariano Sigman, neurocient\u00edfico\" width=\"500\" height=\"281\" src=\"https:\/\/www.youtube.com\/embed\/bFrSwbhe8Bo?feature=oembed&#038;wmode=opaque\" frameborder=\"0\" allow=\"accelerometer; autoplay; clipboard-write; encrypted-media; gyroscope; picture-in-picture\" allowfullscreen><\/iframe><\/p>\n","protected":false},"excerpt":{"rendered":"","protected":false},"author":13393,"featured_media":0,"parent":0,"menu_order":0,"comment_status":"closed","ping_status":"closed","template":"","meta":{"ngg_post_thumbnail":0,"footnotes":""},"aioseo_notices":[],"_links":{"self":[{"href":"https:\/\/blogsaverroes.juntadeandalucia.es\/cepercerromacareno\/wp-json\/wp\/v2\/pages\/562"}],"collection":[{"href":"https:\/\/blogsaverroes.juntadeandalucia.es\/cepercerromacareno\/wp-json\/wp\/v2\/pages"}],"about":[{"href":"https:\/\/blogsaverroes.juntadeandalucia.es\/cepercerromacareno\/wp-json\/wp\/v2\/types\/page"}],"author":[{"embeddable":true,"href":"https:\/\/blogsaverroes.juntadeandalucia.es\/cepercerromacareno\/wp-json\/wp\/v2\/users\/13393"}],"replies":[{"embeddable":true,"href":"https:\/\/blogsaverroes.juntadeandalucia.es\/cepercerromacareno\/wp-json\/wp\/v2\/comments?post=562"}],"version-history":[{"count":4,"href":"https:\/\/blogsaverroes.juntadeandalucia.es\/cepercerromacareno\/wp-json\/wp\/v2\/pages\/562\/revisions"}],"predecessor-version":[{"id":687,"href":"https:\/\/blogsaverroes.juntadeandalucia.es\/cepercerromacareno\/wp-json\/wp\/v2\/pages\/562\/revisions\/687"}],"wp:attachment":[{"href":"https:\/\/blogsaverroes.juntadeandalucia.es\/cepercerromacareno\/wp-json\/wp\/v2\/media?parent=562"}],"curies":[{"name":"wp","href":"https:\/\/api.w.org\/{rel}","templated":true}]}}