{"id":576,"date":"2021-12-25T21:59:27","date_gmt":"2021-12-25T20:59:27","guid":{"rendered":"https:\/\/blogsaverroes.juntadeandalucia.es\/cepercerromacareno\/?page_id=576"},"modified":"2022-04-15T11:44:39","modified_gmt":"2022-04-15T10:44:39","slug":"el-centro-2","status":"publish","type":"page","link":"https:\/\/blogsaverroes.juntadeandalucia.es\/cepercerromacareno\/el-centro-2\/","title":{"rendered":"El Centro"},"content":{"rendered":"<p><span style=\"color: #993300\"><strong>Para tener m\u00e1s informaci\u00f3n sobre el tema de ADULTOS, <a href=\"https:\/\/www.juntadeandalucia.es\/educacion\/portals\/web\/educacion-permanente\">pincha aqu\u00ed<\/a><\/strong><\/span><\/p>\n<p style=\"text-align: center\"><img loading=\"lazy\" decoding=\"async\" class=\"alignnone wp-image-356\" src=\"https:\/\/blogsaverroes.juntadeandalucia.es\/cepercerromacareno\/files\/2020\/02\/online-3412473_1280-1024x682-1-300x200.jpg\" alt=\"\" width=\"320\" height=\"213\" srcset=\"https:\/\/blogsaverroes.juntadeandalucia.es\/cepercerromacareno\/files\/2020\/02\/online-3412473_1280-1024x682-1-300x200.jpg 300w, https:\/\/blogsaverroes.juntadeandalucia.es\/cepercerromacareno\/files\/2020\/02\/online-3412473_1280-1024x682-1-768x512.jpg 768w, https:\/\/blogsaverroes.juntadeandalucia.es\/cepercerromacareno\/files\/2020\/02\/online-3412473_1280-1024x682-1-980x653.jpg 980w, https:\/\/blogsaverroes.juntadeandalucia.es\/cepercerromacareno\/files\/2020\/02\/online-3412473_1280-1024x682-1-480x320.jpg 480w, https:\/\/blogsaverroes.juntadeandalucia.es\/cepercerromacareno\/files\/2020\/02\/online-3412473_1280-1024x682-1-24x16.jpg 24w, https:\/\/blogsaverroes.juntadeandalucia.es\/cepercerromacareno\/files\/2020\/02\/online-3412473_1280-1024x682-1-36x24.jpg 36w, https:\/\/blogsaverroes.juntadeandalucia.es\/cepercerromacareno\/files\/2020\/02\/online-3412473_1280-1024x682-1-48x32.jpg 48w, https:\/\/blogsaverroes.juntadeandalucia.es\/cepercerromacareno\/files\/2020\/02\/online-3412473_1280-1024x682-1.jpg 1024w\" sizes=\"(max-width: 320px) 100vw, 320px\" \/><\/p>\n","protected":false},"excerpt":{"rendered":"<p>Para tener m\u00e1s informaci\u00f3n sobre el tema de ADULTOS, pincha aqu\u00ed<\/p>\n","protected":false},"author":13393,"featured_media":0,"parent":0,"menu_order":0,"comment_status":"closed","ping_status":"closed","template":"","meta":{"ngg_post_thumbnail":0,"footnotes":""},"aioseo_notices":[],"_links":{"self":[{"href":"https:\/\/blogsaverroes.juntadeandalucia.es\/cepercerromacareno\/wp-json\/wp\/v2\/pages\/576"}],"collection":[{"href":"https:\/\/blogsaverroes.juntadeandalucia.es\/cepercerromacareno\/wp-json\/wp\/v2\/pages"}],"about":[{"href":"https:\/\/blogsaverroes.juntadeandalucia.es\/cepercerromacareno\/wp-json\/wp\/v2\/types\/page"}],"author":[{"embeddable":true,"href":"https:\/\/blogsaverroes.juntadeandalucia.es\/cepercerromacareno\/wp-json\/wp\/v2\/users\/13393"}],"replies":[{"embeddable":true,"href":"https:\/\/blogsaverroes.juntadeandalucia.es\/cepercerromacareno\/wp-json\/wp\/v2\/comments?post=576"}],"version-history":[{"count":8,"href":"https:\/\/blogsaverroes.juntadeandalucia.es\/cepercerromacareno\/wp-json\/wp\/v2\/pages\/576\/revisions"}],"predecessor-version":[{"id":689,"href":"https:\/\/blogsaverroes.juntadeandalucia.es\/cepercerromacareno\/wp-json\/wp\/v2\/pages\/576\/revisions\/689"}],"wp:attachment":[{"href":"https:\/\/blogsaverroes.juntadeandalucia.es\/cepercerromacareno\/wp-json\/wp\/v2\/media?parent=576"}],"curies":[{"name":"wp","href":"https:\/\/api.w.org\/{rel}","templated":true}]}}