{"id":612,"date":"2021-12-27T21:53:49","date_gmt":"2021-12-27T20:53:49","guid":{"rendered":"https:\/\/blogsaverroes.juntadeandalucia.es\/cepercerromacareno\/?page_id=612"},"modified":"2023-09-20T13:34:32","modified_gmt":"2023-09-20T12:34:32","slug":"inicio","status":"publish","type":"page","link":"https:\/\/blogsaverroes.juntadeandalucia.es\/cepercerromacareno\/","title":{"rendered":"Inicio"},"content":{"rendered":"<p style=\"text-align: center\"><img loading=\"lazy\" decoding=\"async\" class=\"alignnone wp-image-987\" src=\"https:\/\/blogsaverroes.juntadeandalucia.es\/cepercerromacareno\/files\/2023\/09\/DipticoCapacitDigital_001-300x212.jpg\" alt=\"\" width=\"500\" height=\"354\" srcset=\"https:\/\/blogsaverroes.juntadeandalucia.es\/cepercerromacareno\/files\/2023\/09\/DipticoCapacitDigital_001-300x212.jpg 300w, https:\/\/blogsaverroes.juntadeandalucia.es\/cepercerromacareno\/files\/2023\/09\/DipticoCapacitDigital_001-768x543.jpg 768w, https:\/\/blogsaverroes.juntadeandalucia.es\/cepercerromacareno\/files\/2023\/09\/DipticoCapacitDigital_001.jpg 841w\" sizes=\"(max-width: 500px) 100vw, 500px\" \/><\/p>\n<p style=\"text-align: center\"><img loading=\"lazy\" decoding=\"async\" class=\"alignnone wp-image-988\" src=\"https:\/\/blogsaverroes.juntadeandalucia.es\/cepercerromacareno\/files\/2023\/09\/DipticoCapacitDigital_002-300x212.jpg\" alt=\"\" width=\"500\" height=\"354\" srcset=\"https:\/\/blogsaverroes.juntadeandalucia.es\/cepercerromacareno\/files\/2023\/09\/DipticoCapacitDigital_002-300x212.jpg 300w, https:\/\/blogsaverroes.juntadeandalucia.es\/cepercerromacareno\/files\/2023\/09\/DipticoCapacitDigital_002-768x543.jpg 768w, https:\/\/blogsaverroes.juntadeandalucia.es\/cepercerromacareno\/files\/2023\/09\/DipticoCapacitDigital_002.jpg 841w\" sizes=\"(max-width: 500px) 100vw, 500px\" \/><\/p>\n<p style=\"text-align: center\"><img loading=\"lazy\" decoding=\"async\" class=\"alignnone wp-image-981\" src=\"https:\/\/blogsaverroes.juntadeandalucia.es\/cepercerromacareno\/files\/2023\/06\/EXPOSICI\u00d3N-invitaci\u00f3n-300x212.png\" alt=\"\" width=\"506\" height=\"358\" srcset=\"https:\/\/blogsaverroes.juntadeandalucia.es\/cepercerromacareno\/files\/2023\/06\/EXPOSICI\u00d3N-invitaci\u00f3n-300x212.png 300w, https:\/\/blogsaverroes.juntadeandalucia.es\/cepercerromacareno\/files\/2023\/06\/EXPOSICI\u00d3N-invitaci\u00f3n-768x543.png 768w, https:\/\/blogsaverroes.juntadeandalucia.es\/cepercerromacareno\/files\/2023\/06\/EXPOSICI\u00d3N-invitaci\u00f3n.png 842w\" sizes=\"(max-width: 506px) 100vw, 506px\" \/><\/p>\n<p style=\"text-align: center\"><img loading=\"lazy\" decoding=\"async\" class=\"alignnone wp-image-977\" src=\"https:\/\/blogsaverroes.juntadeandalucia.es\/cepercerromacareno\/files\/2023\/03\/dia-mujer-2023.jpg\" alt=\"\" width=\"505\" height=\"336\"><\/p>\n<div id=\"attachment_865\" style=\"width: 526px\" class=\"wp-caption aligncenter\"><a href=\"https:\/\/blogsaverroes.juntadeandalucia.es\/cepercerromacareno\/dia-de-andalucia-2023\/\"><img loading=\"lazy\" decoding=\"async\" aria-describedby=\"caption-attachment-865\" class=\"wp-image-865\" src=\"https:\/\/blogsaverroes.juntadeandalucia.es\/cepercerromacareno\/files\/2023\/02\/Nuevo-documento_1-300x214.jpg\" alt=\"\" width=\"516\" height=\"368\" srcset=\"https:\/\/blogsaverroes.juntadeandalucia.es\/cepercerromacareno\/files\/2023\/02\/Nuevo-documento_1-300x214.jpg 300w, https:\/\/blogsaverroes.juntadeandalucia.es\/cepercerromacareno\/files\/2023\/02\/Nuevo-documento_1-1024x731.jpg 1024w, https:\/\/blogsaverroes.juntadeandalucia.es\/cepercerromacareno\/files\/2023\/02\/Nuevo-documento_1-768x549.jpg 768w, https:\/\/blogsaverroes.juntadeandalucia.es\/cepercerromacareno\/files\/2023\/02\/Nuevo-documento_1-1536x1097.jpg 1536w, https:\/\/blogsaverroes.juntadeandalucia.es\/cepercerromacareno\/files\/2023\/02\/Nuevo-documento_1-2048x1463.jpg 2048w\" sizes=\"(max-width: 516px) 100vw, 516px\" \/><\/a><p id=\"caption-attachment-865\" class=\"wp-caption-text\">Pincha en la imagen para ver las actividades del centro.<\/p><\/div>\n<p style=\"text-align: center\">&nbsp;<\/p>\n<p><a href=\"https:\/\/www.eoisevilla.com\/\"><img loading=\"lazy\" decoding=\"async\" class=\"alignnone wp-image-779 aligncenter\" src=\"https:\/\/blogsaverroes.juntadeandalucia.es\/cepercerromacareno\/files\/2022\/05\/EOI-22_23-300x225.jpg\" alt=\"\" width=\"544\" height=\"408\" srcset=\"https:\/\/blogsaverroes.juntadeandalucia.es\/cepercerromacareno\/files\/2022\/05\/EOI-22_23-300x225.jpg 300w, https:\/\/blogsaverroes.juntadeandalucia.es\/cepercerromacareno\/files\/2022\/05\/EOI-22_23.jpg 700w\" sizes=\"(max-width: 544px) 100vw, 544px\" \/><\/a><\/p>\n<h3 class=\"titulo\" style=\"text-align: center\"><span style=\"color: #ff0000;font-family: verdana, geneva, sans-serif;font-size: 14pt\"><strong>&nbsp;<\/strong><\/span><\/h3>\n<div id=\"attachment_766\" style=\"width: 335px\" class=\"wp-caption aligncenter\"><a href=\"https:\/\/www.juntadeandalucia.es\/educacion\/portals\/web\/formacion-profesional-andaluza\/novedades\/detalle\/-\/contenidos\/detalle\/pruebas-para-la-obtencion-de-titulos-de-formacion-profesional-1ft8rkfkyiox8\"><img loading=\"lazy\" decoding=\"async\" aria-describedby=\"caption-attachment-766\" class=\"wp-image-766\" src=\"https:\/\/blogsaverroes.juntadeandalucia.es\/cepercerromacareno\/files\/2022\/04\/pot-2022-1-300x169.jpg\" alt=\"\" width=\"325\" height=\"183\" srcset=\"https:\/\/blogsaverroes.juntadeandalucia.es\/cepercerromacareno\/files\/2022\/04\/pot-2022-1-300x169.jpg 300w, https:\/\/blogsaverroes.juntadeandalucia.es\/cepercerromacareno\/files\/2022\/04\/pot-2022-1-1024x576.jpg 1024w, https:\/\/blogsaverroes.juntadeandalucia.es\/cepercerromacareno\/files\/2022\/04\/pot-2022-1-768x432.jpg 768w, https:\/\/blogsaverroes.juntadeandalucia.es\/cepercerromacareno\/files\/2022\/04\/pot-2022-1.jpg 1280w\" sizes=\"(max-width: 325px) 100vw, 325px\" \/><\/a><p id=\"caption-attachment-766\" class=\"wp-caption-text\">M\u00e1s informaci\u00f3n pinchando en la imagen<\/p><\/div>\n<table style=\"border-collapse: collapse;width: 100.363%;height: 229px\">\n<tbody>\n<tr>\n<td style=\"width: 100%;text-align: center\"><span style=\"font-family: verdana, geneva, sans-serif;font-size: 12pt\"><a href=\"https:\/\/blogsaverroes.juntadeandalucia.es\/cepercerromacareno\/files\/2022\/04\/Acto-de-Presentacion-Telematico.pdf\" target=\"_blank\" rel=\"noopener noreferrer\"><strong>ENLACE a Instrucciones acto de presentaci\u00f3n telem\u00e1tico<\/strong><\/a><\/span><\/td>\n<\/tr>\n<tr>\n<td style=\"width: 100%;text-align: center\"><span style=\"font-family: verdana, geneva, sans-serif;font-size: 12pt\"><strong><a href=\"https:\/\/blogsaverroes.juntadeandalucia.es\/cepercerromacareno\/files\/2022\/04\/PRESENTACION-POT-CAE-21-22-ALBERT-EINSTEIN.pdf\" target=\"_blank\" rel=\"noopener noreferrer\">ENLACE a Presentaci\u00f3n Pruebas Obtenci\u00f3n T\u00edtulo TCAE (IES Albert Einstein)<\/a><\/strong><\/span><\/td>\n<\/tr>\n<tr>\n<td style=\"width: 100%;text-align: center\"><span style=\"color: #0000ff;font-family: verdana, geneva, sans-serif;font-size: 12pt\"><strong><a title=\"Secretar\u00eda virtual\" href=\"https:\/\/www.juntadeandalucia.es\/educacion\/secretariavirtual\/\" target=\"_blank\" rel=\"noopener noreferrer\">ENLACE a Secretar\u00eda Virtual de los Centros los Centros Educativos<\/a><\/strong><\/span><\/td>\n<\/tr>\n<tr>\n<td style=\"width: 100%;text-align: center\"><span style=\"font-family: verdana, geneva, sans-serif;font-size: 12pt\"><a href=\"https:\/\/blogsaverroes.juntadeandalucia.es\/cepercerromacareno\/files\/2022\/04\/CALENDARIO-POT-einstein2022.pdf\" target=\"_blank\" rel=\"noopener noreferrer\"><strong>ENLACE CALENDARIO pruebas libres IES Albert Einstein<\/strong><\/a><\/span><\/td>\n<\/tr>\n<tr>\n<td style=\"width: 100%;text-align: center\"><span style=\"font-family: verdana, geneva, sans-serif;font-size: 12pt\"><a href=\"https:\/\/blogsaverroes.juntadeandalucia.es\/cepercerromacareno\/files\/2022\/04\/Jacarand\u00e1.pdf\" target=\"_blank\" rel=\"noopener noreferrer\"><strong>ENLACE CALENDARIO pruebas libres IES Jacarand\u00e1<\/strong><\/a><\/span><\/td>\n<\/tr>\n<tr>\n<td style=\"width: 100%;text-align: center\"><span style=\"font-family: verdana, geneva, sans-serif;font-size: 12pt\"><a href=\"https:\/\/blogsaverroes.juntadeandalucia.es\/cepercerromacareno\/files\/2022\/04\/Punta-del-verde.pdf\" target=\"_blank\" rel=\"noopener noreferrer\"><strong>ENLACE CALENDARIO pruebas libres IES Punta del Verde<\/strong><\/a><\/span><\/td>\n<\/tr>\n<\/tbody>\n<\/table>\n<p style=\"text-align: center\">&nbsp;<\/p>\n","protected":false},"excerpt":{"rendered":"<p>&nbsp; &nbsp; ENLACE a Instrucciones acto de presentaci\u00f3n telem\u00e1tico ENLACE a Presentaci\u00f3n Pruebas Obtenci\u00f3n T\u00edtulo TCAE (IES Albert Einstein) ENLACE a Secretar\u00eda Virtual de los Centros los Centros Educativos ENLACE CALENDARIO pruebas libres IES&#46;&#46;&#46;<\/p>\n","protected":false},"author":13393,"featured_media":0,"parent":0,"menu_order":0,"comment_status":"closed","ping_status":"closed","template":"","meta":{"ngg_post_thumbnail":0,"footnotes":""},"aioseo_notices":[],"_links":{"self":[{"href":"https:\/\/blogsaverroes.juntadeandalucia.es\/cepercerromacareno\/wp-json\/wp\/v2\/pages\/612"}],"collection":[{"href":"https:\/\/blogsaverroes.juntadeandalucia.es\/cepercerromacareno\/wp-json\/wp\/v2\/pages"}],"about":[{"href":"https:\/\/blogsaverroes.juntadeandalucia.es\/cepercerromacareno\/wp-json\/wp\/v2\/types\/page"}],"author":[{"embeddable":true,"href":"https:\/\/blogsaverroes.juntadeandalucia.es\/cepercerromacareno\/wp-json\/wp\/v2\/users\/13393"}],"replies":[{"embeddable":true,"href":"https:\/\/blogsaverroes.juntadeandalucia.es\/cepercerromacareno\/wp-json\/wp\/v2\/comments?post=612"}],"version-history":[{"count":79,"href":"https:\/\/blogsaverroes.juntadeandalucia.es\/cepercerromacareno\/wp-json\/wp\/v2\/pages\/612\/revisions"}],"predecessor-version":[{"id":989,"href":"https:\/\/blogsaverroes.juntadeandalucia.es\/cepercerromacareno\/wp-json\/wp\/v2\/pages\/612\/revisions\/989"}],"wp:attachment":[{"href":"https:\/\/blogsaverroes.juntadeandalucia.es\/cepercerromacareno\/wp-json\/wp\/v2\/media?parent=612"}],"curies":[{"name":"wp","href":"https:\/\/api.w.org\/{rel}","templated":true}]}}