{"id":849,"date":"2022-09-30T08:15:33","date_gmt":"2022-09-30T07:15:33","guid":{"rendered":"https:\/\/blogsaverroes.juntadeandalucia.es\/cepercerromacareno\/?page_id=849"},"modified":"2023-07-04T12:24:11","modified_gmt":"2023-07-04T11:24:11","slug":"formacion-profesional","status":"publish","type":"page","link":"https:\/\/blogsaverroes.juntadeandalucia.es\/cepercerromacareno\/formacion-profesional\/","title":{"rendered":"Formaci\u00f3n Profesional"},"content":{"rendered":"<p><span style=\"color: #0000ff\"><strong>El Centro de Educaci\u00f3n Permanente CEPer Cerro Macareno (41500918) de San Jos\u00e9 de la Rinconada (La Rinconada) junto con las Secciones&nbsp; SEPER Azahar (41500025) de La Algaba y SEPER La Paz (41500955) de Alcal\u00e1 del R\u00edo, imparten:<\/strong><\/span><\/p>\n<p style=\"text-align: center\"><span style=\"color: #0000ff\"><strong> <em>Preparaci\u00f3n de las pruebas para la obtenci\u00f3n del t\u00edtulo de grado medio <\/em><\/strong><\/span><\/p>\n<p style=\"text-align: center\"><span style=\"color: #0000ff\"><strong><em>CUIDADOS AUXILIARES DE ENFERMER\u00cdA.<\/em><\/strong><\/span><\/p>\n<p style=\"text-align: center\"><strong><em><span style=\"color: #800080\">Preparaci\u00f3n de las pruebas para la obtenci\u00f3n del t\u00edtulo de grado superior&nbsp;<\/span> <\/em><\/strong><\/p>\n<p style=\"text-align: center\"><span style=\"color: #800080\"><em><strong>EDUCACI\u00d3N INFANTIL<\/strong><\/em><\/span><\/p>\n<p style=\"text-align: center\"><span style=\"color: #800080\"><strong><em>(s\u00f3lo en CEPer Cerro Macareno)<\/em><\/strong><\/span><\/p>\n<p style=\"text-align: center\"><strong>El Centro Educativo utiliza y recomienda los libros de la Editorial <span style=\"color: #ff0000\">mac millan education<\/span><\/strong><\/p>\n<div id=\"attachment_858\" style=\"width: 310px\" class=\"wp-caption aligncenter\"><a href=\"https:\/\/www.macmillaneducation.es\/formacion-profesional\/grado-medio\/cuidados-auxiliares-de-enfermeria\/\"><img loading=\"lazy\" decoding=\"async\" aria-describedby=\"caption-attachment-858\" class=\"wp-image-858 size-medium\" src=\"https:\/\/blogsaverroes.juntadeandalucia.es\/cepercerromacareno\/files\/2022\/09\/macmillan-300x82.png\" alt=\"\" width=\"300\" height=\"82\" srcset=\"https:\/\/blogsaverroes.juntadeandalucia.es\/cepercerromacareno\/files\/2022\/09\/macmillan-300x82.png 300w, https:\/\/blogsaverroes.juntadeandalucia.es\/cepercerromacareno\/files\/2022\/09\/macmillan.png 510w\" sizes=\"(max-width: 300px) 100vw, 300px\" \/><\/a><p id=\"caption-attachment-858\" class=\"wp-caption-text\">Pincha en la imagen para entrar en la web<\/p><\/div>\n","protected":false},"excerpt":{"rendered":"<p>El Centro de Educaci\u00f3n Permanente CEPer Cerro Macareno (41500918) de San Jos\u00e9 de la Rinconada (La Rinconada) junto con las Secciones&nbsp; SEPER Azahar (41500025) de La Algaba y SEPER La Paz (41500955) de Alcal\u00e1&#46;&#46;&#46;<\/p>\n","protected":false},"author":13393,"featured_media":0,"parent":0,"menu_order":0,"comment_status":"closed","ping_status":"closed","template":"","meta":{"ngg_post_thumbnail":0,"footnotes":""},"aioseo_notices":[],"_links":{"self":[{"href":"https:\/\/blogsaverroes.juntadeandalucia.es\/cepercerromacareno\/wp-json\/wp\/v2\/pages\/849"}],"collection":[{"href":"https:\/\/blogsaverroes.juntadeandalucia.es\/cepercerromacareno\/wp-json\/wp\/v2\/pages"}],"about":[{"href":"https:\/\/blogsaverroes.juntadeandalucia.es\/cepercerromacareno\/wp-json\/wp\/v2\/types\/page"}],"author":[{"embeddable":true,"href":"https:\/\/blogsaverroes.juntadeandalucia.es\/cepercerromacareno\/wp-json\/wp\/v2\/users\/13393"}],"replies":[{"embeddable":true,"href":"https:\/\/blogsaverroes.juntadeandalucia.es\/cepercerromacareno\/wp-json\/wp\/v2\/comments?post=849"}],"version-history":[{"count":13,"href":"https:\/\/blogsaverroes.juntadeandalucia.es\/cepercerromacareno\/wp-json\/wp\/v2\/pages\/849\/revisions"}],"predecessor-version":[{"id":984,"href":"https:\/\/blogsaverroes.juntadeandalucia.es\/cepercerromacareno\/wp-json\/wp\/v2\/pages\/849\/revisions\/984"}],"wp:attachment":[{"href":"https:\/\/blogsaverroes.juntadeandalucia.es\/cepercerromacareno\/wp-json\/wp\/v2\/media?parent=849"}],"curies":[{"name":"wp","href":"https:\/\/api.w.org\/{rel}","templated":true}]}}