{"id":3145,"date":"2021-01-13T18:38:00","date_gmt":"2021-01-13T18:38:00","guid":{"rendered":"https:\/\/blogsaverroes.juntadeandalucia.es\/ceperclaracampoamor\/?page_id=3145"},"modified":"2025-05-05T20:29:46","modified_gmt":"2025-05-05T18:29:46","slug":"contacta-con-sep-lantejuela","status":"publish","type":"page","link":"https:\/\/blogsaverroes.juntadeandalucia.es\/ceperclaracampoamor\/?page_id=3145","title":{"rendered":"Contacta con S.E.P. Lantejuela"},"content":{"rendered":"<p><strong><a href=\"https:\/\/blogsaverroes.juntadeandalucia.es\/ceperclaracampoamor\/files\/2025\/05\/Aula-1-Centro.jpg\"><img loading=\"lazy\" decoding=\"async\" class=\"size-medium wp-image-7588 alignright\" src=\"https:\/\/blogsaverroes.juntadeandalucia.es\/ceperclaracampoamor\/files\/2025\/05\/Aula-1-Centro-300x169.jpg\" alt=\"\" width=\"300\" height=\"169\" srcset=\"https:\/\/blogsaverroes.juntadeandalucia.es\/ceperclaracampoamor\/files\/2025\/05\/Aula-1-Centro-300x169.jpg 300w, https:\/\/blogsaverroes.juntadeandalucia.es\/ceperclaracampoamor\/files\/2025\/05\/Aula-1-Centro-1024x577.jpg 1024w, https:\/\/blogsaverroes.juntadeandalucia.es\/ceperclaracampoamor\/files\/2025\/05\/Aula-1-Centro-768x432.jpg 768w, https:\/\/blogsaverroes.juntadeandalucia.es\/ceperclaracampoamor\/files\/2025\/05\/Aula-1-Centro-1536x865.jpg 1536w, https:\/\/blogsaverroes.juntadeandalucia.es\/ceperclaracampoamor\/files\/2025\/05\/Aula-1-Centro-2048x1153.jpg 2048w, https:\/\/blogsaverroes.juntadeandalucia.es\/ceperclaracampoamor\/files\/2025\/05\/Aula-1-Centro-750x422.jpg 750w, https:\/\/blogsaverroes.juntadeandalucia.es\/ceperclaracampoamor\/files\/2025\/05\/Aula-1-Centro.jpg 1600w\" sizes=\"(max-width: 300px) 100vw, 300px\" \/><\/a>DIRECCI\u00d3N POSTAL:<\/strong><\/p>\n<p>C\/ Modesto Mall\u00e9n, 7<\/p>\n<p>41630 Lantejuela ( SEVILLA )<\/p>\n<p><strong>TEL\u00c9FONO DE CONTACTO :<\/strong><\/p>\n<p>954822842<\/p>\n<p><strong>CORREO ELECTR\u00d3NICO:<\/strong><\/p>\n<p>41501091.edu@juntadeandalucia.es<a href=\"https:\/\/blogsaverroes.juntadeandalucia.es\/ceperclaracampoamor\/files\/2025\/05\/Aula-2-Centro.jpg\"><img loading=\"lazy\" decoding=\"async\" class=\"size-medium wp-image-7587 alignright\" src=\"https:\/\/blogsaverroes.juntadeandalucia.es\/ceperclaracampoamor\/files\/2025\/05\/Aula-2-Centro-300x169.jpg\" alt=\"\" width=\"300\" height=\"169\" srcset=\"https:\/\/blogsaverroes.juntadeandalucia.es\/ceperclaracampoamor\/files\/2025\/05\/Aula-2-Centro-300x169.jpg 300w, https:\/\/blogsaverroes.juntadeandalucia.es\/ceperclaracampoamor\/files\/2025\/05\/Aula-2-Centro-1024x577.jpg 1024w, https:\/\/blogsaverroes.juntadeandalucia.es\/ceperclaracampoamor\/files\/2025\/05\/Aula-2-Centro-768x432.jpg 768w, https:\/\/blogsaverroes.juntadeandalucia.es\/ceperclaracampoamor\/files\/2025\/05\/Aula-2-Centro-1536x865.jpg 1536w, https:\/\/blogsaverroes.juntadeandalucia.es\/ceperclaracampoamor\/files\/2025\/05\/Aula-2-Centro-2048x1153.jpg 2048w, https:\/\/blogsaverroes.juntadeandalucia.es\/ceperclaracampoamor\/files\/2025\/05\/Aula-2-Centro-750x422.jpg 750w\" sizes=\"(max-width: 300px) 100vw, 300px\" \/><\/a><\/p>\n<p>&nbsp;<\/p>\n<p><a href=\"https:\/\/blogsaverroes.juntadeandalucia.es\/ceperclaracampoamor\/files\/2025\/05\/Pasillo-Centro.jpg\"><img loading=\"lazy\" decoding=\"async\" class=\"alignnone size-medium wp-image-7586\" src=\"https:\/\/blogsaverroes.juntadeandalucia.es\/ceperclaracampoamor\/files\/2025\/05\/Pasillo-Centro-300x169.jpg\" alt=\"\" width=\"300\" height=\"169\" srcset=\"https:\/\/blogsaverroes.juntadeandalucia.es\/ceperclaracampoamor\/files\/2025\/05\/Pasillo-Centro-300x169.jpg 300w, https:\/\/blogsaverroes.juntadeandalucia.es\/ceperclaracampoamor\/files\/2025\/05\/Pasillo-Centro-1024x577.jpg 1024w, https:\/\/blogsaverroes.juntadeandalucia.es\/ceperclaracampoamor\/files\/2025\/05\/Pasillo-Centro-768x432.jpg 768w, https:\/\/blogsaverroes.juntadeandalucia.es\/ceperclaracampoamor\/files\/2025\/05\/Pasillo-Centro-1536x865.jpg 1536w, https:\/\/blogsaverroes.juntadeandalucia.es\/ceperclaracampoamor\/files\/2025\/05\/Pasillo-Centro-2048x1153.jpg 2048w, https:\/\/blogsaverroes.juntadeandalucia.es\/ceperclaracampoamor\/files\/2025\/05\/Pasillo-Centro-750x422.jpg 750w, https:\/\/blogsaverroes.juntadeandalucia.es\/ceperclaracampoamor\/files\/2025\/05\/Pasillo-Centro.jpg 1600w\" sizes=\"(max-width: 300px) 100vw, 300px\" \/><\/a><\/p>\n<p>&nbsp;<\/p>\n","protected":false},"excerpt":{"rendered":"<p>DIRECCI\u00d3N POSTAL: C\/ Modesto Mall\u00e9n, 7 41630 Lantejuela ( SEVILLA ) TEL\u00c9FONO DE CONTACTO : 954822842 CORREO ELECTR\u00d3NICO: 41501091.edu@juntadeandalucia.es &nbsp; &nbsp;<\/p>\n","protected":false},"author":11082,"featured_media":0,"parent":0,"menu_order":0,"comment_status":"closed","ping_status":"closed","template":"","meta":{"ngg_post_thumbnail":0,"footnotes":"","_mc_calendar":[]},"aioseo_notices":[],"_links":{"self":[{"href":"https:\/\/blogsaverroes.juntadeandalucia.es\/ceperclaracampoamor\/index.php?rest_route=\/wp\/v2\/pages\/3145"}],"collection":[{"href":"https:\/\/blogsaverroes.juntadeandalucia.es\/ceperclaracampoamor\/index.php?rest_route=\/wp\/v2\/pages"}],"about":[{"href":"https:\/\/blogsaverroes.juntadeandalucia.es\/ceperclaracampoamor\/index.php?rest_route=\/wp\/v2\/types\/page"}],"author":[{"embeddable":true,"href":"https:\/\/blogsaverroes.juntadeandalucia.es\/ceperclaracampoamor\/index.php?rest_route=\/wp\/v2\/users\/11082"}],"replies":[{"embeddable":true,"href":"https:\/\/blogsaverroes.juntadeandalucia.es\/ceperclaracampoamor\/index.php?rest_route=%2Fwp%2Fv2%2Fcomments&post=3145"}],"version-history":[{"count":4,"href":"https:\/\/blogsaverroes.juntadeandalucia.es\/ceperclaracampoamor\/index.php?rest_route=\/wp\/v2\/pages\/3145\/revisions"}],"predecessor-version":[{"id":7590,"href":"https:\/\/blogsaverroes.juntadeandalucia.es\/ceperclaracampoamor\/index.php?rest_route=\/wp\/v2\/pages\/3145\/revisions\/7590"}],"wp:attachment":[{"href":"https:\/\/blogsaverroes.juntadeandalucia.es\/ceperclaracampoamor\/index.php?rest_route=%2Fwp%2Fv2%2Fmedia&parent=3145"}],"curies":[{"name":"wp","href":"https:\/\/api.w.org\/{rel}","templated":true}]}}