{"id":3278,"date":"2021-01-18T19:20:24","date_gmt":"2021-01-18T19:20:24","guid":{"rendered":"https:\/\/blogsaverroes.juntadeandalucia.es\/ceperclaracampoamor\/?page_id=3278"},"modified":"2021-05-10T19:56:53","modified_gmt":"2021-05-10T19:56:53","slug":"matematicas-2","status":"publish","type":"page","link":"https:\/\/blogsaverroes.juntadeandalucia.es\/ceperclaracampoamor\/?page_id=3278","title":{"rendered":"Matem\u00e1ticas"},"content":{"rendered":"<p>En EL Curso de Preparaci\u00f3n a las <strong>Pruebas de Acceso al Grado Superior. Parte Com\u00fan- Matem\u00e1ticas<\/strong> &#8211; se compone de cuatro Unidades Did\u00e1cticas (UD 1, UD 2, UD3, UD4), cada UD alberga 4\/5 temas.<\/p>\n<p>A lo largo del curso trabajaremos a trav\u00e9s de dos plataformas:<\/p>\n<ul>\n<li><a href=\"http:\/\/www.juntadeandalucia.es\/educacion\/permanente\/materiales\/index.php?etapa=5&amp;materia=51#space\">Plataforma CREA. Junta Andaluc\u00eda<\/a> donde encontraras todos los temas, cuestionarios y recursos que vas a necesitar a lo largo de este curso.<\/li>\n<li><strong>Google Classroom<\/strong>, donde tu tutor del centro de Educaci\u00f3n Permanente te facilitar\u00e1 algunos materiales \u00fatiles para el curso, como por ejemplo res\u00famenes y algunos ejercicios para practicar, una vez empezadas las clases tus profesores te enviaran un enlace con el que acceder a esta plataforma.<\/li>\n<\/ul>\n<p>A continuaci\u00f3n puedes ver todos los temas que vamos a ver en Matem\u00e1ticas a lo largo del curso, si haces clic encima del nombre de cada tema podr\u00e1s acceder al tema completo.<\/p>\n<p>&nbsp;<\/p>\n<p><a href=\"http:\/\/agrega.juntadeandalucia.es\/visualizador-1\/VisualizadorCS\/VisualizarDatosNavSecuenciaNodo.do?identificador=es-an_2020102812_9121701&amp;idSeleccionado=ITEM-eXen_2021_v015720b2a22557e269005\">MATEM\u00c1TICAS GS. PROGRAMACI\u00d3N<\/a><\/p>\n<p><a href=\"https:\/\/www.juntadeandalucia.es\/educacion\/portals\/ishare-servlet\/content\/81bd48a6-20a9-4161-a852-1d8a19ad1933\">Orientaciones temario Matem\u00e1ticas GS<\/a><\/p>\n<p>&nbsp;<\/p>\n<p><a href=\"http:\/\/www.juntadeandalucia.es\/educacion\/permanente\/materiales\/index.php?etapa=5&amp;materia=51&amp;unidad=1#space\">UD1 ARITM\u00c9TICA Y \u00c1LGEBRA<\/a><\/p>\n<p><a href=\"http:\/\/www.juntadeandalucia.es\/educacion\/permanente\/materiales\/index.php?etapa=5&amp;materia=51&amp;unidad=1#space\">Tema 1 N\u00fameros Reales<\/a><\/p>\n<p><a href=\"http:\/\/agrega.juntadeandalucia.es\/visualizador-1\/Visualizar\/Visualizar.do?identificador=es-an_2010110813_9073100&amp;secuencia=true\">Tema 2 Potencia. Notaci\u00f3n Cient\u00edfica<\/a><\/p>\n<p><a href=\"http:\/\/agrega.juntadeandalucia.es\/visualizador-1\/Visualizar\/Visualizar.do?identificador=es-an_2010110813_9073038&amp;secuencia=true\">Tema 3 Ecuaciones de 1er y 2\u00ba grado<\/a><\/p>\n<p><a href=\"http:\/\/agrega.juntadeandalucia.es\/visualizador-1\/Visualizar\/Visualizar.do?identificador=es-an_2010110813_9073018&amp;secuencia=true\">Tema 4 Sistemas de 2 ecuaciones lineales con 2 incognitas<\/a><\/p>\n<p><a href=\"http:\/\/agrega.juntadeandalucia.es\/visualizador-1\/Visualizar\/Visualizar.do?identificador=es-an_2010110813_9072958&amp;secuencia=true\">Tema 5 Inecuaciones<\/a><\/p>\n<p>&nbsp;<\/p>\n<p><a href=\"http:\/\/www.juntadeandalucia.es\/educacion\/permanente\/materiales\/index.php?etapa=5&amp;materia=51&amp;unidad=2#space\">UD 2 GEOMETR\u00cdA\/TRIGONOMETR\u00cdA<\/a><\/p>\n<p><a href=\"http:\/\/agrega.juntadeandalucia.es\/visualizador-1\/Visualizar\/Visualizar.do?identificador=es-an_2011020413_9131355&amp;secuencia=true\">Tema 1. Figures planas. \u00c1reas de pol\u00edgonos<\/a><\/p>\n<p><a href=\"http:\/\/agrega.juntadeandalucia.es\/visualizador-1\/Visualizar\/Visualizar.do?identificador=es-an_2011020413_9131343&amp;secuencia=true\">Tema 2. Poliedros. \u00c1reas y vol\u00famenes<\/a><\/p>\n<p><a href=\"http:\/\/agrega.juntadeandalucia.es\/visualizador-1\/Visualizar\/Visualizar.do?identificador=es-an_2011020413_9131333&amp;secuencia=true\">Tema 3. Semejanzas y escalas<\/a><\/p>\n<p><a href=\"http:\/\/agrega.juntadeandalucia.es\/visualizador-1\/Visualizar\/Visualizar.do?identificador=es-an_2011020413_9131314&amp;secuencia=true\">Tema 4: \u00c1ngulos. Razones trigonom\u00e9tricas de un \u00e1ngulo agudo.<\/a><\/p>\n<p><a href=\"http:\/\/agrega.juntadeandalucia.es\/visualizador-1\/Visualizar\/Visualizar.do?identificador=es-an_2011020413_9131303&amp;secuencia=true\">Tema 5. Uso de las razones de \u00e1ngulos para la resoluci\u00f3n de problemas<\/a><\/p>\n<p>&nbsp;<\/p>\n<p><a href=\"http:\/\/www.juntadeandalucia.es\/educacion\/permanente\/materiales\/index.php?etapa=5&amp;materia=51&amp;unidad=3#space\">UD 3 FUNCIONES<\/a><\/p>\n<p><a href=\"http:\/\/agrega.juntadeandalucia.es\/visualizador-1\/Visualizar\/Visualizar.do?identificador=es-an_2011032113_9163837&amp;secuencia=true\">Tema 1: \u00bfQu\u00e9 es una funci\u00f3n?<\/a><\/p>\n<p><a href=\"http:\/\/agrega.juntadeandalucia.es\/visualizador-1\/Visualizar\/Visualizar.do?identificador=es-an_2014061013_9163946&amp;secuencia=true\">Tema 2: \u00bfQu\u00e9 debemos saber de las funciones?<\/a><\/p>\n<p><a href=\"http:\/\/agrega.juntadeandalucia.es\/visualizador-1\/Visualizar\/Visualizar.do?identificador=es-an_2011042913_9114604&amp;secuencia=true\">Tema 3. Funciones cuya gr\u00e1fica es una recta<\/a><\/p>\n<p><a href=\"http:\/\/agrega.juntadeandalucia.es\/visualizador-1\/Visualizar\/Visualizar.do?identificador=es-an_2011060713_9110157&amp;secuencia=true\">Tema 4: Par\u00e1bolas<\/a><\/p>\n<p><a href=\"http:\/\/agrega.juntadeandalucia.es\/visualizador-1\/Visualizar\/Visualizar.do?identificador=es-an_2011120413_9140306&amp;secuencia=true\">Tema 5: Funciones de proporcionalidad inversa<\/a><\/p>\n<p>&nbsp;<\/p>\n<p><a href=\"http:\/\/www.juntadeandalucia.es\/educacion\/permanente\/materiales\/index.php?etapa=5&amp;materia=51&amp;unidad=4#space\">UD 4 ESTAD\u00cdSTICA Y PROBABILIDAD<\/a><\/p>\n<p><a href=\"http:\/\/agrega.juntadeandalucia.es\/visualizador-1\/Visualizar\/Visualizar.do?identificador=es-an_2012013013_9100225&amp;secuencia=true\">Tema 1: Probabilidad<\/a><\/p>\n<p><a href=\"http:\/\/agrega.juntadeandalucia.es\/visualizador-1\/Visualizar\/Visualizar.do?identificador=es-an_2012021713_9141946&amp;secuencia=true\">Tema 2: Estad\u00edstica<\/a><\/p>\n","protected":false},"excerpt":{"rendered":"<p>En EL Curso de Preparaci\u00f3n a las Pruebas de Acceso al Grado Superior. Parte Com\u00fan- Matem\u00e1ticas &#8211; se compone de cuatro Unidades Did\u00e1cticas (UD 1, UD 2, UD3, UD4), cada UD alberga 4\/5 temas. A lo largo del curso trabajaremos a trav\u00e9s de dos plataformas: Plataforma CREA. Junta Andaluc\u00eda donde encontraras todos los temas, cuestionarios &hellip; <\/p>\n<p><a class=\"more-link btn\" href=\"https:\/\/blogsaverroes.juntadeandalucia.es\/ceperclaracampoamor\/?page_id=3278\">Seguir leyendo<\/a><\/p>\n","protected":false},"author":11082,"featured_media":0,"parent":0,"menu_order":0,"comment_status":"closed","ping_status":"closed","template":"","meta":{"ngg_post_thumbnail":0,"footnotes":"","_mc_calendar":[]},"aioseo_notices":[],"_links":{"self":[{"href":"https:\/\/blogsaverroes.juntadeandalucia.es\/ceperclaracampoamor\/index.php?rest_route=\/wp\/v2\/pages\/3278"}],"collection":[{"href":"https:\/\/blogsaverroes.juntadeandalucia.es\/ceperclaracampoamor\/index.php?rest_route=\/wp\/v2\/pages"}],"about":[{"href":"https:\/\/blogsaverroes.juntadeandalucia.es\/ceperclaracampoamor\/index.php?rest_route=\/wp\/v2\/types\/page"}],"author":[{"embeddable":true,"href":"https:\/\/blogsaverroes.juntadeandalucia.es\/ceperclaracampoamor\/index.php?rest_route=\/wp\/v2\/users\/11082"}],"replies":[{"embeddable":true,"href":"https:\/\/blogsaverroes.juntadeandalucia.es\/ceperclaracampoamor\/index.php?rest_route=%2Fwp%2Fv2%2Fcomments&post=3278"}],"version-history":[{"count":10,"href":"https:\/\/blogsaverroes.juntadeandalucia.es\/ceperclaracampoamor\/index.php?rest_route=\/wp\/v2\/pages\/3278\/revisions"}],"predecessor-version":[{"id":4290,"href":"https:\/\/blogsaverroes.juntadeandalucia.es\/ceperclaracampoamor\/index.php?rest_route=\/wp\/v2\/pages\/3278\/revisions\/4290"}],"wp:attachment":[{"href":"https:\/\/blogsaverroes.juntadeandalucia.es\/ceperclaracampoamor\/index.php?rest_route=%2Fwp%2Fv2%2Fmedia&parent=3278"}],"curies":[{"name":"wp","href":"https:\/\/api.w.org\/{rel}","templated":true}]}}