{"id":3480,"date":"2021-01-28T17:26:17","date_gmt":"2021-01-28T17:26:17","guid":{"rendered":"https:\/\/blogsaverroes.juntadeandalucia.es\/ceperclaracampoamor\/?page_id=3480"},"modified":"2025-02-10T18:57:54","modified_gmt":"2025-02-10T18:57:54","slug":"secretaria-sep-pruna","status":"publish","type":"page","link":"https:\/\/blogsaverroes.juntadeandalucia.es\/ceperclaracampoamor\/?page_id=3480","title":{"rendered":"Secretar\u00eda SEP Pruna"},"content":{"rendered":"<p>HORARIO DE ATENCI\u00d3N EN EL CENTRO<\/p>\n<table style=\"border-collapse: collapse;width: 100%\">\n<tbody>\n<tr>\n<td style=\"width: 16.6667%\">&nbsp;<\/td>\n<td style=\"width: 16.6667%;text-align: center\"><strong>LUNES<\/strong><\/td>\n<td style=\"width: 16.6667%;text-align: center\"><strong>MARTES<\/strong><\/td>\n<td style=\"width: 16.6667%;text-align: center\"><strong>MI\u00c9RCOLES<\/strong><\/td>\n<td style=\"width: 16.6667%;text-align: center\"><strong>JUEVES<\/strong><\/td>\n<td style=\"width: 16.6667%;text-align: center\"><strong>VIERNES<\/strong><\/td>\n<\/tr>\n<tr>\n<td style=\"width: 16.6667%;text-align: center\"><strong>09:00 &#8211; 10:00<\/strong><\/td>\n<td style=\"width: 16.6667%\">&nbsp;<\/td>\n<td style=\"width: 16.6667%\">&nbsp;<\/td>\n<td style=\"width: 16.6667%\">&nbsp;<\/td>\n<td style=\"width: 16.6667%\">&nbsp;<\/td>\n<td style=\"width: 16.6667%\">&nbsp;<\/td>\n<\/tr>\n<tr>\n<td style=\"width: 16.6667%;text-align: center\"><strong>10:00 &#8211; 11:00<\/strong><\/td>\n<td style=\"width: 16.6667%\">&nbsp;<\/td>\n<td style=\"width: 16.6667%;text-align: center\">SECRETAR\u00cdA<\/td>\n<td style=\"width: 16.6667%\">&nbsp;<\/td>\n<td style=\"width: 16.6667%\">&nbsp;<\/td>\n<td style=\"width: 16.6667%;text-align: center\">SECRETAR\u00cdA<\/td>\n<\/tr>\n<tr>\n<td style=\"width: 16.6667%;text-align: center\"><strong>11:00 &#8211; 12:00<\/strong><\/td>\n<td style=\"width: 16.6667%\">&nbsp;<\/td>\n<td style=\"width: 16.6667%\">&nbsp;<\/td>\n<td style=\"width: 16.6667%\">&nbsp;<\/td>\n<td style=\"width: 16.6667%\">&nbsp;<\/td>\n<td style=\"width: 16.6667%\">&nbsp;<\/td>\n<\/tr>\n<tr>\n<td style=\"width: 16.6667%;text-align: center\"><strong>12:00 &#8211; 13:00<\/strong><\/td>\n<td style=\"width: 16.6667%\">&nbsp;<\/td>\n<td style=\"width: 16.6667%\">&nbsp;<\/td>\n<td style=\"width: 16.6667%\">&nbsp;<\/td>\n<td style=\"width: 16.6667%\">&nbsp;<\/td>\n<td style=\"width: 16.6667%\">&nbsp;<\/td>\n<\/tr>\n<tr>\n<td style=\"width: 16.6667%;text-align: center\"><strong>13:00 &#8211; 14:00<\/strong><\/td>\n<td style=\"width: 16.6667%\">&nbsp;<\/td>\n<td style=\"width: 16.6667%\">&nbsp;<\/td>\n<td style=\"width: 16.6667%\">&nbsp;<\/td>\n<td style=\"width: 16.6667%\">&nbsp;<\/td>\n<td style=\"width: 16.6667%\">&nbsp;<\/td>\n<\/tr>\n<\/tbody>\n<\/table>\n","protected":false},"excerpt":{"rendered":"<p>HORARIO DE ATENCI\u00d3N EN EL CENTRO &nbsp; LUNES MARTES MI\u00c9RCOLES JUEVES VIERNES 09:00 &#8211; 10:00 &nbsp; &nbsp; &nbsp; &nbsp; &nbsp; 10:00 &#8211; 11:00 &nbsp; SECRETAR\u00cdA &nbsp; &nbsp; SECRETAR\u00cdA 11:00 &#8211; 12:00 &nbsp; &nbsp; &nbsp; &nbsp; &nbsp; 12:00 &#8211; 13:00 &nbsp; &nbsp; &nbsp; &nbsp; &nbsp; 13:00 &#8211; 14:00 &nbsp; &nbsp; &nbsp; &nbsp; &nbsp;<\/p>\n","protected":false},"author":11082,"featured_media":0,"parent":0,"menu_order":0,"comment_status":"closed","ping_status":"closed","template":"","meta":{"ngg_post_thumbnail":0,"footnotes":"","_mc_calendar":[]},"aioseo_notices":[],"_links":{"self":[{"href":"https:\/\/blogsaverroes.juntadeandalucia.es\/ceperclaracampoamor\/index.php?rest_route=\/wp\/v2\/pages\/3480"}],"collection":[{"href":"https:\/\/blogsaverroes.juntadeandalucia.es\/ceperclaracampoamor\/index.php?rest_route=\/wp\/v2\/pages"}],"about":[{"href":"https:\/\/blogsaverroes.juntadeandalucia.es\/ceperclaracampoamor\/index.php?rest_route=\/wp\/v2\/types\/page"}],"author":[{"embeddable":true,"href":"https:\/\/blogsaverroes.juntadeandalucia.es\/ceperclaracampoamor\/index.php?rest_route=\/wp\/v2\/users\/11082"}],"replies":[{"embeddable":true,"href":"https:\/\/blogsaverroes.juntadeandalucia.es\/ceperclaracampoamor\/index.php?rest_route=%2Fwp%2Fv2%2Fcomments&post=3480"}],"version-history":[{"count":5,"href":"https:\/\/blogsaverroes.juntadeandalucia.es\/ceperclaracampoamor\/index.php?rest_route=\/wp\/v2\/pages\/3480\/revisions"}],"predecessor-version":[{"id":6775,"href":"https:\/\/blogsaverroes.juntadeandalucia.es\/ceperclaracampoamor\/index.php?rest_route=\/wp\/v2\/pages\/3480\/revisions\/6775"}],"wp:attachment":[{"href":"https:\/\/blogsaverroes.juntadeandalucia.es\/ceperclaracampoamor\/index.php?rest_route=%2Fwp%2Fv2%2Fmedia&parent=3480"}],"curies":[{"name":"wp","href":"https:\/\/api.w.org\/{rel}","templated":true}]}}