{"id":5162,"date":"2022-03-09T16:31:05","date_gmt":"2022-03-09T16:31:05","guid":{"rendered":"https:\/\/blogsaverroes.juntadeandalucia.es\/ceperclaracampoamor\/?page_id=5162"},"modified":"2025-04-23T19:32:04","modified_gmt":"2025-04-23T17:32:04","slug":"ciclo-enfermeria-2","status":"publish","type":"page","link":"https:\/\/blogsaverroes.juntadeandalucia.es\/ceperclaracampoamor\/?page_id=5162","title":{"rendered":"Prueba Libre FP GM. Enfermer\u00eda"},"content":{"rendered":"<p>La Preparaci\u00f3n a la <strong>Prueba Libre de FP del GM de Cuidados Auxiliares de Enfermer\u00eda (CAE)<\/strong>, enmarcada en el <strong>Plan Educativo<\/strong> de formaci\u00f3n <strong>No Formal<\/strong> en nuestro CEPER tiene una duraci\u00f3n\u00a0 de dos cursos acad\u00e9micos, el tercer curso se realiza en el IES correspondiente. El Ciclo Formativo consta de 8 m\u00f3dulos (asignaturas).<\/p>\n<p>En el primero se preparar\u00e1n cinco m\u00f3dulos (asignaturas), en el segundo curso, las tres restantes y el tercer y \u00faltimo curso, se dedicar\u00e1 a la Formaci\u00f3n en el Centro de Trabajo (FCT) y Proyecto Integrado (P.I.)que deber\u00e1n matricularse en el IES correspondiente, bien el <strong>IES Sierra Sur en Osuna<\/strong> o <strong>el IES Isidro<\/strong> <strong>Arcenegui en Marchena<\/strong> por d\u00f3nde <strong>titular\u00eda <\/strong>el alumnado<\/p>\n<p>Los m\u00f3dulos a impartir son las siguientes:<\/p>\n<table>\n<tbody>\n<tr>\n<td width=\"177\"><strong>M\u00f3dulos profesionales<\/strong><\/td>\n<td width=\"162\"><strong>Curso<\/strong><\/td>\n<td width=\"176\"><strong>Centro<\/strong><\/td>\n<td width=\"160\"><strong>\u00a0<\/strong><\/td>\n<\/tr>\n<tr>\n<td width=\"177\">1.\u00a0\u00a0\u00a0\u00a0\u00a0\u00a0\u00a0\u00a0 T\u00e9cnicas b\u00e1sicas de enfermer\u00eda. <strong>(TBE)<\/strong><\/td>\n<td width=\"162\">1\u00ba 24\/25<\/td>\n<td width=\"176\">CEPER \u201cClara Campoamor\u201d.Osuna<\/td>\n<td width=\"160\"><strong>\u00a0<\/strong><\/td>\n<\/tr>\n<tr>\n<td width=\"177\">2\u00a0\u00a0\u00a0\u00a0\u00a0\u00a0\u00a0\u00a0\u00a0 Higiene del medio hospitalario y limpieza \u00a0de material. (<strong>HMH)<\/strong><\/td>\n<td width=\"162\">1\u00ba 24\/25<\/td>\n<td width=\"176\">CEPER \u201cClara Campoamor\u201d.Osuna<\/td>\n<td width=\"160\"><strong>\u00a0<\/strong><\/td>\n<\/tr>\n<tr>\n<td width=\"177\">3.\u00a0\u00a0\u00a0\u00a0\u00a0\u00a0\u00a0\u00a0 Promoci\u00f3n de la salud y apoyo psicol\u00f3gico al paciente.<strong>(PSAP)<\/strong><\/td>\n<td width=\"162\">1\u00ba 24\/25<\/td>\n<td width=\"176\">CEPER \u201cClara Campoamor\u201d.Osuna<\/td>\n<td width=\"160\"><strong>\u00a0<\/strong><\/td>\n<\/tr>\n<tr>\n<td width=\"177\">4.\u00a0\u00a0\u00a0\u00a0\u00a0\u00a0\u00a0\u00a0 Relaciones en el equipo de trabajo.<strong> (RET)<\/strong><\/td>\n<td width=\"162\">1\u00ba 24\/25<\/td>\n<td width=\"176\">CEPER \u201cClara Campoamor\u201d.Osuna<\/td>\n<td width=\"160\"><strong>\u00a0<\/strong><\/td>\n<\/tr>\n<tr>\n<td width=\"177\">5.\u00a0\u00a0\u00a0\u00a0\u00a0\u00a0\u00a0\u00a0 El Sector de la Sanidad en Andaluc\u00eda <strong>(SSA)<\/strong><\/td>\n<td width=\"162\">1\u00ba 24\/25<\/td>\n<td width=\"176\">CEPER \u201cClara Campoamor\u201d.Osuna<\/td>\n<td width=\"160\"><strong>\u00a0<\/strong><\/td>\n<\/tr>\n<tr>\n<td width=\"177\">6.\u00a0\u00a0\u00a0\u00a0\u00a0\u00a0\u00a0\u00a0 Operaciones administrativas y documentaci\u00f3n sanitaria<strong> (OAS)<\/strong><\/td>\n<td width=\"162\">2\u00ba 24\/25<\/td>\n<td width=\"176\">CEPER \u201cClara Campoamor\u201d.Osuna<\/td>\n<td width=\"160\"><strong>\u00a0<\/strong><\/td>\n<\/tr>\n<tr>\n<td width=\"177\">7.\u00a0\u00a0\u00a0\u00a0\u00a0\u00a0\u00a0\u00a0 T\u00e9cnicas de ayuda odontol\u00f3gica\/estomatol\u00f3gica. <strong>(TAO)<\/strong><\/td>\n<td width=\"162\">2\u00ba 24\/25<\/td>\n<td width=\"176\">CEPER \u201cClara Campoamor\u201d.Osuna<\/td>\n<td width=\"160\"><strong>\u00a0<\/strong><\/td>\n<\/tr>\n<tr>\n<td width=\"177\">8.\u00a0\u00a0\u00a0\u00a0\u00a0\u00a0\u00a0\u00a0 Formaci\u00f3n y orientaci\u00f3n laboral.<strong> (FOL)<\/strong><\/td>\n<td width=\"162\">2\u00ba 24\/25<\/td>\n<td width=\"176\">CEPER \u201cClara Campoamor\u201d.Osuna<\/td>\n<td width=\"160\"><strong>\u00a0<\/strong><\/td>\n<\/tr>\n<tr>\n<td width=\"177\">9.\u00a0\u00a0\u00a0\u00a0\u00a0\u00a0\u00a0\u00a0 Proyecto integrado.<\/td>\n<td width=\"162\">\u00a0\u00a0\u00a0\u00a0 24\/25<\/p>\n<p>&nbsp;<\/td>\n<td width=\"176\">IES Sierra Sur. Osuna<\/td>\n<td width=\"160\"><strong>\u00a0<\/strong><\/td>\n<\/tr>\n<tr>\n<td width=\"177\">10.\u00a0 \u00a0Formaci\u00f3n en centros de trabajo.<\/td>\n<td width=\"162\">\u00a0\u00a0\u00a0\u00a0 24\/25<\/p>\n<p>&nbsp;<\/td>\n<td width=\"176\">IES Sierra Sur. Osuna<\/td>\n<td width=\"160\"><strong>\u00a0<\/strong><\/td>\n<\/tr>\n<\/tbody>\n<\/table>\n<p>&nbsp;<\/p>\n<table>\n<tbody>\n<tr>\n<td width=\"136\"><strong>CURSO<\/strong><\/td>\n<td width=\"162\"><strong>24\/25<\/strong><\/td>\n<\/tr>\n<\/tbody>\n<\/table>\n<p>&nbsp;<\/p>\n<table>\n<tbody>\n<tr>\n<td width=\"123\"><strong>Prueba Libre TCAE<\/strong><\/td>\n<td width=\"179\">TEMAS<\/p>\n<p>1\u00ba TRIMESTRE<\/td>\n<td width=\"151\">TEMAS<\/p>\n<p>2\u00ba TRIMESTRE<\/td>\n<td width=\"151\">TEMAS<\/p>\n<p>3\u00ba TRIMESTRE<\/td>\n<\/tr>\n<tr>\n<td width=\"123\">1.TBE<\/td>\n<td width=\"179\">1,2,3,4<\/td>\n<td width=\"151\">5,6,7,8<\/td>\n<td width=\"151\">9,10<\/td>\n<\/tr>\n<tr>\n<td width=\"123\">2.HMH<\/td>\n<td width=\"179\">\u00a0\u00a0\u00a0 1,2<\/td>\n<td width=\"151\">3,4<\/td>\n<td width=\"151\">5<\/td>\n<\/tr>\n<tr>\n<td width=\"123\">3.PSAP<\/td>\n<td width=\"179\">\u00a0\u00a0\u00a0\u00a0\u00a0\u00a0\u00a0\u00a0\u00a0\u00a0\u00a0\u00a0\u00a0 1,2<\/td>\n<td width=\"151\">3,4<\/td>\n<td width=\"151\">5<\/td>\n<\/tr>\n<tr>\n<td width=\"123\">4.RET<\/td>\n<td width=\"179\">\u00a0\u00a0\u00a0\u00a0\u00a0\u00a0\u00a0\u00a0\u00a0\u00a0\u00a0\u00a0\u00a0 1,2<\/td>\n<td width=\"151\">3<\/td>\n<td width=\"151\">4<\/td>\n<\/tr>\n<tr>\n<td width=\"123\">5.SSA<\/td>\n<td width=\"179\">\u00a0\u00a0\u00a0\u00a0\u00a0\u00a0\u00a0\u00a0\u00a0\u00a0\u00a0\u00a0\u00a0 1<\/td>\n<td width=\"151\">2<\/td>\n<td width=\"151\">Repaso 1 y 2<\/td>\n<\/tr>\n<\/tbody>\n<\/table>\n<p>&nbsp;<\/p>\n<p>&nbsp;<\/p>\n<table>\n<tbody>\n<tr>\n<td width=\"136\"><strong>CURSO<\/strong><\/td>\n<td width=\"162\"><strong>24\/25<\/strong><\/td>\n<\/tr>\n<\/tbody>\n<\/table>\n<p>&nbsp;<\/p>\n<table>\n<tbody>\n<tr>\n<td width=\"123\"><strong>Prueba Libre TCAE<\/strong><\/td>\n<td width=\"179\">TEMAS<\/p>\n<p>1\u00ba TRIMESTRE<\/td>\n<td width=\"151\">TEMAS<\/p>\n<p>2\u00ba TRIMESTRE<\/td>\n<td width=\"151\">TEMAS<\/p>\n<p>3\u00ba TRIMESTRE<\/td>\n<\/tr>\n<tr>\n<td width=\"123\">6.OAS<\/td>\n<td width=\"179\">1,2<\/td>\n<td width=\"151\">3,4<\/td>\n<td width=\"151\">5<\/td>\n<\/tr>\n<tr>\n<td width=\"123\">7.TAO<\/td>\n<td width=\"179\">1,2<\/td>\n<td width=\"151\">3,4<\/td>\n<td width=\"151\">5<\/td>\n<\/tr>\n<tr>\n<td width=\"123\">8.FOL<\/td>\n<td width=\"179\">1<\/td>\n<td width=\"151\">2<\/td>\n<td width=\"151\">3<\/td>\n<\/tr>\n<\/tbody>\n<\/table>\n<p><strong>M\u00f3dulo profesional 1: T\u00c9CNICAS B\u00c1SICAS DE ENFERMER\u00cdA.<\/strong><\/p>\n<p>CONTENIDOS:<\/p>\n<p>1.-\u00a0\u00a0\u00a0\u00a0\u00a0\u00a0\u00a0 HIGIENE Y ASEO DEL ENFERMO:<\/p>\n<p>2.-\u00a0\u00a0\u00a0\u00a0\u00a0\u00a0\u00a0 \u00daLCERAS POR PRESI\u00d3N:<\/p>\n<p>3.-\u00a0\u00a0\u00a0\u00a0\u00a0\u00a0\u00a0 RECOGIDA DE EXCRETAS:.<\/p>\n<p>4.-\u00a0\u00a0\u00a0\u00a0\u00a0\u00a0\u00a0 MOVILIZACI\u00d3N, TRASLADO Y DEAMBULACI\u00d3N DE PACIENTES:<\/p>\n<p>5.-\u00a0\u00a0\u00a0\u00a0\u00a0\u00a0\u00a0 PREPARACI\u00d3N A LA EXPLORACI\u00d3N M\u00c9DICA. CONSTANTES VITALES:<\/p>\n<p>6.-\u00a0\u00a0\u00a0\u00a0\u00a0\u00a0\u00a0 ADMINISTRACI\u00d3N DE MEDICACI\u00d3N:<\/p>\n<p>7.-\u00a0\u00a0\u00a0\u00a0\u00a0\u00a0\u00a0 PRINCIPIOS DE DIET\u00c9TICA:<\/p>\n<p>8.-\u00a0\u00a0\u00a0\u00a0\u00a0\u00a0\u00a0 CUIDADOS POSTMORTEM:<\/p>\n<p>9.-\u00a0\u00a0\u00a0\u00a0\u00a0\u00a0\u00a0 PRIMEROS AUXILIOS:<\/p>\n<p>10.- \u00a0CUIDADOS DE ENFERMER\u00cdA EN UNIDADES ESPEC\u00cdFICAS:<\/p>\n<p><strong>M\u00f3dulo profesional 2 :HIGIENE DEL MEDIO HOSPITALARIO Y LIMPIEZA DE MATERIAL<\/strong><\/p>\n<p>CONTENIDOS:<\/p>\n<p>1.-\u00a0\u00a0\u00a0\u00a0\u00a0\u00a0\u00a0 LIMPIEZA DE MATERIAL Y UTENSILIOS:<\/p>\n<p>2.-\u00a0\u00a0\u00a0\u00a0\u00a0\u00a0\u00a0 DESINFECCI\u00d3N DE MATERIAL:<\/p>\n<p>3.-\u00a0\u00a0\u00a0\u00a0\u00a0\u00a0\u00a0 ESTERILIZACI\u00d3N DE MATERIAL:<\/p>\n<p>4.-\u00a0\u00a0\u00a0\u00a0\u00a0\u00a0\u00a0 UNIDAD DE PACIENTE:<\/p>\n<p>5.-\u00a0\u00a0\u00a0\u00a0\u00a0\u00a0\u00a0 PREVENCI\u00d3N\/CONTROL DE INFECCIONES HOSPITALARIAS.<\/p>\n<p><strong>M\u00f3dulo profesional 3 : PROMOCI\u00d3N DE LA SALUD Y APOYO PSICOL\u00d3GICO AL PACIENTE.<\/strong><\/p>\n<p>CONTENIDOS:<\/p>\n<p>1.-\u00a0\u00a0\u00a0\u00a0\u00a0\u00a0\u00a0 FUNDAMENTOS DE PSICOLOG\u00cdA GENERAL Y EVOLUTIVA:<\/p>\n<p>2.-\u00a0\u00a0\u00a0\u00a0\u00a0\u00a0\u00a0 RELACI\u00d3N CON EL PACIENTE:<\/p>\n<p>3.-\u00a0\u00a0\u00a0\u00a0\u00a0\u00a0\u00a0 COMUNICACI\u00d3N\/HUMANIZACI\u00d3N:<\/p>\n<p>4.-\u00a0\u00a0\u00a0\u00a0\u00a0\u00a0\u00a0 ESTADOS PSICOL\u00d3GICOS DE LOS PACIENTES EN SITUACIONES ESPECIALES:<\/p>\n<p>5.-\u00a0\u00a0\u00a0\u00a0\u00a0\u00a0\u00a0 EDUCACI\u00d3N SANITARIA:<\/p>\n<p><strong>M\u00f3dulo profesional 4 : RELACIONES EN EL EQUIPO DE TRABAJO.<\/strong><\/p>\n<p>CONTENIDOS:<\/p>\n<p>1.- LA COMUNICACI\u00d3N EN LA EMPRESA:<\/p>\n<p>2.-\u00a0\u00a0\u00a0 \u00a0NEGOCIACI\u00d3N Y SOLUCI\u00d3N DE PROBLEMAS<\/p>\n<p>3.- \u00a0EQUIPOS DE TRABAJO:<\/p>\n<p>4.-\u00a0 \u00a0LA MOTIVACI\u00d3N:<\/p>\n<p><strong>M\u00f3dulo profesional 5: <\/strong><strong>EL SECTOR DE LA SANIDAD EN ANDALUC\u00cdA<\/strong><\/p>\n<p>CONTENIDOS:<\/p>\n<p>1.-\u00a0\u00a0\u00a0\u00a0\u00a0\u00a0\u00a0 CONFIGURACI\u00d3N ORGANIZATIVA DEL SECTOR DE LA SANIDAD EN ANDALUC\u00cdA:<\/p>\n<p>2.-\u00a0\u00a0\u00a0\u00a0\u00a0\u00a0\u00a0 CONFIGURACI\u00d3N\u00a0\u00a0 \u00a0OCUPACIONAL:<\/p>\n<p>&nbsp;<\/p>\n<p><strong>M\u00f3dulo profesional 6: <\/strong><strong>OPERACIONES <\/strong><strong>ADMINISTRATIVAS Y\u00a0 \u00a0DOCUMENTACI\u00d3N SANITARIA.<\/strong><\/p>\n<ul>\n<li><strong>CONTENIDOS:<\/strong><\/li>\n<\/ul>\n<ol>\n<li>\u00a0 \u00a0 ORGANIZACI\u00d3N \u00a0SANITARIA<\/li>\n<li>&#8211; DOCUMENTACI\u00d3N \u00a0SANITARIA:<\/li>\n<li>&#8211; GESTI\u00d3N DE EXISTENCIAS E INVENTARIOS:<\/li>\n<li>&#8211; TRATAMIENTO DE LA INFORMACI\u00d3N\/DOCUMENTACI\u00d3N:<\/li>\n<li>&#8211; APLICACIONES INFORM\u00c1TICAS:<\/li>\n<\/ol>\n<p><strong>\u00a0<\/strong><strong>M\u00f3dulo profesional 7: <\/strong><strong>T\u00c9CNICAS<\/strong><strong>\u00a0<\/strong><strong>DE<\/strong><strong>\u00a0<\/strong><strong>AYUDA<\/strong><strong>\u00a0\u00a0\u00a0\u00a0\u00a0\u00a0\u00a0\u00a0\u00a0\u00a0\u00a0\u00a0\u00a0\u00a0\u00a0\u00a0\u00a0\u00a0\u00a0\u00a0\u00a0 <\/strong><strong>ODONTOL\u00d3GICA\/ESTOMATOL\u00d3GICA<\/strong><strong>.<\/strong><\/p>\n<ul>\n<li><strong>CONTENIDOS:<\/strong><\/li>\n<\/ul>\n<p>1.-\u00a0 RADIOGRAF\u00cdAS DENTALES<\/p>\n<p>2- MATERIALES \u00a0DENTALES:<\/p>\n<p>3- EQUIPO E INSTRUMENTOS DE USO EN CONSULTAS\u00a0 DENTALES:<\/p>\n<p>4.- PROCEDIMIENTOS\u00a0 DE\u00a0 \u00a0 INSTRUMENTACI\u00d3N\u00a0 Y\u00a0 AYUDA\u00a0 EN\u00a0 \u00a0INTERVENCIONES DENTALES<\/p>\n<p>5- PRIMEROS AUXILIOS EN LA CONSULTA\u00a0 \u00a0 \u00a0 \u00a0 \u00a0 \u00a0 \u00a0 \u00a0 \u00a0 \u00a0 \u00a0 \u00a0 \u00a0ODONTOL\u00d3GICA\/ESTOMATOL\u00d3GICA.<\/p>\n<p><strong>M\u00f3dulo profesional 8: FORMACI\u00d3N Y ORIENTACI\u00d3N LABORAL<\/strong>.<\/p>\n<ul>\n<li><strong>CONTENIDOS:<\/strong><\/li>\n<\/ul>\n<p>1.<strong>&#8211; <\/strong>SALUD \u00a0LABORAL:<\/p>\n<p>2- LEGISLACI\u00d3N Y RELACIONES LABORALES Y PROFESIONALES<\/p>\n<p>3- ORIENTACI\u00d3N \u00a0E \u00a0INSERCI\u00d3N \u00a0SOCIOLABORAL<\/p>\n","protected":false},"excerpt":{"rendered":"<p>La Preparaci\u00f3n a la Prueba Libre de FP del GM de Cuidados Auxiliares de Enfermer\u00eda (CAE), enmarcada en el Plan Educativo de formaci\u00f3n No Formal en nuestro CEPER tiene una duraci\u00f3n\u00a0 de dos cursos acad\u00e9micos, el tercer curso se realiza en el IES correspondiente. El Ciclo Formativo consta de 8 m\u00f3dulos (asignaturas). En el primero &hellip; <\/p>\n<p><a class=\"more-link btn\" href=\"https:\/\/blogsaverroes.juntadeandalucia.es\/ceperclaracampoamor\/?page_id=5162\">Seguir leyendo<\/a><\/p>\n","protected":false},"author":11082,"featured_media":0,"parent":0,"menu_order":0,"comment_status":"closed","ping_status":"closed","template":"","meta":{"ngg_post_thumbnail":0,"footnotes":"","_mc_calendar":[]},"aioseo_notices":[],"_links":{"self":[{"href":"https:\/\/blogsaverroes.juntadeandalucia.es\/ceperclaracampoamor\/index.php?rest_route=\/wp\/v2\/pages\/5162"}],"collection":[{"href":"https:\/\/blogsaverroes.juntadeandalucia.es\/ceperclaracampoamor\/index.php?rest_route=\/wp\/v2\/pages"}],"about":[{"href":"https:\/\/blogsaverroes.juntadeandalucia.es\/ceperclaracampoamor\/index.php?rest_route=\/wp\/v2\/types\/page"}],"author":[{"embeddable":true,"href":"https:\/\/blogsaverroes.juntadeandalucia.es\/ceperclaracampoamor\/index.php?rest_route=\/wp\/v2\/users\/11082"}],"replies":[{"embeddable":true,"href":"https:\/\/blogsaverroes.juntadeandalucia.es\/ceperclaracampoamor\/index.php?rest_route=%2Fwp%2Fv2%2Fcomments&post=5162"}],"version-history":[{"count":7,"href":"https:\/\/blogsaverroes.juntadeandalucia.es\/ceperclaracampoamor\/index.php?rest_route=\/wp\/v2\/pages\/5162\/revisions"}],"predecessor-version":[{"id":7421,"href":"https:\/\/blogsaverroes.juntadeandalucia.es\/ceperclaracampoamor\/index.php?rest_route=\/wp\/v2\/pages\/5162\/revisions\/7421"}],"wp:attachment":[{"href":"https:\/\/blogsaverroes.juntadeandalucia.es\/ceperclaracampoamor\/index.php?rest_route=%2Fwp%2Fv2%2Fmedia&parent=5162"}],"curies":[{"name":"wp","href":"https:\/\/api.w.org\/{rel}","templated":true}]}}