{"id":1046,"date":"2026-01-30T10:03:30","date_gmt":"2026-01-30T09:03:30","guid":{"rendered":"https:\/\/blogsaverroes.juntadeandalucia.es\/ceperconstitucionespanola\/?page_id=1046"},"modified":"2026-01-30T10:03:30","modified_gmt":"2026-01-30T09:03:30","slug":"planes-y-programas","status":"publish","type":"page","link":"https:\/\/blogsaverroes.juntadeandalucia.es\/ceperconstitucionespanola\/planes-y-programas\/","title":{"rendered":"PLANES Y PROGRAMAS"},"content":{"rendered":"<ul>\n<li>H\u00c1BITOS DE VIDA SALUDABLE (GIMANASIA-MEMORIA).<\/li>\n<li>PATRIMONIO CULTURAL ANDALUZ.<\/li>\n<li>IDIOMAS (INGL\u00c9S).<\/li>\n<li>TITULACI\u00d3N ESO (EDUCACI\u00d3N SECUNDARIA OBLIGATORIA NIVEL I Y II).<\/li>\n<li>ESPA\u00d1OL COMO LENGUA EXTRANJERA.<\/li>\n<\/ul>\n","protected":false},"excerpt":{"rendered":"<p>H\u00c1BITOS DE VIDA SALUDABLE (GIMANASIA-MEMORIA). PATRIMONIO CULTURAL ANDALUZ. IDIOMAS (INGL\u00c9S). TITULACI\u00d3N ESO (EDUCACI\u00d3N SECUNDARIA OBLIGATORIA NIVEL I Y II). ESPA\u00d1OL COMO LENGUA EXTRANJERA.<\/p>\n","protected":false},"author":7588,"featured_media":0,"parent":0,"menu_order":0,"comment_status":"closed","ping_status":"closed","template":"","meta":{"ngg_post_thumbnail":0,"footnotes":""},"aioseo_notices":[],"_links":{"self":[{"href":"https:\/\/blogsaverroes.juntadeandalucia.es\/ceperconstitucionespanola\/wp-json\/wp\/v2\/pages\/1046"}],"collection":[{"href":"https:\/\/blogsaverroes.juntadeandalucia.es\/ceperconstitucionespanola\/wp-json\/wp\/v2\/pages"}],"about":[{"href":"https:\/\/blogsaverroes.juntadeandalucia.es\/ceperconstitucionespanola\/wp-json\/wp\/v2\/types\/page"}],"author":[{"embeddable":true,"href":"https:\/\/blogsaverroes.juntadeandalucia.es\/ceperconstitucionespanola\/wp-json\/wp\/v2\/users\/7588"}],"replies":[{"embeddable":true,"href":"https:\/\/blogsaverroes.juntadeandalucia.es\/ceperconstitucionespanola\/wp-json\/wp\/v2\/comments?post=1046"}],"version-history":[{"count":1,"href":"https:\/\/blogsaverroes.juntadeandalucia.es\/ceperconstitucionespanola\/wp-json\/wp\/v2\/pages\/1046\/revisions"}],"predecessor-version":[{"id":1047,"href":"https:\/\/blogsaverroes.juntadeandalucia.es\/ceperconstitucionespanola\/wp-json\/wp\/v2\/pages\/1046\/revisions\/1047"}],"wp:attachment":[{"href":"https:\/\/blogsaverroes.juntadeandalucia.es\/ceperconstitucionespanola\/wp-json\/wp\/v2\/media?parent=1046"}],"curies":[{"name":"wp","href":"https:\/\/api.w.org\/{rel}","templated":true}]}}