{"id":1055,"date":"2026-01-30T10:14:04","date_gmt":"2026-01-30T09:14:04","guid":{"rendered":"https:\/\/blogsaverroes.juntadeandalucia.es\/ceperconstitucionespanola\/?page_id=1055"},"modified":"2026-01-30T10:14:04","modified_gmt":"2026-01-30T09:14:04","slug":"planes-y-programas-4","status":"publish","type":"page","link":"https:\/\/blogsaverroes.juntadeandalucia.es\/ceperconstitucionespanola\/planes-y-programas-4\/","title":{"rendered":"PLANES Y PROGRAMAS"},"content":{"rendered":"<ul>\n<li>H\u00c1BITOS DE VIDA SALUDABLE (GIMANASIA-MEMORIA).<\/li>\n<li>PATRIMONIO CULTURAL ANDALUZ.<\/li>\n<li>TITULACI\u00d3N ESO (EDUCACI\u00d3N SECUNDARIA OBLIGATORIA NIVEL I Y II).<\/li>\n<\/ul>\n","protected":false},"excerpt":{"rendered":"<p>H\u00c1BITOS DE VIDA SALUDABLE (GIMANASIA-MEMORIA). PATRIMONIO CULTURAL ANDALUZ. TITULACI\u00d3N ESO (EDUCACI\u00d3N SECUNDARIA OBLIGATORIA NIVEL I Y II).<\/p>\n","protected":false},"author":7588,"featured_media":0,"parent":0,"menu_order":0,"comment_status":"closed","ping_status":"closed","template":"","meta":{"ngg_post_thumbnail":0,"footnotes":""},"aioseo_notices":[],"_links":{"self":[{"href":"https:\/\/blogsaverroes.juntadeandalucia.es\/ceperconstitucionespanola\/wp-json\/wp\/v2\/pages\/1055"}],"collection":[{"href":"https:\/\/blogsaverroes.juntadeandalucia.es\/ceperconstitucionespanola\/wp-json\/wp\/v2\/pages"}],"about":[{"href":"https:\/\/blogsaverroes.juntadeandalucia.es\/ceperconstitucionespanola\/wp-json\/wp\/v2\/types\/page"}],"author":[{"embeddable":true,"href":"https:\/\/blogsaverroes.juntadeandalucia.es\/ceperconstitucionespanola\/wp-json\/wp\/v2\/users\/7588"}],"replies":[{"embeddable":true,"href":"https:\/\/blogsaverroes.juntadeandalucia.es\/ceperconstitucionespanola\/wp-json\/wp\/v2\/comments?post=1055"}],"version-history":[{"count":1,"href":"https:\/\/blogsaverroes.juntadeandalucia.es\/ceperconstitucionespanola\/wp-json\/wp\/v2\/pages\/1055\/revisions"}],"predecessor-version":[{"id":1056,"href":"https:\/\/blogsaverroes.juntadeandalucia.es\/ceperconstitucionespanola\/wp-json\/wp\/v2\/pages\/1055\/revisions\/1056"}],"wp:attachment":[{"href":"https:\/\/blogsaverroes.juntadeandalucia.es\/ceperconstitucionespanola\/wp-json\/wp\/v2\/media?parent=1055"}],"curies":[{"name":"wp","href":"https:\/\/api.w.org\/{rel}","templated":true}]}}