{"id":1061,"date":"2026-01-30T10:25:25","date_gmt":"2026-01-30T09:25:25","guid":{"rendered":"https:\/\/blogsaverroes.juntadeandalucia.es\/ceperconstitucionespanola\/?page_id=1061"},"modified":"2026-01-30T10:25:25","modified_gmt":"2026-01-30T09:25:25","slug":"planes-y-programas-6","status":"publish","type":"page","link":"https:\/\/blogsaverroes.juntadeandalucia.es\/ceperconstitucionespanola\/planes-y-programas-6\/","title":{"rendered":"PLANES Y PROGRAMAS"},"content":{"rendered":"<ul>\n<li>H\u00c1BITOS DE VIDA SALUDABLE (GIMANASIA-MEMORIA).<\/li>\n<li>IDIOMAS (INGL\u00c9S).<\/li>\n<li>INFORM\u00c1TICA.<\/li>\n<\/ul>\n","protected":false},"excerpt":{"rendered":"<p>H\u00c1BITOS DE VIDA SALUDABLE (GIMANASIA-MEMORIA). IDIOMAS (INGL\u00c9S). INFORM\u00c1TICA.<\/p>\n","protected":false},"author":7588,"featured_media":0,"parent":0,"menu_order":0,"comment_status":"closed","ping_status":"closed","template":"","meta":{"ngg_post_thumbnail":0,"footnotes":""},"aioseo_notices":[],"_links":{"self":[{"href":"https:\/\/blogsaverroes.juntadeandalucia.es\/ceperconstitucionespanola\/wp-json\/wp\/v2\/pages\/1061"}],"collection":[{"href":"https:\/\/blogsaverroes.juntadeandalucia.es\/ceperconstitucionespanola\/wp-json\/wp\/v2\/pages"}],"about":[{"href":"https:\/\/blogsaverroes.juntadeandalucia.es\/ceperconstitucionespanola\/wp-json\/wp\/v2\/types\/page"}],"author":[{"embeddable":true,"href":"https:\/\/blogsaverroes.juntadeandalucia.es\/ceperconstitucionespanola\/wp-json\/wp\/v2\/users\/7588"}],"replies":[{"embeddable":true,"href":"https:\/\/blogsaverroes.juntadeandalucia.es\/ceperconstitucionespanola\/wp-json\/wp\/v2\/comments?post=1061"}],"version-history":[{"count":1,"href":"https:\/\/blogsaverroes.juntadeandalucia.es\/ceperconstitucionespanola\/wp-json\/wp\/v2\/pages\/1061\/revisions"}],"predecessor-version":[{"id":1062,"href":"https:\/\/blogsaverroes.juntadeandalucia.es\/ceperconstitucionespanola\/wp-json\/wp\/v2\/pages\/1061\/revisions\/1062"}],"wp:attachment":[{"href":"https:\/\/blogsaverroes.juntadeandalucia.es\/ceperconstitucionespanola\/wp-json\/wp\/v2\/media?parent=1061"}],"curies":[{"name":"wp","href":"https:\/\/api.w.org\/{rel}","templated":true}]}}