{"id":1065,"date":"2026-01-30T10:29:43","date_gmt":"2026-01-30T09:29:43","guid":{"rendered":"https:\/\/blogsaverroes.juntadeandalucia.es\/ceperconstitucionespanola\/?page_id=1065"},"modified":"2026-01-30T10:29:43","modified_gmt":"2026-01-30T09:29:43","slug":"planes-y-programas-7","status":"publish","type":"page","link":"https:\/\/blogsaverroes.juntadeandalucia.es\/ceperconstitucionespanola\/planes-y-programas-7\/","title":{"rendered":"PLANES Y PROGRAMAS"},"content":{"rendered":"<ul>\n<li>H\u00c1BITOS DE VIDA SALUDABLE (MEMORIA).<\/li>\n<li>PATRIMONIO CULTURAL ANDALUZ.<\/li>\n<li>IDIOMAS (INGL\u00c9S).<\/li>\n<li>ESPA\u00d1OL COMO LENGUA EXTRANJERA.<\/li>\n<\/ul>\n","protected":false},"excerpt":{"rendered":"<p>H\u00c1BITOS DE VIDA SALUDABLE (MEMORIA). PATRIMONIO CULTURAL ANDALUZ. IDIOMAS (INGL\u00c9S). ESPA\u00d1OL COMO LENGUA EXTRANJERA.<\/p>\n","protected":false},"author":7588,"featured_media":0,"parent":0,"menu_order":0,"comment_status":"closed","ping_status":"closed","template":"","meta":{"ngg_post_thumbnail":0,"footnotes":""},"aioseo_notices":[],"_links":{"self":[{"href":"https:\/\/blogsaverroes.juntadeandalucia.es\/ceperconstitucionespanola\/wp-json\/wp\/v2\/pages\/1065"}],"collection":[{"href":"https:\/\/blogsaverroes.juntadeandalucia.es\/ceperconstitucionespanola\/wp-json\/wp\/v2\/pages"}],"about":[{"href":"https:\/\/blogsaverroes.juntadeandalucia.es\/ceperconstitucionespanola\/wp-json\/wp\/v2\/types\/page"}],"author":[{"embeddable":true,"href":"https:\/\/blogsaverroes.juntadeandalucia.es\/ceperconstitucionespanola\/wp-json\/wp\/v2\/users\/7588"}],"replies":[{"embeddable":true,"href":"https:\/\/blogsaverroes.juntadeandalucia.es\/ceperconstitucionespanola\/wp-json\/wp\/v2\/comments?post=1065"}],"version-history":[{"count":1,"href":"https:\/\/blogsaverroes.juntadeandalucia.es\/ceperconstitucionespanola\/wp-json\/wp\/v2\/pages\/1065\/revisions"}],"predecessor-version":[{"id":1066,"href":"https:\/\/blogsaverroes.juntadeandalucia.es\/ceperconstitucionespanola\/wp-json\/wp\/v2\/pages\/1065\/revisions\/1066"}],"wp:attachment":[{"href":"https:\/\/blogsaverroes.juntadeandalucia.es\/ceperconstitucionespanola\/wp-json\/wp\/v2\/media?parent=1065"}],"curies":[{"name":"wp","href":"https:\/\/api.w.org\/{rel}","templated":true}]}}