{"id":108,"date":"2022-10-21T12:08:34","date_gmt":"2022-10-21T10:08:34","guid":{"rendered":"https:\/\/blogsaverroes.juntadeandalucia.es\/ceperconstitucionespanola\/?page_id=108"},"modified":"2025-05-31T18:30:39","modified_gmt":"2025-05-31T16:30:39","slug":"oferta-educativa","status":"publish","type":"page","link":"https:\/\/blogsaverroes.juntadeandalucia.es\/ceperconstitucionespanola\/oferta-educativa\/","title":{"rendered":"Oferta Educativa"},"content":{"rendered":"<div>\n<h3><strong>Aprende, Crece y Construye Tu Futuro<\/strong><\/h3>\n<p>En el CEPER se imparten <strong>planes educativos adaptados a las necesidades de los adultos<\/strong>, ayudando a la formaci\u00f3n y al desarrollo personal.<\/p>\n<h4><strong>Formaci\u00f3n B\u00e1sica y Titulaci\u00f3n<\/strong><\/h4>\n<ul>\n<li><strong>Plan de Formaci\u00f3n B\u00e1sica (Nivel I y II)<\/strong>: Para quienes necesitan reforzar su educaci\u00f3n b\u00e1sica.<\/li>\n<li><strong>Preparaci\u00f3n para la obtenci\u00f3n del t\u00edtulo de ESO<\/strong>: Con modalidad presencial y semipresencial.<\/li>\n<li><strong>Tutor\u00edas de apoyo al estudio<\/strong>: Para quienes preparan pruebas libres o estudios en la Escuela Oficial de Idiomas.<\/li>\n<\/ul>\n<h4><strong>Educaci\u00f3n para la Ciudadan\u00eda y Desarrollo Personal<\/strong><\/h4>\n<ul>\n<li><strong>Conocimiento del Patrimonio Andaluz y Medio Ambiente<\/strong>.<\/li>\n<li><strong>Uso b\u00e1sico de las TIC<\/strong>: Para mejorar competencias digitales.<\/li>\n<li><strong>Adquisici\u00f3n de h\u00e1bitos de vida saludable<\/strong>.<\/li>\n<li><strong>Vivir y Sentir el Patrimonio<\/strong>: Un plan educativo que pone en valor el <strong>Flamenco y la cultura andaluza<\/strong>.<\/li>\n<\/ul>\n<h4 style=\"text-align: center\"><span style=\"font-size: 36pt;color: #ff0000\"><strong>&nbsp;\u00a1NOVEDAD! <\/strong><\/span><\/h4>\n<h4 style=\"text-align: center\"><span style=\"font-size: 24pt;color: #339966\"><strong>Plan de Preparaci\u00f3n para la Nacionalidad Espa\u00f1ola<\/strong><\/span><\/h4>\n<p><strong>Nuevo curso dirigido a personas extranjeras<\/strong> que desean conseguir la nacionalidad espa\u00f1ola. Incluye:<\/p>\n<ul>\n<li>Formaci\u00f3n en <strong>historia, cultura y sociedad espa\u00f1ola<\/strong>.<\/li>\n<li>Clases sobre <strong>legislaci\u00f3n y derechos fundamentales<\/strong>.<\/li>\n<li>Preparaci\u00f3n para las <strong>pruebas oficiales (CCSE y DELE)<\/strong>.<\/li>\n<\/ul>\n<p>&nbsp;<\/p>\n<\/div>\n<div class=\"pt-cv-wrapper\"><div class=\"pt-cv-view pt-cv-grid pt-cv-colsys\" id=\"pt-cv-view-2088bc2z50\"><div data-id=\"pt-cv-page-1\" class=\"pt-cv-page\" data-cvc=\"3\"><div class=\"col-md-4 col-sm-6 col-xs-12 pt-cv-content-item pt-cv-1-col\" ><div class='pt-cv-ifield'><a href=\"https:\/\/blogsaverroes.juntadeandalucia.es\/ceperconstitucionespanola\/oferta-educativa\/prueba-libre-eso\/\" class=\"_self pt-cv-href-thumbnail pt-cv-thumb-default\" target=\"_self\" ><img fetchpriority=\"high\" decoding=\"async\" width=\"300\" height=\"300\" src=\"https:\/\/blogsaverroes.juntadeandalucia.es\/ceperconstitucionespanola\/files\/2023\/03\/334-300x300.jpg\" class=\"pt-cv-thumbnail\" alt=\"\" srcset=\"https:\/\/blogsaverroes.juntadeandalucia.es\/ceperconstitucionespanola\/files\/2023\/03\/334-300x300.jpg 300w, https:\/\/blogsaverroes.juntadeandalucia.es\/ceperconstitucionespanola\/files\/2023\/03\/334-1024x1024.jpg 1024w, https:\/\/blogsaverroes.juntadeandalucia.es\/ceperconstitucionespanola\/files\/2023\/03\/334-150x150.jpg 150w, https:\/\/blogsaverroes.juntadeandalucia.es\/ceperconstitucionespanola\/files\/2023\/03\/334-768x768.jpg 768w, https:\/\/blogsaverroes.juntadeandalucia.es\/ceperconstitucionespanola\/files\/2023\/03\/334-1536x1536.jpg 1536w, https:\/\/blogsaverroes.juntadeandalucia.es\/ceperconstitucionespanola\/files\/2023\/03\/334-80x80.jpg 80w, https:\/\/blogsaverroes.juntadeandalucia.es\/ceperconstitucionespanola\/files\/2023\/03\/334-320x320.jpg 320w, https:\/\/blogsaverroes.juntadeandalucia.es\/ceperconstitucionespanola\/files\/2023\/03\/334.jpg 2000w\" sizes=\"(max-width: 300px) 100vw, 300px\" \/><\/a>\n<h4 class=\"pt-cv-title\"><a href=\"https:\/\/blogsaverroes.juntadeandalucia.es\/ceperconstitucionespanola\/oferta-educativa\/prueba-libre-eso\/\" class=\"_self\" target=\"_self\" >Prueba Libre ESO<\/a><\/h4>\n<div class=\"pt-cv-content\">Preparaci\u00f3n para la Prueba Libre de Graduado en ESO Este Plan Educativo est\u00e1 dise\u00f1ado para ayudar a quienes desean obtener ...<br \/><div class=\"pt-cv-rmwrap\"><a href=\"https:\/\/blogsaverroes.juntadeandalucia.es\/ceperconstitucionespanola\/oferta-educativa\/prueba-libre-eso\/\" class=\"_self pt-cv-readmore btn btn-success\" target=\"_self\">Leer M\u00e1s<\/a><\/div><\/div><\/div><\/div>\n<div class=\"col-md-4 col-sm-6 col-xs-12 pt-cv-content-item pt-cv-1-col\" ><div class='pt-cv-ifield'><a href=\"https:\/\/blogsaverroes.juntadeandalucia.es\/ceperconstitucionespanola\/oferta-educativa\/tutoria-de-apoyo-al-estudio-eso-nivel-i-y-nivel-ii\/\" class=\"_self pt-cv-href-thumbnail pt-cv-thumb-default\" target=\"_self\" ><img decoding=\"async\" width=\"300\" height=\"300\" src=\"https:\/\/blogsaverroes.juntadeandalucia.es\/ceperconstitucionespanola\/files\/2023\/03\/7472359-300x300.jpg\" class=\"pt-cv-thumbnail\" alt=\"\" srcset=\"https:\/\/blogsaverroes.juntadeandalucia.es\/ceperconstitucionespanola\/files\/2023\/03\/7472359-300x300.jpg 300w, https:\/\/blogsaverroes.juntadeandalucia.es\/ceperconstitucionespanola\/files\/2023\/03\/7472359-1024x1024.jpg 1024w, https:\/\/blogsaverroes.juntadeandalucia.es\/ceperconstitucionespanola\/files\/2023\/03\/7472359-150x150.jpg 150w, https:\/\/blogsaverroes.juntadeandalucia.es\/ceperconstitucionespanola\/files\/2023\/03\/7472359-768x768.jpg 768w, https:\/\/blogsaverroes.juntadeandalucia.es\/ceperconstitucionespanola\/files\/2023\/03\/7472359-1536x1536.jpg 1536w, https:\/\/blogsaverroes.juntadeandalucia.es\/ceperconstitucionespanola\/files\/2023\/03\/7472359-80x80.jpg 80w, https:\/\/blogsaverroes.juntadeandalucia.es\/ceperconstitucionespanola\/files\/2023\/03\/7472359-320x320.jpg 320w, https:\/\/blogsaverroes.juntadeandalucia.es\/ceperconstitucionespanola\/files\/2023\/03\/7472359.jpg 2000w\" sizes=\"(max-width: 300px) 100vw, 300px\" \/><\/a>\n<h4 class=\"pt-cv-title\"><a href=\"https:\/\/blogsaverroes.juntadeandalucia.es\/ceperconstitucionespanola\/oferta-educativa\/tutoria-de-apoyo-al-estudio-eso-nivel-i-y-nivel-ii\/\" class=\"_self\" target=\"_self\" >Tutor\u00eda de apoyo al Estudio ESO Nivel I y Nivel II<\/a><\/h4>\n<div class=\"pt-cv-content\">Plan de Tutor\u00edas de Apoyo al Estudio (TAE) El Plan de Tutor\u00edas de Apoyo al Estudio (TAE) es una herramienta ...<br \/><div class=\"pt-cv-rmwrap\"><a href=\"https:\/\/blogsaverroes.juntadeandalucia.es\/ceperconstitucionespanola\/oferta-educativa\/tutoria-de-apoyo-al-estudio-eso-nivel-i-y-nivel-ii\/\" class=\"_self pt-cv-readmore btn btn-success\" target=\"_self\">Leer M\u00e1s<\/a><\/div><\/div><\/div><\/div>\n<div class=\"col-md-4 col-sm-6 col-xs-12 pt-cv-content-item pt-cv-1-col\" ><div class='pt-cv-ifield'><a href=\"https:\/\/blogsaverroes.juntadeandalucia.es\/ceperconstitucionespanola\/oferta-educativa\/uso-basico-de-las-tecnologias-de-informacion-y-comunicacion\/\" class=\"_self pt-cv-href-thumbnail pt-cv-thumb-default\" target=\"_self\" ><img decoding=\"async\" width=\"300\" height=\"180\" src=\"https:\/\/blogsaverroes.juntadeandalucia.es\/ceperconstitucionespanola\/files\/2023\/01\/20605-300x180.jpg\" class=\"pt-cv-thumbnail\" alt=\"\" srcset=\"https:\/\/blogsaverroes.juntadeandalucia.es\/ceperconstitucionespanola\/files\/2023\/01\/20605-300x180.jpg 300w, https:\/\/blogsaverroes.juntadeandalucia.es\/ceperconstitucionespanola\/files\/2023\/01\/20605-1024x614.jpg 1024w, https:\/\/blogsaverroes.juntadeandalucia.es\/ceperconstitucionespanola\/files\/2023\/01\/20605-768x461.jpg 768w, https:\/\/blogsaverroes.juntadeandalucia.es\/ceperconstitucionespanola\/files\/2023\/01\/20605-1536x922.jpg 1536w, https:\/\/blogsaverroes.juntadeandalucia.es\/ceperconstitucionespanola\/files\/2023\/01\/20605-2048x1229.jpg 2048w\" sizes=\"(max-width: 300px) 100vw, 300px\" \/><\/a>\n<h4 class=\"pt-cv-title\"><a href=\"https:\/\/blogsaverroes.juntadeandalucia.es\/ceperconstitucionespanola\/oferta-educativa\/uso-basico-de-las-tecnologias-de-informacion-y-comunicacion\/\" class=\"_self\" target=\"_self\" >Uso b\u00e1sico de las Tecnolog\u00edas de Informaci\u00f3n y Comunicaci\u00f3n<\/a><\/h4>\n<div class=\"pt-cv-content\">Uso B\u00e1sico de las Tecnolog\u00edas de la Informaci\u00f3n y la Comunicaci\u00f3n (TIC) Vivimos en una era digital en la que ...<br \/><div class=\"pt-cv-rmwrap\"><a href=\"https:\/\/blogsaverroes.juntadeandalucia.es\/ceperconstitucionespanola\/oferta-educativa\/uso-basico-de-las-tecnologias-de-informacion-y-comunicacion\/\" class=\"_self pt-cv-readmore btn btn-success\" target=\"_self\">Leer M\u00e1s<\/a><\/div><\/div><\/div><\/div>\n<div class=\"col-md-4 col-sm-6 col-xs-12 pt-cv-content-item pt-cv-1-col\" ><div class='pt-cv-ifield'><a href=\"https:\/\/blogsaverroes.juntadeandalucia.es\/ceperconstitucionespanola\/oferta-educativa\/adquisicion-de-habitos-de-vida-saludable\/\" class=\"_self pt-cv-href-thumbnail pt-cv-thumb-default\" target=\"_self\" ><img loading=\"lazy\" decoding=\"async\" width=\"300\" height=\"200\" src=\"https:\/\/blogsaverroes.juntadeandalucia.es\/ceperconstitucionespanola\/files\/2023\/01\/close-up-on-running-shoes-fitness-women-training-and-jogging-300x200.jpg\" class=\"pt-cv-thumbnail\" alt=\"\" srcset=\"https:\/\/blogsaverroes.juntadeandalucia.es\/ceperconstitucionespanola\/files\/2023\/01\/close-up-on-running-shoes-fitness-women-training-and-jogging-300x200.jpg 300w, https:\/\/blogsaverroes.juntadeandalucia.es\/ceperconstitucionespanola\/files\/2023\/01\/close-up-on-running-shoes-fitness-women-training-and-jogging-1024x683.jpg 1024w, https:\/\/blogsaverroes.juntadeandalucia.es\/ceperconstitucionespanola\/files\/2023\/01\/close-up-on-running-shoes-fitness-women-training-and-jogging-768x513.jpg 768w, https:\/\/blogsaverroes.juntadeandalucia.es\/ceperconstitucionespanola\/files\/2023\/01\/close-up-on-running-shoes-fitness-women-training-and-jogging.jpg 1500w\" sizes=\"(max-width: 300px) 100vw, 300px\" \/><\/a>\n<h4 class=\"pt-cv-title\"><a href=\"https:\/\/blogsaverroes.juntadeandalucia.es\/ceperconstitucionespanola\/oferta-educativa\/adquisicion-de-habitos-de-vida-saludable\/\" class=\"_self\" target=\"_self\" >Adquisici\u00f3n de h\u00e1bitos de vida saludable<\/a><\/h4>\n<div class=\"pt-cv-content\">Plan Educativo: H\u00e1bitos de Vida Saludable y Prevenci\u00f3n de Enfermedades En el CEPER Constituci\u00f3n Espa\u00f1ola, creemos que el bienestar no ...<br \/><div class=\"pt-cv-rmwrap\"><a href=\"https:\/\/blogsaverroes.juntadeandalucia.es\/ceperconstitucionespanola\/oferta-educativa\/adquisicion-de-habitos-de-vida-saludable\/\" class=\"_self pt-cv-readmore btn btn-success\" target=\"_self\">Leer M\u00e1s<\/a><\/div><\/div><\/div><\/div>\n<div class=\"col-md-4 col-sm-6 col-xs-12 pt-cv-content-item pt-cv-1-col\" ><div class='pt-cv-ifield'><a href=\"https:\/\/blogsaverroes.juntadeandalucia.es\/ceperconstitucionespanola\/oferta-educativa\/interculturalidad-y-lengua-espanola\/\" class=\"_self pt-cv-href-thumbnail pt-cv-thumb-default\" target=\"_self\" ><img loading=\"lazy\" decoding=\"async\" width=\"300\" height=\"200\" src=\"https:\/\/blogsaverroes.juntadeandalucia.es\/ceperconstitucionespanola\/files\/2023\/01\/spanish-g1c2b185fb_1920-300x200.jpg\" class=\"pt-cv-thumbnail\" alt=\"\" srcset=\"https:\/\/blogsaverroes.juntadeandalucia.es\/ceperconstitucionespanola\/files\/2023\/01\/spanish-g1c2b185fb_1920-300x200.jpg 300w, https:\/\/blogsaverroes.juntadeandalucia.es\/ceperconstitucionespanola\/files\/2023\/01\/spanish-g1c2b185fb_1920-1024x683.jpg 1024w, https:\/\/blogsaverroes.juntadeandalucia.es\/ceperconstitucionespanola\/files\/2023\/01\/spanish-g1c2b185fb_1920-768x512.jpg 768w, https:\/\/blogsaverroes.juntadeandalucia.es\/ceperconstitucionespanola\/files\/2023\/01\/spanish-g1c2b185fb_1920-1536x1024.jpg 1536w, https:\/\/blogsaverroes.juntadeandalucia.es\/ceperconstitucionespanola\/files\/2023\/01\/spanish-g1c2b185fb_1920.jpg 1920w\" sizes=\"(max-width: 300px) 100vw, 300px\" \/><\/a>\n<h4 class=\"pt-cv-title\"><a href=\"https:\/\/blogsaverroes.juntadeandalucia.es\/ceperconstitucionespanola\/oferta-educativa\/interculturalidad-y-lengua-espanola\/\" class=\"_self\" target=\"_self\" >Interculturalidad y lengua espa\u00f1ola<\/a><\/h4>\n<div class=\"pt-cv-content\">Plan Educativo: Espa\u00f1ol e Integraci\u00f3n Cultural Aprender espa\u00f1ol no es solo dominar un idioma, es abrir puertas a nuevas oportunidades, ...<br \/><div class=\"pt-cv-rmwrap\"><a href=\"https:\/\/blogsaverroes.juntadeandalucia.es\/ceperconstitucionespanola\/oferta-educativa\/interculturalidad-y-lengua-espanola\/\" class=\"_self pt-cv-readmore btn btn-success\" target=\"_self\">Leer M\u00e1s<\/a><\/div><\/div><\/div><\/div>\n<div class=\"col-md-4 col-sm-6 col-xs-12 pt-cv-content-item pt-cv-1-col\" ><div class='pt-cv-ifield'><a href=\"https:\/\/blogsaverroes.juntadeandalucia.es\/ceperconstitucionespanola\/oferta-educativa\/conocimiento-y-conservacion-del-patrimonio-cultural-andaluz-y-el-medio-ambiente\/\" class=\"_self pt-cv-href-thumbnail pt-cv-thumb-default\" target=\"_self\" ><img loading=\"lazy\" decoding=\"async\" width=\"300\" height=\"200\" src=\"https:\/\/blogsaverroes.juntadeandalucia.es\/ceperconstitucionespanola\/files\/2023\/01\/4189602-300x200.jpg\" class=\"pt-cv-thumbnail\" alt=\"\" srcset=\"https:\/\/blogsaverroes.juntadeandalucia.es\/ceperconstitucionespanola\/files\/2023\/01\/4189602-300x200.jpg 300w, https:\/\/blogsaverroes.juntadeandalucia.es\/ceperconstitucionespanola\/files\/2023\/01\/4189602-1024x683.jpg 1024w, https:\/\/blogsaverroes.juntadeandalucia.es\/ceperconstitucionespanola\/files\/2023\/01\/4189602-768x512.jpg 768w, https:\/\/blogsaverroes.juntadeandalucia.es\/ceperconstitucionespanola\/files\/2023\/01\/4189602-1536x1024.jpg 1536w, https:\/\/blogsaverroes.juntadeandalucia.es\/ceperconstitucionespanola\/files\/2023\/01\/4189602-2048x1365.jpg 2048w\" sizes=\"(max-width: 300px) 100vw, 300px\" \/><\/a>\n<h4 class=\"pt-cv-title\"><a href=\"https:\/\/blogsaverroes.juntadeandalucia.es\/ceperconstitucionespanola\/oferta-educativa\/conocimiento-y-conservacion-del-patrimonio-cultural-andaluz-y-el-medio-ambiente\/\" class=\"_self\" target=\"_self\" >Conocimiento y conservaci\u00f3n del patrimonio cultural andaluz y el medio ambiente<\/a><\/h4>\n<div class=\"pt-cv-content\">Plan Educativo: Conocimiento y Conservaci\u00f3n del Patrimonio Andaluz y el Medio Ambiente El CEPER Constituci\u00f3n Espa\u00f1ola ofrece un espacio para ...<br \/><div class=\"pt-cv-rmwrap\"><a href=\"https:\/\/blogsaverroes.juntadeandalucia.es\/ceperconstitucionespanola\/oferta-educativa\/conocimiento-y-conservacion-del-patrimonio-cultural-andaluz-y-el-medio-ambiente\/\" class=\"_self pt-cv-readmore btn btn-success\" target=\"_self\">Leer M\u00e1s<\/a><\/div><\/div><\/div><\/div>\n<div class=\"col-md-4 col-sm-6 col-xs-12 pt-cv-content-item pt-cv-1-col\" ><div class='pt-cv-ifield'><a href=\"https:\/\/blogsaverroes.juntadeandalucia.es\/ceperconstitucionespanola\/oferta-educativa\/tutoria-de-apoyo-al-estudio-de-nivel-basico-en-ingles\/\" class=\"_self pt-cv-href-thumbnail pt-cv-thumb-default\" target=\"_self\" ><img loading=\"lazy\" decoding=\"async\" width=\"300\" height=\"204\" src=\"https:\/\/blogsaverroes.juntadeandalucia.es\/ceperconstitucionespanola\/files\/2025\/05\/Captura-de-pantalla-2025-05-31-a-las-19.19.31-300x204.png\" class=\"pt-cv-thumbnail\" alt=\"\" srcset=\"https:\/\/blogsaverroes.juntadeandalucia.es\/ceperconstitucionespanola\/files\/2025\/05\/Captura-de-pantalla-2025-05-31-a-las-19.19.31-300x204.png 300w, https:\/\/blogsaverroes.juntadeandalucia.es\/ceperconstitucionespanola\/files\/2025\/05\/Captura-de-pantalla-2025-05-31-a-las-19.19.31-768x522.png 768w, https:\/\/blogsaverroes.juntadeandalucia.es\/ceperconstitucionespanola\/files\/2025\/05\/Captura-de-pantalla-2025-05-31-a-las-19.19.31.png 1006w\" sizes=\"(max-width: 300px) 100vw, 300px\" \/><\/a>\n<h4 class=\"pt-cv-title\"><a href=\"https:\/\/blogsaverroes.juntadeandalucia.es\/ceperconstitucionespanola\/oferta-educativa\/tutoria-de-apoyo-al-estudio-de-nivel-basico-en-ingles\/\" class=\"_self\" target=\"_self\" >Nuevo Plan Educativo: Preparaci\u00f3n para la Nacionalidad Espa\u00f1ola<\/a><\/h4>\n<div class=\"pt-cv-content\">Este curso est\u00e1 dise\u00f1ado para personas extranjeras que desean obtener la nacionalidad espa\u00f1ola, proporcionando toda la formaci\u00f3n necesaria para superar ...<br \/><div class=\"pt-cv-rmwrap\"><a href=\"https:\/\/blogsaverroes.juntadeandalucia.es\/ceperconstitucionespanola\/oferta-educativa\/tutoria-de-apoyo-al-estudio-de-nivel-basico-en-ingles\/\" class=\"_self pt-cv-readmore btn btn-success\" target=\"_self\">Leer M\u00e1s<\/a><\/div><\/div><\/div><\/div>\n<div class=\"col-md-4 col-sm-6 col-xs-12 pt-cv-content-item pt-cv-1-col\" ><div class='pt-cv-ifield'><a href=\"https:\/\/blogsaverroes.juntadeandalucia.es\/ceperconstitucionespanola\/oferta-educativa\/uso-basico-de-idioma-extranjero\/\" class=\"_self pt-cv-href-thumbnail pt-cv-thumb-default\" target=\"_self\" ><img loading=\"lazy\" decoding=\"async\" width=\"300\" height=\"300\" src=\"https:\/\/blogsaverroes.juntadeandalucia.es\/ceperconstitucionespanola\/files\/2022\/11\/7494959-300x300.jpg\" class=\"pt-cv-thumbnail\" alt=\"\" srcset=\"https:\/\/blogsaverroes.juntadeandalucia.es\/ceperconstitucionespanola\/files\/2022\/11\/7494959-300x300.jpg 300w, https:\/\/blogsaverroes.juntadeandalucia.es\/ceperconstitucionespanola\/files\/2022\/11\/7494959-1024x1024.jpg 1024w, https:\/\/blogsaverroes.juntadeandalucia.es\/ceperconstitucionespanola\/files\/2022\/11\/7494959-150x150.jpg 150w, https:\/\/blogsaverroes.juntadeandalucia.es\/ceperconstitucionespanola\/files\/2022\/11\/7494959-768x768.jpg 768w, https:\/\/blogsaverroes.juntadeandalucia.es\/ceperconstitucionespanola\/files\/2022\/11\/7494959-1536x1536.jpg 1536w, https:\/\/blogsaverroes.juntadeandalucia.es\/ceperconstitucionespanola\/files\/2022\/11\/7494959-80x80.jpg 80w, https:\/\/blogsaverroes.juntadeandalucia.es\/ceperconstitucionespanola\/files\/2022\/11\/7494959-320x320.jpg 320w, https:\/\/blogsaverroes.juntadeandalucia.es\/ceperconstitucionespanola\/files\/2022\/11\/7494959.jpg 2000w\" sizes=\"(max-width: 300px) 100vw, 300px\" \/><\/a>\n<h4 class=\"pt-cv-title\"><a href=\"https:\/\/blogsaverroes.juntadeandalucia.es\/ceperconstitucionespanola\/oferta-educativa\/uso-basico-de-idioma-extranjero\/\" class=\"_self\" target=\"_self\" >Uso b\u00e1sico de idioma extranjero (Ingl\u00e9s)<\/a><\/h4>\n<div class=\"pt-cv-content\">Plan de Uso B\u00e1sico de Ingl\u00e9s Aprender un nuevo idioma abre puertas, mejora oportunidades laborales y facilita la comunicaci\u00f3n en ...<br \/><div class=\"pt-cv-rmwrap\"><a href=\"https:\/\/blogsaverroes.juntadeandalucia.es\/ceperconstitucionespanola\/oferta-educativa\/uso-basico-de-idioma-extranjero\/\" class=\"_self pt-cv-readmore btn btn-success\" target=\"_self\">Leer M\u00e1s<\/a><\/div><\/div><\/div><\/div><\/div><\/div><\/div>\n","protected":false},"excerpt":{"rendered":"<p>Aprende, Crece y Construye Tu Futuro En el CEPER se imparten planes educativos adaptados a las necesidades de los adultos, ayudando a la formaci\u00f3n y&hellip;<\/p>\n","protected":false},"author":15643,"featured_media":0,"parent":0,"menu_order":0,"comment_status":"closed","ping_status":"closed","template":"","meta":{"ngg_post_thumbnail":0,"footnotes":""},"aioseo_notices":[],"_links":{"self":[{"href":"https:\/\/blogsaverroes.juntadeandalucia.es\/ceperconstitucionespanola\/wp-json\/wp\/v2\/pages\/108"}],"collection":[{"href":"https:\/\/blogsaverroes.juntadeandalucia.es\/ceperconstitucionespanola\/wp-json\/wp\/v2\/pages"}],"about":[{"href":"https:\/\/blogsaverroes.juntadeandalucia.es\/ceperconstitucionespanola\/wp-json\/wp\/v2\/types\/page"}],"author":[{"embeddable":true,"href":"https:\/\/blogsaverroes.juntadeandalucia.es\/ceperconstitucionespanola\/wp-json\/wp\/v2\/users\/15643"}],"replies":[{"embeddable":true,"href":"https:\/\/blogsaverroes.juntadeandalucia.es\/ceperconstitucionespanola\/wp-json\/wp\/v2\/comments?post=108"}],"version-history":[{"count":8,"href":"https:\/\/blogsaverroes.juntadeandalucia.es\/ceperconstitucionespanola\/wp-json\/wp\/v2\/pages\/108\/revisions"}],"predecessor-version":[{"id":728,"href":"https:\/\/blogsaverroes.juntadeandalucia.es\/ceperconstitucionespanola\/wp-json\/wp\/v2\/pages\/108\/revisions\/728"}],"wp:attachment":[{"href":"https:\/\/blogsaverroes.juntadeandalucia.es\/ceperconstitucionespanola\/wp-json\/wp\/v2\/media?parent=108"}],"curies":[{"name":"wp","href":"https:\/\/api.w.org\/{rel}","templated":true}]}}