{"id":135,"date":"2022-10-21T12:39:18","date_gmt":"2022-10-21T10:39:18","guid":{"rendered":"https:\/\/blogsaverroes.juntadeandalucia.es\/ceperconstitucionespanola\/?page_id=135"},"modified":"2025-05-31T19:51:44","modified_gmt":"2025-05-31T17:51:44","slug":"contacto","status":"publish","type":"page","link":"https:\/\/blogsaverroes.juntadeandalucia.es\/ceperconstitucionespanola\/contacto\/","title":{"rendered":"Contacto"},"content":{"rendered":"<p><img decoding=\"async\" class=\"alignleft wp-image-672 size-thumbnail\" src=\"https:\/\/blogsaverroes.juntadeandalucia.es\/ceperconstitucionespanola\/files\/2025\/05\/cropped-cropped-Captura-de-pantalla-2025-05-24-a-las-12.27.51-150x150.png\" alt=\"\" width=\"150\" height=\"150\" srcset=\"https:\/\/blogsaverroes.juntadeandalucia.es\/ceperconstitucionespanola\/files\/2025\/05\/cropped-cropped-Captura-de-pantalla-2025-05-24-a-las-12.27.51-150x150.png 150w, https:\/\/blogsaverroes.juntadeandalucia.es\/ceperconstitucionespanola\/files\/2025\/05\/cropped-cropped-Captura-de-pantalla-2025-05-24-a-las-12.27.51-300x300.png 300w, https:\/\/blogsaverroes.juntadeandalucia.es\/ceperconstitucionespanola\/files\/2025\/05\/cropped-cropped-Captura-de-pantalla-2025-05-24-a-las-12.27.51-270x270.png 270w, https:\/\/blogsaverroes.juntadeandalucia.es\/ceperconstitucionespanola\/files\/2025\/05\/cropped-cropped-Captura-de-pantalla-2025-05-24-a-las-12.27.51-192x192.png 192w, https:\/\/blogsaverroes.juntadeandalucia.es\/ceperconstitucionespanola\/files\/2025\/05\/cropped-cropped-Captura-de-pantalla-2025-05-24-a-las-12.27.51-180x180.png 180w, https:\/\/blogsaverroes.juntadeandalucia.es\/ceperconstitucionespanola\/files\/2025\/05\/cropped-cropped-Captura-de-pantalla-2025-05-24-a-las-12.27.51-32x32.png 32w, https:\/\/blogsaverroes.juntadeandalucia.es\/ceperconstitucionespanola\/files\/2025\/05\/cropped-cropped-Captura-de-pantalla-2025-05-24-a-las-12.27.51.png 512w\" sizes=\"(max-width: 150px) 100vw, 150px\" \/><\/p>\n<p>&nbsp;<\/p>\n<p><strong>Direcci\u00f3n:<\/strong> <a href=\"http:\/\/C. Laur\u00eda, 39, 29400 Ronda, M\u00e1laga\">Calle Laur\u00eda, 39<\/a> (patio interior), 29400 Ronda, M\u00e1laga.<\/p>\n<p><strong>Email:<\/strong> <a href=\"mailto:29500320@g.educaand.es\">29500320@g.educaand.es<\/a><\/p>\n<p><strong>Tel\u00e9fono:<\/strong> 952 16 95 06<\/p>\n","protected":false},"excerpt":{"rendered":"<p>&nbsp; Direcci\u00f3n: Calle Laur\u00eda, 39 (patio interior), 29400 Ronda, M\u00e1laga. Email: 29500320@g.educaand.es Tel\u00e9fono: 952 16 95 06<\/p>\n","protected":false},"author":7588,"featured_media":672,"parent":0,"menu_order":0,"comment_status":"closed","ping_status":"closed","template":"","meta":{"ngg_post_thumbnail":0,"footnotes":""},"aioseo_notices":[],"_links":{"self":[{"href":"https:\/\/blogsaverroes.juntadeandalucia.es\/ceperconstitucionespanola\/wp-json\/wp\/v2\/pages\/135"}],"collection":[{"href":"https:\/\/blogsaverroes.juntadeandalucia.es\/ceperconstitucionespanola\/wp-json\/wp\/v2\/pages"}],"about":[{"href":"https:\/\/blogsaverroes.juntadeandalucia.es\/ceperconstitucionespanola\/wp-json\/wp\/v2\/types\/page"}],"author":[{"embeddable":true,"href":"https:\/\/blogsaverroes.juntadeandalucia.es\/ceperconstitucionespanola\/wp-json\/wp\/v2\/users\/7588"}],"replies":[{"embeddable":true,"href":"https:\/\/blogsaverroes.juntadeandalucia.es\/ceperconstitucionespanola\/wp-json\/wp\/v2\/comments?post=135"}],"version-history":[{"count":4,"href":"https:\/\/blogsaverroes.juntadeandalucia.es\/ceperconstitucionespanola\/wp-json\/wp\/v2\/pages\/135\/revisions"}],"predecessor-version":[{"id":765,"href":"https:\/\/blogsaverroes.juntadeandalucia.es\/ceperconstitucionespanola\/wp-json\/wp\/v2\/pages\/135\/revisions\/765"}],"wp:featuredmedia":[{"embeddable":true,"href":"https:\/\/blogsaverroes.juntadeandalucia.es\/ceperconstitucionespanola\/wp-json\/wp\/v2\/media\/672"}],"wp:attachment":[{"href":"https:\/\/blogsaverroes.juntadeandalucia.es\/ceperconstitucionespanola\/wp-json\/wp\/v2\/media?parent=135"}],"curies":[{"name":"wp","href":"https:\/\/api.w.org\/{rel}","templated":true}]}}