{"id":158,"date":"2022-11-11T10:02:12","date_gmt":"2022-11-11T09:02:12","guid":{"rendered":"https:\/\/blogsaverroes.juntadeandalucia.es\/ceperconstitucionespanola\/?page_id=158"},"modified":"2025-05-31T19:28:26","modified_gmt":"2025-05-31T17:28:26","slug":"plan-tde","status":"publish","type":"page","link":"https:\/\/blogsaverroes.juntadeandalucia.es\/ceperconstitucionespanola\/planes-y-proyectos\/plan-tde\/","title":{"rendered":"Plan TDE"},"content":{"rendered":"<p><img fetchpriority=\"high\" decoding=\"async\" class=\"aligncenter wp-image-162 size-medium\" src=\"https:\/\/blogsaverroes.juntadeandalucia.es\/ceperconstitucionespanola\/files\/2022\/11\/logo-tde-295x300.png\" alt=\"\" width=\"295\" height=\"300\" srcset=\"https:\/\/blogsaverroes.juntadeandalucia.es\/ceperconstitucionespanola\/files\/2022\/11\/logo-tde-295x300.png 295w, https:\/\/blogsaverroes.juntadeandalucia.es\/ceperconstitucionespanola\/files\/2022\/11\/logo-tde-80x80.png 80w, https:\/\/blogsaverroes.juntadeandalucia.es\/ceperconstitucionespanola\/files\/2022\/11\/logo-tde.png 492w\" sizes=\"(max-width: 295px) 100vw, 295px\" \/><\/p>\n<h3><strong><a href=\"https:\/\/blogsaverroes.juntadeandalucia.es\/ceperconstitucionespanola\/files\/2022\/11\/INFORME-PLAN-TDE.pdf\">Transformaci\u00f3n Digital Educativa<\/a> (#TDE) en el CEPER Constituci\u00f3n Espa\u00f1ola<\/strong><\/h3>\n<p>La <strong>educaci\u00f3n digital<\/strong> es clave para preparar a los ciudadanos del futuro. En el <strong>CEPER Constituci\u00f3n Espa\u00f1ola<\/strong>, la <strong>Transformaci\u00f3n Digital Educativa (TDE)<\/strong> responde a los retos actuales, promoviendo una ense\u00f1anza <strong>m\u00e1s inclusiva, innovadora y conectada<\/strong>.<\/p>\n<h3><span style=\"font-size: 18pt\"><strong>\u00bfQu\u00e9 implica la #TDE?<\/strong><\/span><\/h3>\n<ul>\n<li><strong>Adaptaci\u00f3n a la sociedad digital<\/strong> \u2192 Uso de plataformas educativas modernas, como <strong>Moodle Centros<\/strong> y <strong>BlogsAverroes<\/strong>. &nbsp;<strong>Autoevaluaci\u00f3n digital<\/strong> \u2192 Herramientas como la <strong>R\u00fabrica TDE<\/strong> y el <strong>Plan de Actuaci\u00f3n Digital (PAD)<\/strong> permiten mejorar continuamente la competencia digital del centro.<\/li>\n<li><strong>Formaci\u00f3n del profesorado<\/strong> \u2192 Programas h\u00edbridos de ense\u00f1anza <strong>presencial y online<\/strong>, alineados con el Marco <strong>DigCompEdu<\/strong>. <strong>Conciencia sobre sostenibilidad<\/strong>\u2192 Integraci\u00f3n de los <strong>Objetivos de Desarrollo Sostenible (ODS)<\/strong> y el <strong>Dise\u00f1o Universal para el Aprendizaje (DUA)<\/strong>.<\/li>\n<\/ul>\n<h3><span style=\"font-size: 18pt\"><strong>Herramientas clave en el proceso<\/strong><\/span><\/h3>\n<ul>\n<li><strong>S\u00e9neca<\/strong> \u2192 Autoevaluaci\u00f3n de la competencia digital docente.<\/li>\n<li><strong>Moodle Centros<\/strong> \u2192 Aula virtual universal.<\/li>\n<li><strong>BlogsAverroes<\/strong> \u2192 Creaci\u00f3n de espacios educativos digitales. &nbsp;<\/li>\n<li><strong>MoocEdu<\/strong> \u2192 Recursos para mejorar la competencia digital.<\/li>\n<\/ul>\n<h3><span style=\"font-size: 18pt\"><strong>Un paso hacia una educaci\u00f3n inclusiva y digital<\/strong><\/span><\/h3>\n<p>La <strong>Transformaci\u00f3n Digital Educativa (#TDE)<\/strong> sienta las bases para una educaci\u00f3n que <strong>responda a las necesidades de la sociedad actual<\/strong>, asegurando que docentes y estudiantes <strong>tengan las herramientas necesarias para avanzar en el aprendizaje digital<\/strong>.<\/p>\n<p><a href=\"https:\/\/blogsaverroes.juntadeandalucia.es\/ceperconstitucionespanola\/files\/2023\/05\/GU\u00cdA-DE-USO-RESPONSABLE-DE-EQUIPOS-Y-DISPOSITIVOS.pdf\"><strong>Consulta la Gu\u00eda de Uso Responsable de Equipos y Dispositivos<\/strong><\/a> para conocer m\u00e1s sobre la correcta implementaci\u00f3n de tecnolog\u00eda en el aula.<\/p>\n","protected":false},"excerpt":{"rendered":"<p>Transformaci\u00f3n Digital Educativa (#TDE) en el CEPER Constituci\u00f3n Espa\u00f1ola La educaci\u00f3n digital es clave para preparar a los ciudadanos del futuro. En el CEPER Constituci\u00f3n&hellip;<\/p>\n","protected":false},"author":15643,"featured_media":162,"parent":114,"menu_order":0,"comment_status":"closed","ping_status":"closed","template":"","meta":{"ngg_post_thumbnail":0,"footnotes":""},"aioseo_notices":[],"_links":{"self":[{"href":"https:\/\/blogsaverroes.juntadeandalucia.es\/ceperconstitucionespanola\/wp-json\/wp\/v2\/pages\/158"}],"collection":[{"href":"https:\/\/blogsaverroes.juntadeandalucia.es\/ceperconstitucionespanola\/wp-json\/wp\/v2\/pages"}],"about":[{"href":"https:\/\/blogsaverroes.juntadeandalucia.es\/ceperconstitucionespanola\/wp-json\/wp\/v2\/types\/page"}],"author":[{"embeddable":true,"href":"https:\/\/blogsaverroes.juntadeandalucia.es\/ceperconstitucionespanola\/wp-json\/wp\/v2\/users\/15643"}],"replies":[{"embeddable":true,"href":"https:\/\/blogsaverroes.juntadeandalucia.es\/ceperconstitucionespanola\/wp-json\/wp\/v2\/comments?post=158"}],"version-history":[{"count":5,"href":"https:\/\/blogsaverroes.juntadeandalucia.es\/ceperconstitucionespanola\/wp-json\/wp\/v2\/pages\/158\/revisions"}],"predecessor-version":[{"id":758,"href":"https:\/\/blogsaverroes.juntadeandalucia.es\/ceperconstitucionespanola\/wp-json\/wp\/v2\/pages\/158\/revisions\/758"}],"up":[{"embeddable":true,"href":"https:\/\/blogsaverroes.juntadeandalucia.es\/ceperconstitucionespanola\/wp-json\/wp\/v2\/pages\/114"}],"wp:featuredmedia":[{"embeddable":true,"href":"https:\/\/blogsaverroes.juntadeandalucia.es\/ceperconstitucionespanola\/wp-json\/wp\/v2\/media\/162"}],"wp:attachment":[{"href":"https:\/\/blogsaverroes.juntadeandalucia.es\/ceperconstitucionespanola\/wp-json\/wp\/v2\/media?parent=158"}],"curies":[{"name":"wp","href":"https:\/\/api.w.org\/{rel}","templated":true}]}}