{"id":188,"date":"2022-11-18T10:59:08","date_gmt":"2022-11-18T09:59:08","guid":{"rendered":"https:\/\/blogsaverroes.juntadeandalucia.es\/ceperconstitucionespanola\/?page_id=188"},"modified":"2025-05-31T19:21:43","modified_gmt":"2025-05-31T17:21:43","slug":"tutoria-de-apoyo-al-estudio-de-nivel-basico-en-ingles","status":"publish","type":"page","link":"https:\/\/blogsaverroes.juntadeandalucia.es\/ceperconstitucionespanola\/oferta-educativa\/tutoria-de-apoyo-al-estudio-de-nivel-basico-en-ingles\/","title":{"rendered":"Nuevo Plan Educativo: Preparaci\u00f3n para la Nacionalidad Espa\u00f1ola"},"content":{"rendered":"<p><img fetchpriority=\"high\" decoding=\"async\" class=\"attachment-large aligncenter wp-image-6657 \" src=\"https:\/\/cdn.sitenetwork.ovh\/www_guiamigracion_com\/uploads\/sites\/7\/2024\/10\/nacionalidad_espanola.jpg\" alt=\"Pasaporte espa\u00f1ol sobre la bandera de Espa\u00f1a, simbolizando el proceso de obtenci\u00f3n de la nacionalidad espa\u00f1ola.\" width=\"467\" height=\"311\"><\/p>\n<p>Este curso est\u00e1 dise\u00f1ado para <strong>personas extranjeras que desean obtener la nacionalidad espa\u00f1ola<\/strong>, proporcionando toda la formaci\u00f3n necesaria para superar los requisitos exigidos.<\/p>\n<p><span style=\"font-size: 18pt\"><strong>\u00bfQu\u00e9 aprender\u00e1s?<\/strong><\/span><\/p>\n<ul>\n<li>Conocimientos sobre cultura, historia y sociedad espa\u00f1ola.<\/li>\n<li><span style=\"font-size: 12pt\">Legislaci\u00f3n y derechos fundamentales en Espa\u00f1a.<\/span><\/li>\n<li>Preparaci\u00f3n para las pruebas oficiales (CCSE y DELE).<\/li>\n<li>Talleres pr\u00e1cticos de integraci\u00f3n y participaci\u00f3n ciudadana.<\/li>\n<\/ul>\n<p><span style=\"font-size: 18pt\"><strong>\u00bfQui\u00e9n puede inscribirse?<\/strong> <\/span><\/p>\n<p>Cualquier persona extranjera que busque <strong>conseguir la nacionalidad espa\u00f1ola<\/strong> y mejorar su adaptaci\u00f3n en el pa\u00eds.<\/p>\n<p><span style=\"font-size: 18pt\"><strong>Modalidad del curso<\/strong><\/span><\/p>\n<ul>\n<li><strong>Presencial<\/strong> en el Centro.<\/li>\n<li><strong>Materiales oficiales y simulaciones de examen<\/strong> para garantizar el mejor resultado.<\/li>\n<\/ul>\n<p style=\"text-align: center\"><span style=\"color: #ff9900\">\u00a1Inscr\u00edbete y da el paso hacia tu futuro en Espa\u00f1a!<\/span><\/p>\n","protected":false},"excerpt":{"rendered":"<p>Este curso est\u00e1 dise\u00f1ado para personas extranjeras que desean obtener la nacionalidad espa\u00f1ola, proporcionando toda la formaci\u00f3n necesaria para superar los requisitos exigidos. \u00bfQu\u00e9 aprender\u00e1s?&hellip;<\/p>\n","protected":false},"author":15643,"featured_media":754,"parent":108,"menu_order":0,"comment_status":"closed","ping_status":"closed","template":"","meta":{"ngg_post_thumbnail":0,"footnotes":""},"aioseo_notices":[],"_links":{"self":[{"href":"https:\/\/blogsaverroes.juntadeandalucia.es\/ceperconstitucionespanola\/wp-json\/wp\/v2\/pages\/188"}],"collection":[{"href":"https:\/\/blogsaverroes.juntadeandalucia.es\/ceperconstitucionespanola\/wp-json\/wp\/v2\/pages"}],"about":[{"href":"https:\/\/blogsaverroes.juntadeandalucia.es\/ceperconstitucionespanola\/wp-json\/wp\/v2\/types\/page"}],"author":[{"embeddable":true,"href":"https:\/\/blogsaverroes.juntadeandalucia.es\/ceperconstitucionespanola\/wp-json\/wp\/v2\/users\/15643"}],"replies":[{"embeddable":true,"href":"https:\/\/blogsaverroes.juntadeandalucia.es\/ceperconstitucionespanola\/wp-json\/wp\/v2\/comments?post=188"}],"version-history":[{"count":3,"href":"https:\/\/blogsaverroes.juntadeandalucia.es\/ceperconstitucionespanola\/wp-json\/wp\/v2\/pages\/188\/revisions"}],"predecessor-version":[{"id":752,"href":"https:\/\/blogsaverroes.juntadeandalucia.es\/ceperconstitucionespanola\/wp-json\/wp\/v2\/pages\/188\/revisions\/752"}],"up":[{"embeddable":true,"href":"https:\/\/blogsaverroes.juntadeandalucia.es\/ceperconstitucionespanola\/wp-json\/wp\/v2\/pages\/108"}],"wp:featuredmedia":[{"embeddable":true,"href":"https:\/\/blogsaverroes.juntadeandalucia.es\/ceperconstitucionespanola\/wp-json\/wp\/v2\/media\/754"}],"wp:attachment":[{"href":"https:\/\/blogsaverroes.juntadeandalucia.es\/ceperconstitucionespanola\/wp-json\/wp\/v2\/media?parent=188"}],"curies":[{"name":"wp","href":"https:\/\/api.w.org\/{rel}","templated":true}]}}