{"id":215,"date":"2023-01-27T11:15:57","date_gmt":"2023-01-27T10:15:57","guid":{"rendered":"https:\/\/blogsaverroes.juntadeandalucia.es\/ceperconstitucionespanola\/?page_id=215"},"modified":"2025-05-31T18:57:28","modified_gmt":"2025-05-31T16:57:28","slug":"interculturalidad-y-lengua-espanola","status":"publish","type":"page","link":"https:\/\/blogsaverroes.juntadeandalucia.es\/ceperconstitucionespanola\/oferta-educativa\/interculturalidad-y-lengua-espanola\/","title":{"rendered":"Interculturalidad y lengua espa\u00f1ola"},"content":{"rendered":"<p><img fetchpriority=\"high\" decoding=\"async\" class=\"aligncenter wp-image-255 size-medium\" src=\"https:\/\/blogsaverroes.juntadeandalucia.es\/ceperconstitucionespanola\/files\/2023\/01\/spanish-g1c2b185fb_1920-300x200.jpg\" alt=\"\" width=\"300\" height=\"200\" srcset=\"https:\/\/blogsaverroes.juntadeandalucia.es\/ceperconstitucionespanola\/files\/2023\/01\/spanish-g1c2b185fb_1920-300x200.jpg 300w, https:\/\/blogsaverroes.juntadeandalucia.es\/ceperconstitucionespanola\/files\/2023\/01\/spanish-g1c2b185fb_1920-1024x683.jpg 1024w, https:\/\/blogsaverroes.juntadeandalucia.es\/ceperconstitucionespanola\/files\/2023\/01\/spanish-g1c2b185fb_1920-768x512.jpg 768w, https:\/\/blogsaverroes.juntadeandalucia.es\/ceperconstitucionespanola\/files\/2023\/01\/spanish-g1c2b185fb_1920-1536x1024.jpg 1536w, https:\/\/blogsaverroes.juntadeandalucia.es\/ceperconstitucionespanola\/files\/2023\/01\/spanish-g1c2b185fb_1920.jpg 1920w\" sizes=\"(max-width: 300px) 100vw, 300px\" \/><\/p>\n<h3><strong>Plan Educativo: Espa\u00f1ol e Integraci\u00f3n Cultural<\/strong><\/h3>\n<p>Aprender espa\u00f1ol no es solo dominar un idioma, <strong>es abrir puertas a nuevas oportunidades, crear v\u00ednculos y formar parte de la comunidad<\/strong>. En el <strong>CEPER Constituci\u00f3n Espa\u00f1ola<\/strong>, ofrecemos un <strong>curso especializado para personas extranjeras<\/strong> que desean mejorar su comunicaci\u00f3n y adaptarse mejor a la cultura espa\u00f1ola.<\/p>\n<p><span style=\"font-size: 18pt\"><strong>\u00bfQui\u00e9n puede inscribirse?<\/strong><\/span><\/p>\n<p>Este curso est\u00e1 dise\u00f1ado para <strong>personas extranjeras que a\u00fan no hablan espa\u00f1ol o desean perfeccionar sus conocimientos<\/strong>.<\/p>\n<p><strong>Dos niveles disponibles:<\/strong><\/p>\n<ul>\n<li><strong>B\u00e1sico:<\/strong> Para quienes comienzan desde cero y necesitan aprender <strong>las estructuras fundamentales del idioma<\/strong>.<\/li>\n<li><strong>Avanzado:<\/strong> Para quienes desean profundizar en la lengua y entender <strong>aspectos clave de la cultura, historia y sociedad espa\u00f1ola<\/strong>.<\/li>\n<\/ul>\n<h3><span style=\"font-size: 18pt\"><strong>\u00bfQu\u00e9 aprender\u00e1s?<\/strong><\/span><\/h3>\n<ul>\n<li><strong>T\u00e9cnicas b\u00e1sicas de comunicaci\u00f3n en espa\u00f1ol<\/strong> \u2192 Expresi\u00f3n oral, escritura y comprensi\u00f3n.<\/li>\n<li><strong>Aspectos fundamentales de la vida en Espa\u00f1a<\/strong> \u2192 Normas sociales, cultura, costumbres y derechos ciudadanos.<\/li>\n<li><strong>Estrategias para la integraci\u00f3n<\/strong> \u2192 Herramientas que facilitar\u00e1n tu adaptaci\u00f3n en el entorno laboral y social.<\/li>\n<\/ul>\n<h3><span style=\"font-size: 18pt\"><strong>Beneficios del curso<\/strong><\/span><\/h3>\n<ul>\n<li>Mejora tu comunicaci\u00f3n y aumenta tu confianza al hablar espa\u00f1ol.<\/li>\n<li>Conoce y comprende mejor la cultura y costumbres del pa\u00eds.<\/li>\n<li>Abre m\u00e1s puertas en el \u00e1mbito laboral y educativo en Espa\u00f1a.<\/li>\n<\/ul>\n<p><strong>Si est\u00e1s buscando mejorar tu espa\u00f1ol y sentirte m\u00e1s integrado en la comunidad, este curso es tu mejor opci\u00f3n<\/strong>.<\/p>\n<p style=\"text-align: center\"><span style=\"color: #339966\">\u00a1Inscr\u00edbete y da el primer paso hacia tu nueva vida en Espa\u00f1a!<\/span><\/p>\n","protected":false},"excerpt":{"rendered":"<p>Plan Educativo: Espa\u00f1ol e Integraci\u00f3n Cultural Aprender espa\u00f1ol no es solo dominar un idioma, es abrir puertas a nuevas oportunidades, crear v\u00ednculos y formar parte&hellip;<\/p>\n","protected":false},"author":15643,"featured_media":255,"parent":108,"menu_order":0,"comment_status":"closed","ping_status":"closed","template":"","meta":{"ngg_post_thumbnail":0,"footnotes":""},"aioseo_notices":[],"_links":{"self":[{"href":"https:\/\/blogsaverroes.juntadeandalucia.es\/ceperconstitucionespanola\/wp-json\/wp\/v2\/pages\/215"}],"collection":[{"href":"https:\/\/blogsaverroes.juntadeandalucia.es\/ceperconstitucionespanola\/wp-json\/wp\/v2\/pages"}],"about":[{"href":"https:\/\/blogsaverroes.juntadeandalucia.es\/ceperconstitucionespanola\/wp-json\/wp\/v2\/types\/page"}],"author":[{"embeddable":true,"href":"https:\/\/blogsaverroes.juntadeandalucia.es\/ceperconstitucionespanola\/wp-json\/wp\/v2\/users\/15643"}],"replies":[{"embeddable":true,"href":"https:\/\/blogsaverroes.juntadeandalucia.es\/ceperconstitucionespanola\/wp-json\/wp\/v2\/comments?post=215"}],"version-history":[{"count":5,"href":"https:\/\/blogsaverroes.juntadeandalucia.es\/ceperconstitucionespanola\/wp-json\/wp\/v2\/pages\/215\/revisions"}],"predecessor-version":[{"id":746,"href":"https:\/\/blogsaverroes.juntadeandalucia.es\/ceperconstitucionespanola\/wp-json\/wp\/v2\/pages\/215\/revisions\/746"}],"up":[{"embeddable":true,"href":"https:\/\/blogsaverroes.juntadeandalucia.es\/ceperconstitucionespanola\/wp-json\/wp\/v2\/pages\/108"}],"wp:featuredmedia":[{"embeddable":true,"href":"https:\/\/blogsaverroes.juntadeandalucia.es\/ceperconstitucionespanola\/wp-json\/wp\/v2\/media\/255"}],"wp:attachment":[{"href":"https:\/\/blogsaverroes.juntadeandalucia.es\/ceperconstitucionespanola\/wp-json\/wp\/v2\/media?parent=215"}],"curies":[{"name":"wp","href":"https:\/\/api.w.org\/{rel}","templated":true}]}}