{"id":34,"date":"2022-10-21T10:37:02","date_gmt":"2022-10-21T08:37:02","guid":{"rendered":"https:\/\/blogsaverroes.juntadeandalucia.es\/ceperconstitucionespanola\/?page_id=34"},"modified":"2025-05-31T20:15:47","modified_gmt":"2025-05-31T18:15:47","slug":"inicio","status":"publish","type":"page","link":"https:\/\/blogsaverroes.juntadeandalucia.es\/ceperconstitucionespanola\/","title":{"rendered":"Inicio"},"content":{"rendered":"<p><iframe title=\"CEPER Constitucion Espa\u00f1ola\" width=\"843\" height=\"474\" src=\"https:\/\/www.youtube.com\/embed\/PWeR-yDlQsw?feature=oembed\" frameborder=\"0\" allow=\"accelerometer; autoplay; clipboard-write; encrypted-media; gyroscope; picture-in-picture; web-share\" referrerpolicy=\"strict-origin-when-cross-origin\" allowfullscreen><\/iframe><\/p>\n<p><strong>Bienvenidos al Centro de Educaci\u00f3n Permanente Constituci\u00f3n Espa\u00f1ola<\/strong> Un espacio donde el aprendizaje no tiene l\u00edmites ni edad. Aqu\u00ed podr\u00e1s conocer nuestro centro, descubrir nuestros cursos y planes educativos, conocer nuestra organizaci\u00f3n e informarte sobre el proceso de matriculaci\u00f3n.<\/p>\n<h3><strong>Aprender para siempre, crecer juntos<\/strong><\/h3>\n<p>En el Centro de Educaci\u00f3n Permanente creemos que el aprendizaje es un viaje continuo, una aventura que nos acompa\u00f1a a lo largo de toda la vida. Olv\u00eddate de la idea de que la educaci\u00f3n termina en la escuela o en la universidad. Aqu\u00ed, <strong>cada d\u00eda es una oportunidad para descubrir algo nuevo<\/strong>, mejorar habilidades y compartir conocimientos en un entorno enriquecedor y colaborativo.<\/p>\n<p>Ya sea que quieras aprender a leer, mejorar tu formaci\u00f3n profesional, explorar nuevas \u00e1reas como la administraci\u00f3n, el arte o la comunicaci\u00f3n, <strong>siempre hay algo m\u00e1s por descubrir, siempre hay m\u00e1s por aprender<\/strong>.<\/p>\n<h3><strong>Un lugar de comunidad y diversidad<\/strong><\/h3>\n<p>Nuestro centro no es solo un espacio educativo, es <strong>una familia<\/strong>, un lugar de encuentro donde cada persona es bienvenida sin importar su edad, g\u00e9nero, origen o creencias. Creemos que <strong>cuanta m\u00e1s diversidad, mayor aprendizaje<\/strong>, porque el conocimiento crece cuando se comparte y se enriquece con diferentes perspectivas.<\/p>\n<p>Fomentamos un ambiente de <strong>colaboraci\u00f3n, empat\u00eda y apoyo<\/strong>, donde cada estudiante no solo aprende, sino que tambi\u00e9n contribuye a que los dem\u00e1s crezcan. <strong>Aqu\u00ed, el aprendizaje es mutuo<\/strong>.<\/p>\n<h3><strong>Educaci\u00f3n sin l\u00edmites<\/strong><\/h3>\n<p>Como parte de la red de Centros de Educaci\u00f3n Permanente (CEPER) y Secciones de Educaci\u00f3n Permanente (SEP), ofrecemos un <strong>amplio abanico de oportunidades educativas<\/strong>, alineadas con el enfoque europeo e internacional del aprendizaje permanente. Queremos ser el punto de referencia en Ronda y en toda Andaluc\u00eda para quienes buscan mejorar su formaci\u00f3n, desarrollar nuevas habilidades y participar en una comunidad educativa vibrante.<\/p>\n<p><strong>Explora nuestra oferta educativa<\/strong> y descubre todo lo que podemos ofrecerte. <strong>Forma parte de esta comunidad <\/strong>y crece con nosotros.<\/p>\n<p style=\"text-align: center\"><strong><a href=\"https:\/\/www.juntadeandalucia.es\/educacion\/portals\/delegate\/content\/914c384d-bfc2-48d2-b261-22143134dc35\/Impreso%20matr\u00edcula.%20Planes%20educativos%20modalidad%20presencial.\">Matric\u00falate <\/a><\/strong><span style=\"color: #0000ff\">y da el primer paso hacia un futuro lleno de aprendizaje y oportunidades.<\/span><\/p>\n","protected":false},"excerpt":{"rendered":"<p>Bienvenidos al Centro de Educaci\u00f3n Permanente Constituci\u00f3n Espa\u00f1ola Un espacio donde el aprendizaje no tiene l\u00edmites ni edad. Aqu\u00ed podr\u00e1s conocer nuestro centro, descubrir nuestros&hellip;<\/p>\n","protected":false},"author":15643,"featured_media":659,"parent":476,"menu_order":0,"comment_status":"closed","ping_status":"closed","template":"","meta":{"ngg_post_thumbnail":0,"footnotes":""},"aioseo_notices":[],"_links":{"self":[{"href":"https:\/\/blogsaverroes.juntadeandalucia.es\/ceperconstitucionespanola\/wp-json\/wp\/v2\/pages\/34"}],"collection":[{"href":"https:\/\/blogsaverroes.juntadeandalucia.es\/ceperconstitucionespanola\/wp-json\/wp\/v2\/pages"}],"about":[{"href":"https:\/\/blogsaverroes.juntadeandalucia.es\/ceperconstitucionespanola\/wp-json\/wp\/v2\/types\/page"}],"author":[{"embeddable":true,"href":"https:\/\/blogsaverroes.juntadeandalucia.es\/ceperconstitucionespanola\/wp-json\/wp\/v2\/users\/15643"}],"replies":[{"embeddable":true,"href":"https:\/\/blogsaverroes.juntadeandalucia.es\/ceperconstitucionespanola\/wp-json\/wp\/v2\/comments?post=34"}],"version-history":[{"count":11,"href":"https:\/\/blogsaverroes.juntadeandalucia.es\/ceperconstitucionespanola\/wp-json\/wp\/v2\/pages\/34\/revisions"}],"predecessor-version":[{"id":775,"href":"https:\/\/blogsaverroes.juntadeandalucia.es\/ceperconstitucionespanola\/wp-json\/wp\/v2\/pages\/34\/revisions\/775"}],"up":[{"embeddable":true,"href":"https:\/\/blogsaverroes.juntadeandalucia.es\/ceperconstitucionespanola\/wp-json\/wp\/v2\/pages\/476"}],"wp:featuredmedia":[{"embeddable":true,"href":"https:\/\/blogsaverroes.juntadeandalucia.es\/ceperconstitucionespanola\/wp-json\/wp\/v2\/media\/659"}],"wp:attachment":[{"href":"https:\/\/blogsaverroes.juntadeandalucia.es\/ceperconstitucionespanola\/wp-json\/wp\/v2\/media?parent=34"}],"curies":[{"name":"wp","href":"https:\/\/api.w.org\/{rel}","templated":true}]}}