{"id":345,"date":"2023-03-28T13:21:13","date_gmt":"2023-03-28T11:21:13","guid":{"rendered":"https:\/\/blogsaverroes.juntadeandalucia.es\/ceperconstitucionespanola\/?page_id=345"},"modified":"2025-05-31T18:55:04","modified_gmt":"2025-05-31T16:55:04","slug":"prueba-libre-eso","status":"publish","type":"page","link":"https:\/\/blogsaverroes.juntadeandalucia.es\/ceperconstitucionespanola\/oferta-educativa\/prueba-libre-eso\/","title":{"rendered":"Prueba Libre ESO"},"content":{"rendered":"<p><img fetchpriority=\"high\" decoding=\"async\" class=\"wp-image-346 size-medium aligncenter\" src=\"https:\/\/blogsaverroes.juntadeandalucia.es\/ceperconstitucionespanola\/files\/2023\/03\/334-300x300.jpg\" alt=\"\" width=\"300\" height=\"300\" srcset=\"https:\/\/blogsaverroes.juntadeandalucia.es\/ceperconstitucionespanola\/files\/2023\/03\/334-300x300.jpg 300w, https:\/\/blogsaverroes.juntadeandalucia.es\/ceperconstitucionespanola\/files\/2023\/03\/334-1024x1024.jpg 1024w, https:\/\/blogsaverroes.juntadeandalucia.es\/ceperconstitucionespanola\/files\/2023\/03\/334-150x150.jpg 150w, https:\/\/blogsaverroes.juntadeandalucia.es\/ceperconstitucionespanola\/files\/2023\/03\/334-768x768.jpg 768w, https:\/\/blogsaverroes.juntadeandalucia.es\/ceperconstitucionespanola\/files\/2023\/03\/334-1536x1536.jpg 1536w, https:\/\/blogsaverroes.juntadeandalucia.es\/ceperconstitucionespanola\/files\/2023\/03\/334-80x80.jpg 80w, https:\/\/blogsaverroes.juntadeandalucia.es\/ceperconstitucionespanola\/files\/2023\/03\/334-320x320.jpg 320w, https:\/\/blogsaverroes.juntadeandalucia.es\/ceperconstitucionespanola\/files\/2023\/03\/334.jpg 2000w\" sizes=\"(max-width: 300px) 100vw, 300px\" \/><\/p>\n<h3><strong>Preparaci\u00f3n para la Prueba Libre de Graduado en ESO<\/strong><\/h3>\n<p>Este <strong>Plan Educativo<\/strong> est\u00e1 dise\u00f1ado para ayudar a quienes desean obtener el t\u00edtulo de <strong>Graduado en Educaci\u00f3n Secundaria Obligatoria (ESO)<\/strong> mediante prueba libre. <strong>Est\u00e1 dirigido a mayores de 18 a\u00f1os<\/strong> o quienes los cumplan en el a\u00f1o de matriculaci\u00f3n en el <strong>CEPER o SEP<\/strong>.<\/p>\n<h3><strong>\u00bfC\u00f3mo funciona?<\/strong><\/h3>\n<p><strong>Prueba oficial organizada por la Consejer\u00eda de Educaci\u00f3n<\/strong>, con dos convocatorias anuales: &nbsp;<strong>Abril<\/strong> y <strong>Finales de junio<\/strong><\/p>\n<p><strong>Tres ex\u00e1menes en una sola jornada<\/strong>:<\/p>\n<ul>\n<li><strong>\u00c1mbito de Comunicaci\u00f3n<\/strong> \u2192 Lengua Castellana, Literatura e Idiomas (Ingl\u00e9s y Franc\u00e9s).<\/li>\n<li><strong>\u00c1mbito Cient\u00edfico-T\u00e9cnico<\/strong> \u2192 Ciencias de la Naturaleza, Matem\u00e1ticas y Tecnolog\u00eda.<\/li>\n<li><strong>\u00c1mbito Social<\/strong> \u2192 Geograf\u00eda, Historia y Ciencias Sociales.<\/li>\n<\/ul>\n<p>&nbsp;<\/p>\n<p><strong>Cada \u00e1mbito aprobado es eliminatorio<\/strong>, lo que significa que si lo superas, queda validado para siempre.<\/p>\n<h3><strong>Organizaci\u00f3n del curso<\/strong><\/h3>\n<p><strong>El temario oficial lo facilita el profesorado del CEPER y SEP<\/strong>, asegurando que los alumnos reciban el mejor material de preparaci\u00f3n. <strong>Evaluaci\u00f3n a cargo de Tribunales oficiales<\/strong>, con profesorado de Ense\u00f1anza Secundaria. <strong>Duraci\u00f3n<\/strong>: Todo el curso escolar (excepto para quienes aprueban en abril). <strong>Horario m\u00e1ximo<\/strong>: 15 horas semanales.<\/p>\n<h3><strong>\u00bfC\u00f3mo inscribirse en la prueba?<\/strong><\/h3>\n<p><strong>Las solicitudes se gestionan a trav\u00e9s de las Delegaciones Territoriales de la Consejer\u00eda<\/strong>, pero la <strong>direcci\u00f3n del CEPER y SEP<\/strong> suele encargarse de <strong>asesorar y tramitar la inscripci\u00f3n<\/strong> para los estudiantes.<\/p>\n<p><strong>Si quieres conseguir tu t\u00edtulo de ESO y mejorar tus oportunidades educativas y laborales, este plan es para ti. <\/strong><\/p>\n<p style=\"text-align: center\"><span style=\"color: #ff6600\">\u00a1Inscr\u00edbete y prep\u00e1rate con el mejor apoyo docente!<\/span><\/p>\n","protected":false},"excerpt":{"rendered":"<p>Preparaci\u00f3n para la Prueba Libre de Graduado en ESO Este Plan Educativo est\u00e1 dise\u00f1ado para ayudar a quienes desean obtener el t\u00edtulo de Graduado en&hellip;<\/p>\n","protected":false},"author":7588,"featured_media":346,"parent":108,"menu_order":0,"comment_status":"closed","ping_status":"closed","template":"","meta":{"ngg_post_thumbnail":0,"footnotes":""},"aioseo_notices":[],"_links":{"self":[{"href":"https:\/\/blogsaverroes.juntadeandalucia.es\/ceperconstitucionespanola\/wp-json\/wp\/v2\/pages\/345"}],"collection":[{"href":"https:\/\/blogsaverroes.juntadeandalucia.es\/ceperconstitucionespanola\/wp-json\/wp\/v2\/pages"}],"about":[{"href":"https:\/\/blogsaverroes.juntadeandalucia.es\/ceperconstitucionespanola\/wp-json\/wp\/v2\/types\/page"}],"author":[{"embeddable":true,"href":"https:\/\/blogsaverroes.juntadeandalucia.es\/ceperconstitucionespanola\/wp-json\/wp\/v2\/users\/7588"}],"replies":[{"embeddable":true,"href":"https:\/\/blogsaverroes.juntadeandalucia.es\/ceperconstitucionespanola\/wp-json\/wp\/v2\/comments?post=345"}],"version-history":[{"count":5,"href":"https:\/\/blogsaverroes.juntadeandalucia.es\/ceperconstitucionespanola\/wp-json\/wp\/v2\/pages\/345\/revisions"}],"predecessor-version":[{"id":743,"href":"https:\/\/blogsaverroes.juntadeandalucia.es\/ceperconstitucionespanola\/wp-json\/wp\/v2\/pages\/345\/revisions\/743"}],"up":[{"embeddable":true,"href":"https:\/\/blogsaverroes.juntadeandalucia.es\/ceperconstitucionespanola\/wp-json\/wp\/v2\/pages\/108"}],"wp:featuredmedia":[{"embeddable":true,"href":"https:\/\/blogsaverroes.juntadeandalucia.es\/ceperconstitucionespanola\/wp-json\/wp\/v2\/media\/346"}],"wp:attachment":[{"href":"https:\/\/blogsaverroes.juntadeandalucia.es\/ceperconstitucionespanola\/wp-json\/wp\/v2\/media?parent=345"}],"curies":[{"name":"wp","href":"https:\/\/api.w.org\/{rel}","templated":true}]}}