{"id":434,"date":"2023-09-21T17:11:36","date_gmt":"2023-09-21T15:11:36","guid":{"rendered":"https:\/\/blogsaverroes.juntadeandalucia.es\/ceperconstitucionespanola\/?page_id=434"},"modified":"2025-05-31T20:20:43","modified_gmt":"2025-05-31T18:20:43","slug":"normativa","status":"publish","type":"page","link":"https:\/\/blogsaverroes.juntadeandalucia.es\/ceperconstitucionespanola\/normativa\/","title":{"rendered":"Normativa de Educaci\u00f3n Permanente"},"content":{"rendered":"<p><img decoding=\"async\" class=\"aligncenter wp-image-760 size-medium\" src=\"https:\/\/blogsaverroes.juntadeandalucia.es\/ceperconstitucionespanola\/files\/2025\/05\/Captura-de-pantalla-2025-05-31-a-las-19.39.12-300x96.png\" alt=\"\" width=\"300\" height=\"96\" srcset=\"https:\/\/blogsaverroes.juntadeandalucia.es\/ceperconstitucionespanola\/files\/2025\/05\/Captura-de-pantalla-2025-05-31-a-las-19.39.12-300x96.png 300w, https:\/\/blogsaverroes.juntadeandalucia.es\/ceperconstitucionespanola\/files\/2025\/05\/Captura-de-pantalla-2025-05-31-a-las-19.39.12-1024x328.png 1024w, https:\/\/blogsaverroes.juntadeandalucia.es\/ceperconstitucionespanola\/files\/2025\/05\/Captura-de-pantalla-2025-05-31-a-las-19.39.12-768x246.png 768w, https:\/\/blogsaverroes.juntadeandalucia.es\/ceperconstitucionespanola\/files\/2025\/05\/Captura-de-pantalla-2025-05-31-a-las-19.39.12.png 1394w\" sizes=\"(max-width: 300px) 100vw, 300px\" \/><\/p>\n<p>La educaci\u00f3n para adultos en Andaluc\u00eda sigue evolucionando, adapt\u00e1ndose a las necesidades de quienes buscan mejorar su formaci\u00f3n y acceder a nuevas oportunidades. En esta entrada exploramos la normativa vigente para el curso 2025, incluyendo <strong>procedimientos de matriculaci\u00f3n, organizaci\u00f3n de ense\u00f1anzas y regulaciones clave<\/strong>.<\/p>\n<ul>\n<li><strong>Orden de 30 de abril de 2025<\/strong> \u2192 Regula las ense\u00f1anzas de <strong>Bachillerato para personas adultas<\/strong> en la Comunidad Aut\u00f3noma de Andaluc\u00eda.<\/li>\n<li><strong>Resoluci\u00f3n de 19 de marzo de 2025<\/strong> \u2192 Establece las <strong>sedes y miembros de las comisiones evaluadoras<\/strong> para las pruebas de obtenci\u00f3n del t\u00edtulo de Bachiller para mayores de 20 a\u00f1os.<\/li>\n<li><strong>Resoluci\u00f3n de 17 de enero de 2025<\/strong> \u2192 Convoca las <strong>pruebas para obtener el t\u00edtulo de Graduado en ESO<\/strong> para mayores de 18 a\u00f1os.<\/li>\n<li><strong>Instrucciones de 12 de diciembre de 2024<\/strong> \u2192 Regulan las pruebas para la obtenci\u00f3n del t\u00edtulo de Bachiller y Graduado en ESO.<\/li>\n<li><strong>Instrucciones de 26 de julio de 2024<\/strong> \u2192 Organizan las ense\u00f1anzas de <strong>Bachillerato y ESO para adultos<\/strong> en el curso 2024-2025.<\/li>\n<\/ul>\n<p style=\"text-align: center\"><strong>Consulta toda la informaci\u00f3n oficial aqu\u00ed:<\/strong> <a href=\"https:\/\/www.juntadeandalucia.es\/educacion\/portales\/web\/educacion-permanente\/bachillerato\/normativa\"><button type=\"button\" data-url=\"https:\/\/www.juntadeandalucia.es\/educacion\/portales\/web\/educacion-permanente\/bachillerato\/normativa\">Normativa &#8211; Educaci\u00f3n Permanente &#8211; Junta de Andaluc\u00eda<\/button><\/a><\/p>\n","protected":false},"excerpt":{"rendered":"<p>La educaci\u00f3n para adultos en Andaluc\u00eda sigue evolucionando, adapt\u00e1ndose a las necesidades de quienes buscan mejorar su formaci\u00f3n y acceder a nuevas oportunidades. En esta&hellip;<\/p>\n","protected":false},"author":7588,"featured_media":760,"parent":0,"menu_order":8,"comment_status":"closed","ping_status":"closed","template":"","meta":{"ngg_post_thumbnail":0,"footnotes":""},"aioseo_notices":[],"_links":{"self":[{"href":"https:\/\/blogsaverroes.juntadeandalucia.es\/ceperconstitucionespanola\/wp-json\/wp\/v2\/pages\/434"}],"collection":[{"href":"https:\/\/blogsaverroes.juntadeandalucia.es\/ceperconstitucionespanola\/wp-json\/wp\/v2\/pages"}],"about":[{"href":"https:\/\/blogsaverroes.juntadeandalucia.es\/ceperconstitucionespanola\/wp-json\/wp\/v2\/types\/page"}],"author":[{"embeddable":true,"href":"https:\/\/blogsaverroes.juntadeandalucia.es\/ceperconstitucionespanola\/wp-json\/wp\/v2\/users\/7588"}],"replies":[{"embeddable":true,"href":"https:\/\/blogsaverroes.juntadeandalucia.es\/ceperconstitucionespanola\/wp-json\/wp\/v2\/comments?post=434"}],"version-history":[{"count":9,"href":"https:\/\/blogsaverroes.juntadeandalucia.es\/ceperconstitucionespanola\/wp-json\/wp\/v2\/pages\/434\/revisions"}],"predecessor-version":[{"id":778,"href":"https:\/\/blogsaverroes.juntadeandalucia.es\/ceperconstitucionespanola\/wp-json\/wp\/v2\/pages\/434\/revisions\/778"}],"wp:featuredmedia":[{"embeddable":true,"href":"https:\/\/blogsaverroes.juntadeandalucia.es\/ceperconstitucionespanola\/wp-json\/wp\/v2\/media\/760"}],"wp:attachment":[{"href":"https:\/\/blogsaverroes.juntadeandalucia.es\/ceperconstitucionespanola\/wp-json\/wp\/v2\/media?parent=434"}],"curies":[{"name":"wp","href":"https:\/\/api.w.org\/{rel}","templated":true}]}}