{"id":502,"date":"2024-02-13T11:33:06","date_gmt":"2024-02-13T10:33:06","guid":{"rendered":"https:\/\/blogsaverroes.juntadeandalucia.es\/ceperconstitucionespanola\/?page_id=502"},"modified":"2024-02-20T10:01:51","modified_gmt":"2024-02-20T09:01:51","slug":"sep-monte-hacho","status":"publish","type":"page","link":"https:\/\/blogsaverroes.juntadeandalucia.es\/ceperconstitucionespanola\/sep-monte-hacho\/","title":{"rendered":"SEP Monte Hacho"},"content":{"rendered":"<p>Este centro se encuentra en la localidad de Gauc\u00edn e incluye tambi\u00e9n la estaci\u00f3n de Guac\u00edn, SEP El Colmenar.<\/p>\n<p><img fetchpriority=\"high\" decoding=\"async\" class=\"aligncenter size-large wp-image-520\" src=\"https:\/\/blogsaverroes.juntadeandalucia.es\/ceperconstitucionespanola\/files\/2024\/02\/Gauci-1024x682.jpg\" alt=\"Gauc\u00edn\" width=\"1024\" height=\"682\" srcset=\"https:\/\/blogsaverroes.juntadeandalucia.es\/ceperconstitucionespanola\/files\/2024\/02\/Gauci-1024x682.jpg 1024w, https:\/\/blogsaverroes.juntadeandalucia.es\/ceperconstitucionespanola\/files\/2024\/02\/Gauci-300x200.jpg 300w, https:\/\/blogsaverroes.juntadeandalucia.es\/ceperconstitucionespanola\/files\/2024\/02\/Gauci-768x511.jpg 768w, https:\/\/blogsaverroes.juntadeandalucia.es\/ceperconstitucionespanola\/files\/2024\/02\/Gauci-1536x1022.jpg 1536w, https:\/\/blogsaverroes.juntadeandalucia.es\/ceperconstitucionespanola\/files\/2024\/02\/Gauci.jpg 1920w\" sizes=\"(max-width: 1024px) 100vw, 1024px\" \/><\/p>\n","protected":false},"excerpt":{"rendered":"<p>Este centro se encuentra en la localidad de Gauc\u00edn e incluye tambi\u00e9n la estaci\u00f3n de Guac\u00edn, SEP El Colmenar.<\/p>\n","protected":false},"author":7588,"featured_media":0,"parent":0,"menu_order":0,"comment_status":"closed","ping_status":"closed","template":"","meta":{"ngg_post_thumbnail":0,"footnotes":""},"aioseo_notices":[],"_links":{"self":[{"href":"https:\/\/blogsaverroes.juntadeandalucia.es\/ceperconstitucionespanola\/wp-json\/wp\/v2\/pages\/502"}],"collection":[{"href":"https:\/\/blogsaverroes.juntadeandalucia.es\/ceperconstitucionespanola\/wp-json\/wp\/v2\/pages"}],"about":[{"href":"https:\/\/blogsaverroes.juntadeandalucia.es\/ceperconstitucionespanola\/wp-json\/wp\/v2\/types\/page"}],"author":[{"embeddable":true,"href":"https:\/\/blogsaverroes.juntadeandalucia.es\/ceperconstitucionespanola\/wp-json\/wp\/v2\/users\/7588"}],"replies":[{"embeddable":true,"href":"https:\/\/blogsaverroes.juntadeandalucia.es\/ceperconstitucionespanola\/wp-json\/wp\/v2\/comments?post=502"}],"version-history":[{"count":3,"href":"https:\/\/blogsaverroes.juntadeandalucia.es\/ceperconstitucionespanola\/wp-json\/wp\/v2\/pages\/502\/revisions"}],"predecessor-version":[{"id":521,"href":"https:\/\/blogsaverroes.juntadeandalucia.es\/ceperconstitucionespanola\/wp-json\/wp\/v2\/pages\/502\/revisions\/521"}],"wp:attachment":[{"href":"https:\/\/blogsaverroes.juntadeandalucia.es\/ceperconstitucionespanola\/wp-json\/wp\/v2\/media?parent=502"}],"curies":[{"name":"wp","href":"https:\/\/api.w.org\/{rel}","templated":true}]}}