{"id":510,"date":"2024-02-20T09:53:53","date_gmt":"2024-02-20T08:53:53","guid":{"rendered":"https:\/\/blogsaverroes.juntadeandalucia.es\/ceperconstitucionespanola\/?page_id=510"},"modified":"2024-02-20T09:53:53","modified_gmt":"2024-02-20T08:53:53","slug":"sep-canada-del-real-tesoro","status":"publish","type":"page","link":"https:\/\/blogsaverroes.juntadeandalucia.es\/ceperconstitucionespanola\/sep-canada-del-real-tesoro\/","title":{"rendered":"SEP Ca\u00f1ada del Real Tesoro"},"content":{"rendered":"<p>Este centro est\u00e1 ligado al SEP Paz M\u00e1rquez y Jos\u00e9 Beneroso de Cortes de la frontera, por lo que comparten docente. <img fetchpriority=\"high\" decoding=\"async\" class=\"aligncenter size-full wp-image-511\" src=\"https:\/\/blogsaverroes.juntadeandalucia.es\/ceperconstitucionespanola\/files\/2024\/02\/ca\u00f1ada-del-real-tesoro.jpg\" alt=\"La ca\u00f1ada del Real Tesoro\" width=\"640\" height=\"480\" srcset=\"https:\/\/blogsaverroes.juntadeandalucia.es\/ceperconstitucionespanola\/files\/2024\/02\/ca\u00f1ada-del-real-tesoro.jpg 640w, https:\/\/blogsaverroes.juntadeandalucia.es\/ceperconstitucionespanola\/files\/2024\/02\/ca\u00f1ada-del-real-tesoro-300x225.jpg 300w\" sizes=\"(max-width: 640px) 100vw, 640px\" \/><\/p>\n","protected":false},"excerpt":{"rendered":"<p>Este centro est\u00e1 ligado al SEP Paz M\u00e1rquez y Jos\u00e9 Beneroso de Cortes de la frontera, por lo que comparten docente.<\/p>\n","protected":false},"author":7588,"featured_media":0,"parent":0,"menu_order":0,"comment_status":"closed","ping_status":"closed","template":"","meta":{"ngg_post_thumbnail":0,"footnotes":""},"aioseo_notices":[],"_links":{"self":[{"href":"https:\/\/blogsaverroes.juntadeandalucia.es\/ceperconstitucionespanola\/wp-json\/wp\/v2\/pages\/510"}],"collection":[{"href":"https:\/\/blogsaverroes.juntadeandalucia.es\/ceperconstitucionespanola\/wp-json\/wp\/v2\/pages"}],"about":[{"href":"https:\/\/blogsaverroes.juntadeandalucia.es\/ceperconstitucionespanola\/wp-json\/wp\/v2\/types\/page"}],"author":[{"embeddable":true,"href":"https:\/\/blogsaverroes.juntadeandalucia.es\/ceperconstitucionespanola\/wp-json\/wp\/v2\/users\/7588"}],"replies":[{"embeddable":true,"href":"https:\/\/blogsaverroes.juntadeandalucia.es\/ceperconstitucionespanola\/wp-json\/wp\/v2\/comments?post=510"}],"version-history":[{"count":1,"href":"https:\/\/blogsaverroes.juntadeandalucia.es\/ceperconstitucionespanola\/wp-json\/wp\/v2\/pages\/510\/revisions"}],"predecessor-version":[{"id":512,"href":"https:\/\/blogsaverroes.juntadeandalucia.es\/ceperconstitucionespanola\/wp-json\/wp\/v2\/pages\/510\/revisions\/512"}],"wp:attachment":[{"href":"https:\/\/blogsaverroes.juntadeandalucia.es\/ceperconstitucionespanola\/wp-json\/wp\/v2\/media?parent=510"}],"curies":[{"name":"wp","href":"https:\/\/api.w.org\/{rel}","templated":true}]}}