{"id":597,"date":"2024-04-09T09:49:17","date_gmt":"2024-04-09T07:49:17","guid":{"rendered":"https:\/\/blogsaverroes.juntadeandalucia.es\/ceperconstitucionespanola\/?page_id=597"},"modified":"2025-12-12T11:28:36","modified_gmt":"2025-12-12T10:28:36","slug":"documentos-del-centro","status":"publish","type":"page","link":"https:\/\/blogsaverroes.juntadeandalucia.es\/ceperconstitucionespanola\/documentos-del-centro\/","title":{"rendered":"DOCUMENTOS DEL CENTRO"},"content":{"rendered":"<p>En esta p\u00e1gina les dejamos los documentos del centro que tienen que estar a disposici\u00f3n de profesorado y alumnado para cualquier consulta que se quiera realizar.<\/p>\n<p style=\"text-align: left\"><span style=\"font-size: 18pt\"><strong>ROF &#8211; CEPER Constituci\u00f3n Espa\u00f1ola<\/strong><\/span><\/p>\n<p><strong>https:\/\/drive.google.com\/file\/d\/1aopSFYhxskMVlw0nUlmyx2gn_oXY4-_N\/view?usp=drive_link<\/strong><\/p>\n<p><span style=\"font-size: 18pt\"><strong>Plan de centro<\/strong><\/span><\/p>\n<p><strong>https:\/\/drive.google.com\/file\/d\/1urf2qMClB4slj21rkPaP0bBrRp1Ijxac\/view?usp=drive_link<\/strong><\/p>\n<p>&nbsp;<\/p>\n<p>Nuestro centro tambi\u00e9n ha elaborado algunos dossieres para aquellos alumnos que se incorporen al centro o las distintas secciones en funci\u00f3n del plan al que vayan. A continuaci\u00f3n los pueden ver:<\/p>\n<p><strong><span style=\"font-size: 18pt\">Dossier para el nuevo alumnado TAE ESPA I y II &#8211; SEMIPRESENCIAL<\/span><\/strong><\/p>\n<p><strong>https:\/\/drive.google.com\/file\/d\/1Q1kdoWPxZ9XA7gBqndiTqT2EAdet8IgP\/view?usp=drive_link<\/strong><\/p>\n<p><span style=\"font-size: 18pt\"><strong>Dossier para el alumnado que se matricula en PLANES NO FORMALES<\/strong><\/span><\/p>\n<p><strong>https:\/\/drive.google.com\/file\/d\/1iNPS6lTy2ErL2kZVdm6EmCHY9Jt2JcyJ\/view?usp=drive_link<\/strong><\/p>\n<p><span style=\"font-size: 18pt\"><strong>Dossier para el alumnado que se matricula en PRUEBA LIBRE<\/strong><\/span><\/p>\n<p><strong>https:\/\/drive.google.com\/file\/d\/1ebw3S2a7rdFXyr4xa_51VNEQ-VetIc53\/view?usp=drive_link<\/strong><\/p>\n<p><span style=\"font-size: 18pt\"><strong>Dossier para el alumnado que se matricule en la modalidad de INGLES &#8211; EOI<\/strong><\/span><\/p>\n<p><strong>https:\/\/docs.google.com\/document\/d\/1osaVOMKF4GgKDQF4zChjdF8pwvfB6lax\/edit?usp=drive_link&amp;ouid=115094393013574551895&amp;rtpof=true&amp;sd=true<\/strong><\/p>\n<p><span style=\"font-size: 18pt\"><strong>Plan de convivencia<\/strong><\/span><\/p>\n<p><strong>https:\/\/drive.google.com\/file\/d\/1exv2KaZJhDenYdrBfAZKM6156ApeSpuK\/view?usp=drive_link<\/strong><\/p>\n","protected":false},"excerpt":{"rendered":"<p>En esta p\u00e1gina les dejamos los documentos del centro que tienen que estar a disposici\u00f3n de profesorado y alumnado para cualquier consulta que se quiera&hellip;<\/p>\n","protected":false},"author":7588,"featured_media":0,"parent":0,"menu_order":0,"comment_status":"closed","ping_status":"closed","template":"","meta":{"ngg_post_thumbnail":0,"footnotes":""},"aioseo_notices":[],"_links":{"self":[{"href":"https:\/\/blogsaverroes.juntadeandalucia.es\/ceperconstitucionespanola\/wp-json\/wp\/v2\/pages\/597"}],"collection":[{"href":"https:\/\/blogsaverroes.juntadeandalucia.es\/ceperconstitucionespanola\/wp-json\/wp\/v2\/pages"}],"about":[{"href":"https:\/\/blogsaverroes.juntadeandalucia.es\/ceperconstitucionespanola\/wp-json\/wp\/v2\/types\/page"}],"author":[{"embeddable":true,"href":"https:\/\/blogsaverroes.juntadeandalucia.es\/ceperconstitucionespanola\/wp-json\/wp\/v2\/users\/7588"}],"replies":[{"embeddable":true,"href":"https:\/\/blogsaverroes.juntadeandalucia.es\/ceperconstitucionespanola\/wp-json\/wp\/v2\/comments?post=597"}],"version-history":[{"count":6,"href":"https:\/\/blogsaverroes.juntadeandalucia.es\/ceperconstitucionespanola\/wp-json\/wp\/v2\/pages\/597\/revisions"}],"predecessor-version":[{"id":1036,"href":"https:\/\/blogsaverroes.juntadeandalucia.es\/ceperconstitucionespanola\/wp-json\/wp\/v2\/pages\/597\/revisions\/1036"}],"wp:attachment":[{"href":"https:\/\/blogsaverroes.juntadeandalucia.es\/ceperconstitucionespanola\/wp-json\/wp\/v2\/media?parent=597"}],"curies":[{"name":"wp","href":"https:\/\/api.w.org\/{rel}","templated":true}]}}