{"id":913,"date":"2025-11-26T20:18:05","date_gmt":"2025-11-26T19:18:05","guid":{"rendered":"https:\/\/blogsaverroes.juntadeandalucia.es\/ceperconstitucionespanola\/?page_id=913"},"modified":"2025-12-12T10:24:45","modified_gmt":"2025-12-12T09:24:45","slug":"contacto-arriate","status":"publish","type":"page","link":"https:\/\/blogsaverroes.juntadeandalucia.es\/ceperconstitucionespanola\/contacto-arriate\/","title":{"rendered":"CONTACTO ARRIATE"},"content":{"rendered":"<p><span style=\"font-family: arial, helvetica, sans-serif\"><strong>Direcci\u00f3n:&nbsp;<\/strong>Plaza de la emigraci\u00f3n arriete\u00f1a, s\/n, 29350 Arriate, M\u00e1laga.<\/span><\/p>\n<p><span style=\"font-family: arial, helvetica, sans-serif\">Planta alta del Ayuntamiento.&nbsp;<\/span><\/p>\n<p><span style=\"font-family: arial, helvetica, sans-serif\"><strong>Tel\u00e9fono:<\/strong>&nbsp;952 16 95 06<\/span><\/p>\n","protected":false},"excerpt":{"rendered":"<p>Direcci\u00f3n:&nbsp;Plaza de la emigraci\u00f3n arriete\u00f1a, s\/n, 29350 Arriate, M\u00e1laga. Planta alta del Ayuntamiento.&nbsp; Tel\u00e9fono:&nbsp;952 16 95 06<\/p>\n","protected":false},"author":7588,"featured_media":0,"parent":0,"menu_order":0,"comment_status":"closed","ping_status":"closed","template":"","meta":{"ngg_post_thumbnail":0,"footnotes":""},"aioseo_notices":[],"_links":{"self":[{"href":"https:\/\/blogsaverroes.juntadeandalucia.es\/ceperconstitucionespanola\/wp-json\/wp\/v2\/pages\/913"}],"collection":[{"href":"https:\/\/blogsaverroes.juntadeandalucia.es\/ceperconstitucionespanola\/wp-json\/wp\/v2\/pages"}],"about":[{"href":"https:\/\/blogsaverroes.juntadeandalucia.es\/ceperconstitucionespanola\/wp-json\/wp\/v2\/types\/page"}],"author":[{"embeddable":true,"href":"https:\/\/blogsaverroes.juntadeandalucia.es\/ceperconstitucionespanola\/wp-json\/wp\/v2\/users\/7588"}],"replies":[{"embeddable":true,"href":"https:\/\/blogsaverroes.juntadeandalucia.es\/ceperconstitucionespanola\/wp-json\/wp\/v2\/comments?post=913"}],"version-history":[{"count":2,"href":"https:\/\/blogsaverroes.juntadeandalucia.es\/ceperconstitucionespanola\/wp-json\/wp\/v2\/pages\/913\/revisions"}],"predecessor-version":[{"id":1031,"href":"https:\/\/blogsaverroes.juntadeandalucia.es\/ceperconstitucionespanola\/wp-json\/wp\/v2\/pages\/913\/revisions\/1031"}],"wp:attachment":[{"href":"https:\/\/blogsaverroes.juntadeandalucia.es\/ceperconstitucionespanola\/wp-json\/wp\/v2\/media?parent=913"}],"curies":[{"name":"wp","href":"https:\/\/api.w.org\/{rel}","templated":true}]}}