{"id":3181,"date":"2022-08-21T11:13:06","date_gmt":"2022-08-21T09:13:06","guid":{"rendered":"https:\/\/blogsaverroes.juntadeandalucia.es\/ceperdionisiomontero\/?page_id=3181"},"modified":"2026-04-23T23:35:54","modified_gmt":"2026-04-23T21:35:54","slug":"secretaria","status":"publish","type":"page","link":"https:\/\/blogsaverroes.juntadeandalucia.es\/ceperdionisiomontero\/secretaria\/","title":{"rendered":"MATRICULACI\u00d3N"},"content":{"rendered":"<h2><span style=\"text-decoration: underline;color: #ff0000\"><strong>Si deseas matricularte en nuestro centro para el curso 2026\/27 necesitas:<\/strong><\/span><\/h2>\n<ul>\n<li>Cumplimentar el impreso de matriculaci\u00f3n de Planes Educativos<\/li>\n<li>Se podr\u00e1 solicitar hasta un m\u00e1ximo de tres Planes Educativos por orden de prioridad, de principio s\u00f3lo se realizar\u00e1 matr\u00edcula del primer plan solicitado<\/li>\n<li>Se deber\u00e1 aportar fotocopia del DNI, foto tama\u00f1o carnet y certificado de discapacidad, si procede (s\u00f3lo para alumnado de nuevo ingreso)<\/li>\n<li>Acudir al centro para entregar la documentaci\u00f3n anterior o a trav\u00e9s de la <a href=\"https:\/\/www.juntadeandalucia.es\/educacion\/secretariavirtual\/solicitudes\/\" target=\"_blank\" rel=\"noopener\">secretar\u00eda virtual<\/a><\/li>\n<li>El alumnado de ESPA deber\u00e1 realizar su solicitud de plaza en nuestro centro y una vez admitido realizar\u00e1 su matr\u00edcula en el IES Poeta Garc\u00eda Guti\u00e9rrez<\/li>\n<li>S\u00f3lo se mantendr\u00e1 la reserva de plazas para el alumnado de FB y ESPA<\/li>\n<\/ul>\n<p>&nbsp;<\/p>\n<p><strong>Importante:<\/strong><br \/>\nEl proceso de escolarizaci\u00f3n para el curso 2026\/27, est\u00e1 regulado por la normativa que ha publicado la Consejer\u00eda de Educaci\u00f3n.<\/p>\n<ul>\n<li><a href=\"https:\/\/blogsaverroes.juntadeandalucia.es\/ceperdionisiomontero\/files\/2024\/05\/Orden25mayo2012EducacionPermanenteconsolidado.pdf\" target=\"_blank\" rel=\"noopener\">Admisi\u00f3n \u2013 Orden de 25 de mayo de 2012.<\/a><\/li>\n<li><a href=\"https:\/\/blogsaverroes.juntadeandalucia.es\/ceperdionisiomontero\/files\/2024\/05\/Orden25mayo2012EducacionPermanenteconsolidado.pdf\" target=\"_blank\" rel=\"noopener\">Decreto 40\/2011.<\/a><\/li>\n<li><a href=\"https:\/\/blogsaverroes.juntadeandalucia.es\/ceperdionisiomontero\/files\/2024\/05\/Orden25mayo2012EducacionPermanenteconsolidado.pdf\" target=\"_blank\" rel=\"noopener\">Instrucciones_Escolarizaci\u00f3n_2023-24<\/a><\/li>\n<\/ul>\n<p>&nbsp;<\/p>\n<p>Direcci\u00f3n de internet en la que la Consejer\u00eda competente en materia de educaci\u00f3n informar\u00e1 sobre el procedimiento de admisi\u00f3n y matriculaci\u00f3n del alumnado:<br \/>\n<a href=\"https:\/\/www.juntadeandalucia.es\/educacion\/portals\/web\/educacion-permanente\/planes\/matricula\" target=\"_blank\" rel=\"noopener\">https:\/\/www.juntadeandalucia.es\/educacion\/portals\/web\/educacion-permanente\/planes\/matricula<\/a><\/p>\n<p>&nbsp;<\/p>\n<table class=\" aligncenter\" style=\"width: 77.1559%;border-collapse: collapse;border-style: hidden;height: 288px\">\n<tbody>\n<tr style=\"height: 227px\">\n<td style=\"width: 200px;border-style: hidden;text-align: center;vertical-align: middle;height: 227px\">\n<div id=\"attachment_3954\" style=\"width: 200px\" class=\"wp-caption aligncenter\"><a href=\"https:\/\/blogsaverroes.juntadeandalucia.es\/ceperdionisiomontero\/files\/2025\/05\/CALENDARIO-MATRICULACION-25-26.pdf\" target=\"_blank\" rel=\"noopener noreferrer\"><img loading=\"lazy\" decoding=\"async\" aria-describedby=\"caption-attachment-3954\" class=\"wp-image-3954\" src=\"https:\/\/blogsaverroes.juntadeandalucia.es\/ceperdionisiomontero\/files\/2022\/10\/escolarizacion.png\" alt=\"\" width=\"200\" height=\"200\"\/><\/a><p id=\"caption-attachment-3954\" class=\"wp-caption-text\"><span style=\"text-decoration: underline\"><strong>CALENDARIO MATRICULACI\u00d3N<\/strong><\/span><\/p><\/div><\/td>\n<td style=\"width: 200px;border-style: hidden;text-align: center;vertical-align: middle;height: 227px\">\n<div id=\"attachment_3956\" style=\"width: 200px\" class=\"wp-caption aligncenter\"><a href=\"https:\/\/blogsaverroes.juntadeandalucia.es\/ceperdionisiomontero\/files\/2025\/05\/INSCRIPCION-PLANES-EDUCATIVOS-25-26.pdf\" target=\"_blank\" rel=\"noopener noreferrer\"><img loading=\"lazy\" decoding=\"async\" aria-describedby=\"caption-attachment-3956\" class=\"wp-image-3956\" src=\"https:\/\/blogsaverroes.juntadeandalucia.es\/ceperdionisiomontero\/files\/2022\/10\/solicitudes.png\" alt=\"\" width=\"200\" height=\"200\"\/><\/a><p id=\"caption-attachment-3956\" class=\"wp-caption-text\"><span style=\"text-decoration: underline\"><strong>INSCRIPCI\u00d3N PLANES EDUCATIVOS<\/strong><\/span><\/p><\/div><\/td>\n<td style=\"width: 200px;border-style: hidden;text-align: center;vertical-align: middle;height: 227px\">\n<div id=\"attachment_4476\" style=\"width: 200px\" class=\"wp-caption aligncenter\"><a href=\"https:\/\/blogsaverroes.juntadeandalucia.es\/ceperdionisiomontero\/files\/2024\/05\/GRUPOS-OFERTADOS-Dias-y-turnos.pdf\" target=\"_blank\" rel=\"noopener\"><img loading=\"lazy\" decoding=\"async\" aria-describedby=\"caption-attachment-4476\" class=\"wp-image-4476\" src=\"https:\/\/blogsaverroes.juntadeandalucia.es\/ceperdionisiomontero\/files\/2023\/02\/Documentos-del-Centro-e1716486951768-150x150.jpeg\" alt=\"\" width=\"200\" height=\"200\" srcset=\"https:\/\/blogsaverroes.juntadeandalucia.es\/ceperdionisiomontero\/files\/2023\/02\/Documentos-del-Centro-e1716486951768-150x150.jpeg 150w, https:\/\/blogsaverroes.juntadeandalucia.es\/ceperdionisiomontero\/files\/2023\/02\/Documentos-del-Centro-e1716486951768.jpeg 262w\" sizes=\"(max-width: 200px) 100vw, 200px\" \/><\/a><p id=\"caption-attachment-4476\" class=\"wp-caption-text\"><span style=\"text-decoration: underline\"><strong>GRUPOS OFERTADOS con car\u00e1cter orientativo<\/strong><\/span><\/p><\/div><\/td>\n<\/tr>\n<\/tbody>\n<\/table>\n<p>&nbsp;<\/p>\n<table class=\" aligncenter\" style=\"height: 334px;width: 77.8602%;border-collapse: collapse\">\n<tbody>\n<tr style=\"height: 259px\">\n<td style=\"width: 30.9091%;height: 259px\">\n<div id=\"attachment_4869\" style=\"width: 200px\" class=\"wp-caption aligncenter\"><a href=\"https:\/\/blogsaverroes.juntadeandalucia.es\/ceperdionisiomontero\/informacion-planes-educativos-24-25\/\" target=\"_blank\" rel=\"noopener\"><img loading=\"lazy\" decoding=\"async\" aria-describedby=\"caption-attachment-4869\" class=\"wp-image-4869\" src=\"https:\/\/blogsaverroes.juntadeandalucia.es\/ceperdionisiomontero\/files\/2024\/05\/descarga-150x150.png\" alt=\"\" width=\"200\" height=\"168\"\/><\/a><p id=\"caption-attachment-4869\" class=\"wp-caption-text\">I<span style=\"text-decoration: underline\"><strong>NFORMACI\u00d3N PLANES EDUCATIVOS<\/strong><\/span><\/p><\/div><\/td>\n<td style=\"width: 30.9091%;height: 259px\"><a href=\"https:\/\/blogsaverroes.juntadeandalucia.es\/ceperdionisiomontero\/?attachment_id=4966\" target=\"_blank\" rel=\"noopener\"><img loading=\"lazy\" decoding=\"async\" class=\"aligncenter wp-image-4966 size-medium\" src=\"https:\/\/blogsaverroes.juntadeandalucia.es\/ceperdionisiomontero\/files\/2024\/05\/CARTEL-OFERTA-EDUCATIVA-212x300.jpg\" alt=\"\" width=\"212\" height=\"300\" srcset=\"https:\/\/blogsaverroes.juntadeandalucia.es\/ceperdionisiomontero\/files\/2024\/05\/CARTEL-OFERTA-EDUCATIVA-212x300.jpg 212w, https:\/\/blogsaverroes.juntadeandalucia.es\/ceperdionisiomontero\/files\/2024\/05\/CARTEL-OFERTA-EDUCATIVA-566x800.jpg 566w, https:\/\/blogsaverroes.juntadeandalucia.es\/ceperdionisiomontero\/files\/2024\/05\/CARTEL-OFERTA-EDUCATIVA-768x1086.jpg 768w, https:\/\/blogsaverroes.juntadeandalucia.es\/ceperdionisiomontero\/files\/2024\/05\/CARTEL-OFERTA-EDUCATIVA-1086x1536.jpg 1086w, https:\/\/blogsaverroes.juntadeandalucia.es\/ceperdionisiomontero\/files\/2024\/05\/CARTEL-OFERTA-EDUCATIVA-1448x2048.jpg 1448w, https:\/\/blogsaverroes.juntadeandalucia.es\/ceperdionisiomontero\/files\/2024\/05\/CARTEL-OFERTA-EDUCATIVA.jpg 1131w\" sizes=\"(max-width: 212px) 100vw, 212px\" \/><\/a><\/td>\n<td style=\"width: 29.2308%;height: 259px\">&nbsp;<\/td>\n<\/tr>\n<\/tbody>\n<\/table>\n","protected":false},"excerpt":{"rendered":"<p>Si deseas matricularte en nuestro centro para el curso 2026\/27 necesitas: Cumplimentar el impreso de matriculaci\u00f3n de Planes Educativos Se podr\u00e1 solicitar hasta un m\u00e1ximo de tres Planes Educativos por orden de prioridad, de principio s\u00f3lo se realizar\u00e1 matr\u00edcula del primer plan solicitado Se deber\u00e1 aportar fotocopia del DNI, foto tama\u00f1o carnet y certificado de &hellip; <\/p>\n<p><a class=\"more-link btn\" href=\"https:\/\/blogsaverroes.juntadeandalucia.es\/ceperdionisiomontero\/secretaria\/\">Seguir leyendo<\/a><\/p>\n","protected":false},"author":11252,"featured_media":0,"parent":0,"menu_order":0,"comment_status":"closed","ping_status":"closed","template":"","meta":{"ngg_post_thumbnail":0,"footnotes":"","_mc_calendar":[]},"aioseo_notices":[],"_links":{"self":[{"href":"https:\/\/blogsaverroes.juntadeandalucia.es\/ceperdionisiomontero\/wp-json\/wp\/v2\/pages\/3181"}],"collection":[{"href":"https:\/\/blogsaverroes.juntadeandalucia.es\/ceperdionisiomontero\/wp-json\/wp\/v2\/pages"}],"about":[{"href":"https:\/\/blogsaverroes.juntadeandalucia.es\/ceperdionisiomontero\/wp-json\/wp\/v2\/types\/page"}],"author":[{"embeddable":true,"href":"https:\/\/blogsaverroes.juntadeandalucia.es\/ceperdionisiomontero\/wp-json\/wp\/v2\/users\/11252"}],"replies":[{"embeddable":true,"href":"https:\/\/blogsaverroes.juntadeandalucia.es\/ceperdionisiomontero\/wp-json\/wp\/v2\/comments?post=3181"}],"version-history":[{"count":56,"href":"https:\/\/blogsaverroes.juntadeandalucia.es\/ceperdionisiomontero\/wp-json\/wp\/v2\/pages\/3181\/revisions"}],"predecessor-version":[{"id":5559,"href":"https:\/\/blogsaverroes.juntadeandalucia.es\/ceperdionisiomontero\/wp-json\/wp\/v2\/pages\/3181\/revisions\/5559"}],"wp:attachment":[{"href":"https:\/\/blogsaverroes.juntadeandalucia.es\/ceperdionisiomontero\/wp-json\/wp\/v2\/media?parent=3181"}],"curies":[{"name":"wp","href":"https:\/\/api.w.org\/{rel}","templated":true}]}}