{"id":3242,"date":"2022-08-21T13:23:45","date_gmt":"2022-08-21T11:23:45","guid":{"rendered":"https:\/\/blogsaverroes.juntadeandalucia.es\/ceperdionisiomontero\/?page_id=3242"},"modified":"2026-03-23T14:04:39","modified_gmt":"2026-03-23T12:04:39","slug":"consejo-de-centro","status":"publish","type":"page","link":"https:\/\/blogsaverroes.juntadeandalucia.es\/ceperdionisiomontero\/centro\/consejo-de-centro\/","title":{"rendered":"Consejo de Centro"},"content":{"rendered":"<table style=\"width: 100%;border-collapse: collapse;border-style: hidden\">\n<tbody>\n<tr>\n<td style=\"width: 50%;vertical-align: top\"><img loading=\"lazy\" decoding=\"async\" class=\"alignleft wp-image-3350\" src=\"https:\/\/blogsaverroes.juntadeandalucia.es\/ceperdionisiomontero\/files\/2022\/08\/everyone_has_an_idea_500_wht_12709.gif\" alt=\"\" width=\"300\" height=\"270\"\/><\/td>\n<td style=\"width: 50%;vertical-align: top\">\n<h4>EQUIPO DIRECTIVO:<\/h4>\n<ul>\n<li><strong>M\u00aa Nieves Fern\u00e1ndez de Casta\u00f1eda (Directora)<\/strong><\/li>\n<li><strong>M\u00aa Elisa Cant\u00f3n Guerrero (Jefe de Estudios)<\/strong><\/li>\n<li><strong>M\u00aa Felisa Alba Palop ( Secretaria)<\/strong><\/li>\n<\/ul>\n<h4>PROFESORADO:<\/h4>\n<ul>\n<li><strong>Yolanda Alcedo Arag\u00f3n.<\/strong><\/li>\n<li><strong>M\u00aa del Mar L\u00f3pez Su\u00e1rez<\/strong><\/li>\n<li><strong>Agust\u00edn Jos\u00e9 Moreno Ben\u00edtez<\/strong><\/li>\n<li><strong>Juana Mar\u00eda Pe\u00f1a Mateos<\/strong><\/li>\n<li><strong>Crescencia Rojas Jim\u00e9nez<\/strong><\/li>\n<\/ul>\n<h4>ALUMNADO:<\/h4>\n<ul>\n<li><strong>Juana Alba Fern\u00e1ndez<\/strong><\/li>\n<li><strong>Carmen Arag\u00f3n Cabeza de Vaca<\/strong><\/li>\n<li><strong>M\u00aa del Carmen Barreto Romani<\/strong><\/li>\n<li><strong>Juana D\u00edaz Arriola<\/strong><\/li>\n<li><strong>M\u00aa Luisa Terroj\u00f3n Arroyo<\/strong><\/li>\n<\/ul>\n<h4>PERSONAL DE ADM\u00d3N Y SERVICIOS:<\/h4>\n<ul>\n<li><strong>Mar\u00eda del Rosario Ib\u00e1\u00f1ez Garc\u00eda.<\/strong><\/li>\n<\/ul>\n<h4>AYUNTAMIENTO:<\/h4>\n<ul>\n<li><strong>M\u00aa \u00c1ngeles Mart\u00ednez Rico.<\/strong><\/li>\n<\/ul>\n<\/td>\n<\/tr>\n<\/tbody>\n<\/table>\n","protected":false},"excerpt":{"rendered":"<p>EQUIPO DIRECTIVO: M\u00aa Nieves Fern\u00e1ndez de Casta\u00f1eda (Directora) M\u00aa Elisa Cant\u00f3n Guerrero (Jefe de Estudios) M\u00aa Felisa Alba Palop ( Secretaria) PROFESORADO: Yolanda Alcedo Arag\u00f3n. M\u00aa del Mar L\u00f3pez Su\u00e1rez Agust\u00edn Jos\u00e9 Moreno Ben\u00edtez Juana Mar\u00eda Pe\u00f1a Mateos Crescencia Rojas Jim\u00e9nez ALUMNADO: Juana Alba Fern\u00e1ndez Carmen Arag\u00f3n Cabeza de Vaca M\u00aa del Carmen Barreto Romani &hellip; <\/p>\n<p><a class=\"more-link btn\" href=\"https:\/\/blogsaverroes.juntadeandalucia.es\/ceperdionisiomontero\/centro\/consejo-de-centro\/\">Seguir leyendo<\/a><\/p>\n","protected":false},"author":11252,"featured_media":0,"parent":2980,"menu_order":0,"comment_status":"closed","ping_status":"closed","template":"","meta":{"ngg_post_thumbnail":0,"footnotes":"","_mc_calendar":[]},"aioseo_notices":[],"_links":{"self":[{"href":"https:\/\/blogsaverroes.juntadeandalucia.es\/ceperdionisiomontero\/wp-json\/wp\/v2\/pages\/3242"}],"collection":[{"href":"https:\/\/blogsaverroes.juntadeandalucia.es\/ceperdionisiomontero\/wp-json\/wp\/v2\/pages"}],"about":[{"href":"https:\/\/blogsaverroes.juntadeandalucia.es\/ceperdionisiomontero\/wp-json\/wp\/v2\/types\/page"}],"author":[{"embeddable":true,"href":"https:\/\/blogsaverroes.juntadeandalucia.es\/ceperdionisiomontero\/wp-json\/wp\/v2\/users\/11252"}],"replies":[{"embeddable":true,"href":"https:\/\/blogsaverroes.juntadeandalucia.es\/ceperdionisiomontero\/wp-json\/wp\/v2\/comments?post=3242"}],"version-history":[{"count":8,"href":"https:\/\/blogsaverroes.juntadeandalucia.es\/ceperdionisiomontero\/wp-json\/wp\/v2\/pages\/3242\/revisions"}],"predecessor-version":[{"id":5126,"href":"https:\/\/blogsaverroes.juntadeandalucia.es\/ceperdionisiomontero\/wp-json\/wp\/v2\/pages\/3242\/revisions\/5126"}],"up":[{"embeddable":true,"href":"https:\/\/blogsaverroes.juntadeandalucia.es\/ceperdionisiomontero\/wp-json\/wp\/v2\/pages\/2980"}],"wp:attachment":[{"href":"https:\/\/blogsaverroes.juntadeandalucia.es\/ceperdionisiomontero\/wp-json\/wp\/v2\/media?parent=3242"}],"curies":[{"name":"wp","href":"https:\/\/api.w.org\/{rel}","templated":true}]}}