{"id":3311,"date":"2022-08-21T22:07:35","date_gmt":"2022-08-21T20:07:35","guid":{"rendered":"https:\/\/blogsaverroes.juntadeandalucia.es\/ceperdionisiomontero\/?page_id=3311"},"modified":"2023-01-10T20:53:16","modified_gmt":"2023-01-10T18:53:16","slug":"recursos-didacticos","status":"publish","type":"page","link":"https:\/\/blogsaverroes.juntadeandalucia.es\/ceperdionisiomontero\/recursos\/recursos-didacticos\/","title":{"rendered":"Recursos did\u00e1cticos"},"content":{"rendered":"<table style=\"border-collapse: collapse;width: 100%;height: 152px\">\n<tbody>\n<tr>\n<td style=\"border-style: hidden;vertical-align: top;text-align: left;width: 62.5%\" colspan=\"3\"><img loading=\"lazy\" decoding=\"async\" class=\"aligncenter size-full wp-image-3734\" src=\"https:\/\/blogsaverroes.juntadeandalucia.es\/ceperdionisiomontero\/files\/2022\/09\/evolucion-1-300x164-1.jpg\" alt=\"\" width=\"300\" height=\"164\"\/><\/td>\n<td style=\"width: 50%;border-style: hidden;text-align: left;vertical-align: top\">&nbsp;<\/td>\n<\/tr>\n<tr style=\"height: 24px\">\n<td style=\"width: 15.6849%;border-style: hidden;vertical-align: top;text-align: left\">&nbsp;<\/td>\n<td style=\"width: 41.4042%;border-style: hidden;height: 24px;text-align: left;vertical-align: top\">\n<ul>\n<li>FORMACI\u00d3N B\u00c1SICA\n<ul>\n<li><a href=\"https:\/\/blogsaverroes.juntadeandalucia.es\/ceperdionisiomontero\/recursos\/recursos-didacticos\/fb\/\">Ciencia-Tecnologia<\/a><\/li>\n<li><a href=\"https:\/\/blogsaverroes.juntadeandalucia.es\/ceperdionisiomontero\/recursos\/recursos-didacticos\/lenguaje\/\">Lengua<\/a><\/li>\n<li><a href=\"https:\/\/blogsaverroes.juntadeandalucia.es\/ceperdionisiomontero\/historia\/\">Historia<\/a><\/li>\n<\/ul>\n<\/li>\n<\/ul>\n<\/td>\n<td style=\"width: 5.41095%;border-style: hidden;vertical-align: top;text-align: left\">&nbsp;<\/td>\n<td style=\"width: 50%;border-style: hidden;text-align: left;vertical-align: top;height: 24px\">&nbsp;<\/td>\n<\/tr>\n<tr style=\"border-style: hidden\">\n<td style=\"width: 15.6849%;border-style: hidden;vertical-align: top;text-align: left\">&nbsp;<\/td>\n<td style=\"width: 41.4042%;border-style: hidden;vertical-align: top;height: 56px;text-align: left\">\n<ul>\n<li>ALFABETIZACI\u00d3N\n<ul>\n<li><a href=\"https:\/\/blogsaverroes.juntadeandalucia.es\/ceperdionisiomontero\/recursos\/recursos-didacticos\/ati\/\">ATI<\/a><\/li>\n<li><a href=\"https:\/\/blogsaverroes.juntadeandalucia.es\/ceperdionisiomontero\/recursos\/recursos-didacticos\/alfabetizacion-refuerzo\/\">Refuerzo<\/a><\/li>\n<\/ul>\n<\/li>\n<\/ul>\n<\/td>\n<td style=\"width: 5.41095%;border-style: hidden;vertical-align: top;text-align: left\">&nbsp;<\/td>\n<td style=\"width: 50%;border-style: hidden;text-align: left;vertical-align: top;height: 56px\">&nbsp;<\/td>\n<\/tr>\n<tr style=\"border-style: hidden\">\n<td style=\"width: 15.6849%;vertical-align: top;text-align: left;border-style: hidden\">&nbsp;<\/td>\n<td style=\"width: 41.4042%;vertical-align: top;height: 56px;text-align: left;border-style: hidden\">\n<ul>\n<li>ACTIVIDADES LENGUA\n<ul>\n<li><a href=\"https:\/\/blogsaverroes.juntadeandalucia.es\/ceperdionisiomontero\/recursos\/recursos-didacticos\/actividades-lengua\/\">Actividades Varias<\/a><\/li>\n<li><a href=\"https:\/\/blogsaverroes.juntadeandalucia.es\/ceperdionisiomontero\/recursos\/recursos-didacticos\/ortografia\/\">Ortograf\u00eda<\/a><\/li>\n<\/ul>\n<\/li>\n<\/ul>\n<\/td>\n<td style=\"width: 5.41095%;vertical-align: top;text-align: left;border-style: hidden\">&nbsp;<\/td>\n<td style=\"width: 50%;text-align: left;vertical-align: top;height: 56px;border-style: hidden\">&nbsp;<\/td>\n<\/tr>\n<\/tbody>\n<\/table>\n","protected":false},"excerpt":{"rendered":"<p>&nbsp; &nbsp; FORMACI\u00d3N B\u00c1SICA Ciencia-Tecnologia Lengua Historia &nbsp; &nbsp; &nbsp; ALFABETIZACI\u00d3N ATI Refuerzo &nbsp; &nbsp; &nbsp; ACTIVIDADES LENGUA Actividades Varias Ortograf\u00eda &nbsp; &nbsp;<\/p>\n","protected":false},"author":11252,"featured_media":0,"parent":3124,"menu_order":0,"comment_status":"closed","ping_status":"closed","template":"page-scs.php","meta":{"ngg_post_thumbnail":0,"footnotes":"","_mc_calendar":[]},"aioseo_notices":[],"_links":{"self":[{"href":"https:\/\/blogsaverroes.juntadeandalucia.es\/ceperdionisiomontero\/wp-json\/wp\/v2\/pages\/3311"}],"collection":[{"href":"https:\/\/blogsaverroes.juntadeandalucia.es\/ceperdionisiomontero\/wp-json\/wp\/v2\/pages"}],"about":[{"href":"https:\/\/blogsaverroes.juntadeandalucia.es\/ceperdionisiomontero\/wp-json\/wp\/v2\/types\/page"}],"author":[{"embeddable":true,"href":"https:\/\/blogsaverroes.juntadeandalucia.es\/ceperdionisiomontero\/wp-json\/wp\/v2\/users\/11252"}],"replies":[{"embeddable":true,"href":"https:\/\/blogsaverroes.juntadeandalucia.es\/ceperdionisiomontero\/wp-json\/wp\/v2\/comments?post=3311"}],"version-history":[{"count":23,"href":"https:\/\/blogsaverroes.juntadeandalucia.es\/ceperdionisiomontero\/wp-json\/wp\/v2\/pages\/3311\/revisions"}],"predecessor-version":[{"id":4344,"href":"https:\/\/blogsaverroes.juntadeandalucia.es\/ceperdionisiomontero\/wp-json\/wp\/v2\/pages\/3311\/revisions\/4344"}],"up":[{"embeddable":true,"href":"https:\/\/blogsaverroes.juntadeandalucia.es\/ceperdionisiomontero\/wp-json\/wp\/v2\/pages\/3124"}],"wp:attachment":[{"href":"https:\/\/blogsaverroes.juntadeandalucia.es\/ceperdionisiomontero\/wp-json\/wp\/v2\/media?parent=3311"}],"curies":[{"name":"wp","href":"https:\/\/api.w.org\/{rel}","templated":true}]}}