{"id":35,"date":"2015-03-13T08:21:43","date_gmt":"2015-03-13T07:21:43","guid":{"rendered":"http:\/\/blogsaverroes.juntadeandalucia.es\/pre\/ceip\/?page_id=35"},"modified":"2022-08-21T13:21:38","modified_gmt":"2022-08-21T11:21:38","slug":"el-centro-2","status":"publish","type":"page","link":"https:\/\/blogsaverroes.juntadeandalucia.es\/ceperdionisiomontero\/centro\/el-centro-2\/","title":{"rendered":"Sobre nosotros"},"content":{"rendered":"<table style=\"border-collapse: collapse;width: 100%\">\n<tbody>\n<tr>\n<td style=\"width: 50%\" colspan=\"2\">Somos un centro de Educaci\u00f3n de Adultos, y en \u00e9l encontrar\u00e1s planes y programas educativos adaptados a tus necesidades y ganas de aprender.<\/td>\n<\/tr>\n<tr>\n<td style=\"width: 50%\"><span style=\"color: #0000ff\"><strong>Direcci\u00f3n:<\/strong> &nbsp;<\/span><\/p>\n<ul>\n<li>Calle Caraza S\/N<\/li>\n<li>Chiclana de la Frontera<\/li>\n<li>CP:11130<\/li>\n<li>C\u00e1diz<\/li>\n<\/ul>\n<p><span style=\"color: #0000ff\"><strong>Tel\u00e9fono \/ FAX: <\/strong><\/span><\/p>\n<ul>\n<li>956243278\/956243279<\/li>\n<\/ul>\n<p><span style=\"color: #0000ff\"><strong>Email:<\/strong><\/span><\/p>\n<ul>\n<li>11500468.edu@juntadeandalucia.es<\/li>\n<\/ul>\n<p><span style=\"color: #0000ff\"><strong>Horarios:<\/strong><\/span><\/p>\n<ul>\n<li>Ma\u00f1anas de 9-14h<\/li>\n<li>Tardes de 16-21h<\/li>\n<\/ul>\n<\/td>\n<td style=\"width: 50%;text-align: center\"><iframe loading=\"lazy\" src=\"https:\/\/www.google.com\/maps\/embed?pb=!1m18!1m12!1m3!1d3210.501577336395!2d-6.154633484744826!3d36.42125258002835!2m3!1f0!2f0!3f0!3m2!1i1024!2i768!4f13.1!3m3!1m2!1s0xd0c349d7aa7fe71%3A0x2901464ab58b4949!2sCentro%20de%20Educaci%C3%B3n%20Permanente%20Dionisio%20Montero!5e0!3m2!1ses-419!2ses!4v1661028300987!5m2!1ses-419!2ses\" width=\"400\" height=\"400\"><span data-mce-type=\"bookmark\" style=\"display: inline-block;width: 0px;overflow: hidden;line-height: 0\" class=\"mce_SELRES_start\">\ufeff<\/span><span data-mce-type=\"bookmark\" style=\"display: inline-block;width: 0px;overflow: hidden;line-height: 0\" class=\"mce_SELRES_start\">\ufeff<\/span><\/iframe><\/td>\n<\/tr>\n<\/tbody>\n<\/table>\n<div id=\"attachment_2773\" style=\"width: 600px\" class=\"wp-caption aligncenter\"><img loading=\"lazy\" decoding=\"async\" aria-describedby=\"caption-attachment-2773\" class=\"size-medium wp-image-2773\" src=\"https:\/\/blogsaverroes.juntadeandalucia.es\/ceperdionisiomontero\/files\/2022\/02\/20210405_095500-600x338.jpg\" alt=\"\" width=\"600\" height=\"338\" srcset=\"https:\/\/blogsaverroes.juntadeandalucia.es\/ceperdionisiomontero\/files\/2022\/02\/20210405_095500-600x338.jpg 600w, https:\/\/blogsaverroes.juntadeandalucia.es\/ceperdionisiomontero\/files\/2022\/02\/20210405_095500-1024x576.jpg 1024w, https:\/\/blogsaverroes.juntadeandalucia.es\/ceperdionisiomontero\/files\/2022\/02\/20210405_095500-768x432.jpg 768w, https:\/\/blogsaverroes.juntadeandalucia.es\/ceperdionisiomontero\/files\/2022\/02\/20210405_095500-1536x864.jpg 1536w, https:\/\/blogsaverroes.juntadeandalucia.es\/ceperdionisiomontero\/files\/2022\/02\/20210405_095500-2048x1152.jpg 2048w, https:\/\/blogsaverroes.juntadeandalucia.es\/ceperdionisiomontero\/files\/2022\/02\/20210405_095500-scaled.jpg 1600w\" sizes=\"(max-width: 600px) 100vw, 600px\" \/><p id=\"caption-attachment-2773\" class=\"wp-caption-text\">Imagen del Centro<\/p><\/div>\n<p>&nbsp;<\/p>\n","protected":false},"excerpt":{"rendered":"<p>Somos un centro de Educaci\u00f3n de Adultos, y en \u00e9l encontrar\u00e1s planes y programas educativos adaptados a tus necesidades y ganas de aprender. Direcci\u00f3n: &nbsp; Calle Caraza S\/N Chiclana de la Frontera CP:11130 C\u00e1diz Tel\u00e9fono \/ FAX: 956243278\/956243279 Email: 11500468.edu@juntadeandalucia.es Horarios: Ma\u00f1anas de 9-14h Tardes de 16-21h \ufeff\ufeff &nbsp;<\/p>\n","protected":false},"author":1,"featured_media":0,"parent":2980,"menu_order":0,"comment_status":"closed","ping_status":"closed","template":"page-scs.php","meta":{"ngg_post_thumbnail":0,"footnotes":"","_mc_calendar":[]},"aioseo_notices":[],"_links":{"self":[{"href":"https:\/\/blogsaverroes.juntadeandalucia.es\/ceperdionisiomontero\/wp-json\/wp\/v2\/pages\/35"}],"collection":[{"href":"https:\/\/blogsaverroes.juntadeandalucia.es\/ceperdionisiomontero\/wp-json\/wp\/v2\/pages"}],"about":[{"href":"https:\/\/blogsaverroes.juntadeandalucia.es\/ceperdionisiomontero\/wp-json\/wp\/v2\/types\/page"}],"author":[{"embeddable":true,"href":"https:\/\/blogsaverroes.juntadeandalucia.es\/ceperdionisiomontero\/wp-json\/wp\/v2\/users\/1"}],"replies":[{"embeddable":true,"href":"https:\/\/blogsaverroes.juntadeandalucia.es\/ceperdionisiomontero\/wp-json\/wp\/v2\/comments?post=35"}],"version-history":[{"count":35,"href":"https:\/\/blogsaverroes.juntadeandalucia.es\/ceperdionisiomontero\/wp-json\/wp\/v2\/pages\/35\/revisions"}],"predecessor-version":[{"id":3241,"href":"https:\/\/blogsaverroes.juntadeandalucia.es\/ceperdionisiomontero\/wp-json\/wp\/v2\/pages\/35\/revisions\/3241"}],"up":[{"embeddable":true,"href":"https:\/\/blogsaverroes.juntadeandalucia.es\/ceperdionisiomontero\/wp-json\/wp\/v2\/pages\/2980"}],"wp:attachment":[{"href":"https:\/\/blogsaverroes.juntadeandalucia.es\/ceperdionisiomontero\/wp-json\/wp\/v2\/media?parent=35"}],"curies":[{"name":"wp","href":"https:\/\/api.w.org\/{rel}","templated":true}]}}